{"id":1668,"date":"2025-03-22T06:18:18","date_gmt":"2025-03-22T06:18:18","guid":{"rendered":"https:\/\/puffvapestore.com\/?post_type=product&#038;p=1668"},"modified":"2026-04-20T11:08:22","modified_gmt":"2026-04-20T11:08:22","slug":"jnr-falcon-vape-16000-blackberry-red-raspberry","status":"publish","type":"product","link":"https:\/\/puffvapestore.com\/sv\/product\/jnr-falcon-vape-16000-bjornbar-rod-hallon\/","title":{"rendered":"JNR Falcon Vape 16000 Blackberry Red Raspberry"},"content":{"rendered":"<div data-elementor-type=\"wp-post\" data-elementor-id=\"1668\" class=\"elementor elementor-1668\">\n\t\t\t\t<div class=\"elementor-element elementor-element-824a998 e-flex e-con-boxed e-con e-parent\" data-id=\"824a998\" data-element_type=\"container\" data-e-type=\"container\">\n\t\t\t\t\t<div class=\"e-con-inner\">\n\t\t\t\t<div class=\"elementor-element elementor-element-55fd5fa elementor-widget elementor-widget-text-editor\" data-id=\"55fd5fa\" data-element_type=\"widget\" data-e-type=\"widget\" data-widget_type=\"text-editor.default\">\n\t\t\t\t<div class=\"elementor-widget-container\">\n\t\t\t\t\t\t\t\t\t<h2>JNR Falcon Vape 16000 Blackberry Red Raspberry<\/h2><p>I Frankrike \u00e4r matlagning inte bara ett n\u00f6je att smaka p\u00e5, det \u00e4r ocks\u00e5 en konst. N\u00e4r bj\u00f6rnb\u00e4rens djupa s\u00f6tma m\u00f6ter de r\u00f6da hallonens subtila syra uppst\u00e5r ett romantiskt m\u00f6te mellan smakerna. Denna <strong>Smak f\u00f6r elektroniska cigaretter Red Mulberry Raspberry<\/strong> \u00e4r som en resa genom frukttr\u00e4dg\u00e5rdarna p\u00e5 den franska landsbygden. Varje r\u00f6kpuff g\u00f6r att man kan njuta av fruktens naturliga, mogna arom.<\/p><h3>Bj\u00f6rnb\u00e4r och r\u00f6da hallon, en symfoni av franska smaker<\/h3><p>T\u00e4nk dig att du tar en tidig morgonpromenad genom frukttr\u00e4dg\u00e5rdarna i Provence, luften fylld av doften av nyplockade bj\u00f6rnb\u00e4r och r\u00f6da hallon. Bj\u00f6rnb\u00e4ren ger en lite vild s\u00f6tma, som en mjuk b\u00e4rsylt, tjock och djup. De r\u00f6da hallonen tillf\u00f6r en lekfull syrlighet, vilket g\u00f6r den totala smaken mer balanserad, varken f\u00f6r s\u00f6t eller f\u00f6rlorar den skiktade fruktiga smaken.<\/p><p>Det \u00e4r inte bara en smak, utan en upplevelse - som att best\u00e4lla en speciell cocktail med b\u00e4rsmak p\u00e5 ett litet kaf\u00e9 p\u00e5 v\u00e4nstra stranden i Paris och njuta av de olika mixarna samtidigt som man lyssnar p\u00e5 melodi\u00f6s jazzmusik.<\/p>\t\t\t\t\t\t\t\t<\/div>\n\t\t\t\t<\/div>\n\t\t\t\t\t<\/div>\n\t\t\t\t<\/div>\n\t\t<div class=\"elementor-element elementor-element-942ccb0 e-flex e-con-boxed e-con e-parent\" data-id=\"942ccb0\" data-element_type=\"container\" data-e-type=\"container\">\n\t\t\t\t\t<div class=\"e-con-inner\">\n\t\t<div class=\"elementor-element elementor-element-577deeb e-con-full e-flex e-con e-child\" data-id=\"577deeb\" data-element_type=\"container\" data-e-type=\"container\">\n\t\t\t\t<div class=\"elementor-element elementor-element-5d167cf elementor-widget elementor-widget-text-editor\" data-id=\"5d167cf\" data-element_type=\"widget\" data-e-type=\"widget\" data-widget_type=\"text-editor.default\">\n\t\t\t\t<div class=\"elementor-widget-container\">\n\t\t\t\t\t\t\t\t\t<h2>Detaljer om JNR Falcon 16000 Blackberry Red Raspberry<\/h2><p>Puffar : Upp till 16.000 puffar<br \/>V\u00e4tska: 22 ml<br \/>Nikotinniv\u00e5er: 0 %, 2 %, 5 %<br \/>Resistans: 1,0 ohm<br \/>Batterikapacitet: 850 mAh<br \/>Laddning: Typ-C<br \/>Dubbelt n\u00e4t och dubbelt k\u00e4rnmotst\u00e5nd<br \/>M\u00e5tt: 53,5 x 32 x 110 mm<\/p>\t\t\t\t\t\t\t\t<\/div>\n\t\t\t\t<\/div>\n\t\t\t\t<\/div>\n\t\t<div class=\"elementor-element elementor-element-d5e4b56 e-con-full e-flex e-con e-child\" data-id=\"d5e4b56\" data-element_type=\"container\" data-e-type=\"container\">\n\t\t\t\t<div class=\"elementor-element elementor-element-381dfcb elementor-widget elementor-widget-image-gallery\" data-id=\"381dfcb\" data-element_type=\"widget\" data-e-type=\"widget\" data-widget_type=\"image-gallery.default\">\n\t\t\t\t<div class=\"elementor-widget-container\">\n\t\t\t\t\t\t\t<div class=\"elementor-image-gallery\">\n\t\t\t<div id='gallery-1' class='gallery galleryid-1668 gallery-columns-1 gallery-size-medium_large'><figure class='gallery-item'>\n\t\t\t<div class='gallery-icon portrait'>\n\t\t\t\t<img fetchpriority=\"high\" decoding=\"async\" width=\"654\" height=\"690\" src=\"https:\/\/puffvapestore.com\/wp-content\/uploads\/2025\/03\/pvajf16000-13.jpg\" class=\"attachment-medium_large size-medium_large\" alt=\"JNR Falcon 16K Bj\u00f6rnb\u00e4r R\u00f6d Hallon\" aria-describedby=\"gallery-1-1560\" srcset=\"https:\/\/puffvapestore.com\/wp-content\/uploads\/2025\/03\/pvajf16000-13.jpg 654w, https:\/\/puffvapestore.com\/wp-content\/uploads\/2025\/03\/pvajf16000-13-284x300.jpg 284w, https:\/\/puffvapestore.com\/wp-content\/uploads\/2025\/03\/pvajf16000-13-600x633.jpg 600w\" sizes=\"(max-width: 654px) 100vw, 654px\" \/>\n\t\t\t<\/div>\n\t\t\t\t<figcaption class='wp-caption-text gallery-caption' id='gallery-1-1560'>\n\t\t\t\tJNR Falcon 16K Bj\u00f6rnb\u00e4r R\u00f6d Hallon\n\t\t\t\t<\/figcaption><\/figure>\n\t\t<\/div>\n\t\t<\/div>\n\t\t\t\t\t\t<\/div>\n\t\t\t\t<\/div>\n\t\t\t\t<\/div>\n\t\t\t\t\t<\/div>\n\t\t\t\t<\/div>\n\t\t<div class=\"elementor-element elementor-element-7926c6b e-flex e-con-boxed e-con e-parent\" data-id=\"7926c6b\" data-element_type=\"container\" data-e-type=\"container\">\n\t\t\t\t\t<div class=\"e-con-inner\">\n\t\t\t\t<div class=\"elementor-element elementor-element-2b41948 elementor-widget elementor-widget-text-editor\" data-id=\"2b41948\" data-element_type=\"widget\" data-e-type=\"widget\" data-widget_type=\"text-editor.default\">\n\t\t\t\t<div class=\"elementor-widget-container\">\n\t\t\t\t\t\t\t\t\t<h3>JNR Falcon Vape 16000 Blackberry Red Raspberry - L\u00e5ngvarigare smak, mer njutning<\/h3><p>En uts\u00f6kt upplevelse beh\u00f6ver naturligtvis inte vara tidsbegr\u00e4nsad. Med JNR Falcon 16000 kan du njuta av den uts\u00f6kta smaken av denna r\u00f6da frukt i 16 000 bloss, och varje inandning \u00e4r ett franskt bes\u00f6k f\u00f6r dina smakl\u00f6kar.<\/p><ul><li>Med en stor kapacitet p\u00e5 22 ml beh\u00f6ver du inte byta den ofta och kan helt och h\u00e5llet f\u00f6rdjupa dig i b\u00e4rens doft.<\/li><li>Dubbelmaskig spolteknik \u00e5terger exakt den delikata smaken av bj\u00f6rnb\u00e4r och r\u00f6da hallon, och varje r\u00f6kpuff \u00e4r lika fr\u00e4sch som nyplockad frukt.<\/li><li>Uppladdningsbar design (850 mAh batteri, Type-C och Lightning-kompatibel), s\u00e5 att du kan njuta av oavbruten, uppslukande fransk bayside-lek n\u00e4r som helst, var som helst.<\/li><li>Luftfl\u00f6det \u00e4r justerbart, s\u00e5 oavsett om du gillar en rik, fyllig r\u00f6k eller en l\u00e4tt, len smak kan du styra det fritt.<\/li><li>Den handgjorda kristalldesignen \u00e4r inte bara en elektronisk cigarett, det \u00e4r ocks\u00e5 en symbol f\u00f6r smak, helt i linje med den eleganta franska stilen.<\/li><\/ul><h3>Varf\u00f6r Blackberry Red Raspberry?<\/h3><p>I Frankrike \u00e4r njutningen av smak en livsstil. <strong>N\u00e4r du v\u00e4ljer Blackberry Red Raspberr<\/strong>y, du v\u00e4ljer en sofistikerad vapingupplevelse med en fransk twist. Det \u00e4r inte bara en enkel e-cigg-smak, utan en smaklig utforskning av mogna fruktaromer, eleganta lager och en l\u00e5ng eftersmak.<\/p><p>Oavsett om du befinner dig vid Seine i eftermiddagssolen eller p\u00e5 Champs-Elys\u00e9es med dess blinkande neonljus p\u00e5 kv\u00e4llen, kommer denna b\u00e4rsmak att bli den mest uts\u00f6kta f\u00f6ljeslagaren i dina h\u00e4nder och g\u00f6ra varje inandning till en smakresa.<\/p>\t\t\t\t\t\t\t\t<\/div>\n\t\t\t\t<\/div>\n\t\t\t\t\t<\/div>\n\t\t\t\t<\/div>\n\t\t\t\t<\/div>","protected":false},"excerpt":{"rendered":"<p>JNR Falcon Vape 16000 M\u00fbre Rouge Framboise En France, la cuisine n\u2019est pas seulement un plaisir gustatif, mais aussi un art. Lorsque la douceur profonde des m\u00fbres rencontre l&rsquo;acidit\u00e9 subtile des framboises rouges, une rencontre romantique de saveurs commence. Cette saveur de cigarette \u00e9lectronique M\u00fbre Rouge Framboise est comme un voyage \u00e0 travers les vergers [&hellip;]<\/p>\n","protected":false},"featured_media":1560,"comment_status":"open","ping_status":"closed","template":"","meta":{"site-sidebar-layout":"no-sidebar","site-content-layout":"page-builder","ast-site-content-layout":"normal-width-container","site-content-style":"default","site-sidebar-style":"default","ast-global-header-display":"","ast-banner-title-visibility":"","ast-main-header-display":"","ast-hfb-above-header-display":"","ast-hfb-below-header-display":"","ast-hfb-mobile-header-display":"","site-post-title":"disabled","ast-breadcrumbs-content":"","ast-featured-img":"disabled","footer-sml-layout":"","ast-disable-related-posts":"","theme-transparent-header-meta":"default","adv-header-id-meta":"","stick-header-meta":"default","header-above-stick-meta":"","header-main-stick-meta":"","header-below-stick-meta":"","astra-migrate-meta-layouts":"set","ast-page-background-enabled":"default","ast-page-background-meta":{"desktop":{"background-color":"","background-image":"","background-repeat":"repeat","background-position":"center center","background-size":"auto","background-attachment":"scroll","background-type":"","background-media":"","overlay-type":"","overlay-color":"","overlay-opacity":"","overlay-gradient":""},"tablet":{"background-color":"","background-image":"","background-repeat":"repeat","background-position":"center center","background-size":"auto","background-attachment":"scroll","background-type":"","background-media":"","overlay-type":"","overlay-color":"","overlay-opacity":"","overlay-gradient":""},"mobile":{"background-color":"","background-image":"","background-repeat":"repeat","background-position":"center center","background-size":"auto","background-attachment":"scroll","background-type":"","background-media":"","overlay-type":"","overlay-color":"","overlay-opacity":"","overlay-gradient":""}},"ast-content-background-meta":{"desktop":{"background-color":"var(--ast-global-color-5)","background-image":"","background-repeat":"repeat","background-position":"center center","background-size":"auto","background-attachment":"scroll","background-type":"","background-media":"","overlay-type":"","overlay-color":"","overlay-opacity":"","overlay-gradient":""},"tablet":{"background-color":"var(--ast-global-color-5)","background-image":"","background-repeat":"repeat","background-position":"center center","background-size":"auto","background-attachment":"scroll","background-type":"","background-media":"","overlay-type":"","overlay-color":"","overlay-opacity":"","overlay-gradient":""},"mobile":{"background-color":"var(--ast-global-color-5)","background-image":"","background-repeat":"repeat","background-position":"center center","background-size":"auto","background-attachment":"scroll","background-type":"","background-media":"","overlay-type":"","overlay-color":"","overlay-opacity":"","overlay-gradient":""}}},"product_brand":[30],"product_cat":[15,81,77,34,35,36,31,32],"product_tag":[],"class_list":{"0":"post-1668","1":"product","2":"type-product","3":"status-publish","4":"has-post-thumbnail","6":"product_brand-jnr","7":"product_cat-magasin-cigarette-electronique","8":"product_cat-puff-16k","9":"product_cat-entrepot-de-lue","10":"product_cat-puff-jnr","11":"product_cat-jnr-vape","12":"product_cat-jnr-16k","13":"product_cat-jnr-falcon","14":"product_cat-puff-jnr-16k","15":"desktop-align-center","16":"tablet-align-center","17":"mobile-align-center","18":"ast-product-gallery-layout-horizontal","19":"ast-product-gallery-with-no-image","20":"ast-product-single-variable","21":"ast-product-tabs-layout-horizontal","22":"ast-qv-on-image","24":"first","25":"instock","26":"sale","27":"shipping-taxable","28":"purchasable","29":"product-type-variable","30":"has-default-attributes"},"tiered_pricing_type":"fixed","tiered_pricing_fixed_rules":{"30":9.88,"60":9.26,"100":8.06,"200":7.38,"500":6.98,"1000":6.8},"tiered_pricing_product_settings":{"layout":"default","base_unit_name":{"singular":null,"plural":null},"default_variation":null},"tiered_pricing_minimum_quantity":null,"tiered_pricing_roles_data":[],"tiered_pricing_percentage_rules":[],"_links":{"self":[{"href":"https:\/\/puffvapestore.com\/sv\/wp-json\/wp\/v2\/product\/1668","targetHints":{"allow":["GET"]}}],"collection":[{"href":"https:\/\/puffvapestore.com\/sv\/wp-json\/wp\/v2\/product"}],"about":[{"href":"https:\/\/puffvapestore.com\/sv\/wp-json\/wp\/v2\/types\/product"}],"replies":[{"embeddable":true,"href":"https:\/\/puffvapestore.com\/sv\/wp-json\/wp\/v2\/comments?post=1668"}],"version-history":[{"count":18,"href":"https:\/\/puffvapestore.com\/sv\/wp-json\/wp\/v2\/product\/1668\/revisions"}],"predecessor-version":[{"id":17771,"href":"https:\/\/puffvapestore.com\/sv\/wp-json\/wp\/v2\/product\/1668\/revisions\/17771"}],"wp:featuredmedia":[{"embeddable":true,"href":"https:\/\/puffvapestore.com\/sv\/wp-json\/wp\/v2\/media\/1560"}],"wp:attachment":[{"href":"https:\/\/puffvapestore.com\/sv\/wp-json\/wp\/v2\/media?parent=1668"}],"wp:term":[{"taxonomy":"product_brand","embeddable":true,"href":"https:\/\/puffvapestore.com\/sv\/wp-json\/wp\/v2\/product_brand?post=1668"},{"taxonomy":"product_cat","embeddable":true,"href":"https:\/\/puffvapestore.com\/sv\/wp-json\/wp\/v2\/product_cat?post=1668"},{"taxonomy":"product_tag","embeddable":true,"href":"https:\/\/puffvapestore.com\/sv\/wp-json\/wp\/v2\/product_tag?post=1668"}],"curies":[{"name":"wp","href":"https:\/\/api.w.org\/{rel}","templated":true}]}}