{"id":1660,"date":"2025-03-22T03:45:28","date_gmt":"2025-03-22T03:45:28","guid":{"rendered":"https:\/\/puffvapestore.com\/?post_type=product&#038;p=1660"},"modified":"2026-04-20T11:08:16","modified_gmt":"2026-04-20T11:08:16","slug":"jnr-falcon-16k-watermelon-mango-peach","status":"publish","type":"product","link":"https:\/\/puffvapestore.com\/sv\/product\/jnr-falcon-16k-vattenmelon-mango-persika\/","title":{"rendered":"JNR Falcon 16K Vattenmelon Mango Persika"},"content":{"rendered":"<div data-elementor-type=\"wp-post\" data-elementor-id=\"1660\" class=\"elementor elementor-1660\">\n\t\t\t\t<div class=\"elementor-element elementor-element-824a998 e-flex e-con-boxed e-con e-parent\" data-id=\"824a998\" data-element_type=\"container\" data-e-type=\"container\">\n\t\t\t\t\t<div class=\"e-con-inner\">\n\t\t\t\t<div class=\"elementor-element elementor-element-55fd5fa elementor-widget elementor-widget-text-editor\" data-id=\"55fd5fa\" data-element_type=\"widget\" data-e-type=\"widget\" data-widget_type=\"text-editor.default\">\n\t\t\t\t<div class=\"elementor-widget-container\">\n\t\t\t\t\t\t\t\t\t<h2>JNR Falcon 16K Vattenmelon Mango Persika<\/h2><p>Om sommaren i Frankrike har en smak s\u00e5 m\u00e5ste det vara vattenmelonens friskhet, mangons s\u00f6tma och persikans kr\u00e4mighet. Kombinationen av dessa tre element \u00e4r som en semester p\u00e5 C\u00f4te d'Azur: avkopplande, solig och full av energi. Med JNR Falcon 16K Watermelon Mango Peach f\u00e5r du allt detta i fickan. Varje r\u00f6kpuff \u00e4r en perfekt reproduktion av en fransk sommar.<\/p><h3>T\u00e4nk dig...<\/h3><p>Du sitter p\u00e5 Seinens strand i Paris och brisen bl\u00e5ser \u00f6ver ditt ansikte. Du tar en doft av JNR Falcon 16K Watermelon Mango Peach. Vattenmelonens fr\u00e4sch\u00f6r hoppar f\u00f6rst till tungspetsen, som fruktk\u00f6ttet som \u00e4nnu inte har torkat av morgondaggen. Sedan sl\u00e5r den passionerade, otyglade mango dig och p\u00e5minner dig om de gyllene frukttr\u00e4dg\u00e5rdarna under den sydfranska solen. Slutligen \u00e4r den mjuka persikofinishen som en lat eftermiddagsdessert i Provence, s\u00f6t och l\u00e5ngvarig.<\/p>\t\t\t\t\t\t\t\t<\/div>\n\t\t\t\t<\/div>\n\t\t\t\t\t<\/div>\n\t\t\t\t<\/div>\n\t\t<div class=\"elementor-element elementor-element-942ccb0 e-flex e-con-boxed e-con e-parent\" data-id=\"942ccb0\" data-element_type=\"container\" data-e-type=\"container\">\n\t\t\t\t\t<div class=\"e-con-inner\">\n\t\t<div class=\"elementor-element elementor-element-577deeb e-con-full e-flex e-con e-child\" data-id=\"577deeb\" data-element_type=\"container\" data-e-type=\"container\">\n\t\t\t\t<div class=\"elementor-element elementor-element-5d167cf elementor-widget elementor-widget-text-editor\" data-id=\"5d167cf\" data-element_type=\"widget\" data-e-type=\"widget\" data-widget_type=\"text-editor.default\">\n\t\t\t\t<div class=\"elementor-widget-container\">\n\t\t\t\t\t\t\t\t\t<h2>Detaljer om JNR Falcon 16000<\/h2><p>Puffar : Upp till 16.000 puffar<br \/>V\u00e4tska: 22 ml<br \/>Nikotinniv\u00e5er: 0 %, 2 %, 5 %<br \/>Resistans: 1,0 ohm<br \/>Batterikapacitet: 850 mAh<br \/>Laddning: Typ-C<br \/>Dubbelt n\u00e4t och dubbelt k\u00e4rnmotst\u00e5nd<br \/>M\u00e5tt: 53,5 x 32 x 110 mm<\/p>\t\t\t\t\t\t\t\t<\/div>\n\t\t\t\t<\/div>\n\t\t\t\t<\/div>\n\t\t<div class=\"elementor-element elementor-element-d5e4b56 e-con-full e-flex e-con e-child\" data-id=\"d5e4b56\" data-element_type=\"container\" data-e-type=\"container\">\n\t\t\t\t<div class=\"elementor-element elementor-element-381dfcb elementor-widget elementor-widget-image-gallery\" data-id=\"381dfcb\" data-element_type=\"widget\" data-e-type=\"widget\" data-widget_type=\"image-gallery.default\">\n\t\t\t\t<div class=\"elementor-widget-container\">\n\t\t\t\t\t\t\t<div class=\"elementor-image-gallery\">\n\t\t\t<div id='gallery-1' class='gallery galleryid-1660 gallery-columns-1 gallery-size-medium_large'><figure class='gallery-item'>\n\t\t\t<div class='gallery-icon portrait'>\n\t\t\t\t<img fetchpriority=\"high\" decoding=\"async\" width=\"654\" height=\"690\" src=\"https:\/\/puffvapestore.com\/wp-content\/uploads\/2025\/03\/pvajf16000-2.jpg\" class=\"attachment-medium_large size-medium_large\" alt=\"JNR Falcon 16K Vattenmelon Mango Persika\" aria-describedby=\"gallery-1-1549\" srcset=\"https:\/\/puffvapestore.com\/wp-content\/uploads\/2025\/03\/pvajf16000-2.jpg 654w, https:\/\/puffvapestore.com\/wp-content\/uploads\/2025\/03\/pvajf16000-2-284x300.jpg 284w, https:\/\/puffvapestore.com\/wp-content\/uploads\/2025\/03\/pvajf16000-2-600x633.jpg 600w\" sizes=\"(max-width: 654px) 100vw, 654px\" \/>\n\t\t\t<\/div>\n\t\t\t\t<figcaption class='wp-caption-text gallery-caption' id='gallery-1-1549'>\n\t\t\t\tpvajf16000 2\n\t\t\t\t<\/figcaption><\/figure>\n\t\t<\/div>\n\t\t<\/div>\n\t\t\t\t\t\t<\/div>\n\t\t\t\t<\/div>\n\t\t\t\t<\/div>\n\t\t\t\t\t<\/div>\n\t\t\t\t<\/div>\n\t\t<div class=\"elementor-element elementor-element-7926c6b e-flex e-con-boxed e-con e-parent\" data-id=\"7926c6b\" data-element_type=\"container\" data-e-type=\"container\">\n\t\t\t\t\t<div class=\"e-con-inner\">\n\t\t\t\t<div class=\"elementor-element elementor-element-2b41948 elementor-widget elementor-widget-text-editor\" data-id=\"2b41948\" data-element_type=\"widget\" data-e-type=\"widget\" data-widget_type=\"text-editor.default\">\n\t\t\t\t<div class=\"elementor-widget-container\">\n\t\t\t\t\t\t\t\t\t<h2>Vad \u00e4r det som g\u00f6r denna smak s\u00e5 speciell?<\/h2><p>I Frankrike handlar allt om balans, oavsett om det g\u00e4ller mat, vin eller smaken av elektroniska cigaretter. Watermelon Mango Peach \u00e4r inte bara ett enkelt fruktfat, utan en omsorgsfullt utformad symfoni av smaker:<\/p><ul><li>Vattenmelon ger friskhet utan att vara f\u00f6r s\u00f6t och sl\u00e4cker t\u00f6rsten perfekt; ;<\/li><li>Mango ger en tropisk smak och v\u00e4rmer smakl\u00f6karna direkt;<\/li><li>Persika \u00e4r pricken \u00f6ver i:et, mjuk och delikat, som en touch av fransk elegans.<\/li><\/ul><h3>JNR Falcon 16K, inte bara smak, utan \u00e4ven attityd<\/h3><p>Den stora kapaciteten p\u00e5 22 ml r\u00e4cker f\u00f6r att ta dig igenom en l\u00e5ng sommar; ; <strong>16.000 puffar av r\u00f6kupplevelse<\/strong>, Med ett uppladdningsbart batteri och dubbla Type-C- och Lightning-laddningsportar beh\u00f6ver du inte oroa dig f\u00f6r att bli klar f\u00f6r snabbt, s\u00e5 att du kan h\u00e5lla dig i toppform n\u00e4r som helst och var som helst. F\u00f6r att inte tala om den mjuka r\u00f6ken som tillhandah\u00e5lls av de dubbla mesh-spolarna, varje inandning av <strong>elektronisk cigarett JNR Falcon 16K Vattenmelon Mango Persika<\/strong> \u00e4r som att avnjuta en perfekt blandad cocktail - rik, len och minnesv\u00e4rd.<\/p><p>I Frankrike handlar konsten att leva om detaljer, och JNR Falcon 16K Watermelon Mango Peach \u00e4r \u00abstj\u00e4rndesserten\u00bb i de elektroniska cigaretternas v\u00e4rld - varje bloss \u00e4r v\u00e4rt att njuta av.<\/p>\t\t\t\t\t\t\t\t<\/div>\n\t\t\t\t<\/div>\n\t\t\t\t\t<\/div>\n\t\t\t\t<\/div>\n\t\t\t\t<\/div>","protected":false},"excerpt":{"rendered":"<p>JNR Falcon 16K Watermelon Mango Peach Si l\u2019\u00e9t\u00e9 en France a un go\u00fbt, ce doit \u00eatre la fra\u00eecheur de la past\u00e8que, la douceur de la mangue et l\u2019onctuosit\u00e9 de la p\u00eache. La combinaison de ces trois \u00e9l\u00e9ments est comme des vacances sur la C\u00f4te d&rsquo;Azur : relaxantes, ensoleill\u00e9es et pleines d&rsquo;\u00e9nergie. Le JNR Falcon 16K [&hellip;]<\/p>\n","protected":false},"featured_media":1549,"comment_status":"open","ping_status":"closed","template":"","meta":{"site-sidebar-layout":"no-sidebar","site-content-layout":"page-builder","ast-site-content-layout":"normal-width-container","site-content-style":"default","site-sidebar-style":"default","ast-global-header-display":"","ast-banner-title-visibility":"","ast-main-header-display":"","ast-hfb-above-header-display":"","ast-hfb-below-header-display":"","ast-hfb-mobile-header-display":"","site-post-title":"disabled","ast-breadcrumbs-content":"","ast-featured-img":"disabled","footer-sml-layout":"","ast-disable-related-posts":"","theme-transparent-header-meta":"default","adv-header-id-meta":"","stick-header-meta":"default","header-above-stick-meta":"","header-main-stick-meta":"","header-below-stick-meta":"","astra-migrate-meta-layouts":"set","ast-page-background-enabled":"default","ast-page-background-meta":{"desktop":{"background-color":"","background-image":"","background-repeat":"repeat","background-position":"center center","background-size":"auto","background-attachment":"scroll","background-type":"","background-media":"","overlay-type":"","overlay-color":"","overlay-opacity":"","overlay-gradient":""},"tablet":{"background-color":"","background-image":"","background-repeat":"repeat","background-position":"center center","background-size":"auto","background-attachment":"scroll","background-type":"","background-media":"","overlay-type":"","overlay-color":"","overlay-opacity":"","overlay-gradient":""},"mobile":{"background-color":"","background-image":"","background-repeat":"repeat","background-position":"center center","background-size":"auto","background-attachment":"scroll","background-type":"","background-media":"","overlay-type":"","overlay-color":"","overlay-opacity":"","overlay-gradient":""}},"ast-content-background-meta":{"desktop":{"background-color":"var(--ast-global-color-5)","background-image":"","background-repeat":"repeat","background-position":"center center","background-size":"auto","background-attachment":"scroll","background-type":"","background-media":"","overlay-type":"","overlay-color":"","overlay-opacity":"","overlay-gradient":""},"tablet":{"background-color":"var(--ast-global-color-5)","background-image":"","background-repeat":"repeat","background-position":"center center","background-size":"auto","background-attachment":"scroll","background-type":"","background-media":"","overlay-type":"","overlay-color":"","overlay-opacity":"","overlay-gradient":""},"mobile":{"background-color":"var(--ast-global-color-5)","background-image":"","background-repeat":"repeat","background-position":"center center","background-size":"auto","background-attachment":"scroll","background-type":"","background-media":"","overlay-type":"","overlay-color":"","overlay-opacity":"","overlay-gradient":""}}},"product_brand":[30],"product_cat":[36,81,77,34,35,32,15],"product_tag":[],"class_list":{"0":"post-1660","1":"product","2":"type-product","3":"status-publish","4":"has-post-thumbnail","6":"product_brand-jnr","7":"product_cat-jnr-16k","8":"product_cat-puff-16k","9":"product_cat-entrepot-de-lue","10":"product_cat-puff-jnr","11":"product_cat-jnr-vape","12":"product_cat-puff-jnr-16k","13":"product_cat-magasin-cigarette-electronique","14":"desktop-align-center","15":"tablet-align-center","16":"mobile-align-center","17":"ast-product-gallery-layout-horizontal","18":"ast-product-gallery-with-no-image","19":"ast-product-single-variable","20":"ast-product-tabs-layout-horizontal","21":"ast-qv-on-image","23":"first","24":"instock","25":"sale","26":"shipping-taxable","27":"purchasable","28":"product-type-variable","29":"has-default-attributes"},"tiered_pricing_type":"fixed","tiered_pricing_fixed_rules":{"30":9.88,"60":9.26,"100":8.06,"200":7.38,"500":6.98,"1000":6.8},"tiered_pricing_product_settings":{"layout":"default","base_unit_name":{"singular":null,"plural":null},"default_variation":null},"tiered_pricing_minimum_quantity":null,"tiered_pricing_roles_data":[],"tiered_pricing_percentage_rules":[],"_links":{"self":[{"href":"https:\/\/puffvapestore.com\/sv\/wp-json\/wp\/v2\/product\/1660","targetHints":{"allow":["GET"]}}],"collection":[{"href":"https:\/\/puffvapestore.com\/sv\/wp-json\/wp\/v2\/product"}],"about":[{"href":"https:\/\/puffvapestore.com\/sv\/wp-json\/wp\/v2\/types\/product"}],"replies":[{"embeddable":true,"href":"https:\/\/puffvapestore.com\/sv\/wp-json\/wp\/v2\/comments?post=1660"}],"version-history":[{"count":14,"href":"https:\/\/puffvapestore.com\/sv\/wp-json\/wp\/v2\/product\/1660\/revisions"}],"predecessor-version":[{"id":17767,"href":"https:\/\/puffvapestore.com\/sv\/wp-json\/wp\/v2\/product\/1660\/revisions\/17767"}],"wp:featuredmedia":[{"embeddable":true,"href":"https:\/\/puffvapestore.com\/sv\/wp-json\/wp\/v2\/media\/1549"}],"wp:attachment":[{"href":"https:\/\/puffvapestore.com\/sv\/wp-json\/wp\/v2\/media?parent=1660"}],"wp:term":[{"taxonomy":"product_brand","embeddable":true,"href":"https:\/\/puffvapestore.com\/sv\/wp-json\/wp\/v2\/product_brand?post=1660"},{"taxonomy":"product_cat","embeddable":true,"href":"https:\/\/puffvapestore.com\/sv\/wp-json\/wp\/v2\/product_cat?post=1660"},{"taxonomy":"product_tag","embeddable":true,"href":"https:\/\/puffvapestore.com\/sv\/wp-json\/wp\/v2\/product_tag?post=1660"}],"curies":[{"name":"wp","href":"https:\/\/api.w.org\/{rel}","templated":true}]}}