{"id":3,"date":"2025-03-23T09:13:23","date_gmt":"2025-03-23T09:13:23","guid":{"rendered":"https:\/\/puffvapestore.com\/?page_id=3"},"modified":"2025-03-24T07:27:33","modified_gmt":"2025-03-24T07:27:33","slug":"politique-de-confidentialite","status":"publish","type":"page","link":"https:\/\/puffvapestore.com\/sv\/integritetspolicy\/","title":{"rendered":"Integritetspolicy"},"content":{"rendered":"<div data-elementor-type=\"wp-page\" data-elementor-id=\"3\" class=\"elementor elementor-3\">\n\t\t\t\t<div class=\"elementor-element elementor-element-84991eb e-flex e-con-boxed e-con e-parent\" data-id=\"84991eb\" data-element_type=\"container\" data-e-type=\"container\">\n\t\t\t\t\t<div class=\"e-con-inner\">\n\t\t<div class=\"elementor-element elementor-element-9e8c2e3 e-con-full e-flex e-con e-child\" data-id=\"9e8c2e3\" data-element_type=\"container\" data-e-type=\"container\">\n\t\t\t\t<div class=\"elementor-element elementor-element-77c916f elementor-widget elementor-widget-text-editor\" data-id=\"77c916f\" data-element_type=\"widget\" data-e-type=\"widget\" data-widget_type=\"text-editor.default\">\n\t\t\t\t<div class=\"elementor-widget-container\">\n\t\t\t\t\t\t\t\t\t<h1>Integritetspolicy<\/h1><p>Denna integritetspolicy f\u00f6rklarar hur vi (\u00abwebbplatsen\u00bb, \u00abvi\u00bb eller \u00aboss\u00bb) samlar in, anv\u00e4nder och l\u00e4mnar ut dina personuppgifter n\u00e4r du bes\u00f6ker, anv\u00e4nder v\u00e5ra tj\u00e4nster eller g\u00f6r ett k\u00f6p fr\u00e5n v\u00e5r webbplats (\u00abwebbplatsen\u00bb) eller p\u00e5 annat s\u00e4tt kommunicerar med oss ang\u00e5ende webbplatsen (gemensamt kallade \u00abtj\u00e4nsterna\u00bb). I denna integritetspolicy avser \u00abdu\u00bb, \u00abdin\u00bb och \u00abditt\u00bb dig som anv\u00e4ndare av tj\u00e4nsterna, oavsett om du \u00e4r kund, bes\u00f6kare p\u00e5 webbplatsen eller annan person vars information vi samlar in enligt denna integritetspolicy.<\/p><h2>Hur vi samlar in och anv\u00e4nder din personliga information<\/h2><p>F\u00f6r att kunna tillhandah\u00e5lla tj\u00e4nsterna samlar vi in dina personuppgifter fr\u00e5n en rad olika k\u00e4llor, enligt beskrivningen nedan. Vilken information vi samlar in och anv\u00e4nder beror p\u00e5 hur du interagerar med oss.<\/p><p>Ut\u00f6ver de specifika anv\u00e4ndningsomr\u00e5den som anges nedan kan vi anv\u00e4nda den information vi samlar in om dig f\u00f6r att kommunicera med dig, f\u00f6r att tillhandah\u00e5lla eller f\u00f6rb\u00e4ttra tj\u00e4nsterna, f\u00f6r att uppfylla alla till\u00e4mpliga r\u00e4ttsliga skyldigheter, f\u00f6r att genomdriva till\u00e4mpliga anv\u00e4ndarvillkor och f\u00f6r att skydda eller f\u00f6rsvara tj\u00e4nsterna, v\u00e5ra r\u00e4ttigheter och v\u00e5ra anv\u00e4ndares eller andras r\u00e4ttigheter.<\/p><h2>Personuppgifter som vi samlar in<\/h2><p>Vilka typer av personuppgifter vi f\u00e5r om dig beror p\u00e5 hur du interagerar med v\u00e5r webbplats och anv\u00e4nder v\u00e5ra tj\u00e4nster. N\u00e4r vi anv\u00e4nder termen \u00abpersonlig information\u00bb menar vi information som identifierar dig, relaterar till dig, beskriver dig eller kan associeras med dig. I f\u00f6ljande avsnitt beskrivs de specifika kategorier och typer av personuppgifter som vi samlar in.<\/p><h2>Information som vi samlar in direkt fr\u00e5n dig<\/h2><p>Den information som du skickar till oss direkt via v\u00e5ra tj\u00e4nster kan inkludera:<\/p><p>Kontaktuppgifter, inklusive namn, adress, telefonnummer och e-postadress.<br \/>Orderinformation inkluderar ditt namn, faktureringsadress, leveransadress, betalningsbekr\u00e4ftelse, e-postadress och telefonnummer.<br \/>Kontoinformation inkluderar ditt anv\u00e4ndarnamn, l\u00f6senord, s\u00e4kerhetsfr\u00e5gor och annan information som anv\u00e4nds f\u00f6r kontos\u00e4kerhets\u00e4ndam\u00e5l.<br \/>Kundtj\u00e4nstinformation omfattar information som du v\u00e4ljer att inkludera i din kommunikation med oss, till exempel n\u00e4r du skickar ett meddelande via Tj\u00e4nsterna.<br \/>Vissa funktioner i tj\u00e4nsterna kan kr\u00e4va att du tillhandah\u00e5ller viss information om dig sj\u00e4lv direkt till oss. Du kan v\u00e4lja att inte tillhandah\u00e5lla denna information, men det kan hindra dig fr\u00e5n att anv\u00e4nda eller f\u00e5 tillg\u00e5ng till dessa funktioner.<\/p><h2>Information som vi samlar in om din anv\u00e4ndning<\/h2><p>Vi kan ocks\u00e5 automatiskt samla in viss information om dina interaktioner med tj\u00e4nsten (\u00abAnv\u00e4ndningsdata\u00bb). F\u00f6r att g\u00f6ra detta kan vi anv\u00e4nda cookies, pixlar och liknande tekniker (\u00abCookies\u00bb). Anv\u00e4ndningsdata kan inneh\u00e5lla information om hur du kommer \u00e5t och anv\u00e4nder v\u00e5r webbplats och ditt konto, inklusive enhetsinformation, webbl\u00e4sarinformation, information om din n\u00e4tverksanslutning, din IP-adress och annan information om din interaktion med tj\u00e4nsten.<\/p><h2>Hur vi anv\u00e4nder din personliga information<\/h2><p>F\u00f6r att tillhandah\u00e5lla produkter och tj\u00e4nster. Vi anv\u00e4nder dina personuppgifter f\u00f6r att tillhandah\u00e5lla tj\u00e4nster till dig i syfte att fullg\u00f6ra v\u00e5rt avtal med dig, inklusive att behandla dina betalningar, fullg\u00f6ra dina best\u00e4llningar, skicka dig kontorelaterade meddelanden, dina k\u00f6p, returer, byten eller andra transaktioner, skapa, underh\u00e5lla och hantera ditt konto, ordna med leveranser, underl\u00e4tta returer och byten samt andra kontorelaterade funktioner.<\/p><p>Marknadsf\u00f6ring och reklam. Vi kan anv\u00e4nda dina personuppgifter f\u00f6r marknadsf\u00f6rings- och reklam\u00e4ndam\u00e5l, till exempel f\u00f6r att skicka dig marknadsf\u00f6ring, reklam och reklamkommunikation via e-post, SMS eller post, och visa dig annonser f\u00f6r produkter eller tj\u00e4nster. Detta kan inkludera anv\u00e4ndning av dina personuppgifter f\u00f6r att b\u00e4ttre skr\u00e4ddarsy tj\u00e4nster och reklam p\u00e5 v\u00e5r webbplats och andra webbplatser. Om du befinner dig inom Europeiska ekonomiska samarbetsomr\u00e5det (EES) \u00e4r den r\u00e4ttsliga grunden f\u00f6r dessa databehandlingsaktiviteter v\u00e5rt ber\u00e4ttigade intresse av att s\u00e4lja v\u00e5ra produkter, i enlighet med art. Artikel 6(1)(f) i GDPR.<\/p><p>S\u00e4kerhet och f\u00f6rebyggande av bedr\u00e4gerier. Vi anv\u00e4nder din personliga information f\u00f6r att uppt\u00e4cka, unders\u00f6ka eller vidta \u00e5tg\u00e4rder avseende eventuell bedr\u00e4glig, olaglig eller skadlig aktivitet. Om du v\u00e4ljer att anv\u00e4nda tj\u00e4nsterna och skapa ett konto \u00e4r du ansvarig f\u00f6r att uppr\u00e4tth\u00e5lla s\u00e4kerheten f\u00f6r dina kontouppgifter. Vi rekommenderar starkt att du inte delar med dig av ditt anv\u00e4ndarnamn, l\u00f6senord eller annan \u00e5tkomstinformation. Om du tror att ditt konto har \u00e4ventyrats, v\u00e4nligen kontakta oss omedelbart. Om du befinner dig i Europeiska ekonomiska samarbetsomr\u00e5det (EES) \u00e4r den r\u00e4ttsliga grunden f\u00f6r dessa databehandlingsaktiviteter v\u00e5rt legitima intresse av att uppr\u00e4tth\u00e5lla s\u00e4kerheten p\u00e5 v\u00e5r webbplats f\u00f6r dig och andra kunder i enlighet med artikel 6. Artikel 6.1 f i dataskyddsf\u00f6rordningen.<\/p><p>Kommunicera med dig och f\u00f6rb\u00e4ttra tj\u00e4nsterna. Vi anv\u00e4nder dina personuppgifter f\u00f6r att ge dig kundservice och f\u00f6r att f\u00f6rb\u00e4ttra v\u00e5ra tj\u00e4nster. Det ligger i v\u00e5rt ber\u00e4ttigade intresse att s\u00e4kerst\u00e4lla att vi \u00e4r lyh\u00f6rda och ger dig en effektiv service samt att uppr\u00e4tth\u00e5lla v\u00e5r aff\u00e4rsrelation med dig i enlighet med artikel 6. Artikel 6.1 f i dataskyddsf\u00f6rordningen.<\/p><h2>Hantering av cookies och andra identifierare<\/h2><p>Webbplatserna anv\u00e4nder \u00abcookies\u00bb och andra liknande verktyg f\u00f6r att f\u00f6rb\u00e4ttra shoppingupplevelsen, tillhandah\u00e5lla tj\u00e4nster och f\u00f6rst\u00e5 hur kunderna anv\u00e4nder v\u00e5ra tj\u00e4nster s\u00e5 att vi kan g\u00f6ra f\u00f6rb\u00e4ttringar.<\/p><p>I \u00abHj\u00e4lp\u00bb-menyn i de flesta webbl\u00e4sare och enheter finns instruktioner om hur du f\u00f6rhindrar att din webbl\u00e4sare eller enhet accepterar nya cookies, hur du hanterar meddelanden n\u00e4r du f\u00e5r en ny cookie och hur du inaktiverar cookies helt och h\u00e5llet. Eftersom cookies g\u00f6r det m\u00f6jligt f\u00f6r dig att anv\u00e4nda vissa viktiga tj\u00e4nster rekommenderar vi att du h\u00e5ller dem aktiverade. Om du blockerar eller avvisar v\u00e5ra cookies kommer du till exempel inte att kunna l\u00e4gga till varor i din varukorg, slutf\u00f6ra din best\u00e4llning eller anv\u00e4nda tj\u00e4nster som kr\u00e4ver autentisering.<\/p><p>Om du vill surfa p\u00e5 v\u00e5r webbplats men inte vill att din surfaktivitet ska kopplas till ditt konto kan du logga ut fr\u00e5n ditt konto och avaktivera cookies i din webbl\u00e4sare.<\/p><p>Syftet med datainsamlingen: Vi samlar in dessa uppgifter f\u00f6r att se till att webbplatsen visas korrekt p\u00e5 din enhet och f\u00f6r att analysera anv\u00e4ndningen av webbplatsen i syfte att optimera webbplatsen.<\/p><p>Hur vi samlar in uppgifter: N\u00e4r du anv\u00e4nder v\u00e5r webbplats samlar vi automatiskt in data via cookies, loggfiler, webb-beacons, taggar, pixlar eller annan digital sp\u00e5rningsteknik.<\/p><p>Anv\u00e4ndning av personuppgifter: Vi anv\u00e4nder dina personuppgifter f\u00f6r att tillhandah\u00e5lla v\u00e5ra tj\u00e4nster, inklusive att s\u00e4lja produkter, behandla betalningar, fullg\u00f6ra best\u00e4llningar och tillhandah\u00e5lla nya produkter och erbjudanden.<\/p><p>Kontakta oss p\u00e5 f\u00f6ljande s\u00e4tt: Om du vill veta mer om v\u00e5r integritetspolicy eller om du har n\u00e5gra fr\u00e5gor eller funderingar kan du kontakta oss via den officiella e-postadressen.<\/p>\t\t\t\t\t\t\t\t<\/div>\n\t\t\t\t<\/div>\n\t\t\t\t<\/div>\n\t\t\t\t\t<\/div>\n\t\t\t\t<\/div>\n\t\t\t\t<\/div>","protected":false},"excerpt":{"rendered":"<p>politique de confidentialit\u00e9 Cette politique de confidentialit\u00e9 explique comment nous (le \u00ab Site \u00bb, \u00ab nous \u00bb ou \u00ab nos \u00bb) collectons, utilisons et divulguons vos informations personnelles lorsque vous visitez, utilisez nos services ou effectuez un achat sur notre site Web (le \u00ab Site \u00bb) ou communiquez autrement avec nous concernant le Site (collectivement, [&hellip;]<\/p>\n","protected":false},"author":1,"featured_media":0,"parent":0,"menu_order":12,"comment_status":"closed","ping_status":"open","template":"","meta":{"site-sidebar-layout":"no-sidebar","site-content-layout":"page-builder","ast-site-content-layout":"full-width-container","site-content-style":"default","site-sidebar-style":"default","ast-global-header-display":"","ast-banner-title-visibility":"","ast-main-header-display":"","ast-hfb-above-header-display":"","ast-hfb-below-header-display":"","ast-hfb-mobile-header-display":"","site-post-title":"disabled","ast-breadcrumbs-content":"","ast-featured-img":"disabled","footer-sml-layout":"","ast-disable-related-posts":"","theme-transparent-header-meta":"","adv-header-id-meta":"","stick-header-meta":"","header-above-stick-meta":"","header-main-stick-meta":"","header-below-stick-meta":"","astra-migrate-meta-layouts":"set","ast-page-background-enabled":"default","ast-page-background-meta":{"desktop":{"background-color":"","background-image":"","background-repeat":"repeat","background-position":"center center","background-size":"auto","background-attachment":"scroll","background-type":"","background-media":"","overlay-type":"","overlay-color":"","overlay-opacity":"","overlay-gradient":""},"tablet":{"background-color":"","background-image":"","background-repeat":"repeat","background-position":"center center","background-size":"auto","background-attachment":"scroll","background-type":"","background-media":"","overlay-type":"","overlay-color":"","overlay-opacity":"","overlay-gradient":""},"mobile":{"background-color":"","background-image":"","background-repeat":"repeat","background-position":"center center","background-size":"auto","background-attachment":"scroll","background-type":"","background-media":"","overlay-type":"","overlay-color":"","overlay-opacity":"","overlay-gradient":""}},"ast-content-background-meta":{"desktop":{"background-color":"var(--ast-global-color-5)","background-image":"","background-repeat":"repeat","background-position":"center center","background-size":"auto","background-attachment":"scroll","background-type":"","background-media":"","overlay-type":"","overlay-color":"","overlay-opacity":"","overlay-gradient":""},"tablet":{"background-color":"var(--ast-global-color-5)","background-image":"","background-repeat":"repeat","background-position":"center center","background-size":"auto","background-attachment":"scroll","background-type":"","background-media":"","overlay-type":"","overlay-color":"","overlay-opacity":"","overlay-gradient":""},"mobile":{"background-color":"var(--ast-global-color-5)","background-image":"","background-repeat":"repeat","background-position":"center center","background-size":"auto","background-attachment":"scroll","background-type":"","background-media":"","overlay-type":"","overlay-color":"","overlay-opacity":"","overlay-gradient":""}},"footnotes":""},"class_list":["post-3","page","type-page","status-publish","hentry"],"_links":{"self":[{"href":"https:\/\/puffvapestore.com\/sv\/wp-json\/wp\/v2\/pages\/3","targetHints":{"allow":["GET"]}}],"collection":[{"href":"https:\/\/puffvapestore.com\/sv\/wp-json\/wp\/v2\/pages"}],"about":[{"href":"https:\/\/puffvapestore.com\/sv\/wp-json\/wp\/v2\/types\/page"}],"author":[{"embeddable":true,"href":"https:\/\/puffvapestore.com\/sv\/wp-json\/wp\/v2\/users\/1"}],"replies":[{"embeddable":true,"href":"https:\/\/puffvapestore.com\/sv\/wp-json\/wp\/v2\/comments?post=3"}],"version-history":[{"count":4,"href":"https:\/\/puffvapestore.com\/sv\/wp-json\/wp\/v2\/pages\/3\/revisions"}],"predecessor-version":[{"id":1757,"href":"https:\/\/puffvapestore.com\/sv\/wp-json\/wp\/v2\/pages\/3\/revisions\/1757"}],"wp:attachment":[{"href":"https:\/\/puffvapestore.com\/sv\/wp-json\/wp\/v2\/media?parent=3"}],"curies":[{"name":"wp","href":"https:\/\/api.w.org\/{rel}","templated":true}]}}