{"id":1752,"date":"2025-03-24T07:37:06","date_gmt":"2025-03-24T07:37:06","guid":{"rendered":"https:\/\/puffvapestore.com\/?page_id=1752"},"modified":"2025-03-24T07:42:16","modified_gmt":"2025-03-24T07:42:16","slug":"livraison","status":"publish","type":"page","link":"https:\/\/puffvapestore.com\/sv\/leverans\/","title":{"rendered":"Information om leverans"},"content":{"rendered":"<div data-elementor-type=\"wp-page\" data-elementor-id=\"1752\" class=\"elementor elementor-1752\">\n\t\t\t\t<div class=\"elementor-element elementor-element-b106341 e-flex e-con-boxed e-con e-parent\" data-id=\"b106341\" data-element_type=\"container\" data-e-type=\"container\">\n\t\t\t\t\t<div class=\"e-con-inner\">\n\t\t<div class=\"elementor-element elementor-element-2048edd e-con-full e-flex e-con e-child\" data-id=\"2048edd\" data-element_type=\"container\" data-e-type=\"container\">\n\t\t\t\t<div class=\"elementor-element elementor-element-f39cc7f elementor-widget elementor-widget-text-editor\" data-id=\"f39cc7f\" data-element_type=\"widget\" data-e-type=\"widget\" data-widget_type=\"text-editor.default\">\n\t\t\t\t<div class=\"elementor-widget-container\">\n\t\t\t\t\t\t\t\t\t<h1>Information om leverans<\/h1><p>Vi \u00e4r fast beslutna att ge varje kund en utm\u00e4rkt shoppingupplevelse, fr\u00e5n best\u00e4llning till leverans, och varje l\u00e4nk str\u00e4var efter att vara effektiv och bekv\u00e4m.<\/p><h2>G\u00f6r din best\u00e4llning nu s\u00e5 skickar vi den till dig snabbt!<\/h2><p>S\u00e5 snart din order anl\u00e4nder s\u00e4tter v\u00e5ra lagerexperter ig\u00e5ng och packar dina produkter p\u00e5 rekordtid! Din best\u00e4llning skickas i allm\u00e4nhet inom 1 till 3 arbetsdagar. Hur \u00e4r det med leveranshastigheten? I allm\u00e4nhet kan din best\u00e4llning levereras inom 3 till 5 arbetsdagar. Om du har tur kan den till och med knacka p\u00e5 din d\u00f6rr inom 1-2 dagar! (Vi m\u00e5ste ocks\u00e5 ta en paus under helgen, s\u00e5 vi kommer inte att skicka n\u00e5gra varor).<\/p><h2>Vill du \u00e4ndra din best\u00e4llning? Skynda dig och ta vara p\u00e5 tiden!<\/h2><p>Undrar du fortfarande om du har fyllt i fel adress eller om du vill \u00e4ndra f\u00e4rg? Inga problem! S\u00e5 l\u00e4nge din best\u00e4llning inte har skickats kan du n\u00e4r som helst avboka eller \u00e4ndra leveransadressen. Kontakta oss s\u00e5 snart som m\u00f6jligt via v\u00e5r officiella e-postadress s\u00e5 ska vi g\u00f6ra v\u00e5rt b\u00e4sta f\u00f6r att tillgodose dina behov. Men om best\u00e4llningen redan har skickats fr\u00e5n lagret kan du bara v\u00e4nta p\u00e5 att den ska n\u00e5 dig s\u00e4kert, och vi kan inte l\u00e4ngre g\u00f6ra \u00e4ndringar eller utf\u00e4rda \u00e5terbetalningar!<\/p><h2>Det \u00e4r viktigt att ha r\u00e4tt adress!<\/h2><p>Ditt paket kommer att levereras till den adress du angav i kassan, s\u00e5 fyll i den innan du checkar ut f\u00f6r att se till att adressen \u00e4r korrekt!<\/p><h2>Har du n\u00e5gra fr\u00e5gor? Kom och tr\u00e4ffa oss!<\/h2><p>Om du st\u00f6ter p\u00e5 n\u00e5gra problem under ink\u00f6psprocessen eller om du har n\u00e5gra fr\u00e5gor, tveka inte att kontakta oss. Vi kommer tillbaka till dig s\u00e5 snart som m\u00f6jligt f\u00f6r att hj\u00e4lpa dig att l\u00f6sa eventuella problem du kan ha och g\u00f6ra din shoppingupplevelse s\u00e5 enkel och trevlig som m\u00f6jligt!<\/p>\t\t\t\t\t\t\t\t<\/div>\n\t\t\t\t<\/div>\n\t\t\t\t<\/div>\n\t\t\t\t\t<\/div>\n\t\t\t\t<\/div>\n\t\t\t\t<\/div>","protected":false},"excerpt":{"rendered":"<p>Informations sur la livraison Nous nous engageons \u00e0 offrir \u00e0 chaque client une excellente exp\u00e9rience d&rsquo;achat, de la commande \u00e0 la livraison, chaque lien s&rsquo;efforce d&rsquo;\u00eatre efficace et pratique. Passez votre commande maintenant et nous vous la livrerons rapidement ! D\u00e8s l&rsquo;arriv\u00e9e de votre commande, nos experts en entrep\u00f4t se mettent imm\u00e9diatement en action et [&hellip;]<\/p>\n","protected":false},"author":1,"featured_media":0,"parent":0,"menu_order":1,"comment_status":"closed","ping_status":"closed","template":"","meta":{"site-sidebar-layout":"no-sidebar","site-content-layout":"page-builder","ast-site-content-layout":"full-width-container","site-content-style":"default","site-sidebar-style":"default","ast-global-header-display":"","ast-banner-title-visibility":"","ast-main-header-display":"","ast-hfb-above-header-display":"","ast-hfb-below-header-display":"","ast-hfb-mobile-header-display":"","site-post-title":"disabled","ast-breadcrumbs-content":"","ast-featured-img":"disabled","footer-sml-layout":"","ast-disable-related-posts":"","theme-transparent-header-meta":"","adv-header-id-meta":"","stick-header-meta":"","header-above-stick-meta":"","header-main-stick-meta":"","header-below-stick-meta":"","astra-migrate-meta-layouts":"set","ast-page-background-enabled":"default","ast-page-background-meta":{"desktop":{"background-color":"","background-image":"","background-repeat":"repeat","background-position":"center center","background-size":"auto","background-attachment":"scroll","background-type":"","background-media":"","overlay-type":"","overlay-color":"","overlay-opacity":"","overlay-gradient":""},"tablet":{"background-color":"","background-image":"","background-repeat":"repeat","background-position":"center center","background-size":"auto","background-attachment":"scroll","background-type":"","background-media":"","overlay-type":"","overlay-color":"","overlay-opacity":"","overlay-gradient":""},"mobile":{"background-color":"","background-image":"","background-repeat":"repeat","background-position":"center center","background-size":"auto","background-attachment":"scroll","background-type":"","background-media":"","overlay-type":"","overlay-color":"","overlay-opacity":"","overlay-gradient":""}},"ast-content-background-meta":{"desktop":{"background-color":"var(--ast-global-color-5)","background-image":"","background-repeat":"repeat","background-position":"center center","background-size":"auto","background-attachment":"scroll","background-type":"","background-media":"","overlay-type":"","overlay-color":"","overlay-opacity":"","overlay-gradient":""},"tablet":{"background-color":"var(--ast-global-color-5)","background-image":"","background-repeat":"repeat","background-position":"center center","background-size":"auto","background-attachment":"scroll","background-type":"","background-media":"","overlay-type":"","overlay-color":"","overlay-opacity":"","overlay-gradient":""},"mobile":{"background-color":"var(--ast-global-color-5)","background-image":"","background-repeat":"repeat","background-position":"center center","background-size":"auto","background-attachment":"scroll","background-type":"","background-media":"","overlay-type":"","overlay-color":"","overlay-opacity":"","overlay-gradient":""}},"footnotes":""},"class_list":["post-1752","page","type-page","status-publish","hentry"],"_links":{"self":[{"href":"https:\/\/puffvapestore.com\/sv\/wp-json\/wp\/v2\/pages\/1752","targetHints":{"allow":["GET"]}}],"collection":[{"href":"https:\/\/puffvapestore.com\/sv\/wp-json\/wp\/v2\/pages"}],"about":[{"href":"https:\/\/puffvapestore.com\/sv\/wp-json\/wp\/v2\/types\/page"}],"author":[{"embeddable":true,"href":"https:\/\/puffvapestore.com\/sv\/wp-json\/wp\/v2\/users\/1"}],"replies":[{"embeddable":true,"href":"https:\/\/puffvapestore.com\/sv\/wp-json\/wp\/v2\/comments?post=1752"}],"version-history":[{"count":4,"href":"https:\/\/puffvapestore.com\/sv\/wp-json\/wp\/v2\/pages\/1752\/revisions"}],"predecessor-version":[{"id":1767,"href":"https:\/\/puffvapestore.com\/sv\/wp-json\/wp\/v2\/pages\/1752\/revisions\/1767"}],"wp:attachment":[{"href":"https:\/\/puffvapestore.com\/sv\/wp-json\/wp\/v2\/media?parent=1752"}],"curies":[{"name":"wp","href":"https:\/\/api.w.org\/{rel}","templated":true}]}}