{"id":6879,"date":"2025-08-24T07:27:22","date_gmt":"2025-08-24T07:27:22","guid":{"rendered":"https:\/\/puffvapestore.com\/?post_type=product&#038;p=6879"},"modified":"2026-01-19T10:31:54","modified_gmt":"2026-01-19T10:31:54","slug":"peach-ice-bang-king-35k-offre-une-saveur-de-peche-sucree","status":"publish","type":"product","link":"https:\/\/puffvapestore.com\/pt\/product\/peach-ice-bang-king-35k-oferece-um-sabor-doce-a-pessego\/","title":{"rendered":"Gelo de p\u00eassego - Bang King 35K"},"content":{"rendered":"<div data-elementor-type=\"wp-post\" data-elementor-id=\"6879\" class=\"elementor elementor-6879\">\n\t\t\t\t<div class=\"elementor-element elementor-element-08c26f9 e-flex e-con-boxed e-con e-parent\" data-id=\"08c26f9\" data-element_type=\"container\" data-e-type=\"container\">\n\t\t\t\t\t<div class=\"e-con-inner\">\n\t\t\t\t<div class=\"elementor-element elementor-element-a005a97 elementor-widget elementor-widget-text-editor\" data-id=\"a005a97\" data-element_type=\"widget\" data-e-type=\"widget\" data-widget_type=\"text-editor.default\">\n\t\t\t\t<div class=\"elementor-widget-container\">\n\t\t\t\t\t\t\t\t\t<p>Bang King 35000 Glazed Peach oferece um sabor doce e sumarento a p\u00eassego com uma suave sensa\u00e7\u00e3o de frescura, criando um sabor refrescante e complexo.<\/p><h2>Aroma rico a p\u00eassego<\/h2><p>O sabor dominante \u00e9 o de p\u00eassegos frescos e maduros, com um aroma frutado natural que \u00e9 doce, mas n\u00e3o \u00e9 demasiado forte. \u00c9 como morder um suculento p\u00eassego amarelo, com um aroma vibrante. O sabor do p\u00eassego, com a sua acidez subtil, equilibra a do\u00e7ura, tornando o sabor mais aut\u00eantico e natural.<\/p><p>Ao sabor do p\u00eassego, o Bang King 35000 Peach Ice acrescenta uma nota de mentol distinta e refrescante. Esta frescura \u00e9 refrescante e suave, como beber um copo de sumo de p\u00eassego gelado num dia quente de ver\u00e3o. Proporciona instantaneamente uma frescura refrescante, acalmando a boca e real\u00e7ando a frescura geral.<\/p><h2>Do\u00e7ura e acidez equilibradas<\/h2><p>A do\u00e7ura \u00e9 relativamente pura e persistente, nem demasiado doce nem pegajosa. A acidez do p\u00eassego tempera a do\u00e7ura, criando um sabor vivo e complexo, evitando uma do\u00e7ura mon\u00f3tona e acrescentando uma subtil acidez frutada que real\u00e7a a profundidade do sabor.<\/p><p>O fumo \u00e9 suave e delicado, sem irritar a garganta. A combina\u00e7\u00e3o da frescura e dos aromas frutados cria uma experi\u00eancia agrad\u00e1vel e refrescante.<\/p><h2>Ecr\u00e3 LED de alta defini\u00e7\u00e3o<\/h2><p>O Bang King 35000 Peach Ice possui um ecr\u00e3 LED inovador e inteligente que mostra o estado do dispositivo em tempo real. Este visor de f\u00e1cil utiliza\u00e7\u00e3o mostra informa\u00e7\u00f5es importantes, como a dura\u00e7\u00e3o restante da bateria e o n\u00edvel de e-l\u00edquido, facilitando o controlo do consumo por parte dos utilizadores. O visor \u00e9 pr\u00e1tico, garantindo uma utiliza\u00e7\u00e3o \u00f3ptima em caso de bateria descarregada ou de n\u00edvel baixo de e-l\u00edquido.<\/p><h2>Grande capacidade de e-l\u00edquido<\/h2><p>O Bang King 35000 Peach Ice est\u00e1 pr\u00e9-cheio com 23 ml de e-l\u00edquido de primeira qualidade, garantindo uma utiliza\u00e7\u00e3o prolongada sem reabastecimento. Esta grande capacidade \u00e9 ideal para quem procura uma experi\u00eancia duradoura e sem preocupa\u00e7\u00f5es, quer seja um utilizador ocasional ou intensivo. O seu design pr\u00e9-carregado elimina o inc\u00f3modo das recargas manuais de e-l\u00edquido, oferecendo uma solu\u00e7\u00e3o simples e pronta a usar.<\/p><p>Concebido para uma durabilidade a longo prazo, o Bang King 35000 oferece umas impressionantes 35.000 baforadas por unidade. Este elevado n\u00famero de baforadas faz dele um dos cigarros electr\u00f3nicos descart\u00e1veis mais duradouros do mercado, satisfazendo as necessidades dos utilizadores que preferem uma utiliza\u00e7\u00e3o duradoura sem substitui\u00e7\u00e3o frequente do dispositivo. Um ciclo de baforadas elevado garante um desempenho duradouro e consistente, tornando-o numa escolha acess\u00edvel para os vapers.<\/p><h2>M\u00faltiplas dosagens de nicotina e tecnologia de resist\u00eancia Mesh<\/h2><p>O Bang King 35000 Peach Ice oferece uma variedade de dosagens de nicotina para satisfazer todas as necessidades: 0 %, 2 %, 3 % e 5 %. Quer esteja \u00e0 procura de uma experi\u00eancia sem nicotina ou de um vape mais intenso, estas op\u00e7\u00f5es oferecem uma grande flexibilidade, tanto para os principiantes que abandonam os cigarros tradicionais como para os vapers experientes que procuram uma experi\u00eancia personalizada. Esta gama responde a uma variedade de necessidades e apela a um vasto p\u00fablico.<\/p><p>No cora\u00e7\u00e3o do Bang King 35000 est\u00e1 uma resist\u00eancia Mesh de 0,6 \u03a9 concebida para otimizar o sabor e a produ\u00e7\u00e3o de vapor. A maior \u00e1rea de superf\u00edcie da resist\u00eancia Mesh assegura um aquecimento uniforme, para um sabor consistentemente rico e uma experi\u00eancia de vapor suave e confort\u00e1vel. Esta tecnologia avan\u00e7ada melhora a experi\u00eancia global de vaporiza\u00e7\u00e3o, oferecendo um sabor e desempenho superiores aos das resist\u00eancias tradicionais.<\/p><h2>Bateria recarreg\u00e1vel<\/h2><p>O Bang King 35000 Peach Ice est\u00e1 equipado com uma bateria recarreg\u00e1vel de 1000 mAh, combinando a conveni\u00eancia de um cigarro eletr\u00f3nico descart\u00e1vel com a durabilidade de uma bateria recarreg\u00e1vel. A sua bateria de alta capacidade permite uma utiliza\u00e7\u00e3o prolongada e a porta de carregamento Tipo C garante um carregamento r\u00e1pido e eficiente. Esta carater\u00edstica minimiza o tempo de inatividade, permitindo que os utilizadores vaporizem sem interrup\u00e7\u00f5es.<\/p>\t\t\t\t\t\t\t\t<\/div>\n\t\t\t\t<\/div>\n\t\t\t\t\t<\/div>\n\t\t\t\t<\/div>\n\t\t\t\t<\/div>","protected":false},"excerpt":{"rendered":"<p>La Bang King 35000 P\u00eache Glac\u00e9e offre une saveur de p\u00eache sucr\u00e9e et juteuse avec une douce sensation de fra\u00eecheur, cr\u00e9ant un go\u00fbt rafra\u00eechissant et complexe. Ar\u00f4me riche de p\u00eache La saveur dominante est celle de la p\u00eache m\u00fbre et fra\u00eeche, avec un ar\u00f4me fruit\u00e9 naturel, doux mais sans \u00eatre envahissant. C&rsquo;est comme croquer dans [&hellip;]<\/p>\n","protected":false},"featured_media":6666,"comment_status":"open","ping_status":"closed","template":"","meta":{"site-sidebar-layout":"no-sidebar","site-content-layout":"page-builder","ast-site-content-layout":"normal-width-container","site-content-style":"default","site-sidebar-style":"default","ast-global-header-display":"","ast-banner-title-visibility":"","ast-main-header-display":"","ast-hfb-above-header-display":"","ast-hfb-below-header-display":"","ast-hfb-mobile-header-display":"","site-post-title":"disabled","ast-breadcrumbs-content":"","ast-featured-img":"disabled","footer-sml-layout":"","ast-disable-related-posts":"","theme-transparent-header-meta":"default","adv-header-id-meta":"","stick-header-meta":"default","header-above-stick-meta":"","header-main-stick-meta":"","header-below-stick-meta":"","astra-migrate-meta-layouts":"set","ast-page-background-enabled":"default","ast-page-background-meta":{"desktop":{"background-color":"","background-image":"","background-repeat":"repeat","background-position":"center center","background-size":"auto","background-attachment":"scroll","background-type":"","background-media":"","overlay-type":"","overlay-color":"","overlay-opacity":"","overlay-gradient":""},"tablet":{"background-color":"","background-image":"","background-repeat":"repeat","background-position":"center center","background-size":"auto","background-attachment":"scroll","background-type":"","background-media":"","overlay-type":"","overlay-color":"","overlay-opacity":"","overlay-gradient":""},"mobile":{"background-color":"","background-image":"","background-repeat":"repeat","background-position":"center center","background-size":"auto","background-attachment":"scroll","background-type":"","background-media":"","overlay-type":"","overlay-color":"","overlay-opacity":"","overlay-gradient":""}},"ast-content-background-meta":{"desktop":{"background-color":"var(--ast-global-color-5)","background-image":"","background-repeat":"repeat","background-position":"center center","background-size":"auto","background-attachment":"scroll","background-type":"","background-media":"","overlay-type":"","overlay-color":"","overlay-opacity":"","overlay-gradient":""},"tablet":{"background-color":"var(--ast-global-color-5)","background-image":"","background-repeat":"repeat","background-position":"center center","background-size":"auto","background-attachment":"scroll","background-type":"","background-media":"","overlay-type":"","overlay-color":"","overlay-opacity":"","overlay-gradient":""},"mobile":{"background-color":"var(--ast-global-color-5)","background-image":"","background-repeat":"repeat","background-position":"center center","background-size":"auto","background-attachment":"scroll","background-type":"","background-media":"","overlay-type":"","overlay-color":"","overlay-opacity":"","overlay-gradient":""}}},"product_brand":[52],"product_cat":[57,105,15],"product_tag":[],"class_list":{"0":"post-6879","1":"product","2":"type-product","3":"status-publish","4":"has-post-thumbnail","6":"product_brand-bang-king","7":"product_cat-bang-king-35k-resistance-mesh","8":"product_cat-puff-35k","9":"product_cat-magasin-cigarette-electronique","10":"desktop-align-center","11":"tablet-align-center","12":"mobile-align-center","13":"ast-product-gallery-layout-horizontal","14":"ast-product-gallery-with-no-image","15":"ast-product-single-variable","16":"ast-product-tabs-layout-horizontal","17":"ast-qv-on-image","19":"first","20":"instock","21":"sale","22":"shipping-taxable","23":"purchasable","24":"product-type-variable","25":"has-default-attributes"},"tiered_pricing_type":"fixed","tiered_pricing_fixed_rules":{"50":6.83,"100":6.22},"tiered_pricing_product_settings":{"layout":"default","base_unit_name":{"singular":null,"plural":null},"default_variation":null},"tiered_pricing_minimum_quantity":null,"tiered_pricing_roles_data":[],"tiered_pricing_percentage_rules":[],"_links":{"self":[{"href":"https:\/\/puffvapestore.com\/pt\/wp-json\/wp\/v2\/product\/6879","targetHints":{"allow":["GET"]}}],"collection":[{"href":"https:\/\/puffvapestore.com\/pt\/wp-json\/wp\/v2\/product"}],"about":[{"href":"https:\/\/puffvapestore.com\/pt\/wp-json\/wp\/v2\/types\/product"}],"replies":[{"embeddable":true,"href":"https:\/\/puffvapestore.com\/pt\/wp-json\/wp\/v2\/comments?post=6879"}],"version-history":[{"count":7,"href":"https:\/\/puffvapestore.com\/pt\/wp-json\/wp\/v2\/product\/6879\/revisions"}],"predecessor-version":[{"id":7229,"href":"https:\/\/puffvapestore.com\/pt\/wp-json\/wp\/v2\/product\/6879\/revisions\/7229"}],"wp:featuredmedia":[{"embeddable":true,"href":"https:\/\/puffvapestore.com\/pt\/wp-json\/wp\/v2\/media\/6666"}],"wp:attachment":[{"href":"https:\/\/puffvapestore.com\/pt\/wp-json\/wp\/v2\/media?parent=6879"}],"wp:term":[{"taxonomy":"product_brand","embeddable":true,"href":"https:\/\/puffvapestore.com\/pt\/wp-json\/wp\/v2\/product_brand?post=6879"},{"taxonomy":"product_cat","embeddable":true,"href":"https:\/\/puffvapestore.com\/pt\/wp-json\/wp\/v2\/product_cat?post=6879"},{"taxonomy":"product_tag","embeddable":true,"href":"https:\/\/puffvapestore.com\/pt\/wp-json\/wp\/v2\/product_tag?post=6879"}],"curies":[{"name":"wp","href":"https:\/\/api.w.org\/{rel}","templated":true}]}}