{"id":6868,"date":"2025-08-24T02:20:23","date_gmt":"2025-08-24T02:20:23","guid":{"rendered":"https:\/\/puffvapestore.com\/?post_type=product&#038;p=6868"},"modified":"2026-01-19T10:31:54","modified_gmt":"2026-01-19T10:31:54","slug":"watermelon-bang-king-35k-offre-une-saveur-vive-et-authentique-de-pasteque","status":"publish","type":"product","link":"https:\/\/puffvapestore.com\/pt\/product\/melancia-bang-king-35k-oferece-um-sabor-vivo-e-autentico-de-massa\/","title":{"rendered":"Melancia - Bang King 35K"},"content":{"rendered":"<div data-elementor-type=\"wp-post\" data-elementor-id=\"6868\" class=\"elementor elementor-6868\">\n\t\t\t\t<div class=\"elementor-element elementor-element-08c26f9 e-flex e-con-boxed e-con e-parent\" data-id=\"08c26f9\" data-element_type=\"container\" data-e-type=\"container\">\n\t\t\t\t\t<div class=\"e-con-inner\">\n\t\t\t\t<div class=\"elementor-element elementor-element-a005a97 elementor-widget elementor-widget-text-editor\" data-id=\"a005a97\" data-element_type=\"widget\" data-e-type=\"widget\" data-widget_type=\"text-editor.default\">\n\t\t\t\t<div class=\"elementor-widget-container\">\n\t\t\t\t\t\t\t\t\t<p>Watermelon Bang King 35000 oferece um sabor vivo e aut\u00eantico a melancia, complementado por uma nota verde refrescante e uma sensa\u00e7\u00e3o delicada na boca, proporcionando uma experi\u00eancia de ver\u00e3o refrescante. Doce e refrescante.<\/p><p>O sabor da melancia tem um sabor fresco e sumarento, que lembra a melancia acabada de cortar, e um aroma rico e frutado. A sua do\u00e7ura \u00e9 moderada, sem ser demasiado pronunciada, reproduzindo perfeitamente a do\u00e7ura natural da melancia.<\/p><h2>Um aroma frutado rico e complexo<\/h2><p>Para al\u00e9m do sabor limpo da melancia, uma subtil frescura de mel\u00e3o, tingida com um toque de folhas verdes frescas, acrescenta profundidade ao paladar, tornando o conjunto vibrante e animado, em vez de mon\u00f3tono.<\/p><h2>Sabor delicado e cremoso<\/h2><p>A express\u00e3o arom\u00e1tica \u00e9 acompanhada por uma sensa\u00e7\u00e3o subtil e h\u00famida, como se o sumo flu\u00edsse suavemente para a boca, criando uma experi\u00eancia extraordinariamente suave. Este sabor delicado real\u00e7a a experi\u00eancia global, deixando uma sensa\u00e7\u00e3o refrescante que sacia a sede.<\/p><h2>O final \u00e9 refrescante, mas n\u00e3o demasiado forte.<\/h2><p>O travo final \u00e9 ligeiramente doce e fresco, sem a\u00e7\u00facar pesado persistente, deixando uma sensa\u00e7\u00e3o refrescante no paladar. \u00c9 perfeito para o ver\u00e3o ou para dar um pequeno impulso.<\/p><p>Embora a do\u00e7ura geral seja percet\u00edvel, n\u00e3o \u00e9 mon\u00f3tona. A acidez equilibrada confere ao sabor uma sensa\u00e7\u00e3o viva e el\u00e1stica, sem ser enjoativa ou ins\u00edpida.<\/p><h2>Ecr\u00e3 LED de alta defini\u00e7\u00e3o<\/h2><p>O Bang King 35000 Watermelon possui um ecr\u00e3 LED inovador e inteligente que mostra o estado do dispositivo em tempo real. Este visor de f\u00e1cil utiliza\u00e7\u00e3o mostra informa\u00e7\u00f5es importantes, como a dura\u00e7\u00e3o restante da bateria e o n\u00edvel de e-l\u00edquido, facilitando o controlo do consumo por parte dos utilizadores. O visor \u00e9 pr\u00e1tico, garantindo uma utiliza\u00e7\u00e3o \u00f3ptima em caso de bateria descarregada ou de n\u00edvel baixo de e-l\u00edquido.<\/p><h2>Grande capacidade de e-l\u00edquido<\/h2><p>O Bang King 35000 Watermelon est\u00e1 pr\u00e9-cheio com 23 ml de e-l\u00edquido de primeira qualidade, garantindo uma utiliza\u00e7\u00e3o prolongada sem necessidade de reabastecimento. Esta grande capacidade \u00e9 ideal para quem procura uma experi\u00eancia duradoura e sem preocupa\u00e7\u00f5es, quer seja um utilizador ocasional ou intensivo. O seu design pr\u00e9-carregado elimina o inc\u00f3modo das recargas manuais de e-l\u00edquido, oferecendo uma solu\u00e7\u00e3o simples e pronta a usar.<\/p><p>Concebido para uma durabilidade a longo prazo, o Bang King 35000 oferece umas impressionantes 35.000 baforadas por unidade. Este elevado n\u00famero de baforadas faz dele um dos cigarros electr\u00f3nicos descart\u00e1veis mais duradouros do mercado, satisfazendo as necessidades dos utilizadores que preferem uma utiliza\u00e7\u00e3o duradoura sem substitui\u00e7\u00e3o frequente do dispositivo. Um ciclo de baforadas elevado garante um desempenho duradouro e consistente, tornando-o numa escolha acess\u00edvel para os vapers.<\/p><h2>M\u00faltiplas dosagens de nicotina e tecnologia de resist\u00eancia Mesh<\/h2><p>O Bang King 35000 Watermelon oferece uma variedade de dosagens de nicotina para satisfazer todas as necessidades: 0 %, 2 %, 3 % e 5 %. Quer esteja \u00e0 procura de uma experi\u00eancia sem nicotina ou de um vape mais intenso, estas op\u00e7\u00f5es oferecem uma grande flexibilidade, tanto para os principiantes que abandonam os cigarros tradicionais como para os vapers experientes que procuram uma experi\u00eancia personalizada. Esta gama responde a uma variedade de necessidades e apela a um vasto p\u00fablico.<\/p><p>No cora\u00e7\u00e3o do Bang King 35000 Watermelon est\u00e1 uma resist\u00eancia Mesh de 0,6 \u03a9 concebida para otimizar o sabor e a produ\u00e7\u00e3o de vapor. A maior \u00e1rea de superf\u00edcie da resist\u00eancia Mesh garante um aquecimento uniforme, para um sabor consistente e rico e uma experi\u00eancia de vapor suave e confort\u00e1vel. Esta tecnologia avan\u00e7ada melhora a experi\u00eancia global de vaporiza\u00e7\u00e3o, oferecendo um sabor e desempenho superiores aos das resist\u00eancias tradicionais.<\/p><h2>Bateria recarreg\u00e1vel<\/h2><p>O Bang King 35000 Watermelon est\u00e1 equipado com uma bateria recarreg\u00e1vel de 1000 mAh, combinando a conveni\u00eancia de um cigarro eletr\u00f3nico descart\u00e1vel com a durabilidade de uma bateria recarreg\u00e1vel. A sua bateria de alta capacidade permite uma utiliza\u00e7\u00e3o prolongada e a porta de carregamento Tipo C garante um carregamento r\u00e1pido e eficiente. Esta carater\u00edstica minimiza o tempo de inatividade, permitindo que os utilizadores vaporizem sem interrup\u00e7\u00f5es.<\/p>\t\t\t\t\t\t\t\t<\/div>\n\t\t\t\t<\/div>\n\t\t\t\t\t<\/div>\n\t\t\t\t<\/div>\n\t\t\t\t<\/div>","protected":false},"excerpt":{"rendered":"<p>La past\u00e8que Bang King 35000 offre une saveur vive et authentique de past\u00e8que, compl\u00e9t\u00e9e par une note verte rafra\u00eechissante et une sensation en bouche d\u00e9licate, offrant une exp\u00e9rience estivale rafra\u00eechissante. \u00c0 la fois sucr\u00e9e et rafra\u00eechissante. La saveur past\u00e8que offre d&rsquo;abord une saveur fra\u00eeche et juteuse, rappelant la past\u00e8que fra\u00eechement coup\u00e9e, et un ar\u00f4me riche [&hellip;]<\/p>\n","protected":false},"featured_media":6670,"comment_status":"open","ping_status":"closed","template":"","meta":{"site-sidebar-layout":"no-sidebar","site-content-layout":"page-builder","ast-site-content-layout":"normal-width-container","site-content-style":"default","site-sidebar-style":"default","ast-global-header-display":"","ast-banner-title-visibility":"","ast-main-header-display":"","ast-hfb-above-header-display":"","ast-hfb-below-header-display":"","ast-hfb-mobile-header-display":"","site-post-title":"disabled","ast-breadcrumbs-content":"","ast-featured-img":"disabled","footer-sml-layout":"","ast-disable-related-posts":"","theme-transparent-header-meta":"default","adv-header-id-meta":"","stick-header-meta":"default","header-above-stick-meta":"","header-main-stick-meta":"","header-below-stick-meta":"","astra-migrate-meta-layouts":"set","ast-page-background-enabled":"default","ast-page-background-meta":{"desktop":{"background-color":"","background-image":"","background-repeat":"repeat","background-position":"center center","background-size":"auto","background-attachment":"scroll","background-type":"","background-media":"","overlay-type":"","overlay-color":"","overlay-opacity":"","overlay-gradient":""},"tablet":{"background-color":"","background-image":"","background-repeat":"repeat","background-position":"center center","background-size":"auto","background-attachment":"scroll","background-type":"","background-media":"","overlay-type":"","overlay-color":"","overlay-opacity":"","overlay-gradient":""},"mobile":{"background-color":"","background-image":"","background-repeat":"repeat","background-position":"center center","background-size":"auto","background-attachment":"scroll","background-type":"","background-media":"","overlay-type":"","overlay-color":"","overlay-opacity":"","overlay-gradient":""}},"ast-content-background-meta":{"desktop":{"background-color":"var(--ast-global-color-5)","background-image":"","background-repeat":"repeat","background-position":"center center","background-size":"auto","background-attachment":"scroll","background-type":"","background-media":"","overlay-type":"","overlay-color":"","overlay-opacity":"","overlay-gradient":""},"tablet":{"background-color":"var(--ast-global-color-5)","background-image":"","background-repeat":"repeat","background-position":"center center","background-size":"auto","background-attachment":"scroll","background-type":"","background-media":"","overlay-type":"","overlay-color":"","overlay-opacity":"","overlay-gradient":""},"mobile":{"background-color":"var(--ast-global-color-5)","background-image":"","background-repeat":"repeat","background-position":"center center","background-size":"auto","background-attachment":"scroll","background-type":"","background-media":"","overlay-type":"","overlay-color":"","overlay-opacity":"","overlay-gradient":""}}},"product_brand":[52],"product_cat":[57,105,15],"product_tag":[],"class_list":{"0":"post-6868","1":"product","2":"type-product","3":"status-publish","4":"has-post-thumbnail","6":"product_brand-bang-king","7":"product_cat-bang-king-35k-resistance-mesh","8":"product_cat-puff-35k","9":"product_cat-magasin-cigarette-electronique","10":"desktop-align-center","11":"tablet-align-center","12":"mobile-align-center","13":"ast-product-gallery-layout-horizontal","14":"ast-product-gallery-with-no-image","15":"ast-product-single-variable","16":"ast-product-tabs-layout-horizontal","17":"ast-qv-on-image","19":"first","20":"instock","21":"sale","22":"shipping-taxable","23":"purchasable","24":"product-type-variable","25":"has-default-attributes"},"tiered_pricing_type":"fixed","tiered_pricing_fixed_rules":{"50":6.83,"100":6.22},"tiered_pricing_product_settings":{"layout":"default","base_unit_name":{"singular":null,"plural":null},"default_variation":null},"tiered_pricing_minimum_quantity":null,"tiered_pricing_roles_data":[],"tiered_pricing_percentage_rules":[],"_links":{"self":[{"href":"https:\/\/puffvapestore.com\/pt\/wp-json\/wp\/v2\/product\/6868","targetHints":{"allow":["GET"]}}],"collection":[{"href":"https:\/\/puffvapestore.com\/pt\/wp-json\/wp\/v2\/product"}],"about":[{"href":"https:\/\/puffvapestore.com\/pt\/wp-json\/wp\/v2\/types\/product"}],"replies":[{"embeddable":true,"href":"https:\/\/puffvapestore.com\/pt\/wp-json\/wp\/v2\/comments?post=6868"}],"version-history":[{"count":7,"href":"https:\/\/puffvapestore.com\/pt\/wp-json\/wp\/v2\/product\/6868\/revisions"}],"predecessor-version":[{"id":7228,"href":"https:\/\/puffvapestore.com\/pt\/wp-json\/wp\/v2\/product\/6868\/revisions\/7228"}],"wp:featuredmedia":[{"embeddable":true,"href":"https:\/\/puffvapestore.com\/pt\/wp-json\/wp\/v2\/media\/6670"}],"wp:attachment":[{"href":"https:\/\/puffvapestore.com\/pt\/wp-json\/wp\/v2\/media?parent=6868"}],"wp:term":[{"taxonomy":"product_brand","embeddable":true,"href":"https:\/\/puffvapestore.com\/pt\/wp-json\/wp\/v2\/product_brand?post=6868"},{"taxonomy":"product_cat","embeddable":true,"href":"https:\/\/puffvapestore.com\/pt\/wp-json\/wp\/v2\/product_cat?post=6868"},{"taxonomy":"product_tag","embeddable":true,"href":"https:\/\/puffvapestore.com\/pt\/wp-json\/wp\/v2\/product_tag?post=6868"}],"curies":[{"name":"wp","href":"https:\/\/api.w.org\/{rel}","templated":true}]}}