{"id":6857,"date":"2025-08-23T23:14:05","date_gmt":"2025-08-23T23:14:05","guid":{"rendered":"https:\/\/puffvapestore.com\/?post_type=product&#038;p=6857"},"modified":"2026-01-19T10:31:54","modified_gmt":"2026-01-19T10:31:54","slug":"fraise-mangue-bang-king-35k-allie-lenergie-fraiche-et-acidulee-de-la-fraise","status":"publish","type":"product","link":"https:\/\/puffvapestore.com\/pt\/product\/morango-manga-bang-king-35k-combina-a-energia-fresca-e-picante-dos-morangos\/","title":{"rendered":"Manga com morango - Bang King 35K"},"content":{"rendered":"<div data-elementor-type=\"wp-post\" data-elementor-id=\"6857\" class=\"elementor elementor-6857\">\n\t\t\t\t<div class=\"elementor-element elementor-element-08c26f9 e-flex e-con-boxed e-con e-parent\" data-id=\"08c26f9\" data-element_type=\"container\" data-e-type=\"container\">\n\t\t\t\t\t<div class=\"e-con-inner\">\n\t\t\t\t<div class=\"elementor-element elementor-element-a005a97 elementor-widget elementor-widget-text-editor\" data-id=\"a005a97\" data-element_type=\"widget\" data-e-type=\"widget\" data-widget_type=\"text-editor.default\">\n\t\t\t\t<div class=\"elementor-widget-container\">\n\t\t\t\t\t\t\t\t\t<p>O sabor principal do cigarro eletr\u00f3nico Bang King 35000 Strawberry Mango \u00e9 a energia fresca e picante dos morangos e o aroma rico e doce da manga. Este equil\u00edbrio perfeito cria uma bebida refrescante com sabores a frutos tropicais.<\/p><h2>Sabor a morango :<\/h2><p>O aroma de morango \u00e9 fresco e ligeiramente \u00e1cido, lembrando morangos acabados de colher.<\/p><p>A acidez do morango \u00e9 palp\u00e1vel na inala\u00e7\u00e3o, equilibrando a do\u00e7ura geral e acrescentando um sabor vibrante.<\/p><p>O sabor do morango mant\u00e9m um aroma frutado natural com um toque de carnudo.<\/p><h2>Sabor a manga :<\/h2><p>O sabor da manga \u00e9 rico e doce, com o aroma intenso e tropical t\u00edpico dos frutos tropicais.<\/p><p>A do\u00e7ura da manga \u00e9 delicada e suave, como a polpa da manga madura com um toque de mel.<\/p><p>O paladar \u00e9 real\u00e7ado pela textura \u00fanica, suave e cremosa, que contribui para a do\u00e7ura geral.<\/p><h2>Montagem :<\/h2><p>A acidez do morango e a do\u00e7ura da manga combinam-se na perfei\u00e7\u00e3o para criar um sabor complexo que \u00e9 simultaneamente refrescante e rico.<\/p><p>O sabor \u00e9 bem estruturado, combinando uma acidez refrescante com uma do\u00e7ura frutada.<\/p><p>Este cigarro eletr\u00f3nico tem a sensa\u00e7\u00e3o refrescante e energizante de um pomar tropical, deixando-o com uma sensa\u00e7\u00e3o agrad\u00e1vel e estimulante.<\/p><h2>Final de boca :<\/h2><p>O sabor residual \u00e9 ligeiramente frutado, sem persist\u00eancia ou atenua\u00e7\u00e3o r\u00e1pida, ideal para quem procura um sabor refrescante.<\/p><p>Sem sabores artificiais dominantes, o aroma \u00e9 natural, o que o torna ideal para o uso quotidiano.<\/p><h2>Ecr\u00e3 LED de alta defini\u00e7\u00e3o<\/h2><p>O Bang King 35000 Strawberry Mango possui um ecr\u00e3 LED inovador e inteligente que mostra o estado do dispositivo em tempo real. Este visor de f\u00e1cil utiliza\u00e7\u00e3o mostra informa\u00e7\u00f5es importantes, como a dura\u00e7\u00e3o restante da bateria e o n\u00edvel de e-l\u00edquido, facilitando o controlo do consumo por parte dos utilizadores. O visor \u00e9 pr\u00e1tico, garantindo uma utiliza\u00e7\u00e3o \u00f3ptima em caso de bateria descarregada ou de n\u00edvel baixo de e-l\u00edquido.<\/p><h2>Grande capacidade de e-l\u00edquido<\/h2><p>O Bang King 35000 Strawberry Mango est\u00e1 pr\u00e9-cheio com 23 ml de e-l\u00edquido de primeira qualidade, garantindo uma utiliza\u00e7\u00e3o prolongada sem necessidade de reabastecimento. Esta grande capacidade \u00e9 ideal para quem procura uma experi\u00eancia duradoura e sem complica\u00e7\u00f5es, quer seja um utilizador ocasional ou intensivo. O seu design pr\u00e9-cheio elimina o inc\u00f3modo das recargas manuais de e-l\u00edquido, oferecendo uma solu\u00e7\u00e3o simples e pronta a usar.<\/p><p>Concebido para uma durabilidade a longo prazo, o Bang King 35000 oferece umas impressionantes 35.000 baforadas por unidade. Este elevado n\u00famero de baforadas faz dele um dos cigarros electr\u00f3nicos descart\u00e1veis mais duradouros do mercado, satisfazendo as necessidades dos utilizadores que preferem uma utiliza\u00e7\u00e3o duradoura sem substitui\u00e7\u00e3o frequente do dispositivo. Um ciclo de baforadas elevado garante um desempenho duradouro e consistente, tornando-o numa escolha acess\u00edvel para os vapers.<\/p><h2>M\u00faltiplas dosagens de nicotina e tecnologia de resist\u00eancia Mesh<\/h2><p>O Bang King 35000 Strawberry Mango oferece uma variedade de dosagens de nicotina para satisfazer todas as necessidades: 0 %, 2 %, 3 % e 5 %. Quer esteja \u00e0 procura de uma experi\u00eancia sem nicotina ou de um vape mais intenso, estas op\u00e7\u00f5es oferecem uma grande flexibilidade, tanto para os principiantes que abandonam os cigarros tradicionais como para os vapers experientes que procuram uma experi\u00eancia personalizada. Esta gama responde a uma variedade de necessidades e apela a um vasto p\u00fablico.<\/p><p>No cora\u00e7\u00e3o do Bang King 35000 est\u00e1 uma resist\u00eancia Mesh de 0,6 \u03a9 concebida para otimizar o sabor e a produ\u00e7\u00e3o de vapor. A maior \u00e1rea de superf\u00edcie da resist\u00eancia Mesh assegura um aquecimento uniforme, para um sabor consistentemente rico e uma experi\u00eancia de vapor suave e confort\u00e1vel. Esta tecnologia avan\u00e7ada melhora a experi\u00eancia global de vaporiza\u00e7\u00e3o, oferecendo um sabor e desempenho superiores aos das resist\u00eancias tradicionais.<\/p><h2>Bateria recarreg\u00e1vel<\/h2><p>O Bang King 35000 Strawberry Mango est\u00e1 equipado com uma bateria recarreg\u00e1vel de 1000 mAh, combinando a conveni\u00eancia de um cigarro eletr\u00f3nico descart\u00e1vel com a durabilidade de uma bateria recarreg\u00e1vel. A sua bateria de alta capacidade permite uma utiliza\u00e7\u00e3o prolongada, e a porta de carregamento Tipo C garante um carregamento r\u00e1pido e eficiente. Esta carater\u00edstica minimiza o tempo de inatividade, permitindo que os utilizadores vaporizem sem interrup\u00e7\u00f5es.<\/p>\t\t\t\t\t\t\t\t<\/div>\n\t\t\t\t<\/div>\n\t\t\t\t\t<\/div>\n\t\t\t\t<\/div>\n\t\t\t\t<\/div>","protected":false},"excerpt":{"rendered":"<p>La saveur principale de la cigarette \u00e9lectronique Bang King 35000 Fraise Mangue r\u00e9side dans l&rsquo;\u00e9nergie fra\u00eeche et acidul\u00e9e de la fraise et l&rsquo;ar\u00f4me riche et sucr\u00e9 de la mangue. Cet \u00e9quilibre parfait cr\u00e9e une boisson rafra\u00eechissante aux saveurs de fruits tropicaux. Ar\u00f4me Fraise\u00a0: L&rsquo;ar\u00f4me de fraise est frais et l\u00e9g\u00e8rement acidul\u00e9, rappelant les fraises fra\u00eechement [&hellip;]<\/p>\n","protected":false},"featured_media":6668,"comment_status":"open","ping_status":"closed","template":"","meta":{"site-sidebar-layout":"no-sidebar","site-content-layout":"page-builder","ast-site-content-layout":"normal-width-container","site-content-style":"default","site-sidebar-style":"default","ast-global-header-display":"","ast-banner-title-visibility":"","ast-main-header-display":"","ast-hfb-above-header-display":"","ast-hfb-below-header-display":"","ast-hfb-mobile-header-display":"","site-post-title":"disabled","ast-breadcrumbs-content":"","ast-featured-img":"disabled","footer-sml-layout":"","ast-disable-related-posts":"","theme-transparent-header-meta":"default","adv-header-id-meta":"","stick-header-meta":"default","header-above-stick-meta":"","header-main-stick-meta":"","header-below-stick-meta":"","astra-migrate-meta-layouts":"set","ast-page-background-enabled":"default","ast-page-background-meta":{"desktop":{"background-color":"","background-image":"","background-repeat":"repeat","background-position":"center center","background-size":"auto","background-attachment":"scroll","background-type":"","background-media":"","overlay-type":"","overlay-color":"","overlay-opacity":"","overlay-gradient":""},"tablet":{"background-color":"","background-image":"","background-repeat":"repeat","background-position":"center center","background-size":"auto","background-attachment":"scroll","background-type":"","background-media":"","overlay-type":"","overlay-color":"","overlay-opacity":"","overlay-gradient":""},"mobile":{"background-color":"","background-image":"","background-repeat":"repeat","background-position":"center center","background-size":"auto","background-attachment":"scroll","background-type":"","background-media":"","overlay-type":"","overlay-color":"","overlay-opacity":"","overlay-gradient":""}},"ast-content-background-meta":{"desktop":{"background-color":"var(--ast-global-color-5)","background-image":"","background-repeat":"repeat","background-position":"center center","background-size":"auto","background-attachment":"scroll","background-type":"","background-media":"","overlay-type":"","overlay-color":"","overlay-opacity":"","overlay-gradient":""},"tablet":{"background-color":"var(--ast-global-color-5)","background-image":"","background-repeat":"repeat","background-position":"center center","background-size":"auto","background-attachment":"scroll","background-type":"","background-media":"","overlay-type":"","overlay-color":"","overlay-opacity":"","overlay-gradient":""},"mobile":{"background-color":"var(--ast-global-color-5)","background-image":"","background-repeat":"repeat","background-position":"center center","background-size":"auto","background-attachment":"scroll","background-type":"","background-media":"","overlay-type":"","overlay-color":"","overlay-opacity":"","overlay-gradient":""}}},"product_brand":[52],"product_cat":[57,105,15],"product_tag":[],"class_list":{"0":"post-6857","1":"product","2":"type-product","3":"status-publish","4":"has-post-thumbnail","6":"product_brand-bang-king","7":"product_cat-bang-king-35k-resistance-mesh","8":"product_cat-puff-35k","9":"product_cat-magasin-cigarette-electronique","10":"desktop-align-center","11":"tablet-align-center","12":"mobile-align-center","13":"ast-product-gallery-layout-horizontal","14":"ast-product-gallery-with-no-image","15":"ast-product-single-variable","16":"ast-product-tabs-layout-horizontal","17":"ast-qv-on-image","19":"first","20":"instock","21":"sale","22":"shipping-taxable","23":"purchasable","24":"product-type-variable","25":"has-default-attributes"},"tiered_pricing_type":"fixed","tiered_pricing_fixed_rules":{"50":6.83,"100":6.22},"tiered_pricing_product_settings":{"layout":"default","base_unit_name":{"singular":null,"plural":null},"default_variation":null},"tiered_pricing_minimum_quantity":null,"tiered_pricing_roles_data":[],"tiered_pricing_percentage_rules":[],"_links":{"self":[{"href":"https:\/\/puffvapestore.com\/pt\/wp-json\/wp\/v2\/product\/6857","targetHints":{"allow":["GET"]}}],"collection":[{"href":"https:\/\/puffvapestore.com\/pt\/wp-json\/wp\/v2\/product"}],"about":[{"href":"https:\/\/puffvapestore.com\/pt\/wp-json\/wp\/v2\/types\/product"}],"replies":[{"embeddable":true,"href":"https:\/\/puffvapestore.com\/pt\/wp-json\/wp\/v2\/comments?post=6857"}],"version-history":[{"count":7,"href":"https:\/\/puffvapestore.com\/pt\/wp-json\/wp\/v2\/product\/6857\/revisions"}],"predecessor-version":[{"id":7227,"href":"https:\/\/puffvapestore.com\/pt\/wp-json\/wp\/v2\/product\/6857\/revisions\/7227"}],"wp:featuredmedia":[{"embeddable":true,"href":"https:\/\/puffvapestore.com\/pt\/wp-json\/wp\/v2\/media\/6668"}],"wp:attachment":[{"href":"https:\/\/puffvapestore.com\/pt\/wp-json\/wp\/v2\/media?parent=6857"}],"wp:term":[{"taxonomy":"product_brand","embeddable":true,"href":"https:\/\/puffvapestore.com\/pt\/wp-json\/wp\/v2\/product_brand?post=6857"},{"taxonomy":"product_cat","embeddable":true,"href":"https:\/\/puffvapestore.com\/pt\/wp-json\/wp\/v2\/product_cat?post=6857"},{"taxonomy":"product_tag","embeddable":true,"href":"https:\/\/puffvapestore.com\/pt\/wp-json\/wp\/v2\/product_tag?post=6857"}],"curies":[{"name":"wp","href":"https:\/\/api.w.org\/{rel}","templated":true}]}}