{"id":6835,"date":"2025-08-17T04:01:37","date_gmt":"2025-08-17T04:01:37","guid":{"rendered":"https:\/\/puffvapestore.com\/?post_type=product&#038;p=6835"},"modified":"2026-01-19T10:31:54","modified_gmt":"2026-01-19T10:31:54","slug":"love-66-bang-king-35k-offre-un-arome-sucre-et-fruite","status":"publish","type":"product","link":"https:\/\/puffvapestore.com\/pt\/product\/love-66-bang-king-35k-oferece-um-aroma-doce-e-frutado\/","title":{"rendered":"Amor 66 - Bang King 35000"},"content":{"rendered":"<div data-elementor-type=\"wp-post\" data-elementor-id=\"6835\" class=\"elementor elementor-6835\">\n\t\t\t\t<div class=\"elementor-element elementor-element-08c26f9 e-flex e-con-boxed e-con e-parent\" data-id=\"08c26f9\" data-element_type=\"container\" data-e-type=\"container\">\n\t\t\t\t\t<div class=\"e-con-inner\">\n\t\t\t\t<div class=\"elementor-element elementor-element-a005a97 elementor-widget elementor-widget-text-editor\" data-id=\"a005a97\" data-element_type=\"widget\" data-e-type=\"widget\" data-widget_type=\"text-editor.default\">\n\t\t\t\t<div class=\"elementor-widget-container\">\n\t\t\t\t\t\t\t\t\t<p>Bang King 35000 Love 66 \u00e9 conhecido pelo seu sabor rico e complexo. O seu equil\u00edbrio global oferece um aroma doce e frutado com uma sensa\u00e7\u00e3o refrescante e ligeiramente refrescante, ideal para os amantes de sabores complexos.<\/p><h2>Detalhes de Amor 66 sabor<\/h2><p><strong>Notas frutadas<\/strong><br \/>O cigarro eletr\u00f3nico Love 66 oferece um sabor frutado pronunciado, baseado principalmente em bagas maduras, como mirtilos e amoras, com um sabor naturalmente doce e \u00e1cido. Assim que vaporizar, sentir\u00e1 inicialmente uma do\u00e7ura frutada e uma ligeira acidez, criando uma experi\u00eancia rica e complexa sem ser mon\u00f3tona.<\/p><p><strong>Suavidade e frescura<\/strong><br \/>O Love 66 tem uma do\u00e7ura moderada, redonda mas n\u00e3o excessiva, que complementa perfeitamente o seu aroma frutado. Um toque de menta ou uma ligeira frescura permeiam a do\u00e7ura, criando um sabor global refrescante e agrad\u00e1vel. A frescura na inala\u00e7\u00e3o n\u00e3o irrita a garganta, acentuando a frescura no paladar.<\/p><p><strong>Aromas subtis de tabaco e frutos secos<\/strong><br \/>Para al\u00e9m das suas notas frutadas e doces, o Love 66 tamb\u00e9m oferece um corpo subtil de tabaco, semelhante a um sabor de noz ligeiramente tostado, acrescentando profundidade e complexidade. Este subtil aroma a nozes confere dimens\u00e3o e calor ao paladar.<\/p><p><strong>Final<\/strong><br \/>O final \u00e9 limpo, com uma subtil frescura frutada e mentolada. O aroma mant\u00e9m-se moderadamente, sem atrapalhar a pr\u00f3xima passa e sem ser demasiado leve.<\/p><h2>Ecr\u00e3 LED de alta defini\u00e7\u00e3o<\/h2><p>O Bang King 35000 Love 66 possui um ecr\u00e3 LED inovador e inteligente que mostra o estado do dispositivo em tempo real. Este visor de f\u00e1cil utiliza\u00e7\u00e3o mostra informa\u00e7\u00f5es importantes, como a dura\u00e7\u00e3o restante da bateria e o n\u00edvel de e-l\u00edquido, facilitando o controlo do consumo por parte dos utilizadores. O visor \u00e9 pr\u00e1tico, garantindo uma utiliza\u00e7\u00e3o \u00f3ptima em caso de bateria descarregada ou de n\u00edvel baixo de e-l\u00edquido.<\/p><h2>Grande capacidade de e-l\u00edquido<\/h2><p>O Bang King 35000 Love 66 est\u00e1 pr\u00e9-cheio com 23 ml de e-l\u00edquido de primeira qualidade, garantindo uma utiliza\u00e7\u00e3o prolongada sem necessidade de reabastecimento. Esta grande capacidade \u00e9 ideal para quem procura uma experi\u00eancia duradoura e sem complica\u00e7\u00f5es, quer seja um utilizador ocasional ou intensivo. O seu design pr\u00e9-carregado elimina o inc\u00f3modo das recargas manuais de e-l\u00edquido, oferecendo uma solu\u00e7\u00e3o simples e pronta a usar.<\/p><p>Concebido para uma durabilidade a longo prazo, o Bang King 35000 oferece umas impressionantes 35.000 baforadas por unidade. Este elevado n\u00famero de baforadas faz dele um dos cigarros electr\u00f3nicos descart\u00e1veis mais duradouros do mercado, satisfazendo as necessidades dos utilizadores que preferem uma utiliza\u00e7\u00e3o duradoura sem substitui\u00e7\u00e3o frequente do dispositivo. Um ciclo de baforadas elevado garante um desempenho duradouro e consistente, tornando-o numa escolha acess\u00edvel para os vapers.<\/p><h2>M\u00faltiplas dosagens de nicotina e tecnologia de resist\u00eancia Mesh<\/h2><p>O Bang King 35000 Love 66 oferece uma variedade de dosagens de nicotina para satisfazer todas as necessidades: 0 %, 2 %, 3 % e 5 %. Quer esteja \u00e0 procura de uma experi\u00eancia sem nicotina ou de um vape mais intenso, estas op\u00e7\u00f5es oferecem uma grande flexibilidade, tanto para os principiantes que abandonam os cigarros tradicionais como para os vapers experientes que procuram uma experi\u00eancia personalizada. Esta gama responde a uma variedade de necessidades e apela a um vasto p\u00fablico.<\/p><p>No cora\u00e7\u00e3o do Bang King 35000 est\u00e1 uma resist\u00eancia Mesh de 0,6 \u03a9 concebida para otimizar o sabor e a produ\u00e7\u00e3o de vapor. A maior \u00e1rea de superf\u00edcie da resist\u00eancia Mesh assegura um aquecimento uniforme, para um sabor consistentemente rico e uma experi\u00eancia de vapor suave e confort\u00e1vel. Esta tecnologia avan\u00e7ada melhora a experi\u00eancia global de vaporiza\u00e7\u00e3o, oferecendo um sabor e desempenho superiores aos das resist\u00eancias tradicionais.<\/p><h2>Bateria recarreg\u00e1vel<\/h2><p>O Bang King 35000 Love 66 est\u00e1 equipado com uma bateria recarreg\u00e1vel de 1000 mAh, combinando a conveni\u00eancia de um cigarro eletr\u00f3nico descart\u00e1vel com a durabilidade de uma bateria recarreg\u00e1vel. A sua bateria de alta capacidade permite uma utiliza\u00e7\u00e3o prolongada, e a porta de carregamento Tipo C garante um carregamento r\u00e1pido e eficiente. Esta carater\u00edstica minimiza o tempo de inatividade, permitindo que os utilizadores vaporizem sem interrup\u00e7\u00f5es.<\/p>\t\t\t\t\t\t\t\t<\/div>\n\t\t\t\t<\/div>\n\t\t\t\t\t<\/div>\n\t\t\t\t<\/div>\n\t\t\t\t<\/div>","protected":false},"excerpt":{"rendered":"<p>La Bang King 35000 Love 66 est r\u00e9put\u00e9e pour sa saveur riche et complexe. Son \u00e9quilibre global offre un ar\u00f4me sucr\u00e9 et fruit\u00e9 avec une sensation rafra\u00eechissante et l\u00e9g\u00e8rement rafra\u00eechissante, id\u00e9ale pour les amateurs de saveurs complexes. D\u00e9tails de la saveur Love 66 Notes fruit\u00e9es La cigarette \u00e9lectronique Love 66 offre une saveur fruit\u00e9e prononc\u00e9e, [&hellip;]<\/p>\n","protected":false},"featured_media":6665,"comment_status":"open","ping_status":"closed","template":"","meta":{"site-sidebar-layout":"no-sidebar","site-content-layout":"page-builder","ast-site-content-layout":"normal-width-container","site-content-style":"default","site-sidebar-style":"default","ast-global-header-display":"","ast-banner-title-visibility":"","ast-main-header-display":"","ast-hfb-above-header-display":"","ast-hfb-below-header-display":"","ast-hfb-mobile-header-display":"","site-post-title":"disabled","ast-breadcrumbs-content":"","ast-featured-img":"disabled","footer-sml-layout":"","ast-disable-related-posts":"","theme-transparent-header-meta":"default","adv-header-id-meta":"","stick-header-meta":"default","header-above-stick-meta":"","header-main-stick-meta":"","header-below-stick-meta":"","astra-migrate-meta-layouts":"set","ast-page-background-enabled":"default","ast-page-background-meta":{"desktop":{"background-color":"","background-image":"","background-repeat":"repeat","background-position":"center center","background-size":"auto","background-attachment":"scroll","background-type":"","background-media":"","overlay-type":"","overlay-color":"","overlay-opacity":"","overlay-gradient":""},"tablet":{"background-color":"","background-image":"","background-repeat":"repeat","background-position":"center center","background-size":"auto","background-attachment":"scroll","background-type":"","background-media":"","overlay-type":"","overlay-color":"","overlay-opacity":"","overlay-gradient":""},"mobile":{"background-color":"","background-image":"","background-repeat":"repeat","background-position":"center center","background-size":"auto","background-attachment":"scroll","background-type":"","background-media":"","overlay-type":"","overlay-color":"","overlay-opacity":"","overlay-gradient":""}},"ast-content-background-meta":{"desktop":{"background-color":"var(--ast-global-color-5)","background-image":"","background-repeat":"repeat","background-position":"center center","background-size":"auto","background-attachment":"scroll","background-type":"","background-media":"","overlay-type":"","overlay-color":"","overlay-opacity":"","overlay-gradient":""},"tablet":{"background-color":"var(--ast-global-color-5)","background-image":"","background-repeat":"repeat","background-position":"center center","background-size":"auto","background-attachment":"scroll","background-type":"","background-media":"","overlay-type":"","overlay-color":"","overlay-opacity":"","overlay-gradient":""},"mobile":{"background-color":"var(--ast-global-color-5)","background-image":"","background-repeat":"repeat","background-position":"center center","background-size":"auto","background-attachment":"scroll","background-type":"","background-media":"","overlay-type":"","overlay-color":"","overlay-opacity":"","overlay-gradient":""}}},"product_brand":[52],"product_cat":[57,105,15],"product_tag":[],"class_list":{"0":"post-6835","1":"product","2":"type-product","3":"status-publish","4":"has-post-thumbnail","6":"product_brand-bang-king","7":"product_cat-bang-king-35k-resistance-mesh","8":"product_cat-puff-35k","9":"product_cat-magasin-cigarette-electronique","10":"desktop-align-center","11":"tablet-align-center","12":"mobile-align-center","13":"ast-product-gallery-layout-horizontal","14":"ast-product-gallery-with-no-image","15":"ast-product-single-variable","16":"ast-product-tabs-layout-horizontal","17":"ast-qv-on-image","19":"first","20":"instock","21":"sale","22":"shipping-taxable","23":"purchasable","24":"product-type-variable","25":"has-default-attributes"},"tiered_pricing_type":"fixed","tiered_pricing_fixed_rules":{"50":6.83,"100":6.22},"tiered_pricing_product_settings":{"layout":"default","base_unit_name":{"singular":null,"plural":null},"default_variation":null},"tiered_pricing_minimum_quantity":null,"tiered_pricing_roles_data":[],"tiered_pricing_percentage_rules":[],"_links":{"self":[{"href":"https:\/\/puffvapestore.com\/pt\/wp-json\/wp\/v2\/product\/6835","targetHints":{"allow":["GET"]}}],"collection":[{"href":"https:\/\/puffvapestore.com\/pt\/wp-json\/wp\/v2\/product"}],"about":[{"href":"https:\/\/puffvapestore.com\/pt\/wp-json\/wp\/v2\/types\/product"}],"replies":[{"embeddable":true,"href":"https:\/\/puffvapestore.com\/pt\/wp-json\/wp\/v2\/comments?post=6835"}],"version-history":[{"count":7,"href":"https:\/\/puffvapestore.com\/pt\/wp-json\/wp\/v2\/product\/6835\/revisions"}],"predecessor-version":[{"id":7225,"href":"https:\/\/puffvapestore.com\/pt\/wp-json\/wp\/v2\/product\/6835\/revisions\/7225"}],"wp:featuredmedia":[{"embeddable":true,"href":"https:\/\/puffvapestore.com\/pt\/wp-json\/wp\/v2\/media\/6665"}],"wp:attachment":[{"href":"https:\/\/puffvapestore.com\/pt\/wp-json\/wp\/v2\/media?parent=6835"}],"wp:term":[{"taxonomy":"product_brand","embeddable":true,"href":"https:\/\/puffvapestore.com\/pt\/wp-json\/wp\/v2\/product_brand?post=6835"},{"taxonomy":"product_cat","embeddable":true,"href":"https:\/\/puffvapestore.com\/pt\/wp-json\/wp\/v2\/product_cat?post=6835"},{"taxonomy":"product_tag","embeddable":true,"href":"https:\/\/puffvapestore.com\/pt\/wp-json\/wp\/v2\/product_tag?post=6835"}],"curies":[{"name":"wp","href":"https:\/\/api.w.org\/{rel}","templated":true}]}}