{"id":6820,"date":"2025-08-23T11:50:03","date_gmt":"2025-08-23T11:50:03","guid":{"rendered":"https:\/\/puffvapestore.com\/?post_type=product&#038;p=6820"},"modified":"2026-01-19T10:31:54","modified_gmt":"2026-01-19T10:31:54","slug":"lemon-mint-bang-king-35k-avec-sa-fraicheur-mentholee-qui-se-diffuse-progressivement","status":"publish","type":"product","link":"https:\/\/puffvapestore.com\/pt\/product\/lemon-mint-bang-king-35k-com-a-sua-frescura-mentolada-que-se-difunde-gradualmente\/","title":{"rendered":"Hortel\u00e3-lim\u00e3o - Bang King 35000"},"content":{"rendered":"<div data-elementor-type=\"wp-post\" data-elementor-id=\"6820\" class=\"elementor elementor-6820\">\n\t\t\t\t<div class=\"elementor-element elementor-element-08c26f9 e-flex e-con-boxed e-con e-parent\" data-id=\"08c26f9\" data-element_type=\"container\" data-e-type=\"container\">\n\t\t\t\t\t<div class=\"e-con-inner\">\n\t\t\t\t<div class=\"elementor-element elementor-element-a005a97 elementor-widget elementor-widget-text-editor\" data-id=\"a005a97\" data-element_type=\"widget\" data-e-type=\"widget\" data-widget_type=\"text-editor.default\">\n\t\t\t\t<div class=\"elementor-widget-container\">\n\t\t\t\t\t\t\t\t\t<p>Bang King 35000 Lemon Mint, com a sua base de lim\u00e3o viva e picante, a sua frescura mentolada que se difunde gradualmente e um toque moderado de do\u00e7ura, oferece um travo distinto e complexo com um final de boca persistente.<\/p><h2>A acidez do lim\u00e3o<\/h2><p>A principal atra\u00e7\u00e3o do cigarro eletr\u00f3nico Bang King 35000 Lemon Mint \u00e9 o seu sabor vivo e picante a lim\u00e3o. Ao contr\u00e1rio da acidez mon\u00f3tona dos rebu\u00e7ados de lim\u00e3o tradicionais, este rebu\u00e7ado oferece um sabor natural e refrescante a casca de lim\u00e3o, com um toque subtil de raspa e um equil\u00edbrio entre a do\u00e7ura e a acidez da polpa da fruta. A acidez \u00e9 crocante mas n\u00e3o amarga, como se mord\u00eassemos uma fatia de lim\u00e3o acabado de colher, com a boca imediatamente iluminada pelo seu sabor brilhante a lim\u00e3o.<\/p><h2>Frescura mentolada<\/h2><p>A acidez do lim\u00e3o \u00e9 combinada com a frescura gelada da menta. O seu aroma puro deixa uma frescura penetrante que dissipa rapidamente o calor e a adstring\u00eancia no paladar. A frescura da menta \u00e9 progressiva, n\u00e3o dominando no in\u00edcio, mas espalhando-se gradualmente atr\u00e1s da acidez do lim\u00e3o, criando uma experi\u00eancia gustativa complexa.<\/p><h2>A\u00e7\u00facar e equil\u00edbrio<\/h2><p>A do\u00e7ura confere um efeito de equil\u00edbrio ao Bang King 35000 Lemon Mint. Sem ser demasiado forte, suaviza a acidez do lim\u00e3o e da menta, evitando que se torne demasiado mon\u00f3tono. A do\u00e7ura arredonda os sabores do lim\u00e3o e da menta, criando uma sensa\u00e7\u00e3o de boca mais suave.<\/p><p>Depois de fumada, uma leve fragr\u00e2ncia a lim\u00e3o e um toque de mentol fresco permanecem no paladar, deixando um final longo, rico e complexo. O travo refrescante da menta desaparece gradualmente, enquanto o aroma frutado do lim\u00e3o permanece no palato, deixando um travo intermin\u00e1vel.<\/p><h2>Grande capacidade de l\u00edquido e bateria de alta capacidade<\/h2><p>O Bang King 35000 Lemon Mint vem com 23 ml de e-l\u00edquido pr\u00e9-cheio, eliminando a necessidade de recargas frequentes e garantindo uma utiliza\u00e7\u00e3o longa e sem preocupa\u00e7\u00f5es. A sua grande capacidade garante um sabor consistente e uma atomiza\u00e7\u00e3o duradoura.<\/p><p>Equipado com uma bateria de l\u00edtio de alta capacidade de 1000 mAh e compatibilidade com carregamento r\u00e1pido Tipo C, oferece uma autonomia alargada e um carregamento r\u00e1pido para as suas necessidades di\u00e1rias de vaporiza\u00e7\u00e3o.<\/p><p>Cada cigarro eletr\u00f3nico Bang King 35000 Lemon Mint oferece at\u00e9 35.000 baforadas, o que \u00e9 mais longo do que os produtos convencionais no mercado, ideal para utilizadores intensivos ou viajantes de longa dist\u00e2ncia.<\/p><h2>Resist\u00eancia do atomizador de alto desempenho<\/h2><p>O Bang King 35000 Lemon Mint possui uma resist\u00eancia de malha de 0,6 \u03a9 para um aquecimento uniforme e um elevado volume de vapor, oferecendo um sabor mais intenso e uma inala\u00e7\u00e3o mais suave.<\/p><h2>Ecr\u00e3 LED inteligente<\/h2><p>O visor LED inteligente independente mostra o n\u00edvel da bateria e o l\u00edquido eletr\u00f3nico restante em tempo real, permitindo aos utilizadores monitorizar claramente o estado do dispositivo e evitar cortes de energia inesperados ou n\u00edveis baixos de l\u00edquido eletr\u00f3nico.<\/p><h2>Uma escolha de concentra\u00e7\u00f5es de nicotina<\/h2><p>O Bang King 35000 Lemon Mint oferece v\u00e1rias dosagens de nicotina: 0 %, 2 %, 3 % e 5 %, para satisfazer as necessidades de todos os utilizadores, desde a experi\u00eancia sem nicotina at\u00e9 ao efeito de garganta rico em nicotina.<\/p><h2>Sistema de prote\u00e7\u00e3o<\/h2><p>O Bang King 35000 Lemon Mint tem um sistema de prote\u00e7\u00e3o contra queimaduras a seco que p\u00e1ra automaticamente o aquecimento quando o e-l\u00edquido se esgota, evitando danos na resist\u00eancia do atomizador e garantindo a seguran\u00e7a do utilizador.<\/p><p>O Bang King 35000 Lemon Mint tem um corpo ergon\u00f3mico e arredondado que \u00e9 confort\u00e1vel de segurar e um acabamento delicado, resistente a riscos e antiderrapante para facilitar o transporte e a utiliza\u00e7\u00e3o.<\/p>\t\t\t\t\t\t\t\t<\/div>\n\t\t\t\t<\/div>\n\t\t\t\t\t<\/div>\n\t\t\t\t<\/div>\n\t\t\t\t<\/div>","protected":false},"excerpt":{"rendered":"<p>La Bang King 35000 Citron Menthe, avec sa base citronn\u00e9e vive et acidul\u00e9e, sa fra\u00eecheur menthol\u00e9e qui se diffuse progressivement et sa touche de douceur mod\u00e9r\u00e9e, offre un arri\u00e8re-go\u00fbt distinct et complexe, avec un arri\u00e8re-go\u00fbt persistant. L&rsquo;acidit\u00e9 du citron Le principal atout de la e-cigarette Bang King 35000 Citron Menthe est son ar\u00f4me citronn\u00e9 vif [&hellip;]<\/p>\n","protected":false},"featured_media":6664,"comment_status":"open","ping_status":"closed","template":"","meta":{"site-sidebar-layout":"no-sidebar","site-content-layout":"page-builder","ast-site-content-layout":"normal-width-container","site-content-style":"default","site-sidebar-style":"default","ast-global-header-display":"","ast-banner-title-visibility":"","ast-main-header-display":"","ast-hfb-above-header-display":"","ast-hfb-below-header-display":"","ast-hfb-mobile-header-display":"","site-post-title":"disabled","ast-breadcrumbs-content":"","ast-featured-img":"disabled","footer-sml-layout":"","ast-disable-related-posts":"","theme-transparent-header-meta":"default","adv-header-id-meta":"","stick-header-meta":"default","header-above-stick-meta":"","header-main-stick-meta":"","header-below-stick-meta":"","astra-migrate-meta-layouts":"set","ast-page-background-enabled":"default","ast-page-background-meta":{"desktop":{"background-color":"","background-image":"","background-repeat":"repeat","background-position":"center center","background-size":"auto","background-attachment":"scroll","background-type":"","background-media":"","overlay-type":"","overlay-color":"","overlay-opacity":"","overlay-gradient":""},"tablet":{"background-color":"","background-image":"","background-repeat":"repeat","background-position":"center center","background-size":"auto","background-attachment":"scroll","background-type":"","background-media":"","overlay-type":"","overlay-color":"","overlay-opacity":"","overlay-gradient":""},"mobile":{"background-color":"","background-image":"","background-repeat":"repeat","background-position":"center center","background-size":"auto","background-attachment":"scroll","background-type":"","background-media":"","overlay-type":"","overlay-color":"","overlay-opacity":"","overlay-gradient":""}},"ast-content-background-meta":{"desktop":{"background-color":"var(--ast-global-color-5)","background-image":"","background-repeat":"repeat","background-position":"center center","background-size":"auto","background-attachment":"scroll","background-type":"","background-media":"","overlay-type":"","overlay-color":"","overlay-opacity":"","overlay-gradient":""},"tablet":{"background-color":"var(--ast-global-color-5)","background-image":"","background-repeat":"repeat","background-position":"center center","background-size":"auto","background-attachment":"scroll","background-type":"","background-media":"","overlay-type":"","overlay-color":"","overlay-opacity":"","overlay-gradient":""},"mobile":{"background-color":"var(--ast-global-color-5)","background-image":"","background-repeat":"repeat","background-position":"center center","background-size":"auto","background-attachment":"scroll","background-type":"","background-media":"","overlay-type":"","overlay-color":"","overlay-opacity":"","overlay-gradient":""}}},"product_brand":[52],"product_cat":[57,105,15],"product_tag":[],"class_list":{"0":"post-6820","1":"product","2":"type-product","3":"status-publish","4":"has-post-thumbnail","6":"product_brand-bang-king","7":"product_cat-bang-king-35k-resistance-mesh","8":"product_cat-puff-35k","9":"product_cat-magasin-cigarette-electronique","10":"desktop-align-center","11":"tablet-align-center","12":"mobile-align-center","13":"ast-product-gallery-layout-horizontal","14":"ast-product-gallery-with-no-image","15":"ast-product-single-variable","16":"ast-product-tabs-layout-horizontal","17":"ast-qv-on-image","19":"first","20":"instock","21":"sale","22":"shipping-taxable","23":"purchasable","24":"product-type-variable","25":"has-default-attributes"},"tiered_pricing_type":"fixed","tiered_pricing_fixed_rules":{"50":6.83,"100":6.22},"tiered_pricing_product_settings":{"layout":"default","base_unit_name":{"singular":null,"plural":null},"default_variation":null},"tiered_pricing_minimum_quantity":null,"tiered_pricing_roles_data":[],"tiered_pricing_percentage_rules":[],"_links":{"self":[{"href":"https:\/\/puffvapestore.com\/pt\/wp-json\/wp\/v2\/product\/6820","targetHints":{"allow":["GET"]}}],"collection":[{"href":"https:\/\/puffvapestore.com\/pt\/wp-json\/wp\/v2\/product"}],"about":[{"href":"https:\/\/puffvapestore.com\/pt\/wp-json\/wp\/v2\/types\/product"}],"replies":[{"embeddable":true,"href":"https:\/\/puffvapestore.com\/pt\/wp-json\/wp\/v2\/comments?post=6820"}],"version-history":[{"count":7,"href":"https:\/\/puffvapestore.com\/pt\/wp-json\/wp\/v2\/product\/6820\/revisions"}],"predecessor-version":[{"id":7224,"href":"https:\/\/puffvapestore.com\/pt\/wp-json\/wp\/v2\/product\/6820\/revisions\/7224"}],"wp:featuredmedia":[{"embeddable":true,"href":"https:\/\/puffvapestore.com\/pt\/wp-json\/wp\/v2\/media\/6664"}],"wp:attachment":[{"href":"https:\/\/puffvapestore.com\/pt\/wp-json\/wp\/v2\/media?parent=6820"}],"wp:term":[{"taxonomy":"product_brand","embeddable":true,"href":"https:\/\/puffvapestore.com\/pt\/wp-json\/wp\/v2\/product_brand?post=6820"},{"taxonomy":"product_cat","embeddable":true,"href":"https:\/\/puffvapestore.com\/pt\/wp-json\/wp\/v2\/product_cat?post=6820"},{"taxonomy":"product_tag","embeddable":true,"href":"https:\/\/puffvapestore.com\/pt\/wp-json\/wp\/v2\/product_tag?post=6820"}],"curies":[{"name":"wp","href":"https:\/\/api.w.org\/{rel}","templated":true}]}}