{"id":6798,"date":"2025-08-23T02:32:08","date_gmt":"2025-08-23T02:32:08","guid":{"rendered":"https:\/\/puffvapestore.com\/?post_type=product&#038;p=6798"},"modified":"2026-01-19T10:31:54","modified_gmt":"2026-01-19T10:31:54","slug":"strawberry-watermelon-bang-king-35000-allie-la-douceur-intense-de-la-fraise","status":"publish","type":"product","link":"https:\/\/puffvapestore.com\/pt\/product\/strawberry-watermelon-bang-king-35000-combina-a-docura-intensa-do-morango\/","title":{"rendered":"Melancia com morango - Bang King 35000"},"content":{"rendered":"<div data-elementor-type=\"wp-post\" data-elementor-id=\"6798\" class=\"elementor elementor-6798\">\n\t\t\t\t<div class=\"elementor-element elementor-element-08c26f9 e-flex e-con-boxed e-con e-parent\" data-id=\"08c26f9\" data-element_type=\"container\" data-e-type=\"container\">\n\t\t\t\t\t<div class=\"e-con-inner\">\n\t\t\t\t<div class=\"elementor-element elementor-element-a005a97 elementor-widget elementor-widget-text-editor\" data-id=\"a005a97\" data-element_type=\"widget\" data-e-type=\"widget\" data-widget_type=\"text-editor.default\">\n\t\t\t\t<div class=\"elementor-widget-container\">\n\t\t\t\t\t\t\t\t\t<p>O cigarro eletr\u00f3nico Bang King 35000 Strawberry Watermelon combina a do\u00e7ura intensa dos morangos com a frescura sumarenta da melancia. O aroma \u00e9 doce e refrescante, com um ligeiro sabor a melancia.<\/p><p>Morango: Oferece um sabor vivo e doce, t\u00edpico da do\u00e7ura natural e suave dos morangos maduros. Imagine morangos frescos colhidos no in\u00edcio do ver\u00e3o, com um sabor rico mas n\u00e3o excessivo.<\/p><p>Melancia: Refrescante e sumarenta, com uma subtil sensa\u00e7\u00e3o de frescura, como uma refrescante fruta de ver\u00e3o. O paladar \u00e9 leve, ligeiramente aquoso, e a do\u00e7ura \u00e9 suave.<\/p><p>Experi\u00eancia de cigarro eletr\u00f3nico: Doce e refrescante, o aroma frutado dos morangos mistura-se harmoniosamente com a frescura sumarenta da melancia.<\/p><p>Sabor: A do\u00e7ura do morango aparece em primeiro lugar, seguida de um travo fresco e sumarento.<\/p><p>Impress\u00e3o geral: Doce, refrescante e discreto, ideal para quem gosta de sabores frutados mas prefere uma sensa\u00e7\u00e3o mais leve e refrescante.<\/p><h2>Grande capacidade de l\u00edquido e bateria de alta capacidade<\/h2><p>O Bang King 35000 Strawberry Watermelon vem com 23 ml de e-l\u00edquido pr\u00e9-cheio, eliminando a necessidade de recargas frequentes e garantindo uma utiliza\u00e7\u00e3o longa e sem preocupa\u00e7\u00f5es. A sua grande capacidade garante um sabor consistente e uma atomiza\u00e7\u00e3o duradoura.<\/p><p>Equipado com uma bateria de l\u00edtio de alta capacidade de 1000 mAh e compatibilidade com carregamento r\u00e1pido Tipo C, oferece uma autonomia alargada e um carregamento r\u00e1pido para as suas necessidades di\u00e1rias de vaporiza\u00e7\u00e3o.<\/p><p>Cada cigarro eletr\u00f3nico Bang King 35000 Strawberry Watermelon oferece at\u00e9 35.000 baforadas, o que \u00e9 mais longo do que os produtos convencionais no mercado, ideal para utilizadores intensivos ou viajantes de longa dist\u00e2ncia.<\/p><h2>Resist\u00eancia do atomizador de alto desempenho<\/h2><p>O Bang King 35000 Strawberry Watermelon possui uma resist\u00eancia de malha de 0,6 \u03a9 para um aquecimento uniforme e um elevado volume de vapor, oferecendo um sabor mais intenso e uma inala\u00e7\u00e3o mais suave.<\/p><h2>Ecr\u00e3 LED inteligente<\/h2><p>O visor LED inteligente independente mostra o n\u00edvel da bateria e o l\u00edquido eletr\u00f3nico restante em tempo real, permitindo aos utilizadores monitorizar claramente o estado do dispositivo e evitar cortes de energia inesperados ou n\u00edveis baixos de l\u00edquido eletr\u00f3nico.<\/p><h2>Uma escolha de concentra\u00e7\u00f5es de nicotina<\/h2><p>O Bang King 35000 oferece v\u00e1rias dosagens de nicotina: 0 %, 2 %, 3 % e 5 %, para satisfazer as necessidades de todos os utilizadores, desde a experi\u00eancia sem nicotina at\u00e9 ao efeito de garganta rico em nicotina.<\/p><h2>Sistema de prote\u00e7\u00e3o<\/h2><p>O Bang King 35000 Strawberry Watermelon possui um sistema integrado de prote\u00e7\u00e3o contra queimaduras secas que p\u00e1ra automaticamente o aquecimento quando o e-l\u00edquido se esgota, evitando danos na resist\u00eancia do atomizador e garantindo a seguran\u00e7a do utilizador.<\/p><p>O Bang King 35000 Strawberry Watermelon tem um corpo ergon\u00f3mico e arredondado que \u00e9 confort\u00e1vel de segurar e um acabamento delicado, resistente a riscos e antiderrapante para facilitar o transporte e a utiliza\u00e7\u00e3o.<\/p>\t\t\t\t\t\t\t\t<\/div>\n\t\t\t\t<\/div>\n\t\t\t\t\t<\/div>\n\t\t\t\t<\/div>\n\t\t\t\t<\/div>","protected":false},"excerpt":{"rendered":"<p>La cigarette \u00e9lectronique Bang King 35000 Fraise Past\u00e8que allie la douceur intense de la fraise \u00e0 la fra\u00eecheur juteuse de la past\u00e8que. L&rsquo;ar\u00f4me est doux et rafra\u00eechissant, avec une l\u00e9g\u00e8re saveur de past\u00e8que aqueuse. Fraise\u00a0: Offre un ar\u00f4me vif et sucr\u00e9, typique de la douceur naturelle et moelleuse des fraises m\u00fbres. Imaginez des fraises fra\u00eeches [&hellip;]<\/p>\n","protected":false},"featured_media":6669,"comment_status":"open","ping_status":"closed","template":"","meta":{"site-sidebar-layout":"no-sidebar","site-content-layout":"page-builder","ast-site-content-layout":"normal-width-container","site-content-style":"default","site-sidebar-style":"default","ast-global-header-display":"","ast-banner-title-visibility":"","ast-main-header-display":"","ast-hfb-above-header-display":"","ast-hfb-below-header-display":"","ast-hfb-mobile-header-display":"","site-post-title":"disabled","ast-breadcrumbs-content":"","ast-featured-img":"disabled","footer-sml-layout":"","ast-disable-related-posts":"","theme-transparent-header-meta":"default","adv-header-id-meta":"","stick-header-meta":"default","header-above-stick-meta":"","header-main-stick-meta":"","header-below-stick-meta":"","astra-migrate-meta-layouts":"set","ast-page-background-enabled":"default","ast-page-background-meta":{"desktop":{"background-color":"","background-image":"","background-repeat":"repeat","background-position":"center center","background-size":"auto","background-attachment":"scroll","background-type":"","background-media":"","overlay-type":"","overlay-color":"","overlay-opacity":"","overlay-gradient":""},"tablet":{"background-color":"","background-image":"","background-repeat":"repeat","background-position":"center center","background-size":"auto","background-attachment":"scroll","background-type":"","background-media":"","overlay-type":"","overlay-color":"","overlay-opacity":"","overlay-gradient":""},"mobile":{"background-color":"","background-image":"","background-repeat":"repeat","background-position":"center center","background-size":"auto","background-attachment":"scroll","background-type":"","background-media":"","overlay-type":"","overlay-color":"","overlay-opacity":"","overlay-gradient":""}},"ast-content-background-meta":{"desktop":{"background-color":"var(--ast-global-color-5)","background-image":"","background-repeat":"repeat","background-position":"center center","background-size":"auto","background-attachment":"scroll","background-type":"","background-media":"","overlay-type":"","overlay-color":"","overlay-opacity":"","overlay-gradient":""},"tablet":{"background-color":"var(--ast-global-color-5)","background-image":"","background-repeat":"repeat","background-position":"center center","background-size":"auto","background-attachment":"scroll","background-type":"","background-media":"","overlay-type":"","overlay-color":"","overlay-opacity":"","overlay-gradient":""},"mobile":{"background-color":"var(--ast-global-color-5)","background-image":"","background-repeat":"repeat","background-position":"center center","background-size":"auto","background-attachment":"scroll","background-type":"","background-media":"","overlay-type":"","overlay-color":"","overlay-opacity":"","overlay-gradient":""}}},"product_brand":[52],"product_cat":[57,105,15],"product_tag":[],"class_list":{"0":"post-6798","1":"product","2":"type-product","3":"status-publish","4":"has-post-thumbnail","6":"product_brand-bang-king","7":"product_cat-bang-king-35k-resistance-mesh","8":"product_cat-puff-35k","9":"product_cat-magasin-cigarette-electronique","10":"desktop-align-center","11":"tablet-align-center","12":"mobile-align-center","13":"ast-product-gallery-layout-horizontal","14":"ast-product-gallery-with-no-image","15":"ast-product-single-variable","16":"ast-product-tabs-layout-horizontal","17":"ast-qv-on-image","19":"first","20":"instock","21":"sale","22":"shipping-taxable","23":"purchasable","24":"product-type-variable","25":"has-default-attributes"},"tiered_pricing_type":"fixed","tiered_pricing_fixed_rules":{"50":6.83,"100":6.22},"tiered_pricing_product_settings":{"layout":"default","base_unit_name":{"singular":null,"plural":null},"default_variation":null},"tiered_pricing_minimum_quantity":null,"tiered_pricing_roles_data":[],"tiered_pricing_percentage_rules":[],"_links":{"self":[{"href":"https:\/\/puffvapestore.com\/pt\/wp-json\/wp\/v2\/product\/6798","targetHints":{"allow":["GET"]}}],"collection":[{"href":"https:\/\/puffvapestore.com\/pt\/wp-json\/wp\/v2\/product"}],"about":[{"href":"https:\/\/puffvapestore.com\/pt\/wp-json\/wp\/v2\/types\/product"}],"replies":[{"embeddable":true,"href":"https:\/\/puffvapestore.com\/pt\/wp-json\/wp\/v2\/comments?post=6798"}],"version-history":[{"count":7,"href":"https:\/\/puffvapestore.com\/pt\/wp-json\/wp\/v2\/product\/6798\/revisions"}],"predecessor-version":[{"id":7222,"href":"https:\/\/puffvapestore.com\/pt\/wp-json\/wp\/v2\/product\/6798\/revisions\/7222"}],"wp:featuredmedia":[{"embeddable":true,"href":"https:\/\/puffvapestore.com\/pt\/wp-json\/wp\/v2\/media\/6669"}],"wp:attachment":[{"href":"https:\/\/puffvapestore.com\/pt\/wp-json\/wp\/v2\/media?parent=6798"}],"wp:term":[{"taxonomy":"product_brand","embeddable":true,"href":"https:\/\/puffvapestore.com\/pt\/wp-json\/wp\/v2\/product_brand?post=6798"},{"taxonomy":"product_cat","embeddable":true,"href":"https:\/\/puffvapestore.com\/pt\/wp-json\/wp\/v2\/product_cat?post=6798"},{"taxonomy":"product_tag","embeddable":true,"href":"https:\/\/puffvapestore.com\/pt\/wp-json\/wp\/v2\/product_tag?post=6798"}],"curies":[{"name":"wp","href":"https:\/\/api.w.org\/{rel}","templated":true}]}}