{"id":6787,"date":"2025-08-18T11:23:02","date_gmt":"2025-08-18T11:23:02","guid":{"rendered":"https:\/\/puffvapestore.com\/?post_type=product&#038;p=6787"},"modified":"2026-01-19T10:31:54","modified_gmt":"2026-01-19T10:31:54","slug":"bang-king-35k-blue-razz-ice-offre-un-arome-equilibre-de-framboise-bleue","status":"publish","type":"product","link":"https:\/\/puffvapestore.com\/pt\/product\/bang-king-35k-blue-razz-ice-oferece-um-aroma-equilibrado-de-framboesa-azul\/","title":{"rendered":"Bang King 35000 - Blue Razz Ice"},"content":{"rendered":"<div data-elementor-type=\"wp-post\" data-elementor-id=\"6787\" class=\"elementor elementor-6787\">\n\t\t\t\t<div class=\"elementor-element elementor-element-08c26f9 e-flex e-con-boxed e-con e-parent\" data-id=\"08c26f9\" data-element_type=\"container\" data-e-type=\"container\">\n\t\t\t\t\t<div class=\"e-con-inner\">\n\t\t\t\t<div class=\"elementor-element elementor-element-a005a97 elementor-widget elementor-widget-text-editor\" data-id=\"a005a97\" data-element_type=\"widget\" data-e-type=\"widget\" data-widget_type=\"text-editor.default\">\n\t\t\t\t<div class=\"elementor-widget-container\">\n\t\t\t\t\t\t\t\t\t<p>O cigarro eletr\u00f3nico Bang King 35000 Blue Razz Ice oferece um sabor equilibrado a framboesa azul desde a primeira tragada, proporcionando um sabor frutado, sumarento e refrescante desde a primeira tragada, seguido de uma sensa\u00e7\u00e3o fresca e mentolada que se espalha rapidamente pela garganta para uma experi\u00eancia refrescante suave, clara e duradoura.<\/p><h2>Nota principal : Framboesa azul doce e azeda<\/h2><p>O sabor principal \u00e9 um sabor doce e picante a \u00abmirtilo\u00bb, semelhante ao sabor frutado e ligeiramente \u00e1cido das framboesas azuis. Isto cria um equil\u00edbrio refrescante entre o aroma frutado e a do\u00e7ura logo desde a primeira passa.<\/p><h2>Gelo: Um refrescante impulso de menta e gelo<\/h2><p>Uma sensa\u00e7\u00e3o distinta de gelo \u00e9 adicionada ao sabor frutado, criando uma sensa\u00e7\u00e3o refrescante e estimulante, semelhante \u00e0 de uma n\u00e9voa de menta ou gelo. Acrescenta profundidade ao sabor e deixa uma sensa\u00e7\u00e3o refrescante na boca e na garganta aquando da inala\u00e7\u00e3o.<\/p><h2>Sabor : Suave e claro<\/h2><p>A f\u00f3rmula real\u00e7a a suavidade e a frescura, com uma ligeira resist\u00eancia \u00e0 inala\u00e7\u00e3o e uma aus\u00eancia de aspereza. A aus\u00eancia de um travo desagrad\u00e1vel e de aspereza oferece uma experi\u00eancia pura e cristalina.<\/p><h2>Detalhes de Blue Razz Ice flavour<\/h2><h3>Aroma frutado fresco + travo gelado<\/h3><p>Aromas doces e picantes de mirtilo invadem primeiro a boca, seguidos de uma r\u00e1pida sensa\u00e7\u00e3o de gelo, criando uma \u00abtempestade de gelo frutada\u00bb na inala\u00e7\u00e3o: uma mistura doce e refrescante de frescura que deixa a desejar mais.<\/p><h3>Adequado para os f\u00e3s de mentol, menta ou sabores gelados.<\/h3><p>Se preferir um sabor frutado doce com um acabamento gelado, a Blue Razz Ice encarna este estilo: uma experi\u00eancia frutada refrescante sem ser demasiado forte ou pesada.<\/p><h2>Grande capacidade de l\u00edquido e bateria de alta capacidade<\/h2><p>O Bang King 35000 Blue Razz Ice vem com 23 ml de e-l\u00edquido pr\u00e9-carregado, eliminando a necessidade de recargas frequentes e garantindo uma utiliza\u00e7\u00e3o longa e sem preocupa\u00e7\u00f5es. A sua grande capacidade garante um sabor consistente e uma atomiza\u00e7\u00e3o duradoura.<\/p><p>Equipado com uma bateria de l\u00edtio de alta capacidade de 1000 mAh e compatibilidade com carregamento r\u00e1pido Tipo C, oferece uma autonomia alargada e um carregamento r\u00e1pido para as suas necessidades di\u00e1rias de vaporiza\u00e7\u00e3o.<\/p><p>Cada cigarro eletr\u00f3nico Bang King 35000 Blue Razz Ice oferece at\u00e9 35.000 baforadas, o que \u00e9 mais longo do que os produtos convencionais no mercado, ideal para utilizadores intensivos ou viajantes de longa dist\u00e2ncia.<\/p><h2>Resist\u00eancia do atomizador de alto desempenho<\/h2><p>O Bang King 35000 Blue Razz Ice possui uma resist\u00eancia de malha de 0,6 \u03a9 para um aquecimento uniforme e um elevado volume de vapor, oferecendo um sabor mais intenso e uma inala\u00e7\u00e3o mais suave.<\/p><h2>Ecr\u00e3 LED inteligente<\/h2><p>O visor LED inteligente independente mostra o n\u00edvel da bateria e o l\u00edquido eletr\u00f3nico restante em tempo real, permitindo aos utilizadores monitorizar claramente o estado do dispositivo e evitar cortes de energia inesperados ou n\u00edveis baixos de l\u00edquido eletr\u00f3nico.<\/p><h2>Uma escolha de concentra\u00e7\u00f5es de nicotina<\/h2><p>O Bang King 35000 Blue Razz Ice oferece v\u00e1rias dosagens de nicotina: 0 %, 2 %, 3 % e 5 %, para satisfazer as necessidades de todos os utilizadores, desde a experi\u00eancia de zero nicotina at\u00e9 ao efeito de garganta rico em nicotina.<\/p><h2>Sistema de prote\u00e7\u00e3o<\/h2><p>O Bang King 35000 possui um sistema integrado de prote\u00e7\u00e3o contra a combust\u00e3o a seco que p\u00e1ra automaticamente o aquecimento quando o e-l\u00edquido se esgota, evitando danos na resist\u00eancia do atomizador e garantindo a seguran\u00e7a do utilizador.<\/p><p>O Bang King 35000 tem um corpo ergon\u00f3mico e arredondado que \u00e9 confort\u00e1vel de segurar e um acabamento delicado, resistente a riscos e antiderrapante para facilitar o transporte e a utiliza\u00e7\u00e3o.<\/p>\t\t\t\t\t\t\t\t<\/div>\n\t\t\t\t<\/div>\n\t\t\t\t\t<\/div>\n\t\t\t\t<\/div>\n\t\t\t\t<\/div>","protected":false},"excerpt":{"rendered":"<p>La cigarette \u00e9lectronique Bang King 35000 Blue Razz Ice offre un ar\u00f4me \u00e9quilibr\u00e9 de framboise bleue d\u00e8s la premi\u00e8re bouff\u00e9e, offrant une saveur fruit\u00e9e, juteuse et rafra\u00eechissante d\u00e8s la premi\u00e8re bouff\u00e9e, suivie d&rsquo;une sensation fra\u00eeche et menthol\u00e9e qui se propage rapidement en gorge, pour une exp\u00e9rience rafra\u00eechissante douce, claire et durable. Note principale\u00a0: Framboise bleue [&hellip;]<\/p>\n","protected":false},"featured_media":6658,"comment_status":"open","ping_status":"closed","template":"","meta":{"site-sidebar-layout":"no-sidebar","site-content-layout":"page-builder","ast-site-content-layout":"normal-width-container","site-content-style":"default","site-sidebar-style":"default","ast-global-header-display":"","ast-banner-title-visibility":"","ast-main-header-display":"","ast-hfb-above-header-display":"","ast-hfb-below-header-display":"","ast-hfb-mobile-header-display":"","site-post-title":"disabled","ast-breadcrumbs-content":"","ast-featured-img":"disabled","footer-sml-layout":"","ast-disable-related-posts":"","theme-transparent-header-meta":"default","adv-header-id-meta":"","stick-header-meta":"default","header-above-stick-meta":"","header-main-stick-meta":"","header-below-stick-meta":"","astra-migrate-meta-layouts":"set","ast-page-background-enabled":"default","ast-page-background-meta":{"desktop":{"background-color":"","background-image":"","background-repeat":"repeat","background-position":"center center","background-size":"auto","background-attachment":"scroll","background-type":"","background-media":"","overlay-type":"","overlay-color":"","overlay-opacity":"","overlay-gradient":""},"tablet":{"background-color":"","background-image":"","background-repeat":"repeat","background-position":"center center","background-size":"auto","background-attachment":"scroll","background-type":"","background-media":"","overlay-type":"","overlay-color":"","overlay-opacity":"","overlay-gradient":""},"mobile":{"background-color":"","background-image":"","background-repeat":"repeat","background-position":"center center","background-size":"auto","background-attachment":"scroll","background-type":"","background-media":"","overlay-type":"","overlay-color":"","overlay-opacity":"","overlay-gradient":""}},"ast-content-background-meta":{"desktop":{"background-color":"var(--ast-global-color-5)","background-image":"","background-repeat":"repeat","background-position":"center center","background-size":"auto","background-attachment":"scroll","background-type":"","background-media":"","overlay-type":"","overlay-color":"","overlay-opacity":"","overlay-gradient":""},"tablet":{"background-color":"var(--ast-global-color-5)","background-image":"","background-repeat":"repeat","background-position":"center center","background-size":"auto","background-attachment":"scroll","background-type":"","background-media":"","overlay-type":"","overlay-color":"","overlay-opacity":"","overlay-gradient":""},"mobile":{"background-color":"var(--ast-global-color-5)","background-image":"","background-repeat":"repeat","background-position":"center center","background-size":"auto","background-attachment":"scroll","background-type":"","background-media":"","overlay-type":"","overlay-color":"","overlay-opacity":"","overlay-gradient":""}}},"product_brand":[52],"product_cat":[57,105,15],"product_tag":[],"class_list":{"0":"post-6787","1":"product","2":"type-product","3":"status-publish","4":"has-post-thumbnail","6":"product_brand-bang-king","7":"product_cat-bang-king-35k-resistance-mesh","8":"product_cat-puff-35k","9":"product_cat-magasin-cigarette-electronique","10":"desktop-align-center","11":"tablet-align-center","12":"mobile-align-center","13":"ast-product-gallery-layout-horizontal","14":"ast-product-gallery-with-no-image","15":"ast-product-single-variable","16":"ast-product-tabs-layout-horizontal","17":"ast-qv-on-image","19":"first","20":"instock","21":"sale","22":"shipping-taxable","23":"purchasable","24":"product-type-variable","25":"has-default-attributes"},"tiered_pricing_type":"fixed","tiered_pricing_fixed_rules":{"50":6.83,"100":6.22},"tiered_pricing_product_settings":{"layout":"default","base_unit_name":{"singular":null,"plural":null},"default_variation":null},"tiered_pricing_minimum_quantity":null,"tiered_pricing_roles_data":[],"tiered_pricing_percentage_rules":[],"_links":{"self":[{"href":"https:\/\/puffvapestore.com\/pt\/wp-json\/wp\/v2\/product\/6787","targetHints":{"allow":["GET"]}}],"collection":[{"href":"https:\/\/puffvapestore.com\/pt\/wp-json\/wp\/v2\/product"}],"about":[{"href":"https:\/\/puffvapestore.com\/pt\/wp-json\/wp\/v2\/types\/product"}],"replies":[{"embeddable":true,"href":"https:\/\/puffvapestore.com\/pt\/wp-json\/wp\/v2\/comments?post=6787"}],"version-history":[{"count":7,"href":"https:\/\/puffvapestore.com\/pt\/wp-json\/wp\/v2\/product\/6787\/revisions"}],"predecessor-version":[{"id":7221,"href":"https:\/\/puffvapestore.com\/pt\/wp-json\/wp\/v2\/product\/6787\/revisions\/7221"}],"wp:featuredmedia":[{"embeddable":true,"href":"https:\/\/puffvapestore.com\/pt\/wp-json\/wp\/v2\/media\/6658"}],"wp:attachment":[{"href":"https:\/\/puffvapestore.com\/pt\/wp-json\/wp\/v2\/media?parent=6787"}],"wp:term":[{"taxonomy":"product_brand","embeddable":true,"href":"https:\/\/puffvapestore.com\/pt\/wp-json\/wp\/v2\/product_brand?post=6787"},{"taxonomy":"product_cat","embeddable":true,"href":"https:\/\/puffvapestore.com\/pt\/wp-json\/wp\/v2\/product_cat?post=6787"},{"taxonomy":"product_tag","embeddable":true,"href":"https:\/\/puffvapestore.com\/pt\/wp-json\/wp\/v2\/product_tag?post=6787"}],"curies":[{"name":"wp","href":"https:\/\/api.w.org\/{rel}","templated":true}]}}