{"id":6746,"date":"2025-08-15T06:18:15","date_gmt":"2025-08-15T06:18:15","guid":{"rendered":"https:\/\/puffvapestore.com\/?post_type=product&#038;p=6746"},"modified":"2026-01-19T10:31:54","modified_gmt":"2026-01-19T10:31:54","slug":"bang-king-35000-double-apple-arome-fruite-riche-et-complexe","status":"publish","type":"product","link":"https:\/\/puffvapestore.com\/pt\/product\/bang-king-35000-maca-dupla-aroma-frutado-rico-e-complexo\/","title":{"rendered":"Bang King 35000 - Ma\u00e7\u00e3 dupla"},"content":{"rendered":"<div data-elementor-type=\"wp-post\" data-elementor-id=\"6746\" class=\"elementor elementor-6746\">\n\t\t\t\t<div class=\"elementor-element elementor-element-08c26f9 e-flex e-con-boxed e-con e-parent\" data-id=\"08c26f9\" data-element_type=\"container\" data-e-type=\"container\">\n\t\t\t\t\t<div class=\"e-con-inner\">\n\t\t\t\t<div class=\"elementor-element elementor-element-a005a97 elementor-widget elementor-widget-text-editor\" data-id=\"a005a97\" data-element_type=\"widget\" data-e-type=\"widget\" data-widget_type=\"text-editor.default\">\n\t\t\t\t<div class=\"elementor-widget-container\">\n\t\t\t\t\t\t\t\t\t<p>O sabor principal do Bang King 35000 Double Apple \u00e9 a ma\u00e7\u00e3 dupla, que oferece um aroma frutado rico e complexo, com um equil\u00edbrio perfeito entre do\u00e7ura e acidez. Este tabaco \u00e9 complementado por uma base de tabaco suave e macia, combinando a do\u00e7ura refrescante da fruta com o peso do tabaco.<\/p><h2>Com duplo sabor a ma\u00e7\u00e3<\/h2><p>O cora\u00e7\u00e3o deste tabaco \u00e9 o sabor \u00abDouble Apple\u00bb, uma fus\u00e3o de aromas de ma\u00e7\u00e3 vermelha e verde. A ma\u00e7\u00e3 vermelha traz uma do\u00e7ura suave e ligeiramente nectarina, enquanto a ma\u00e7\u00e3 verde traz um aroma frutado fresco e ligeiramente \u00e1cido, criando um contraste e um equil\u00edbrio impressionantes.<\/p><h2>Aroma frutado rico e complexo<\/h2><p>Ao inalar, a primeira sensa\u00e7\u00e3o \u00e9 um aroma rico a ma\u00e7\u00e3, misturado com do\u00e7ura e acidez, mas sem ser demasiado pronunciado, dando um toque vibrante ao conjunto. \u00c0 medida que o fumo se intensifica, o aroma frutado torna-se cada vez mais refinado e suave, revelando uma do\u00e7ura frutada natural.<\/p><h2>Notas doces de tabaco<\/h2><p>Embora o sabor frutado seja dominante, o sabor intr\u00ednseco do tabaco persiste, acrescentando riqueza e corpo ao Double Apple.<\/p><p>Para al\u00e9m do sabor principal, um toque subtil de canela ou cravinho acrescenta um toque de complexidade, tornando o sabor da Double Apple mais equilibrado e completo.<\/p><h2>Detalhes do gosto :<\/h2><p>Quando inalado, o aroma de ma\u00e7\u00e3 fresca desperta imediatamente o paladar, criando uma agrad\u00e1vel atmosfera de pomar.<\/p><p>O fumo \u00e9 suave e cremoso, sem irrita\u00e7\u00e3o da garganta, ideal para um consumo prolongado.<\/p><p>O final de boca, com as suas notas de ma\u00e7\u00e3 doce e tabaco subtil, \u00e9 incrivelmente persistente.<\/p><p>O final \u00e9 macio no palato e o aroma permanece o tempo suficiente, sem se desvanecer demasiado depressa ou durar demasiado tempo para se tornar enjoativo.<\/p><h2>Bateria de longa dura\u00e7\u00e3o e bateria recarreg\u00e1vel de alta capacidade<\/h2><p>O BANG KING 35000 Double Apple \u00e9 um vaporizador eletr\u00f3nico descart\u00e1vel de alta capacidade concebido para uma experi\u00eancia duradoura e sabores incompar\u00e1veis. Cada cigarro eletr\u00f3nico BANG KING 35000 oferece at\u00e9 35 000 baforadas. A bateria recarreg\u00e1vel de alta capacidade incorporada e o reservat\u00f3rio de e-l\u00edquido extra grande garantem uma inala\u00e7\u00e3o completa e suave.<\/p><p>Gra\u00e7as \u00e0 sua bateria de l\u00edtio recarreg\u00e1vel de 1000 mAh de alto desempenho e \u00e0 porta de carregamento r\u00e1pido Tipo C, nunca mais ter\u00e1 de se preocupar com falhas na bateria. O seu dep\u00f3sito de e-l\u00edquido pr\u00e9-cheio extragrande de 23 ml, combinado com a tecnologia Mesh Coil e uma resist\u00eancia optimizada de 0,6 \u03a9, garante um aquecimento uniforme, um sabor rico e um volume de vapor generoso.<\/p><h2>Ecr\u00e3 LED e v\u00e1rios n\u00edveis de nicotina<\/h2><p>O BANG KING 35000 Double Apple possui um ecr\u00e3 LED inteligente que mostra a carga restante da bateria e o n\u00edvel de e-l\u00edquido em tempo real, permitindo-lhe monitorizar o estado do dispositivo em qualquer altura. A tecnologia exclusiva Anti-Dry-Burn evita eficazmente os odores a queimado quando o n\u00edvel de e-l\u00edquido \u00e9 baixo, prolongando a vida \u00fatil da resist\u00eancia do atomizador.<\/p><p>O BANG KING 35000 Double Apple oferece v\u00e1rios n\u00edveis de nicotina: 0 %, 2 %, 3 % e 5 %, para satisfazer as diferentes necessidades dos utilizadores. Quer seja um fumador sem nicotina \u00e0 procura de um sabor puro ou um fumador experiente que prefere a satisfa\u00e7\u00e3o de um vape potente, encontrar\u00e1 a escolha ideal.<\/p><p>Com o seu design requintado, a sua bateria de longa dura\u00e7\u00e3o e as suas numerosas op\u00e7\u00f5es de sabor, o BANG KING 35000 (DSK032) destaca-se entre os vaporizadores electr\u00f3nicos descart\u00e1veis topo de gama. Para uso quotidiano ou em viagem, oferece uma experi\u00eancia de vaporiza\u00e7\u00e3o suave, est\u00e1vel e duradoura.<\/p><h2>Especifica\u00e7\u00f5es do BANG KING 35000 Dual Apple :<\/h2><p>N\u00famero de baforadas : At\u00e9 35.000<\/p><p>Capacidade da bateria: 1.000 mAh recarreg\u00e1vel (Tipo C)<\/p><p>Capacidade do l\u00edquido: 23 ml pr\u00e9-cheios<\/p><p>Atomizador: resist\u00eancia de malha de 0,6 \u03a9<\/p><p>Ecr\u00e3: Ecr\u00e3 LED inteligente (n\u00edvel da bateria\/n\u00edvel do l\u00edquido)<\/p><p>Prote\u00e7\u00e3o: Prote\u00e7\u00e3o anti-escaldadura<\/p><p>N\u00edveis de nicotina: 0 %, 2 %, 3 %, 5 %<\/p>\t\t\t\t\t\t\t\t<\/div>\n\t\t\t\t<\/div>\n\t\t\t\t\t<\/div>\n\t\t\t\t<\/div>\n\t\t\t\t<\/div>","protected":false},"excerpt":{"rendered":"<p>La saveur principale du Bang King 35000 Double Pomme est la pomme double, offrant un ar\u00f4me fruit\u00e9 riche et complexe, avec un \u00e9quilibre parfait entre douceur et acidit\u00e9. Ce tabac est compl\u00e9t\u00e9 par une base de tabac doux et moelleux, alliant la douceur rafra\u00eechissante du fruit \u00e0 la lourdeur du tabac. Avec la saveur Double [&hellip;]<\/p>\n","protected":false},"featured_media":6661,"comment_status":"open","ping_status":"closed","template":"","meta":{"site-sidebar-layout":"no-sidebar","site-content-layout":"page-builder","ast-site-content-layout":"normal-width-container","site-content-style":"default","site-sidebar-style":"default","ast-global-header-display":"","ast-banner-title-visibility":"","ast-main-header-display":"","ast-hfb-above-header-display":"","ast-hfb-below-header-display":"","ast-hfb-mobile-header-display":"","site-post-title":"disabled","ast-breadcrumbs-content":"","ast-featured-img":"disabled","footer-sml-layout":"","ast-disable-related-posts":"","theme-transparent-header-meta":"default","adv-header-id-meta":"","stick-header-meta":"default","header-above-stick-meta":"","header-main-stick-meta":"","header-below-stick-meta":"","astra-migrate-meta-layouts":"set","ast-page-background-enabled":"default","ast-page-background-meta":{"desktop":{"background-color":"","background-image":"","background-repeat":"repeat","background-position":"center center","background-size":"auto","background-attachment":"scroll","background-type":"","background-media":"","overlay-type":"","overlay-color":"","overlay-opacity":"","overlay-gradient":""},"tablet":{"background-color":"","background-image":"","background-repeat":"repeat","background-position":"center center","background-size":"auto","background-attachment":"scroll","background-type":"","background-media":"","overlay-type":"","overlay-color":"","overlay-opacity":"","overlay-gradient":""},"mobile":{"background-color":"","background-image":"","background-repeat":"repeat","background-position":"center center","background-size":"auto","background-attachment":"scroll","background-type":"","background-media":"","overlay-type":"","overlay-color":"","overlay-opacity":"","overlay-gradient":""}},"ast-content-background-meta":{"desktop":{"background-color":"var(--ast-global-color-5)","background-image":"","background-repeat":"repeat","background-position":"center center","background-size":"auto","background-attachment":"scroll","background-type":"","background-media":"","overlay-type":"","overlay-color":"","overlay-opacity":"","overlay-gradient":""},"tablet":{"background-color":"var(--ast-global-color-5)","background-image":"","background-repeat":"repeat","background-position":"center center","background-size":"auto","background-attachment":"scroll","background-type":"","background-media":"","overlay-type":"","overlay-color":"","overlay-opacity":"","overlay-gradient":""},"mobile":{"background-color":"var(--ast-global-color-5)","background-image":"","background-repeat":"repeat","background-position":"center center","background-size":"auto","background-attachment":"scroll","background-type":"","background-media":"","overlay-type":"","overlay-color":"","overlay-opacity":"","overlay-gradient":""}}},"product_brand":[52],"product_cat":[57,105,15],"product_tag":[],"class_list":{"0":"post-6746","1":"product","2":"type-product","3":"status-publish","4":"has-post-thumbnail","6":"product_brand-bang-king","7":"product_cat-bang-king-35k-resistance-mesh","8":"product_cat-puff-35k","9":"product_cat-magasin-cigarette-electronique","10":"desktop-align-center","11":"tablet-align-center","12":"mobile-align-center","13":"ast-product-gallery-layout-horizontal","14":"ast-product-gallery-with-no-image","15":"ast-product-single-variable","16":"ast-product-tabs-layout-horizontal","17":"ast-qv-on-image","19":"first","20":"instock","21":"sale","22":"shipping-taxable","23":"purchasable","24":"product-type-variable","25":"has-default-attributes"},"tiered_pricing_type":"fixed","tiered_pricing_fixed_rules":{"50":6.83,"100":6.22},"tiered_pricing_product_settings":{"layout":"default","base_unit_name":{"singular":null,"plural":null},"default_variation":null},"tiered_pricing_minimum_quantity":null,"tiered_pricing_roles_data":[],"tiered_pricing_percentage_rules":[],"_links":{"self":[{"href":"https:\/\/puffvapestore.com\/pt\/wp-json\/wp\/v2\/product\/6746","targetHints":{"allow":["GET"]}}],"collection":[{"href":"https:\/\/puffvapestore.com\/pt\/wp-json\/wp\/v2\/product"}],"about":[{"href":"https:\/\/puffvapestore.com\/pt\/wp-json\/wp\/v2\/types\/product"}],"replies":[{"embeddable":true,"href":"https:\/\/puffvapestore.com\/pt\/wp-json\/wp\/v2\/comments?post=6746"}],"version-history":[{"count":7,"href":"https:\/\/puffvapestore.com\/pt\/wp-json\/wp\/v2\/product\/6746\/revisions"}],"predecessor-version":[{"id":7218,"href":"https:\/\/puffvapestore.com\/pt\/wp-json\/wp\/v2\/product\/6746\/revisions\/7218"}],"wp:featuredmedia":[{"embeddable":true,"href":"https:\/\/puffvapestore.com\/pt\/wp-json\/wp\/v2\/media\/6661"}],"wp:attachment":[{"href":"https:\/\/puffvapestore.com\/pt\/wp-json\/wp\/v2\/media?parent=6746"}],"wp:term":[{"taxonomy":"product_brand","embeddable":true,"href":"https:\/\/puffvapestore.com\/pt\/wp-json\/wp\/v2\/product_brand?post=6746"},{"taxonomy":"product_cat","embeddable":true,"href":"https:\/\/puffvapestore.com\/pt\/wp-json\/wp\/v2\/product_cat?post=6746"},{"taxonomy":"product_tag","embeddable":true,"href":"https:\/\/puffvapestore.com\/pt\/wp-json\/wp\/v2\/product_tag?post=6746"}],"curies":[{"name":"wp","href":"https:\/\/api.w.org\/{rel}","templated":true}]}}