{"id":6683,"date":"2025-08-14T05:04:16","date_gmt":"2025-08-14T05:04:16","guid":{"rendered":"https:\/\/puffvapestore.com\/?post_type=product&#038;p=6683"},"modified":"2026-01-19T10:31:53","modified_gmt":"2026-01-19T10:31:53","slug":"bang-king-35000-avec-23-ml-de-e-liquide-prerempli","status":"publish","type":"product","link":"https:\/\/puffvapestore.com\/pt\/product\/bang-king-35000-com-23-ml-de-liquido-pre-requisito\/","title":{"rendered":"BANG KING 35000: Oferece 35 000 baforadas, vem com 23 ml de e-l\u00edquido pr\u00e9-cheio, uma resist\u00eancia de malha de 0,6 \u03a9 e um ecr\u00e3 LED de alta defini\u00e7\u00e3o"},"content":{"rendered":"<div data-elementor-type=\"wp-post\" data-elementor-id=\"6683\" class=\"elementor elementor-6683\">\n\t\t\t\t<div class=\"elementor-element elementor-element-08c26f9 e-flex e-con-boxed e-con e-parent\" data-id=\"08c26f9\" data-element_type=\"container\" data-e-type=\"container\">\n\t\t\t\t\t<div class=\"e-con-inner\">\n\t\t\t\t<div class=\"elementor-element elementor-element-a005a97 elementor-widget elementor-widget-text-editor\" data-id=\"a005a97\" data-element_type=\"widget\" data-e-type=\"widget\" data-widget_type=\"text-editor.default\">\n\t\t\t\t<div class=\"elementor-widget-container\">\n\t\t\t\t\t\t\t\t\t<h2>Bateria de longa dura\u00e7\u00e3o e bateria recarreg\u00e1vel de alta capacidade<\/h2><p>O BANG KING 35000 \u00e9 um vaporizador eletr\u00f3nico descart\u00e1vel de alta capacidade concebido para uma experi\u00eancia duradoura e sabores incompar\u00e1veis. Cada cigarro eletr\u00f3nico BANG KING 35000 oferece at\u00e9 35 000 baforadas. A bateria recarreg\u00e1vel de alta capacidade incorporada e o reservat\u00f3rio de e-l\u00edquido extra grande garantem uma inala\u00e7\u00e3o completa e suave.<\/p><p>Gra\u00e7as \u00e0 sua bateria de l\u00edtio recarreg\u00e1vel de 1000 mAh de alto desempenho e \u00e0 porta de carregamento r\u00e1pido Tipo C, nunca mais ter\u00e1 de se preocupar com falhas na bateria. O seu dep\u00f3sito de e-l\u00edquido pr\u00e9-cheio extragrande de 23 ml, combinado com a tecnologia Mesh Coil e uma resist\u00eancia optimizada de 0,6 \u03a9, garante um aquecimento uniforme, um sabor rico e um volume de vapor generoso.<\/p><h2>Ecr\u00e3 LED e v\u00e1rios n\u00edveis de nicotina<\/h2><p>O BANG KING 35000 possui um visor LED inteligente que mostra a carga restante da bateria e o n\u00edvel de e-l\u00edquido em tempo real, permitindo-lhe monitorizar o estado do dispositivo em qualquer altura. A tecnologia exclusiva Anti-Dry-Burn evita eficazmente os odores a queimado quando o n\u00edvel de e-l\u00edquido \u00e9 baixo, prolongando a vida \u00fatil da resist\u00eancia do atomizador.<\/p><p>O BANG KING 35000 oferece v\u00e1rios n\u00edveis de nicotina: 0 %, 2 %, 3 % e 5 %, para responder \u00e0s diferentes necessidades dos utilizadores. Quer se trate de um fumador sem nicotina que procura um sabor puro ou de um fumador experiente que prefere a satisfa\u00e7\u00e3o de um vape potente, encontrar\u00e1 a escolha ideal.<\/p><p>Com o seu design requintado, a sua bateria de longa dura\u00e7\u00e3o e as suas numerosas op\u00e7\u00f5es de sabor, o BANG KING 35000 (DSK032) destaca-se entre os vaporizadores electr\u00f3nicos descart\u00e1veis topo de gama. Para uso quotidiano ou em viagem, oferece uma experi\u00eancia de vaporiza\u00e7\u00e3o suave, est\u00e1vel e duradoura.<\/p><h2>Especifica\u00e7\u00f5es do BANG KING 35000 :<\/h2><p>N\u00famero de baforadas : At\u00e9 35.000<\/p><p>Capacidade da bateria: 1.000 mAh recarreg\u00e1vel (Tipo C)<\/p><p>Capacidade do l\u00edquido: 23 ml pr\u00e9-cheios<\/p><p>Atomizador: resist\u00eancia de malha de 0,6 \u03a9<\/p><p>Ecr\u00e3: Ecr\u00e3 LED inteligente (n\u00edvel da bateria\/n\u00edvel do l\u00edquido)<\/p><p>Prote\u00e7\u00e3o: Prote\u00e7\u00e3o anti-escaldadura<\/p><p>N\u00edveis de nicotina: 0 %, 2 %, 3 %, 5 %<\/p><h2>A s\u00e9rie BANG KING 35000 inclui 12 sabores diferentes.<\/h2><p>A s\u00e9rie BANG KING 35000 inclui 12 sabores diferentes para satisfazer as prefer\u00eancias de cada utilizador. Em primeiro lugar, a gama de sabores frutados oferece uma variedade de combina\u00e7\u00f5es cl\u00e1ssicas, como \u00abBlue Razz Ice\u00bb, \u00abBlueberry Ice\u00bb, \u00abRaspberry Ice\u00bb, \u00abPeach Ice\u00bb, \u00abStrawberry Kiwi\u00bb, \u00abStrawberry Mango\u00bb, \u00abStrawberry Watermelon\u00bb e \u00abWatermelon\u00bb. Estes sabores oferecem uma sensa\u00e7\u00e3o refrescante e refrescante com um sabor agridoce equilibrado, perfeito para os f\u00e3s de sensa\u00e7\u00f5es frutadas e geladas.<\/p><p>Em segundo lugar, o BANG KING 35000 tamb\u00e9m oferece sabores \u00fanicos, como \u00abDouble Apple\u00bb e \u00abLemon Mint\u00bb. O primeiro oferece um aroma rico a ma\u00e7\u00e3, enquanto o segundo combina a acidez do lim\u00e3o com a frescura da menta, criando um sabor rico e complexo. Por \u00faltimo, \u00abEnergy Drink\u00bb oferece uma experi\u00eancia de sabor familiar e estimulante para os f\u00e3s de bebidas energ\u00e9ticas.<\/p><p>Por fim, \u00abLove 66\u00bb \u00e9 um sabor mais original da gama, com um nome um pouco misterioso. Poder\u00e1 ser uma fus\u00e3o de v\u00e1rios sabores, o que lhe confere um posicionamento gustativo \u00fanico, ideal para quem gosta de descobrir novos sabores. A s\u00e9rie BANG KING 35000 \u00e9 predominantemente frutada e refrescante, oferecendo uma variedade de sabores para satisfazer as necessidades de diferentes grupos de consumidores.<\/p>\t\t\t\t\t\t\t\t<\/div>\n\t\t\t\t<\/div>\n\t\t\t\t\t<\/div>\n\t\t\t\t<\/div>\n\t\t\t\t<\/div>","protected":false},"excerpt":{"rendered":"<p>Batterie longue dur\u00e9e et batterie rechargeable grande capacit\u00e9 Le BANG KING 35000 est un vaporisateur \u00e9lectronique jetable haute capacit\u00e9 con\u00e7u pour une exp\u00e9rience longue dur\u00e9e et des saveurs incomparables. Chaque cigarette \u00e9lectronique BANG KING 35000 offre jusqu&rsquo;\u00e0 35000 bouff\u00e9es. Sa batterie rechargeable grande capacit\u00e9 int\u00e9gr\u00e9e et son r\u00e9servoir d&rsquo;e-liquide extra-large garantissent une inhalation ample et [&hellip;]<\/p>\n","protected":false},"featured_media":6663,"comment_status":"open","ping_status":"closed","template":"","meta":{"site-sidebar-layout":"no-sidebar","site-content-layout":"page-builder","ast-site-content-layout":"normal-width-container","site-content-style":"default","site-sidebar-style":"default","ast-global-header-display":"","ast-banner-title-visibility":"","ast-main-header-display":"","ast-hfb-above-header-display":"","ast-hfb-below-header-display":"","ast-hfb-mobile-header-display":"","site-post-title":"disabled","ast-breadcrumbs-content":"","ast-featured-img":"disabled","footer-sml-layout":"","ast-disable-related-posts":"","theme-transparent-header-meta":"default","adv-header-id-meta":"","stick-header-meta":"default","header-above-stick-meta":"","header-main-stick-meta":"","header-below-stick-meta":"","astra-migrate-meta-layouts":"set","ast-page-background-enabled":"default","ast-page-background-meta":{"desktop":{"background-color":"","background-image":"","background-repeat":"repeat","background-position":"center center","background-size":"auto","background-attachment":"scroll","background-type":"","background-media":"","overlay-type":"","overlay-color":"","overlay-opacity":"","overlay-gradient":""},"tablet":{"background-color":"","background-image":"","background-repeat":"repeat","background-position":"center center","background-size":"auto","background-attachment":"scroll","background-type":"","background-media":"","overlay-type":"","overlay-color":"","overlay-opacity":"","overlay-gradient":""},"mobile":{"background-color":"","background-image":"","background-repeat":"repeat","background-position":"center center","background-size":"auto","background-attachment":"scroll","background-type":"","background-media":"","overlay-type":"","overlay-color":"","overlay-opacity":"","overlay-gradient":""}},"ast-content-background-meta":{"desktop":{"background-color":"var(--ast-global-color-5)","background-image":"","background-repeat":"repeat","background-position":"center center","background-size":"auto","background-attachment":"scroll","background-type":"","background-media":"","overlay-type":"","overlay-color":"","overlay-opacity":"","overlay-gradient":""},"tablet":{"background-color":"var(--ast-global-color-5)","background-image":"","background-repeat":"repeat","background-position":"center center","background-size":"auto","background-attachment":"scroll","background-type":"","background-media":"","overlay-type":"","overlay-color":"","overlay-opacity":"","overlay-gradient":""},"mobile":{"background-color":"var(--ast-global-color-5)","background-image":"","background-repeat":"repeat","background-position":"center center","background-size":"auto","background-attachment":"scroll","background-type":"","background-media":"","overlay-type":"","overlay-color":"","overlay-opacity":"","overlay-gradient":""}}},"product_brand":[52],"product_cat":[57,105,15],"product_tag":[],"class_list":{"0":"post-6683","1":"product","2":"type-product","3":"status-publish","4":"has-post-thumbnail","6":"product_brand-bang-king","7":"product_cat-bang-king-35k-resistance-mesh","8":"product_cat-puff-35k","9":"product_cat-magasin-cigarette-electronique","10":"desktop-align-center","11":"tablet-align-center","12":"mobile-align-center","13":"ast-product-gallery-layout-horizontal","14":"ast-product-single-variable","15":"ast-product-tabs-layout-horizontal","16":"ast-qv-on-image","18":"first","19":"instock","20":"sale","21":"shipping-taxable","22":"purchasable","23":"product-type-variable","24":"has-default-attributes"},"tiered_pricing_type":"fixed","tiered_pricing_fixed_rules":{"50":6.83,"100":6.22},"tiered_pricing_product_settings":{"layout":"default","base_unit_name":{"singular":null,"plural":null},"default_variation":null},"tiered_pricing_minimum_quantity":null,"tiered_pricing_roles_data":[],"tiered_pricing_percentage_rules":[],"_links":{"self":[{"href":"https:\/\/puffvapestore.com\/pt\/wp-json\/wp\/v2\/product\/6683","targetHints":{"allow":["GET"]}}],"collection":[{"href":"https:\/\/puffvapestore.com\/pt\/wp-json\/wp\/v2\/product"}],"about":[{"href":"https:\/\/puffvapestore.com\/pt\/wp-json\/wp\/v2\/types\/product"}],"replies":[{"embeddable":true,"href":"https:\/\/puffvapestore.com\/pt\/wp-json\/wp\/v2\/comments?post=6683"}],"version-history":[{"count":7,"href":"https:\/\/puffvapestore.com\/pt\/wp-json\/wp\/v2\/product\/6683\/revisions"}],"predecessor-version":[{"id":7230,"href":"https:\/\/puffvapestore.com\/pt\/wp-json\/wp\/v2\/product\/6683\/revisions\/7230"}],"wp:featuredmedia":[{"embeddable":true,"href":"https:\/\/puffvapestore.com\/pt\/wp-json\/wp\/v2\/media\/6663"}],"wp:attachment":[{"href":"https:\/\/puffvapestore.com\/pt\/wp-json\/wp\/v2\/media?parent=6683"}],"wp:term":[{"taxonomy":"product_brand","embeddable":true,"href":"https:\/\/puffvapestore.com\/pt\/wp-json\/wp\/v2\/product_brand?post=6683"},{"taxonomy":"product_cat","embeddable":true,"href":"https:\/\/puffvapestore.com\/pt\/wp-json\/wp\/v2\/product_cat?post=6683"},{"taxonomy":"product_tag","embeddable":true,"href":"https:\/\/puffvapestore.com\/pt\/wp-json\/wp\/v2\/product_tag?post=6683"}],"curies":[{"name":"wp","href":"https:\/\/api.w.org\/{rel}","templated":true}]}}