{"id":6609,"date":"2025-08-08T09:17:34","date_gmt":"2025-08-08T09:17:34","guid":{"rendered":"https:\/\/puffvapestore.com\/?post_type=product&#038;p=6609"},"modified":"2026-01-19T10:52:38","modified_gmt":"2026-01-19T10:52:38","slug":"bang-king-15k-triple-berry-ice-est-un-rafraichissement-fruite-unique-pour-la-vie","status":"publish","type":"product","link":"https:\/\/puffvapestore.com\/pt\/product\/bang-king-15k-o-gelo-de-bagas-triplas-e-um-refresco-frutado-unico-para-toda-a-vida\/","title":{"rendered":"Bang King 15K - Triple Berry Ice"},"content":{"rendered":"<div data-elementor-type=\"wp-post\" data-elementor-id=\"6609\" class=\"elementor elementor-6609\">\n\t\t\t\t<div class=\"elementor-element elementor-element-08c26f9 e-flex e-con-boxed e-con e-parent\" data-id=\"08c26f9\" data-element_type=\"container\" data-e-type=\"container\">\n\t\t\t\t\t<div class=\"e-con-inner\">\n\t\t\t\t<div class=\"elementor-element elementor-element-a005a97 elementor-widget elementor-widget-text-editor\" data-id=\"a005a97\" data-element_type=\"widget\" data-e-type=\"widget\" data-widget_type=\"text-editor.default\">\n\t\t\t\t<div class=\"elementor-widget-container\">\n\t\t\t\t\t\t\t\t\t<p>Bang King 15000 Triple Berry Ice \u00e9 um refresco frutado \u00fanico para a vida. O sabor do Triple Berry Ice combina a riqueza de tr\u00eas bagas com um acabamento gelado: a do\u00e7ura do morango, a profundidade do mirtilo e a subtil acidez da amora, sublimadas a cada inala\u00e7\u00e3o, para uma experi\u00eancia frutada e refrescante.<\/p><h2>Sabor principal : Baga tripla<\/h2><p>Este sabor Triple Berry Ice \u00e9 composto por tr\u00eas bagas - normalmente mirtilo, framboesa e morango - com sabores subtis, cada uma com as suas pr\u00f3prias carater\u00edsticas:<\/p><h3>Mirtilo :<\/h3><p>Doce e picante, \u00e9 rico e sumarento.<\/p><p>Aparece na primeira inala\u00e7\u00e3o, com uma textura suave, natural, tipo compota.<\/p><p>No paladar, apresenta um revestimento frutado.<\/p><h3>Framboesa :<\/h3><p>Surge no palato m\u00e9dio, com uma acidez pronunciada que real\u00e7a o sabor.<\/p><p>Proporciona uma complexidade refrescante e frutada sem ser demasiado doce.<\/p><p>Mistura-se com o mirtilo para criar uma nota subtil de frutos silvestres.<\/p><h3>Morango :<\/h3><p>Aparece principalmente no final ou na expira\u00e7\u00e3o, oferecendo um aroma doce e natural com uma nota de rebu\u00e7ado distinta.<\/p><p>Tem uma do\u00e7ura suave e cremosa, que faz lembrar um bombom de morango, que real\u00e7a a redondeza geral.<\/p><h2>Carater\u00edsticas do gelado: Hortel\u00e3 fresca (gelado)<\/h2><p>A sensa\u00e7\u00e3o de gelo \u00e9 percet\u00edvel, mas n\u00e3o excessivamente estimulante, o que a coloca na categoria \u00abmoderadamente forte\u00bb.<\/p><p>Mistura-se naturalmente com os frutos vermelhos, sem os sobrepor, pelo contr\u00e1rio, sublinhando o seu sabor frutado e refrescante.<\/p><p>Ao inalar, uma frescura gelada envolve imediatamente a garganta, criando uma sensa\u00e7\u00e3o refrescante semelhante \u00e0 de uma pastilha el\u00e1stica de menta fresca.<\/p><h2>Design elegante e ergon\u00f3mico<\/h2><p>O Bang King 15000 Triple Berry Ice apresenta um design elegante e uma caixa ergon\u00f3mica, garantindo uma ader\u00eancia confort\u00e1vel e uma f\u00e1cil portabilidade. O seu design moderno n\u00e3o s\u00f3 melhora a est\u00e9tica, como tamb\u00e9m optimiza a experi\u00eancia do utilizador, tornando-o ideal para uma utiliza\u00e7\u00e3o prolongada. A superf\u00edcie do dispositivo \u00e9 cuidadosamente tratada para um acabamento antiderrapante e duradouro, tornando-o ideal para uma vasta gama de ocasi\u00f5es, desde as desloca\u00e7\u00f5es di\u00e1rias at\u00e9 \u00e0s reuni\u00f5es com amigos.<\/p><h2>L\u00edquido eletr\u00f3nico pr\u00e9-cheio de grande capacidade<\/h2><p>O Bang King 15000 Triple Berry Ice tem uma capacidade de 25 ml de e-l\u00edquido pr\u00e9-cheio, muito superior \u00e0 de muitos produtos semelhantes no mercado. Esta capacidade generosa reduz a necessidade de mudan\u00e7as frequentes de e-l\u00edquido e garante uma experi\u00eancia de vaporiza\u00e7\u00e3o suave e duradoura. O e-l\u00edquido utiliza uma f\u00f3rmula de alta qualidade, oferecendo um sabor rico e duradouro para satisfazer as diferentes necessidades dos utilizadores.<\/p><p>Para satisfazer as diferentes prefer\u00eancias dos utilizadores, o Bang King 15000 Triple Berry Ice est\u00e1 dispon\u00edvel em quatro dosagens de sais de nicotina: 0 %, 2 %, 3 % e 5 %. A op\u00e7\u00e3o sem nicotina \u00e9 adequada para os consumidores que procuram um sabor mais puro, enquanto a op\u00e7\u00e3o de alta concentra\u00e7\u00e3o foi concebida para aqueles que procuram uma sensa\u00e7\u00e3o de nicotina mais intensa. Esta flexibilidade permite que os utilizadores escolham a for\u00e7a mais adequada \u00e0s suas prefer\u00eancias.<\/p><h2>Tecnologia de resist\u00eancia da malha<\/h2><p>Este cigarro eletr\u00f3nico possui uma resist\u00eancia Mesh avan\u00e7ada que proporciona uma atomiza\u00e7\u00e3o mais uniforme e um aquecimento mais est\u00e1vel do que as resist\u00eancias tradicionais. Este design garante uma baforada rica e saborosa, ao mesmo tempo que prolonga eficazmente a vida \u00fatil do dispositivo e reduz o risco de queimaduras ou de sabor irregular.<\/p><h2>Dura\u00e7\u00e3o extrema da baforada<\/h2><p>O Bang King 15000 Triple Berry Ice oferece at\u00e9 15.000 baforadas, um n\u00famero impressionante que faz dele um dos cigarros electr\u00f3nicos mais duradouros do mercado. Quer seja um grande fumador ou um utilizador ocasional, este cigarro eletr\u00f3nico oferece uma autonomia excecional, eliminando a necessidade de recargas frequentes e substitui\u00e7\u00f5es de dispositivos.<\/p><h2>Design recarreg\u00e1vel amigo do ambiente<\/h2><p>O Bang King 15000 Triple Berry Ice \u00e9 amigo do ambiente e possui uma bateria recarreg\u00e1vel de 550 mAh de alto desempenho integrada, compat\u00edvel com carregamento r\u00e1pido atrav\u00e9s de uma porta USB-C. Este design n\u00e3o s\u00f3 prolonga a vida \u00fatil do dispositivo, como tamb\u00e9m reduz o impacto ambiental das baterias usadas, demonstrando o nosso compromisso com o desenvolvimento sustent\u00e1vel.<\/p><p>Compacto, leve e port\u00e1til, este cigarro eletr\u00f3nico \u00e9 f\u00e1cil de transportar para qualquer lugar. A sua caixa \u00e9 feita de materiais de alta resist\u00eancia, resistentes aos choques e riscos do dia a dia, garantindo uma longa vida \u00fatil. Quer o coloque no bolso ou na mochila, o Bang King 15000 mant\u00e9m o seu excelente desempenho.<\/p><h2>Carregamento r\u00e1pido e gest\u00e3o eficiente da bateria<\/h2><p>A bateria de 550 mAh n\u00e3o s\u00f3 oferece uma elevada capacidade, como tamb\u00e9m incorpora um sistema de gest\u00e3o inteligente que optimiza o consumo de energia e garante uma alimenta\u00e7\u00e3o constante a cada carregamento. A porta USB-C suporta carregamento r\u00e1pido, permitindo uma carga completa em 30 a 60 minutos, reduzindo o tempo de espera e dando aos utilizadores a tranquilidade de poderem fumar quando quiserem.<\/p>\t\t\t\t\t\t\t\t<\/div>\n\t\t\t\t<\/div>\n\t\t\t\t\t<\/div>\n\t\t\t\t<\/div>\n\t\t\t\t<\/div>","protected":false},"excerpt":{"rendered":"<p>Bang King 15000 Triple Berry Ice est un rafra\u00eechissement fruit\u00e9 unique pour la vie. La saveur de Triple Berry Ice allie la richesse de trois baies \u00e0 une finale glac\u00e9e\u00a0: la douceur de la fraise, la profondeur de la myrtille et la subtile acidit\u00e9 de la m\u00fbre, sublim\u00e9es \u00e0 chaque inhalation, pour une exp\u00e9rience fruit\u00e9e [&hellip;]<\/p>\n","protected":false},"featured_media":6252,"comment_status":"open","ping_status":"closed","template":"","meta":{"site-sidebar-layout":"no-sidebar","site-content-layout":"page-builder","ast-site-content-layout":"normal-width-container","site-content-style":"default","site-sidebar-style":"default","ast-global-header-display":"","ast-banner-title-visibility":"","ast-main-header-display":"","ast-hfb-above-header-display":"","ast-hfb-below-header-display":"","ast-hfb-mobile-header-display":"","site-post-title":"disabled","ast-breadcrumbs-content":"","ast-featured-img":"disabled","footer-sml-layout":"","ast-disable-related-posts":"","theme-transparent-header-meta":"default","adv-header-id-meta":"","stick-header-meta":"default","header-above-stick-meta":"","header-main-stick-meta":"","header-below-stick-meta":"","astra-migrate-meta-layouts":"set","ast-page-background-enabled":"default","ast-page-background-meta":{"desktop":{"background-color":"","background-image":"","background-repeat":"repeat","background-position":"center center","background-size":"auto","background-attachment":"scroll","background-type":"","background-media":"","overlay-type":"","overlay-color":"","overlay-opacity":"","overlay-gradient":""},"tablet":{"background-color":"","background-image":"","background-repeat":"repeat","background-position":"center center","background-size":"auto","background-attachment":"scroll","background-type":"","background-media":"","overlay-type":"","overlay-color":"","overlay-opacity":"","overlay-gradient":""},"mobile":{"background-color":"","background-image":"","background-repeat":"repeat","background-position":"center center","background-size":"auto","background-attachment":"scroll","background-type":"","background-media":"","overlay-type":"","overlay-color":"","overlay-opacity":"","overlay-gradient":""}},"ast-content-background-meta":{"desktop":{"background-color":"var(--ast-global-color-5)","background-image":"","background-repeat":"repeat","background-position":"center center","background-size":"auto","background-attachment":"scroll","background-type":"","background-media":"","overlay-type":"","overlay-color":"","overlay-opacity":"","overlay-gradient":""},"tablet":{"background-color":"var(--ast-global-color-5)","background-image":"","background-repeat":"repeat","background-position":"center center","background-size":"auto","background-attachment":"scroll","background-type":"","background-media":"","overlay-type":"","overlay-color":"","overlay-opacity":"","overlay-gradient":""},"mobile":{"background-color":"var(--ast-global-color-5)","background-image":"","background-repeat":"repeat","background-position":"center center","background-size":"auto","background-attachment":"scroll","background-type":"","background-media":"","overlay-type":"","overlay-color":"","overlay-opacity":"","overlay-gradient":""}}},"product_brand":[52],"product_cat":[56,80,15],"product_tag":[],"class_list":{"0":"post-6609","1":"product","2":"type-product","3":"status-publish","4":"has-post-thumbnail","6":"product_brand-bang-king","7":"product_cat-bang-king-15000-est-equipee-dune-resistance-mesh-nouvelle-generation","8":"product_cat-puff-15k","9":"product_cat-magasin-cigarette-electronique","10":"desktop-align-center","11":"tablet-align-center","12":"mobile-align-center","13":"ast-product-gallery-layout-horizontal","14":"ast-product-gallery-with-no-image","15":"ast-product-single-variable","16":"ast-product-tabs-layout-horizontal","17":"ast-qv-on-image","19":"first","20":"instock","21":"sale","22":"shipping-taxable","23":"purchasable","24":"product-type-variable","25":"has-default-attributes"},"tiered_pricing_type":"fixed","tiered_pricing_fixed_rules":{"50":6.05,"100":5.59},"tiered_pricing_product_settings":{"layout":"default","base_unit_name":{"singular":null,"plural":null},"default_variation":null},"tiered_pricing_minimum_quantity":null,"tiered_pricing_roles_data":[],"tiered_pricing_percentage_rules":[],"_links":{"self":[{"href":"https:\/\/puffvapestore.com\/pt\/wp-json\/wp\/v2\/product\/6609","targetHints":{"allow":["GET"]}}],"collection":[{"href":"https:\/\/puffvapestore.com\/pt\/wp-json\/wp\/v2\/product"}],"about":[{"href":"https:\/\/puffvapestore.com\/pt\/wp-json\/wp\/v2\/types\/product"}],"replies":[{"embeddable":true,"href":"https:\/\/puffvapestore.com\/pt\/wp-json\/wp\/v2\/comments?post=6609"}],"version-history":[{"count":6,"href":"https:\/\/puffvapestore.com\/pt\/wp-json\/wp\/v2\/product\/6609\/revisions"}],"predecessor-version":[{"id":6619,"href":"https:\/\/puffvapestore.com\/pt\/wp-json\/wp\/v2\/product\/6609\/revisions\/6619"}],"wp:featuredmedia":[{"embeddable":true,"href":"https:\/\/puffvapestore.com\/pt\/wp-json\/wp\/v2\/media\/6252"}],"wp:attachment":[{"href":"https:\/\/puffvapestore.com\/pt\/wp-json\/wp\/v2\/media?parent=6609"}],"wp:term":[{"taxonomy":"product_brand","embeddable":true,"href":"https:\/\/puffvapestore.com\/pt\/wp-json\/wp\/v2\/product_brand?post=6609"},{"taxonomy":"product_cat","embeddable":true,"href":"https:\/\/puffvapestore.com\/pt\/wp-json\/wp\/v2\/product_cat?post=6609"},{"taxonomy":"product_tag","embeddable":true,"href":"https:\/\/puffvapestore.com\/pt\/wp-json\/wp\/v2\/product_tag?post=6609"}],"curies":[{"name":"wp","href":"https:\/\/api.w.org\/{rel}","templated":true}]}}