{"id":6586,"date":"2025-08-08T03:42:41","date_gmt":"2025-08-08T03:42:41","guid":{"rendered":"https:\/\/puffvapestore.com\/?post_type=product&#038;p=6586"},"modified":"2026-01-19T10:52:38","modified_gmt":"2026-01-19T10:52:38","slug":"black-dragon-ice-bang-king-15k-est-mysterieux-et-frais","status":"publish","type":"product","link":"https:\/\/puffvapestore.com\/pt\/product\/black-dragon-ice-bang-king-15k-e-misterioso-e-fresco\/","title":{"rendered":"Bang King 15K - Drag\u00e3o Negro Gelo"},"content":{"rendered":"<div data-elementor-type=\"wp-post\" data-elementor-id=\"6586\" class=\"elementor elementor-6586\">\n\t\t\t\t<div class=\"elementor-element elementor-element-08c26f9 e-flex e-con-boxed e-con e-parent\" data-id=\"08c26f9\" data-element_type=\"container\" data-e-type=\"container\">\n\t\t\t\t\t<div class=\"e-con-inner\">\n\t\t\t\t<div class=\"elementor-element elementor-element-a005a97 elementor-widget elementor-widget-text-editor\" data-id=\"a005a97\" data-element_type=\"widget\" data-e-type=\"widget\" data-widget_type=\"text-editor.default\">\n\t\t\t\t<div class=\"elementor-widget-container\">\n\t\t\t\t\t\t\t\t\t<p>O sabor do Black Dragon Ice n\u00e3o \u00e9 apenas uma combina\u00e7\u00e3o frutada e fresca. Exprime uma atmosfera urbana e sombria: misteriosa e fresca, ao mesmo tempo que revela um aroma quente e frutado em cada pormenor.<\/p><h2>Primeiro cheiro: Uma explos\u00e3o frutada, doce e picante.<\/h2><p>Quando se inala o fumo, a primeira coisa que nos atinge o paladar \u00e9 um aroma rico e doce a frutos silvestres, provavelmente o frutado profundo e picante da groselha preta ou da amora.<\/p><p>Este aroma frutado difere da do\u00e7ura ligeira do morango ou do mirtilo. \u00c9 mais pr\u00f3ximo da compota, denso e suave, com uma acidez subtil que real\u00e7a o sabor.<\/p><h2>Meio-paladar: A do\u00e7ura e o aroma da fruta do drag\u00e3o permeiam o paladar.<\/h2><p>Ap\u00f3s os aromas escuros e frutados, a do\u00e7ura refrescante da fruta do drag\u00e3o emerge suavemente, suavizando a acidez inicial.<\/p><p>O fruto do drag\u00e3o tem um perfil arom\u00e1tico relativamente leve, mas equilibra a estrutura arom\u00e1tica geral e acrescenta um toque de sabor ex\u00f3tico, evitando demasiado poder.<\/p><h2>Final: Uma explos\u00e3o de sabores gelados, um final refrescante.<\/h2><p>Finalmente, ao expirar, uma menta refrescante ou um agente refrescante difunde-se rapidamente, proporcionando uma forte sensa\u00e7\u00e3o de frescura.<\/p><p>Este \u00abgelo\u00bb n\u00e3o \u00e9 apenas hortel\u00e3; tem um efeito refrescante.<\/p><h2>Design elegante e ergon\u00f3mico<\/h2><p>O Bang King 15000 Black Dragon Ice apresenta um design elegante e uma caixa ergon\u00f3mica, garantindo uma ader\u00eancia confort\u00e1vel e uma f\u00e1cil portabilidade. O seu design moderno n\u00e3o s\u00f3 melhora a est\u00e9tica, como tamb\u00e9m optimiza a experi\u00eancia do utilizador, tornando-o ideal para uma utiliza\u00e7\u00e3o prolongada. A superf\u00edcie do dispositivo \u00e9 cuidadosamente tratada para um acabamento antiderrapante e duradouro, tornando-o ideal para uma vasta gama de ocasi\u00f5es, desde as desloca\u00e7\u00f5es di\u00e1rias at\u00e9 \u00e0s reuni\u00f5es com amigos.<\/p><h2>L\u00edquido eletr\u00f3nico pr\u00e9-cheio de grande capacidade<\/h2><p>O Bang King 15000 Black Dragon Ice tem uma capacidade de 25 ml de e-l\u00edquido pr\u00e9-cheio, muito superior \u00e0 de muitos produtos semelhantes no mercado. Esta capacidade generosa reduz a necessidade de mudan\u00e7as frequentes de e-l\u00edquido e garante uma experi\u00eancia de vaporiza\u00e7\u00e3o suave e duradoura. O e-l\u00edquido utiliza uma f\u00f3rmula de alta qualidade, oferecendo um sabor rico e duradouro para satisfazer as diferentes necessidades dos utilizadores.<\/p><p>Para satisfazer as diferentes prefer\u00eancias dos utilizadores, o Bang King 15000 Black Dragon Ice est\u00e1 dispon\u00edvel em quatro dosagens de sais de nicotina: 0 %, 2 %, 3 % e 5 %. A op\u00e7\u00e3o sem nicotina \u00e9 adequada para os consumidores que procuram um sabor mais puro, enquanto a op\u00e7\u00e3o de alta concentra\u00e7\u00e3o foi concebida para aqueles que procuram uma sensa\u00e7\u00e3o de nicotina mais intensa. Esta flexibilidade permite que os utilizadores escolham a for\u00e7a mais adequada \u00e0s suas prefer\u00eancias.<\/p><h2>Tecnologia de resist\u00eancia da malha<\/h2><p>Este cigarro eletr\u00f3nico possui uma resist\u00eancia Mesh avan\u00e7ada que proporciona uma atomiza\u00e7\u00e3o mais uniforme e um aquecimento mais est\u00e1vel do que as resist\u00eancias tradicionais. Este design garante uma baforada rica e saborosa, ao mesmo tempo que prolonga eficazmente a vida \u00fatil do dispositivo e reduz o risco de queimaduras ou de sabor irregular.<\/p><h2>Dura\u00e7\u00e3o extrema da baforada<\/h2><p>O Bang King 15000 Black Dragon Ice oferece at\u00e9 15.000 baforadas, um n\u00famero impressionante que faz dele um dos cigarros electr\u00f3nicos mais duradouros do mercado. Quer seja um fumador inveterado ou um utilizador ocasional, este cigarro eletr\u00f3nico oferece uma autonomia excecional, eliminando a necessidade de recargas frequentes e substitui\u00e7\u00f5es de dispositivos.<\/p><h2>Design recarreg\u00e1vel amigo do ambiente<\/h2><p>O Bang King 15000 \u00e9 amigo do ambiente e possui uma bateria recarreg\u00e1vel de 550 mAh de alto desempenho integrada, compat\u00edvel com carregamento r\u00e1pido atrav\u00e9s de uma porta USB-C. Este design n\u00e3o s\u00f3 prolonga a vida \u00fatil do dispositivo, como tamb\u00e9m reduz o impacto ambiental das baterias usadas, demonstrando o nosso compromisso com o desenvolvimento sustent\u00e1vel.<\/p><p>Compacto, leve e port\u00e1til, este cigarro eletr\u00f3nico \u00e9 f\u00e1cil de transportar para qualquer lugar. A sua caixa \u00e9 feita de materiais de alta resist\u00eancia, resistentes aos choques e riscos do dia a dia, garantindo uma longa vida \u00fatil. Quer o coloque no bolso ou na mochila, o Bang King 15000 mant\u00e9m o seu excelente desempenho.<\/p><h2>Carregamento r\u00e1pido e gest\u00e3o eficiente da bateria<\/h2><p>A bateria de 550 mAh n\u00e3o s\u00f3 oferece uma elevada capacidade, como tamb\u00e9m incorpora um sistema de gest\u00e3o inteligente que optimiza o consumo de energia e garante uma alimenta\u00e7\u00e3o constante a cada carregamento. A porta USB-C suporta carregamento r\u00e1pido, permitindo uma carga completa em 30 a 60 minutos, reduzindo o tempo de espera e dando aos utilizadores a tranquilidade de poderem fumar quando quiserem.<\/p>\t\t\t\t\t\t\t\t<\/div>\n\t\t\t\t<\/div>\n\t\t\t\t\t<\/div>\n\t\t\t\t<\/div>\n\t\t\t\t<\/div>","protected":false},"excerpt":{"rendered":"<p>Le go\u00fbt de Black Dragon Ice n&rsquo;est pas simplement une combinaison fruit\u00e9e et fra\u00eeche. Il exprime une ambiance sombre et urbaine\u00a0: myst\u00e9rieux et frais, tout en r\u00e9v\u00e9lant un ar\u00f4me chaud et fruit\u00e9 dans les moindres d\u00e9tails. Premi\u00e8re bouff\u00e9e\u00a0: Explosion fruit\u00e9e, sucr\u00e9e et acidul\u00e9e. Lorsque vous inhalez la fum\u00e9e, la premi\u00e8re chose qui frappe votre palais [&hellip;]<\/p>\n","protected":false},"featured_media":6235,"comment_status":"open","ping_status":"closed","template":"","meta":{"site-sidebar-layout":"no-sidebar","site-content-layout":"page-builder","ast-site-content-layout":"normal-width-container","site-content-style":"default","site-sidebar-style":"default","ast-global-header-display":"","ast-banner-title-visibility":"","ast-main-header-display":"","ast-hfb-above-header-display":"","ast-hfb-below-header-display":"","ast-hfb-mobile-header-display":"","site-post-title":"disabled","ast-breadcrumbs-content":"","ast-featured-img":"disabled","footer-sml-layout":"","ast-disable-related-posts":"","theme-transparent-header-meta":"default","adv-header-id-meta":"","stick-header-meta":"default","header-above-stick-meta":"","header-main-stick-meta":"","header-below-stick-meta":"","astra-migrate-meta-layouts":"set","ast-page-background-enabled":"default","ast-page-background-meta":{"desktop":{"background-color":"","background-image":"","background-repeat":"repeat","background-position":"center center","background-size":"auto","background-attachment":"scroll","background-type":"","background-media":"","overlay-type":"","overlay-color":"","overlay-opacity":"","overlay-gradient":""},"tablet":{"background-color":"","background-image":"","background-repeat":"repeat","background-position":"center center","background-size":"auto","background-attachment":"scroll","background-type":"","background-media":"","overlay-type":"","overlay-color":"","overlay-opacity":"","overlay-gradient":""},"mobile":{"background-color":"","background-image":"","background-repeat":"repeat","background-position":"center center","background-size":"auto","background-attachment":"scroll","background-type":"","background-media":"","overlay-type":"","overlay-color":"","overlay-opacity":"","overlay-gradient":""}},"ast-content-background-meta":{"desktop":{"background-color":"var(--ast-global-color-5)","background-image":"","background-repeat":"repeat","background-position":"center center","background-size":"auto","background-attachment":"scroll","background-type":"","background-media":"","overlay-type":"","overlay-color":"","overlay-opacity":"","overlay-gradient":""},"tablet":{"background-color":"var(--ast-global-color-5)","background-image":"","background-repeat":"repeat","background-position":"center center","background-size":"auto","background-attachment":"scroll","background-type":"","background-media":"","overlay-type":"","overlay-color":"","overlay-opacity":"","overlay-gradient":""},"mobile":{"background-color":"var(--ast-global-color-5)","background-image":"","background-repeat":"repeat","background-position":"center center","background-size":"auto","background-attachment":"scroll","background-type":"","background-media":"","overlay-type":"","overlay-color":"","overlay-opacity":"","overlay-gradient":""}}},"product_brand":[52],"product_cat":[56,80,15],"product_tag":[],"class_list":{"0":"post-6586","1":"product","2":"type-product","3":"status-publish","4":"has-post-thumbnail","6":"product_brand-bang-king","7":"product_cat-bang-king-15000-est-equipee-dune-resistance-mesh-nouvelle-generation","8":"product_cat-puff-15k","9":"product_cat-magasin-cigarette-electronique","10":"desktop-align-center","11":"tablet-align-center","12":"mobile-align-center","13":"ast-product-gallery-layout-horizontal","14":"ast-product-gallery-with-no-image","15":"ast-product-single-variable","16":"ast-product-tabs-layout-horizontal","17":"ast-qv-on-image","19":"first","20":"instock","21":"sale","22":"shipping-taxable","23":"purchasable","24":"product-type-variable","25":"has-default-attributes"},"tiered_pricing_type":"fixed","tiered_pricing_fixed_rules":{"50":6.05,"100":5.59},"tiered_pricing_product_settings":{"layout":"default","base_unit_name":{"singular":null,"plural":null},"default_variation":null},"tiered_pricing_minimum_quantity":null,"tiered_pricing_roles_data":[],"tiered_pricing_percentage_rules":[],"_links":{"self":[{"href":"https:\/\/puffvapestore.com\/pt\/wp-json\/wp\/v2\/product\/6586","targetHints":{"allow":["GET"]}}],"collection":[{"href":"https:\/\/puffvapestore.com\/pt\/wp-json\/wp\/v2\/product"}],"about":[{"href":"https:\/\/puffvapestore.com\/pt\/wp-json\/wp\/v2\/types\/product"}],"replies":[{"embeddable":true,"href":"https:\/\/puffvapestore.com\/pt\/wp-json\/wp\/v2\/comments?post=6586"}],"version-history":[{"count":7,"href":"https:\/\/puffvapestore.com\/pt\/wp-json\/wp\/v2\/product\/6586\/revisions"}],"predecessor-version":[{"id":6621,"href":"https:\/\/puffvapestore.com\/pt\/wp-json\/wp\/v2\/product\/6586\/revisions\/6621"}],"wp:featuredmedia":[{"embeddable":true,"href":"https:\/\/puffvapestore.com\/pt\/wp-json\/wp\/v2\/media\/6235"}],"wp:attachment":[{"href":"https:\/\/puffvapestore.com\/pt\/wp-json\/wp\/v2\/media?parent=6586"}],"wp:term":[{"taxonomy":"product_brand","embeddable":true,"href":"https:\/\/puffvapestore.com\/pt\/wp-json\/wp\/v2\/product_brand?post=6586"},{"taxonomy":"product_cat","embeddable":true,"href":"https:\/\/puffvapestore.com\/pt\/wp-json\/wp\/v2\/product_cat?post=6586"},{"taxonomy":"product_tag","embeddable":true,"href":"https:\/\/puffvapestore.com\/pt\/wp-json\/wp\/v2\/product_tag?post=6586"}],"curies":[{"name":"wp","href":"https:\/\/api.w.org\/{rel}","templated":true}]}}