{"id":6559,"date":"2025-08-07T09:06:44","date_gmt":"2025-08-07T09:06:44","guid":{"rendered":"https:\/\/puffvapestore.com\/?post_type=product&#038;p=6559"},"modified":"2026-01-19T10:52:38","modified_gmt":"2026-01-19T10:52:38","slug":"pasteque-bubblegum-bang-king-15k-un-doux-melange-daromes-fruites-et-de-douceur","status":"publish","type":"product","link":"https:\/\/puffvapestore.com\/pt\/product\/pasteque-bubblegum-bang-king-15k-uma-mistura-suave-de-aromas-frutados-e-de-docura\/","title":{"rendered":"Bang King 15K - Pastilha el\u00e1stica de melancia"},"content":{"rendered":"<div data-elementor-type=\"wp-post\" data-elementor-id=\"6559\" class=\"elementor elementor-6559\">\n\t\t\t\t<div class=\"elementor-element elementor-element-08c26f9 e-flex e-con-boxed e-con e-parent\" data-id=\"08c26f9\" data-element_type=\"container\" data-e-type=\"container\">\n\t\t\t\t\t<div class=\"e-con-inner\">\n\t\t\t\t<div class=\"elementor-element elementor-element-a005a97 elementor-widget elementor-widget-text-editor\" data-id=\"a005a97\" data-element_type=\"widget\" data-e-type=\"widget\" data-widget_type=\"text-editor.default\">\n\t\t\t\t<div class=\"elementor-widget-container\">\n\t\t\t\t\t\t\t\t\t<p>A melancia Bubblegum combina a do\u00e7ura da inf\u00e2ncia com a frescura do ver\u00e3o. Desde a primeira inala\u00e7\u00e3o, um aroma vivo e sumarento de melancia, doce mas n\u00e3o excessivo, traz uma sensa\u00e7\u00e3o de frescura. Depois, uma nota suave e doce de pastilha el\u00e1stica emerge lentamente, evocando uma atmosfera descontra\u00edda e feliz, como um caf\u00e9 parisiense, banhado pelo sol nas cadeiras do terra\u00e7o.<\/p><h2>Nota de topo de melancia: doce, sumarenta e fresca<\/h2><p>O primeiro trago de fumo traz um aroma refrescante a melancia, como se mordesse uma melancia perfeitamente madura acabada de sair do frigor\u00edfico. O aroma \u00e9 naturalmente frutado, com uma textura subtil e fibrosa e um final refrescante e aguado.<\/p><p>A do\u00e7ura \u00e9 equilibrada por um toque de acidez, como a casca de uma verdadeira melancia, evocando um pomar numa manh\u00e3 de ver\u00e3o.<\/p><h2>Cora\u00e7\u00e3o e final de pastilha el\u00e1stica: Um aroma doce que traz de volta mem\u00f3rias de inf\u00e2ncia<\/h2><p>\u00c0 medida que o fumo se instala no palato, o sabor a pastilha el\u00e1stica emerge gradualmente: um aroma cl\u00e1ssico de pastilha el\u00e1stica cor-de-rosa, doce mas n\u00e3o excessivo.<\/p><p>Combinada na perfei\u00e7\u00e3o com o sabor da melancia, esta do\u00e7ura n\u00e3o \u00e9 excessiva, mas cria uma sensa\u00e7\u00e3o leve e suave, como uma bolha doce na boca.<\/p><p>O sabor da pastilha el\u00e1stica n\u00e3o \u00e9 apenas doce, mas tem uma textura cremosa e suave que completa a experi\u00eancia geral.<\/p><h2>Recarreg\u00e1vel, design amigo do ambiente<\/h2><p>Com a sua bateria recarreg\u00e1vel USB-C incorporada, reduz o impacto ambiental dos cigarros electr\u00f3nicos descart\u00e1veis. Os utilizadores podem recarregar a bateria rapidamente e retomar a utiliza\u00e7\u00e3o em qualquer altura e em qualquer lugar, combinando praticidade com durabilidade. Este design n\u00e3o s\u00f3 poupa dinheiro, como tamb\u00e9m \u00e9 amigo do ambiente.<\/p><p>O Bang King 15000 Watermelon Bubblegum tem um design elegante e ergon\u00f3mico, garantindo uma ader\u00eancia confort\u00e1vel e uma longa dura\u00e7\u00e3o. A sua caixa leve e as suas cores modernas melhoram a experi\u00eancia do utilizador, ao mesmo tempo que demonstram individualidade e estilo. A caixa foi cuidadosamente tratada para garantir resist\u00eancia ao desgaste e propriedades antiderrapantes, combinando est\u00e9tica e praticidade.<\/p><h2>L\u00edquido eletr\u00f3nico pr\u00e9-cheio de grande capacidade<\/h2><p>Cada Bang King 15000 Watermelon Bubblegum est\u00e1 pr\u00e9-cheio com 25 ml de e-l\u00edquido de primeira qualidade, significativamente mais do que os cigarros electr\u00f3nicos convencionais, para uma utiliza\u00e7\u00e3o duradoura. O e-l\u00edquido \u00e9 feito de ingredientes de alta qualidade, oferecendo uma sensa\u00e7\u00e3o suave na garganta e uma grande variedade de sabores, para uma satisfa\u00e7\u00e3o consistente em cada tragada.<\/p><h2>V\u00e1rias concentra\u00e7\u00f5es de nicotina dispon\u00edveis<\/h2><p>O Bang King 15000 Watermelon Bubblegum oferece quatro dosagens de sais de nicotina: 0 %, 2 %, 3 % e 5 %, para satisfazer as necessidades de diferentes utilizadores. A op\u00e7\u00e3o 0 % sem nicotina \u00e9 ideal para quem procura um sabor mais puro, enquanto a op\u00e7\u00e3o 5 % com nicotina oferece uma experi\u00eancia satisfat\u00f3ria para os utilizadores regulares. Esta flexibilidade significa que todos podem encontrar a experi\u00eancia certa para si.<\/p><p>Um \u00fanico cigarro eletr\u00f3nico Bang King 15000 d\u00e1 at\u00e9 15.000 baforadas e a sua excecional autonomia significa que n\u00e3o \u00e9 necess\u00e1rio substituir o dispositivo com frequ\u00eancia. Quer seja para uso di\u00e1rio ou em viagem, este cigarro eletr\u00f3nico oferece um conforto duradouro e simplifica as recargas.<\/p><h2>Tecnologia de resist\u00eancia da malha<\/h2><p>Este cigarro eletr\u00f3nico possui uma avan\u00e7ada resist\u00eancia Mesh, que oferece uma atomiza\u00e7\u00e3o mais uniforme e um aquecimento mais est\u00e1vel do que as resist\u00eancias tradicionais, garantindo um vapor suave e aut\u00eantico. A estrutura Mesh tamb\u00e9m prolonga a vida \u00fatil da resist\u00eancia e reduz os odores a queimado, garantindo um vapor de alta qualidade em cada tragada.<\/p><p>Compacto e leve, o Bang King 15000 \u00e9 f\u00e1cil de transportar, cabendo perfeitamente num bolso ou numa mochila. Fabricado com materiais de elevada resist\u00eancia, \u00e9 resistente a quedas e dur\u00e1vel, mantendo o seu aspeto e desempenho mesmo com uma utiliza\u00e7\u00e3o di\u00e1ria frequente.<\/p><h2>Bateria recarreg\u00e1vel de alta capacidade<\/h2><p>Equipado com uma bateria integrada de cerca de 550 mAh, o Bang King 15000 oferece uma autonomia impressionante. Gra\u00e7as \u00e0 tecnologia de carregamento r\u00e1pido USB-C, os utilizadores podem recarregar rapidamente o telem\u00f3vel, reduzindo o tempo de espera. Um sistema de gest\u00e3o da bateria optimiza o consumo de energia, garantindo um funcionamento est\u00e1vel e duradouro.<\/p>\t\t\t\t\t\t\t\t<\/div>\n\t\t\t\t<\/div>\n\t\t\t\t\t<\/div>\n\t\t\t\t<\/div>\n\t\t\t\t<\/div>","protected":false},"excerpt":{"rendered":"<p>La past\u00e8que Bubblegum allie la douceur de l&rsquo;enfance \u00e0 la fra\u00eecheur estivale. D\u00e8s la premi\u00e8re bouff\u00e9e, un ar\u00f4me vif et juteux de past\u00e8que, doux mais sans \u00eatre envahissant, apporte une sensation de fra\u00eecheur. Puis, une note douce et sucr\u00e9e de bubble gum \u00e9merge lentement, \u00e9voquant une atmosph\u00e8re d\u00e9tendue et joyeuse, comme dans un caf\u00e9 parisien, [&hellip;]<\/p>\n","protected":false},"featured_media":6254,"comment_status":"open","ping_status":"closed","template":"","meta":{"site-sidebar-layout":"no-sidebar","site-content-layout":"page-builder","ast-site-content-layout":"normal-width-container","site-content-style":"default","site-sidebar-style":"default","ast-global-header-display":"","ast-banner-title-visibility":"","ast-main-header-display":"","ast-hfb-above-header-display":"","ast-hfb-below-header-display":"","ast-hfb-mobile-header-display":"","site-post-title":"disabled","ast-breadcrumbs-content":"","ast-featured-img":"disabled","footer-sml-layout":"","ast-disable-related-posts":"","theme-transparent-header-meta":"default","adv-header-id-meta":"","stick-header-meta":"default","header-above-stick-meta":"","header-main-stick-meta":"","header-below-stick-meta":"","astra-migrate-meta-layouts":"set","ast-page-background-enabled":"default","ast-page-background-meta":{"desktop":{"background-color":"","background-image":"","background-repeat":"repeat","background-position":"center center","background-size":"auto","background-attachment":"scroll","background-type":"","background-media":"","overlay-type":"","overlay-color":"","overlay-opacity":"","overlay-gradient":""},"tablet":{"background-color":"","background-image":"","background-repeat":"repeat","background-position":"center center","background-size":"auto","background-attachment":"scroll","background-type":"","background-media":"","overlay-type":"","overlay-color":"","overlay-opacity":"","overlay-gradient":""},"mobile":{"background-color":"","background-image":"","background-repeat":"repeat","background-position":"center center","background-size":"auto","background-attachment":"scroll","background-type":"","background-media":"","overlay-type":"","overlay-color":"","overlay-opacity":"","overlay-gradient":""}},"ast-content-background-meta":{"desktop":{"background-color":"var(--ast-global-color-5)","background-image":"","background-repeat":"repeat","background-position":"center center","background-size":"auto","background-attachment":"scroll","background-type":"","background-media":"","overlay-type":"","overlay-color":"","overlay-opacity":"","overlay-gradient":""},"tablet":{"background-color":"var(--ast-global-color-5)","background-image":"","background-repeat":"repeat","background-position":"center center","background-size":"auto","background-attachment":"scroll","background-type":"","background-media":"","overlay-type":"","overlay-color":"","overlay-opacity":"","overlay-gradient":""},"mobile":{"background-color":"var(--ast-global-color-5)","background-image":"","background-repeat":"repeat","background-position":"center center","background-size":"auto","background-attachment":"scroll","background-type":"","background-media":"","overlay-type":"","overlay-color":"","overlay-opacity":"","overlay-gradient":""}}},"product_brand":[52],"product_cat":[56,80,15],"product_tag":[],"class_list":{"0":"post-6559","1":"product","2":"type-product","3":"status-publish","4":"has-post-thumbnail","6":"product_brand-bang-king","7":"product_cat-bang-king-15000-est-equipee-dune-resistance-mesh-nouvelle-generation","8":"product_cat-puff-15k","9":"product_cat-magasin-cigarette-electronique","10":"desktop-align-center","11":"tablet-align-center","12":"mobile-align-center","13":"ast-product-gallery-layout-horizontal","14":"ast-product-gallery-with-no-image","15":"ast-product-single-variable","16":"ast-product-tabs-layout-horizontal","17":"ast-qv-on-image","19":"first","20":"instock","21":"sale","22":"shipping-taxable","23":"purchasable","24":"product-type-variable","25":"has-default-attributes"},"tiered_pricing_type":"fixed","tiered_pricing_fixed_rules":{"50":6.05,"100":5.59},"tiered_pricing_product_settings":{"layout":"default","base_unit_name":{"singular":null,"plural":null},"default_variation":null},"tiered_pricing_minimum_quantity":null,"tiered_pricing_roles_data":[],"tiered_pricing_percentage_rules":[],"_links":{"self":[{"href":"https:\/\/puffvapestore.com\/pt\/wp-json\/wp\/v2\/product\/6559","targetHints":{"allow":["GET"]}}],"collection":[{"href":"https:\/\/puffvapestore.com\/pt\/wp-json\/wp\/v2\/product"}],"about":[{"href":"https:\/\/puffvapestore.com\/pt\/wp-json\/wp\/v2\/types\/product"}],"replies":[{"embeddable":true,"href":"https:\/\/puffvapestore.com\/pt\/wp-json\/wp\/v2\/comments?post=6559"}],"version-history":[{"count":7,"href":"https:\/\/puffvapestore.com\/pt\/wp-json\/wp\/v2\/product\/6559\/revisions"}],"predecessor-version":[{"id":6623,"href":"https:\/\/puffvapestore.com\/pt\/wp-json\/wp\/v2\/product\/6559\/revisions\/6623"}],"wp:featuredmedia":[{"embeddable":true,"href":"https:\/\/puffvapestore.com\/pt\/wp-json\/wp\/v2\/media\/6254"}],"wp:attachment":[{"href":"https:\/\/puffvapestore.com\/pt\/wp-json\/wp\/v2\/media?parent=6559"}],"wp:term":[{"taxonomy":"product_brand","embeddable":true,"href":"https:\/\/puffvapestore.com\/pt\/wp-json\/wp\/v2\/product_brand?post=6559"},{"taxonomy":"product_cat","embeddable":true,"href":"https:\/\/puffvapestore.com\/pt\/wp-json\/wp\/v2\/product_cat?post=6559"},{"taxonomy":"product_tag","embeddable":true,"href":"https:\/\/puffvapestore.com\/pt\/wp-json\/wp\/v2\/product_tag?post=6559"}],"curies":[{"name":"wp","href":"https:\/\/api.w.org\/{rel}","templated":true}]}}