{"id":6544,"date":"2025-08-11T08:59:11","date_gmt":"2025-08-11T08:59:11","guid":{"rendered":"https:\/\/puffvapestore.com\/?post_type=product&#038;p=6544"},"modified":"2026-01-19T10:52:38","modified_gmt":"2026-01-19T10:52:38","slug":"pink-lemonade-bang-king-15000-offre-bien-plus-quune-simple-experience-gustative","status":"publish","type":"product","link":"https:\/\/puffvapestore.com\/pt\/product\/pink-lemonade-bang-king-15000-oferece-muito-mais-do-que-uma-simples-experiencia-de-sabor\/","title":{"rendered":"Limonada cor-de-rosa - Bang King 15K"},"content":{"rendered":"<div data-elementor-type=\"wp-post\" data-elementor-id=\"6544\" class=\"elementor elementor-6544\">\n\t\t\t\t<div class=\"elementor-element elementor-element-08c26f9 e-flex e-con-boxed e-con e-parent\" data-id=\"08c26f9\" data-element_type=\"container\" data-e-type=\"container\">\n\t\t\t\t\t<div class=\"e-con-inner\">\n\t\t\t\t<div class=\"elementor-element elementor-element-a005a97 elementor-widget elementor-widget-text-editor\" data-id=\"a005a97\" data-element_type=\"widget\" data-e-type=\"widget\" data-widget_type=\"text-editor.default\">\n\t\t\t\t<div class=\"elementor-widget-container\">\n\t\t\t\t\t\t\t\t\t<p>O refrescante aroma agridoce do cigarro eletr\u00f3nico Pink Lemonade faz lembrar um copo de limonada rosa acabado de preparar: ligeiramente efervescente, com a subtil acidez do lim\u00e3o misturada com um toque de do\u00e7ura, criando uma experi\u00eancia refrescante e complexa. Em Fran\u00e7a, onde a qualidade de vida \u00e9 valorizada e onde se pratica o \u00abvaping descontra\u00eddo\u00bb, o Pink Lemonade oferece muito mais do que uma experi\u00eancia gustativa: \u00e9 uma experi\u00eancia subtil e envolvente que ecoa a atmosfera rom\u00e2ntica: evoca uma bebida gelada numa varanda no ver\u00e3o ou uma conversa casual no canto de um caf\u00e9 parisiense.<\/p><p>A limonada cor-de-rosa n\u00e3o \u00e9 uma limonada qualquer; \u00e9 uma bebida de lim\u00e3o, comum na Am\u00e9rica do Norte, que geralmente mistura frutos vermelhos (como arandos ou framboesas) com lim\u00e3o. Esta mistura mant\u00e9m a acidez do lim\u00e3o, acrescentando-lhe a do\u00e7ura subtil e o sabor frutado do fruto.<\/p><h2>Limonada cor-de-rosa: experi\u00eancia fumada :<\/h2><p>Desde a primeira inala\u00e7\u00e3o, uma acidez de lim\u00e3o distinta atinge a l\u00edngua, sem ser agressiva, mas ligeiramente \u00e1cida.<\/p><p>Segue-se um ligeiro sabor a frutos vermelhos doces, como o arando ou a framboesa, oferecendo uma subtil do\u00e7ura frutada que tempera a acidez do lim\u00e3o.<\/p><h2>Paladar m\u00e9dio :<\/h2><p>A do\u00e7ura e a acidez equilibram-se no paladar m\u00e9dio, criando um sabor semelhante ao da limonada, mas sem a carbonata\u00e7\u00e3o.<\/p><p>O sabor frutado \u00e9 naturalmente doce e refrescante.<\/p><h2>Notas de base e final :<\/h2><p>A expira\u00e7\u00e3o \u00e9 acompanhada por uma sensa\u00e7\u00e3o de frescura, sem ser demasiado forte ou gelada; \u00e9 uma sensa\u00e7\u00e3o ligeira e gelada que n\u00e3o se sobrep\u00f5e \u00e0s notas frutadas.<\/p><p>Quanto \u00e0 longevidade, a acidez limonada perdura um pouco mais, enquanto a do\u00e7ura dos frutos silvestres se desvanece rapidamente, dando lugar a um final limpo e n\u00e3o enjoativo.<\/p><h2>Recarreg\u00e1vel, design amigo do ambiente<\/h2><p>Com a sua bateria recarreg\u00e1vel USB-C incorporada, reduz o impacto ambiental dos cigarros electr\u00f3nicos descart\u00e1veis. Os utilizadores podem recarregar a bateria rapidamente e retomar a utiliza\u00e7\u00e3o em qualquer altura e em qualquer lugar, combinando praticidade com durabilidade. Este design n\u00e3o s\u00f3 poupa dinheiro, como tamb\u00e9m \u00e9 amigo do ambiente.<\/p><p>O Bang King 15000 Pink Lemonade tem um design elegante e ergon\u00f3mico, garantindo uma ader\u00eancia confort\u00e1vel e uma longa dura\u00e7\u00e3o. A sua estrutura leve e as suas cores modernas melhoram a experi\u00eancia do utilizador, ao mesmo tempo que demonstram individualidade e estilo. A caixa foi cuidadosamente tratada para garantir resist\u00eancia ao desgaste e propriedades antiderrapantes, combinando est\u00e9tica e praticidade.<\/p><h2>L\u00edquido eletr\u00f3nico pr\u00e9-cheio de grande capacidade<\/h2><p>Cada Bang King 15000 Pink Lemonade est\u00e1 pr\u00e9-cheio com 25 ml de e-l\u00edquido de primeira qualidade, significativamente mais do que os cigarros electr\u00f3nicos convencionais, para uma utiliza\u00e7\u00e3o duradoura. O e-l\u00edquido \u00e9 feito de ingredientes de alta qualidade, oferecendo uma sensa\u00e7\u00e3o suave na garganta e uma grande variedade de sabores, para uma satisfa\u00e7\u00e3o consistente em cada tragada.<\/p><h2>V\u00e1rias concentra\u00e7\u00f5es de nicotina dispon\u00edveis<\/h2><p>O Bang King 15000 Pink Lemonade oferece quatro dosagens de sais de nicotina: 0 %, 2 %, 3 % e 5 %, para satisfazer as necessidades de diferentes utilizadores. A op\u00e7\u00e3o 0 % sem nicotina \u00e9 ideal para quem procura um sabor mais puro, enquanto a op\u00e7\u00e3o 5 % com nicotina oferece uma experi\u00eancia satisfat\u00f3ria para os utilizadores regulares. Esta flexibilidade significa que todos podem encontrar a experi\u00eancia certa para si.<\/p><p>Um \u00fanico cigarro eletr\u00f3nico Bang King 15000 d\u00e1 at\u00e9 15.000 baforadas e a sua excecional autonomia significa que n\u00e3o \u00e9 necess\u00e1rio substituir o dispositivo com frequ\u00eancia. Quer seja para uso di\u00e1rio ou em viagem, este cigarro eletr\u00f3nico oferece um conforto duradouro e simplifica as recargas.<\/p><h2>Tecnologia de resist\u00eancia da malha<\/h2><p>Este cigarro eletr\u00f3nico possui uma avan\u00e7ada resist\u00eancia Mesh, que oferece uma atomiza\u00e7\u00e3o mais uniforme e um aquecimento mais est\u00e1vel do que as resist\u00eancias tradicionais, garantindo um vapor suave e aut\u00eantico. A estrutura Mesh tamb\u00e9m prolonga a vida \u00fatil da resist\u00eancia e reduz os odores a queimado, garantindo um vapor de alta qualidade em cada tragada.<\/p><p>Compacto e leve, o Bang King 15000 Pink Lemonade \u00e9 f\u00e1cil de transportar, cabendo perfeitamente num bolso ou numa mochila. Fabricado com materiais de alta resist\u00eancia, \u00e9 resistente a quedas e dur\u00e1vel, mantendo o seu aspeto e desempenho mesmo com uma utiliza\u00e7\u00e3o di\u00e1ria frequente.<\/p><h2>Bateria recarreg\u00e1vel de alta capacidade<\/h2><p>Equipado com uma bateria integrada de cerca de 550 mAh, o Bang King 15000 oferece uma autonomia impressionante. Gra\u00e7as \u00e0 tecnologia de carregamento r\u00e1pido USB-C, os utilizadores podem recarregar rapidamente o telem\u00f3vel, reduzindo o tempo de espera. Um sistema de gest\u00e3o da bateria optimiza o consumo de energia, garantindo um funcionamento est\u00e1vel e duradouro.<\/p>\t\t\t\t\t\t\t\t<\/div>\n\t\t\t\t<\/div>\n\t\t\t\t\t<\/div>\n\t\t\t\t<\/div>\n\t\t\t\t<\/div>","protected":false},"excerpt":{"rendered":"<p>L&rsquo;ar\u00f4me aigre-doux rafra\u00eechissant de la cigarette \u00e9lectronique Pink Lemonade \u00e9voque un verre de limonade rose fra\u00eechement pr\u00e9par\u00e9\u00a0: l\u00e9g\u00e8rement p\u00e9tillant, avec la subtile acidit\u00e9 du citron m\u00eal\u00e9e \u00e0 une touche sucr\u00e9e, cr\u00e9ant une exp\u00e9rience rafra\u00eechissante et complexe. En France, o\u00f9 la qualit\u00e9 de vie est valoris\u00e9e et o\u00f9 l&rsquo;on pratique le \u00ab\u00a0vapotage relaxant\u00a0\u00bb, la Pink Lemonade [&hellip;]<\/p>\n","protected":false},"featured_media":6246,"comment_status":"open","ping_status":"closed","template":"","meta":{"site-sidebar-layout":"no-sidebar","site-content-layout":"page-builder","ast-site-content-layout":"normal-width-container","site-content-style":"default","site-sidebar-style":"default","ast-global-header-display":"","ast-banner-title-visibility":"","ast-main-header-display":"","ast-hfb-above-header-display":"","ast-hfb-below-header-display":"","ast-hfb-mobile-header-display":"","site-post-title":"disabled","ast-breadcrumbs-content":"","ast-featured-img":"disabled","footer-sml-layout":"","ast-disable-related-posts":"","theme-transparent-header-meta":"default","adv-header-id-meta":"","stick-header-meta":"default","header-above-stick-meta":"","header-main-stick-meta":"","header-below-stick-meta":"","astra-migrate-meta-layouts":"set","ast-page-background-enabled":"default","ast-page-background-meta":{"desktop":{"background-color":"","background-image":"","background-repeat":"repeat","background-position":"center center","background-size":"auto","background-attachment":"scroll","background-type":"","background-media":"","overlay-type":"","overlay-color":"","overlay-opacity":"","overlay-gradient":""},"tablet":{"background-color":"","background-image":"","background-repeat":"repeat","background-position":"center center","background-size":"auto","background-attachment":"scroll","background-type":"","background-media":"","overlay-type":"","overlay-color":"","overlay-opacity":"","overlay-gradient":""},"mobile":{"background-color":"","background-image":"","background-repeat":"repeat","background-position":"center center","background-size":"auto","background-attachment":"scroll","background-type":"","background-media":"","overlay-type":"","overlay-color":"","overlay-opacity":"","overlay-gradient":""}},"ast-content-background-meta":{"desktop":{"background-color":"var(--ast-global-color-5)","background-image":"","background-repeat":"repeat","background-position":"center center","background-size":"auto","background-attachment":"scroll","background-type":"","background-media":"","overlay-type":"","overlay-color":"","overlay-opacity":"","overlay-gradient":""},"tablet":{"background-color":"var(--ast-global-color-5)","background-image":"","background-repeat":"repeat","background-position":"center center","background-size":"auto","background-attachment":"scroll","background-type":"","background-media":"","overlay-type":"","overlay-color":"","overlay-opacity":"","overlay-gradient":""},"mobile":{"background-color":"var(--ast-global-color-5)","background-image":"","background-repeat":"repeat","background-position":"center center","background-size":"auto","background-attachment":"scroll","background-type":"","background-media":"","overlay-type":"","overlay-color":"","overlay-opacity":"","overlay-gradient":""}}},"product_brand":[52],"product_cat":[56,80,15],"product_tag":[],"class_list":{"0":"post-6544","1":"product","2":"type-product","3":"status-publish","4":"has-post-thumbnail","6":"product_brand-bang-king","7":"product_cat-bang-king-15000-est-equipee-dune-resistance-mesh-nouvelle-generation","8":"product_cat-puff-15k","9":"product_cat-magasin-cigarette-electronique","10":"desktop-align-center","11":"tablet-align-center","12":"mobile-align-center","13":"ast-product-gallery-layout-horizontal","14":"ast-product-gallery-with-no-image","15":"ast-product-single-variable","16":"ast-product-tabs-layout-horizontal","17":"ast-qv-on-image","19":"first","20":"instock","21":"sale","22":"shipping-taxable","23":"purchasable","24":"product-type-variable","25":"has-default-attributes"},"tiered_pricing_type":"fixed","tiered_pricing_fixed_rules":{"50":6.05,"100":5.59},"tiered_pricing_product_settings":{"layout":"default","base_unit_name":{"singular":null,"plural":null},"default_variation":null},"tiered_pricing_minimum_quantity":null,"tiered_pricing_roles_data":[],"tiered_pricing_percentage_rules":[],"_links":{"self":[{"href":"https:\/\/puffvapestore.com\/pt\/wp-json\/wp\/v2\/product\/6544","targetHints":{"allow":["GET"]}}],"collection":[{"href":"https:\/\/puffvapestore.com\/pt\/wp-json\/wp\/v2\/product"}],"about":[{"href":"https:\/\/puffvapestore.com\/pt\/wp-json\/wp\/v2\/types\/product"}],"replies":[{"embeddable":true,"href":"https:\/\/puffvapestore.com\/pt\/wp-json\/wp\/v2\/comments?post=6544"}],"version-history":[{"count":11,"href":"https:\/\/puffvapestore.com\/pt\/wp-json\/wp\/v2\/product\/6544\/revisions"}],"predecessor-version":[{"id":6624,"href":"https:\/\/puffvapestore.com\/pt\/wp-json\/wp\/v2\/product\/6544\/revisions\/6624"}],"wp:featuredmedia":[{"embeddable":true,"href":"https:\/\/puffvapestore.com\/pt\/wp-json\/wp\/v2\/media\/6246"}],"wp:attachment":[{"href":"https:\/\/puffvapestore.com\/pt\/wp-json\/wp\/v2\/media?parent=6544"}],"wp:term":[{"taxonomy":"product_brand","embeddable":true,"href":"https:\/\/puffvapestore.com\/pt\/wp-json\/wp\/v2\/product_brand?post=6544"},{"taxonomy":"product_cat","embeddable":true,"href":"https:\/\/puffvapestore.com\/pt\/wp-json\/wp\/v2\/product_cat?post=6544"},{"taxonomy":"product_tag","embeddable":true,"href":"https:\/\/puffvapestore.com\/pt\/wp-json\/wp\/v2\/product_tag?post=6544"}],"curies":[{"name":"wp","href":"https:\/\/api.w.org\/{rel}","templated":true}]}}