{"id":6533,"date":"2025-08-07T03:51:14","date_gmt":"2025-08-07T03:51:14","guid":{"rendered":"https:\/\/puffvapestore.com\/?post_type=product&#038;p=6533"},"modified":"2026-01-19T10:52:39","modified_gmt":"2026-01-19T10:52:39","slug":"peach-ice-bang-king-15000-sucree-et-rafraichissante","status":"publish","type":"product","link":"https:\/\/puffvapestore.com\/pt\/product\/gelo-de-pessego-bang-king-15000-doce-e-refrescante\/","title":{"rendered":"Gelo de p\u00eassego - Bang King 15K"},"content":{"rendered":"<div data-elementor-type=\"wp-post\" data-elementor-id=\"6533\" class=\"elementor elementor-6533\">\n\t\t\t\t<div class=\"elementor-element elementor-element-08c26f9 e-flex e-con-boxed e-con e-parent\" data-id=\"08c26f9\" data-element_type=\"container\" data-e-type=\"container\">\n\t\t\t\t\t<div class=\"e-con-inner\">\n\t\t\t\t<div class=\"elementor-element elementor-element-a005a97 elementor-widget elementor-widget-text-editor\" data-id=\"a005a97\" data-element_type=\"widget\" data-e-type=\"widget\" data-widget_type=\"text-editor.default\">\n\t\t\t\t<div class=\"elementor-widget-container\">\n\t\t\t\t\t\t\t\t\t<p>O sabor \u00fanico do P\u00eache Glac\u00e9e reside na sua do\u00e7ura discreta, oferecendo um final refrescante, como se estivesse a saborear um cocktail de p\u00eassego ligeiramente fresco \u00e0 beira do Sena. A sua leveza e presen\u00e7a tornam-no numa experi\u00eancia de conv\u00edvio calmante e refrescante.<\/p><h2>Sabor a p\u00eassego :<\/h2><p>Aut\u00eantico frutado: O primeiro trago de fumo revela o aroma natural de p\u00eassegos maduros, com uma do\u00e7ura moderada que n\u00e3o \u00e9 enjoativa.<\/p><p>Doce e suave: Rico e suave no paladar, com uma textura cheia e carnuda, que faz lembrar a degusta\u00e7\u00e3o de um suculento p\u00eassego branco.<\/p><p>Aroma ligeiramente floral: Na prova, surge um subtil final floral de p\u00eassego, que real\u00e7a a eleg\u00e2ncia geral do sabor.<\/p><h2>Gelo :<\/h2><p>Arrefecimento r\u00e1pido: A inala\u00e7\u00e3o provoca uma sensa\u00e7\u00e3o de arrefecimento not\u00e1vel, nomeadamente na garganta, sem ser demasiado forte.<\/p><p>Refresc\u00e2ncia de longa dura\u00e7\u00e3o: A sensa\u00e7\u00e3o de frescura permanece na expira\u00e7\u00e3o, ajudando a neutralizar a do\u00e7ura do p\u00eassego e deixando um travo equilibrado e refrescante.<\/p><h2>Equil\u00edbrio global do sabor do gelado de p\u00eassego :<\/h2><p>A do\u00e7ura do p\u00eassego e a frescura da menta combinam-se na perfei\u00e7\u00e3o, preservando a riqueza do sabor frutado e proporcionando uma experi\u00eancia de gelado refrescante.<\/p><h2>Recarreg\u00e1vel, design amigo do ambiente<\/h2><p>Com a sua bateria recarreg\u00e1vel USB-C incorporada, reduz o impacto ambiental dos cigarros electr\u00f3nicos descart\u00e1veis. Os utilizadores podem recarregar a bateria rapidamente e retomar a utiliza\u00e7\u00e3o em qualquer altura e em qualquer lugar, combinando praticidade com durabilidade. Este design n\u00e3o s\u00f3 poupa dinheiro, como tamb\u00e9m \u00e9 amigo do ambiente.<\/p><p>O Bang King 15000 Peach Ice tem um design elegante e ergon\u00f3mico, garantindo uma ader\u00eancia confort\u00e1vel e uma longa vida \u00fatil. A sua caixa leve e as suas cores modernas melhoram a experi\u00eancia do utilizador, ao mesmo tempo que demonstram individualidade e estilo. A caixa foi cuidadosamente tratada para garantir resist\u00eancia ao desgaste e propriedades antiderrapantes, combinando est\u00e9tica e praticidade.<\/p><h2>L\u00edquido eletr\u00f3nico pr\u00e9-cheio de grande capacidade<\/h2><p>Cada Bang King 15000 Peach Ice est\u00e1 pr\u00e9-cheio com 25 ml de e-l\u00edquido de primeira qualidade, significativamente mais do que os cigarros electr\u00f3nicos convencionais, para uma utiliza\u00e7\u00e3o duradoura. O e-l\u00edquido \u00e9 feito de ingredientes de alta qualidade, oferecendo uma sensa\u00e7\u00e3o suave na garganta e uma grande variedade de sabores, para uma satisfa\u00e7\u00e3o consistente em cada tragada.<\/p><h2>V\u00e1rias concentra\u00e7\u00f5es de nicotina dispon\u00edveis<\/h2><p>O Bang King 15000 Peach Ice oferece quatro dosagens de sais de nicotina: 0 %, 2 %, 3 % e 5 %, para satisfazer as necessidades de diferentes utilizadores. A op\u00e7\u00e3o 0 % sem nicotina \u00e9 ideal para quem procura um sabor mais puro, enquanto a op\u00e7\u00e3o 5 % com nicotina oferece uma experi\u00eancia satisfat\u00f3ria para os utilizadores regulares. Esta flexibilidade significa que todos podem encontrar a experi\u00eancia certa para si.<\/p><p>Um \u00fanico cigarro eletr\u00f3nico Bang King 15000 Peach Ice d\u00e1 at\u00e9 15.000 baforadas e a sua autonomia excecional permite-lhe n\u00e3o ter de substituir o dispositivo com frequ\u00eancia. Quer seja para uso di\u00e1rio ou em viagem, este cigarro eletr\u00f3nico oferece um conforto duradouro e simplifica as recargas.<\/p><h2>Tecnologia de resist\u00eancia da malha<\/h2><p>Este cigarro eletr\u00f3nico possui uma avan\u00e7ada resist\u00eancia Mesh, que oferece uma atomiza\u00e7\u00e3o mais uniforme e um aquecimento mais est\u00e1vel do que as resist\u00eancias tradicionais, garantindo um vapor suave e aut\u00eantico. A estrutura Mesh tamb\u00e9m prolonga a vida \u00fatil da resist\u00eancia e reduz os odores a queimado, garantindo um vapor de alta qualidade em cada tragada.<\/p><p>Compacto e leve, o Bang King 15000 Peach Ice \u00e9 f\u00e1cil de transportar e cabe perfeitamente num bolso ou numa mochila. Fabricado com materiais de alta resist\u00eancia, \u00e9 resistente a quedas e dur\u00e1vel, mantendo o seu aspeto e desempenho mesmo com uma utiliza\u00e7\u00e3o di\u00e1ria frequente.<\/p><h2>Bateria recarreg\u00e1vel de alta capacidade<\/h2><p>Equipado com uma bateria incorporada de cerca de 550 mAh, o Bang King 15000 Peach Ice oferece uma dura\u00e7\u00e3o de bateria impressionante. Gra\u00e7as \u00e0 tecnologia de carregamento r\u00e1pido USB-C, os utilizadores podem recarregar rapidamente o telem\u00f3vel, reduzindo o tempo de espera. Um sistema de gest\u00e3o da bateria optimiza o consumo de energia, garantindo um funcionamento est\u00e1vel e duradouro.<\/p>\t\t\t\t\t\t\t\t<\/div>\n\t\t\t\t<\/div>\n\t\t\t\t\t<\/div>\n\t\t\t\t<\/div>\n\t\t\t\t<\/div>","protected":false},"excerpt":{"rendered":"<p>La saveur unique de la P\u00eache Glac\u00e9e r\u00e9side dans sa douceur discr\u00e8te, offrant une finale rafra\u00eechissante, comme siroter un cocktail de p\u00eaches l\u00e9g\u00e8rement frais au bord de la Seine. Sa l\u00e9g\u00e8ret\u00e9 et sa pr\u00e9sence en font une exp\u00e9rience conviviale apaisante et rafra\u00eechissante. Saveur P\u00eache\u00a0: Fruit\u00e9 authentique\u00a0: La premi\u00e8re bouff\u00e9e de fum\u00e9e r\u00e9v\u00e8le l&rsquo;ar\u00f4me naturel des [&hellip;]<\/p>\n","protected":false},"featured_media":6244,"comment_status":"open","ping_status":"closed","template":"","meta":{"site-sidebar-layout":"no-sidebar","site-content-layout":"page-builder","ast-site-content-layout":"normal-width-container","site-content-style":"default","site-sidebar-style":"default","ast-global-header-display":"","ast-banner-title-visibility":"","ast-main-header-display":"","ast-hfb-above-header-display":"","ast-hfb-below-header-display":"","ast-hfb-mobile-header-display":"","site-post-title":"disabled","ast-breadcrumbs-content":"","ast-featured-img":"disabled","footer-sml-layout":"","ast-disable-related-posts":"","theme-transparent-header-meta":"default","adv-header-id-meta":"","stick-header-meta":"default","header-above-stick-meta":"","header-main-stick-meta":"","header-below-stick-meta":"","astra-migrate-meta-layouts":"set","ast-page-background-enabled":"default","ast-page-background-meta":{"desktop":{"background-color":"","background-image":"","background-repeat":"repeat","background-position":"center center","background-size":"auto","background-attachment":"scroll","background-type":"","background-media":"","overlay-type":"","overlay-color":"","overlay-opacity":"","overlay-gradient":""},"tablet":{"background-color":"","background-image":"","background-repeat":"repeat","background-position":"center center","background-size":"auto","background-attachment":"scroll","background-type":"","background-media":"","overlay-type":"","overlay-color":"","overlay-opacity":"","overlay-gradient":""},"mobile":{"background-color":"","background-image":"","background-repeat":"repeat","background-position":"center center","background-size":"auto","background-attachment":"scroll","background-type":"","background-media":"","overlay-type":"","overlay-color":"","overlay-opacity":"","overlay-gradient":""}},"ast-content-background-meta":{"desktop":{"background-color":"var(--ast-global-color-5)","background-image":"","background-repeat":"repeat","background-position":"center center","background-size":"auto","background-attachment":"scroll","background-type":"","background-media":"","overlay-type":"","overlay-color":"","overlay-opacity":"","overlay-gradient":""},"tablet":{"background-color":"var(--ast-global-color-5)","background-image":"","background-repeat":"repeat","background-position":"center center","background-size":"auto","background-attachment":"scroll","background-type":"","background-media":"","overlay-type":"","overlay-color":"","overlay-opacity":"","overlay-gradient":""},"mobile":{"background-color":"var(--ast-global-color-5)","background-image":"","background-repeat":"repeat","background-position":"center center","background-size":"auto","background-attachment":"scroll","background-type":"","background-media":"","overlay-type":"","overlay-color":"","overlay-opacity":"","overlay-gradient":""}}},"product_brand":[52],"product_cat":[56,80,15],"product_tag":[],"class_list":{"0":"post-6533","1":"product","2":"type-product","3":"status-publish","4":"has-post-thumbnail","6":"product_brand-bang-king","7":"product_cat-bang-king-15000-est-equipee-dune-resistance-mesh-nouvelle-generation","8":"product_cat-puff-15k","9":"product_cat-magasin-cigarette-electronique","10":"desktop-align-center","11":"tablet-align-center","12":"mobile-align-center","13":"ast-product-gallery-layout-horizontal","14":"ast-product-gallery-with-no-image","15":"ast-product-single-variable","16":"ast-product-tabs-layout-horizontal","17":"ast-qv-on-image","19":"first","20":"instock","21":"sale","22":"shipping-taxable","23":"purchasable","24":"product-type-variable","25":"has-default-attributes"},"tiered_pricing_type":"fixed","tiered_pricing_fixed_rules":{"50":6.05,"100":5.59},"tiered_pricing_product_settings":{"layout":"default","base_unit_name":{"singular":null,"plural":null},"default_variation":null},"tiered_pricing_minimum_quantity":null,"tiered_pricing_roles_data":[],"tiered_pricing_percentage_rules":[],"_links":{"self":[{"href":"https:\/\/puffvapestore.com\/pt\/wp-json\/wp\/v2\/product\/6533","targetHints":{"allow":["GET"]}}],"collection":[{"href":"https:\/\/puffvapestore.com\/pt\/wp-json\/wp\/v2\/product"}],"about":[{"href":"https:\/\/puffvapestore.com\/pt\/wp-json\/wp\/v2\/types\/product"}],"replies":[{"embeddable":true,"href":"https:\/\/puffvapestore.com\/pt\/wp-json\/wp\/v2\/comments?post=6533"}],"version-history":[{"count":7,"href":"https:\/\/puffvapestore.com\/pt\/wp-json\/wp\/v2\/product\/6533\/revisions"}],"predecessor-version":[{"id":6625,"href":"https:\/\/puffvapestore.com\/pt\/wp-json\/wp\/v2\/product\/6533\/revisions\/6625"}],"wp:featuredmedia":[{"embeddable":true,"href":"https:\/\/puffvapestore.com\/pt\/wp-json\/wp\/v2\/media\/6244"}],"wp:attachment":[{"href":"https:\/\/puffvapestore.com\/pt\/wp-json\/wp\/v2\/media?parent=6533"}],"wp:term":[{"taxonomy":"product_brand","embeddable":true,"href":"https:\/\/puffvapestore.com\/pt\/wp-json\/wp\/v2\/product_brand?post=6533"},{"taxonomy":"product_cat","embeddable":true,"href":"https:\/\/puffvapestore.com\/pt\/wp-json\/wp\/v2\/product_cat?post=6533"},{"taxonomy":"product_tag","embeddable":true,"href":"https:\/\/puffvapestore.com\/pt\/wp-json\/wp\/v2\/product_tag?post=6533"}],"curies":[{"name":"wp","href":"https:\/\/api.w.org\/{rel}","templated":true}]}}