{"id":6522,"date":"2025-08-07T01:25:40","date_gmt":"2025-08-07T01:25:40","guid":{"rendered":"https:\/\/puffvapestore.com\/?post_type=product&#038;p=6522"},"modified":"2026-01-19T10:52:38","modified_gmt":"2026-01-19T10:52:38","slug":"aloe-grape-bang-king-15000-moderement-sucre","status":"publish","type":"product","link":"https:\/\/puffvapestore.com\/pt\/product\/uva-de-aloe-bang-king-15000-acucar-moderado\/","title":{"rendered":"Uva Alo\u00e9 - Bang King 15K"},"content":{"rendered":"<div data-elementor-type=\"wp-post\" data-elementor-id=\"6522\" class=\"elementor elementor-6522\">\n\t\t\t\t<div class=\"elementor-element elementor-element-08c26f9 e-flex e-con-boxed e-con e-parent\" data-id=\"08c26f9\" data-element_type=\"container\" data-e-type=\"container\">\n\t\t\t\t\t<div class=\"e-con-inner\">\n\t\t\t\t<div class=\"elementor-element elementor-element-a005a97 elementor-widget elementor-widget-text-editor\" data-id=\"a005a97\" data-element_type=\"widget\" data-e-type=\"widget\" data-widget_type=\"text-editor.default\">\n\t\t\t\t<div class=\"elementor-widget-container\">\n\t\t\t\t\t\t\t\t\t<p>O sabor Alo\u00e9 Raisin do Bang King 15000 oferece um aroma frutado aut\u00eantico, moderadamente doce, com um sabor refrescante e persistente, ideal para quem prefere um sabor natural e fresco. Se preferir uma experi\u00eancia de vaporiza\u00e7\u00e3o n\u00e3o enjoativa, ligeiramente refrescante e autenticamente frutada, vale a pena experimentar este sabor de Alo\u00e9 Passas.<\/p><h2>Aroma de uva - Nota principal<\/h2><p>Moderadamente doce: Ao contr\u00e1rio de alguns aromas de uva, o sabor de uva do Bang King oferece um aroma frutado natural com uma ligeira acidez, mais pr\u00f3ximo do sabor aut\u00eantico das uvas roxas frescas.<\/p><p>Ricamente frutado: Desde o primeiro gole, o fumo proporciona um aroma rico e sumarento, com nuances distintas e uma sensa\u00e7\u00e3o inebriante, evocando a sensa\u00e7\u00e3o de explos\u00e3o de uvas acabadas de esmagar.<\/p><p>Suave e macio: A textura das uvas no fumo n\u00e3o irrita a garganta, deixando um final sedoso e persistente.<\/p><h2>Aroma de Alo\u00e9 vera: uma nota subtil e distinta<\/h2><p>Fresco e herb\u00e1ceo: O Alo\u00e9 vera liberta um aroma ligeiramente fresco e herb\u00e1ceo, semelhante \u00e0 frescura do pepino ou do sumo de cana-de-a\u00e7\u00facar, conferindo um toque de frescura ao conjunto.<\/p><p>Subtil, sem excessos: o Alo\u00e9 vera n\u00e3o mascara a nota de uva, mas aparece entre a inspira\u00e7\u00e3o e a expira\u00e7\u00e3o, lubrificando e limpando a boca, deixando uma experi\u00eancia de sabor puro e n\u00e3o oleoso.<\/p><h2>Recarreg\u00e1vel, design amigo do ambiente<\/h2><p>Com a sua bateria recarreg\u00e1vel USB-C incorporada, reduz o impacto ambiental dos cigarros electr\u00f3nicos descart\u00e1veis. Os utilizadores podem recarregar a bateria rapidamente e retomar a utiliza\u00e7\u00e3o em qualquer altura e em qualquer lugar, combinando praticidade com durabilidade. Este design n\u00e3o s\u00f3 poupa dinheiro, como tamb\u00e9m \u00e9 amigo do ambiente.<\/p><p>O Bang King 15000 Aloe Grape tem um design elegante e ergon\u00f3mico, garantindo uma ader\u00eancia confort\u00e1vel e uma longa vida \u00fatil. A sua estrutura leve e as suas cores modernas melhoram a experi\u00eancia do utilizador, ao mesmo tempo que demonstram individualidade e estilo. A sua caixa foi cuidadosamente tratada para garantir resist\u00eancia ao desgaste e propriedades antiderrapantes, combinando est\u00e9tica e praticidade.<\/p><h2>L\u00edquido eletr\u00f3nico pr\u00e9-cheio de grande capacidade<\/h2><p>Cada Bang King 15000 Aloe Grape est\u00e1 pr\u00e9-cheio com 25 ml de e-l\u00edquido de primeira qualidade, significativamente mais do que os cigarros electr\u00f3nicos convencionais, para uma utiliza\u00e7\u00e3o duradoura. O e-l\u00edquido \u00e9 feito de ingredientes de alta qualidade, oferecendo uma sensa\u00e7\u00e3o suave na garganta e uma grande variedade de sabores, para uma satisfa\u00e7\u00e3o consistente em cada tragada.<\/p><h2>V\u00e1rias concentra\u00e7\u00f5es de nicotina dispon\u00edveis<\/h2><p>O Bang King 15000 Aloe Grape oferece quatro dosagens de sais de nicotina: 0 %, 2 %, 3 % e 5 %, para satisfazer as necessidades de diferentes utilizadores. A op\u00e7\u00e3o 0 % sem nicotina \u00e9 ideal para quem procura um sabor mais puro, enquanto a op\u00e7\u00e3o 5 % com nicotina oferece uma experi\u00eancia satisfat\u00f3ria para os utilizadores regulares. Esta flexibilidade significa que todos podem encontrar a experi\u00eancia certa para si.<\/p><p>Um \u00fanico cigarro eletr\u00f3nico Bang King 15000 d\u00e1 at\u00e9 15.000 baforadas e a sua excecional autonomia significa que n\u00e3o \u00e9 necess\u00e1rio substituir o dispositivo com frequ\u00eancia. Quer seja para uso di\u00e1rio ou em viagem, este cigarro eletr\u00f3nico oferece um conforto duradouro e simplifica as recargas.<\/p><h2>Tecnologia de resist\u00eancia da malha<\/h2><p>Este cigarro eletr\u00f3nico possui uma avan\u00e7ada resist\u00eancia Mesh, que oferece uma atomiza\u00e7\u00e3o mais uniforme e um aquecimento mais est\u00e1vel do que as resist\u00eancias tradicionais, garantindo um vapor suave e aut\u00eantico. A estrutura Mesh tamb\u00e9m prolonga a vida \u00fatil da resist\u00eancia e reduz os odores a queimado, garantindo um vapor de alta qualidade em cada tragada.<\/p><p>Compacto e leve, o Bang King 15000 Aloe Grape \u00e9 f\u00e1cil de transportar, cabendo perfeitamente num bolso ou numa mochila. Fabricado com materiais de alta resist\u00eancia, \u00e9 resistente a quedas e dur\u00e1vel, mantendo o seu aspeto e desempenho mesmo com uma utiliza\u00e7\u00e3o di\u00e1ria frequente.<\/p><h2>Bateria recarreg\u00e1vel de alta capacidade<\/h2><p>Equipado com uma bateria integrada de cerca de 550 mAh, o Bang King 15000 oferece uma autonomia impressionante. Gra\u00e7as \u00e0 tecnologia de carregamento r\u00e1pido USB-C, os utilizadores podem recarregar rapidamente o telem\u00f3vel, reduzindo o tempo de espera. Um sistema de gest\u00e3o da bateria optimiza o consumo de energia, garantindo um funcionamento est\u00e1vel e duradouro.<\/p>\t\t\t\t\t\t\t\t<\/div>\n\t\t\t\t<\/div>\n\t\t\t\t\t<\/div>\n\t\t\t\t<\/div>\n\t\t\t\t<\/div>","protected":false},"excerpt":{"rendered":"<p>L&rsquo;ar\u00f4me Aloe Raisin du Bang King 15000 offre un ar\u00f4me fruit\u00e9 authentique et mod\u00e9r\u00e9ment sucr\u00e9, avec une saveur rafra\u00eechissante et persistante, id\u00e9al pour ceux qui pr\u00e9f\u00e8rent un go\u00fbt naturel et frais. Si vous pr\u00e9f\u00e9rez une exp\u00e9rience de vapotage non \u00e9coeurante, l\u00e9g\u00e8rement rafra\u00eechissante et authentiquement fruit\u00e9e, cet ar\u00f4me Aloe Raisin vaut vraiment le d\u00e9tour. Ar\u00f4me Raisin [&hellip;]<\/p>\n","protected":false},"featured_media":6234,"comment_status":"open","ping_status":"closed","template":"","meta":{"site-sidebar-layout":"no-sidebar","site-content-layout":"page-builder","ast-site-content-layout":"normal-width-container","site-content-style":"default","site-sidebar-style":"default","ast-global-header-display":"","ast-banner-title-visibility":"","ast-main-header-display":"","ast-hfb-above-header-display":"","ast-hfb-below-header-display":"","ast-hfb-mobile-header-display":"","site-post-title":"disabled","ast-breadcrumbs-content":"","ast-featured-img":"disabled","footer-sml-layout":"","ast-disable-related-posts":"","theme-transparent-header-meta":"default","adv-header-id-meta":"","stick-header-meta":"default","header-above-stick-meta":"","header-main-stick-meta":"","header-below-stick-meta":"","astra-migrate-meta-layouts":"set","ast-page-background-enabled":"default","ast-page-background-meta":{"desktop":{"background-color":"","background-image":"","background-repeat":"repeat","background-position":"center center","background-size":"auto","background-attachment":"scroll","background-type":"","background-media":"","overlay-type":"","overlay-color":"","overlay-opacity":"","overlay-gradient":""},"tablet":{"background-color":"","background-image":"","background-repeat":"repeat","background-position":"center center","background-size":"auto","background-attachment":"scroll","background-type":"","background-media":"","overlay-type":"","overlay-color":"","overlay-opacity":"","overlay-gradient":""},"mobile":{"background-color":"","background-image":"","background-repeat":"repeat","background-position":"center center","background-size":"auto","background-attachment":"scroll","background-type":"","background-media":"","overlay-type":"","overlay-color":"","overlay-opacity":"","overlay-gradient":""}},"ast-content-background-meta":{"desktop":{"background-color":"var(--ast-global-color-5)","background-image":"","background-repeat":"repeat","background-position":"center center","background-size":"auto","background-attachment":"scroll","background-type":"","background-media":"","overlay-type":"","overlay-color":"","overlay-opacity":"","overlay-gradient":""},"tablet":{"background-color":"var(--ast-global-color-5)","background-image":"","background-repeat":"repeat","background-position":"center center","background-size":"auto","background-attachment":"scroll","background-type":"","background-media":"","overlay-type":"","overlay-color":"","overlay-opacity":"","overlay-gradient":""},"mobile":{"background-color":"var(--ast-global-color-5)","background-image":"","background-repeat":"repeat","background-position":"center center","background-size":"auto","background-attachment":"scroll","background-type":"","background-media":"","overlay-type":"","overlay-color":"","overlay-opacity":"","overlay-gradient":""}}},"product_brand":[52],"product_cat":[56,80,15],"product_tag":[],"class_list":{"0":"post-6522","1":"product","2":"type-product","3":"status-publish","4":"has-post-thumbnail","6":"product_brand-bang-king","7":"product_cat-bang-king-15000-est-equipee-dune-resistance-mesh-nouvelle-generation","8":"product_cat-puff-15k","9":"product_cat-magasin-cigarette-electronique","10":"desktop-align-center","11":"tablet-align-center","12":"mobile-align-center","13":"ast-product-gallery-layout-horizontal","14":"ast-product-gallery-with-no-image","15":"ast-product-single-variable","16":"ast-product-tabs-layout-horizontal","17":"ast-qv-on-image","19":"first","20":"instock","21":"sale","22":"shipping-taxable","23":"purchasable","24":"product-type-variable","25":"has-default-attributes"},"tiered_pricing_type":"fixed","tiered_pricing_fixed_rules":{"50":6.05,"100":5.59},"tiered_pricing_product_settings":{"layout":"default","base_unit_name":{"singular":null,"plural":null},"default_variation":null},"tiered_pricing_minimum_quantity":null,"tiered_pricing_roles_data":[],"tiered_pricing_percentage_rules":[],"_links":{"self":[{"href":"https:\/\/puffvapestore.com\/pt\/wp-json\/wp\/v2\/product\/6522","targetHints":{"allow":["GET"]}}],"collection":[{"href":"https:\/\/puffvapestore.com\/pt\/wp-json\/wp\/v2\/product"}],"about":[{"href":"https:\/\/puffvapestore.com\/pt\/wp-json\/wp\/v2\/types\/product"}],"replies":[{"embeddable":true,"href":"https:\/\/puffvapestore.com\/pt\/wp-json\/wp\/v2\/comments?post=6522"}],"version-history":[{"count":7,"href":"https:\/\/puffvapestore.com\/pt\/wp-json\/wp\/v2\/product\/6522\/revisions"}],"predecessor-version":[{"id":6626,"href":"https:\/\/puffvapestore.com\/pt\/wp-json\/wp\/v2\/product\/6522\/revisions\/6626"}],"wp:featuredmedia":[{"embeddable":true,"href":"https:\/\/puffvapestore.com\/pt\/wp-json\/wp\/v2\/media\/6234"}],"wp:attachment":[{"href":"https:\/\/puffvapestore.com\/pt\/wp-json\/wp\/v2\/media?parent=6522"}],"wp:term":[{"taxonomy":"product_brand","embeddable":true,"href":"https:\/\/puffvapestore.com\/pt\/wp-json\/wp\/v2\/product_brand?post=6522"},{"taxonomy":"product_cat","embeddable":true,"href":"https:\/\/puffvapestore.com\/pt\/wp-json\/wp\/v2\/product_cat?post=6522"},{"taxonomy":"product_tag","embeddable":true,"href":"https:\/\/puffvapestore.com\/pt\/wp-json\/wp\/v2\/product_tag?post=6522"}],"curies":[{"name":"wp","href":"https:\/\/api.w.org\/{rel}","templated":true}]}}