{"id":6495,"date":"2025-08-11T06:11:27","date_gmt":"2025-08-11T06:11:27","guid":{"rendered":"https:\/\/puffvapestore.com\/?post_type=product&#038;p=6495"},"modified":"2026-01-19T10:52:39","modified_gmt":"2026-01-19T10:52:39","slug":"lush-ice-bang-king-15000-debordez-instantanement-daromes-rafraichissants","status":"publish","type":"product","link":"https:\/\/puffvapestore.com\/pt\/product\/lush-ice-bang-king-15000-transbordam-instantaneamente-aromas-refrescantes\/","title":{"rendered":"Lush Ice - Bang King 15K"},"content":{"rendered":"<div data-elementor-type=\"wp-post\" data-elementor-id=\"6495\" class=\"elementor elementor-6495\">\n\t\t\t\t<div class=\"elementor-element elementor-element-08c26f9 e-flex e-con-boxed e-con e-parent\" data-id=\"08c26f9\" data-element_type=\"container\" data-e-type=\"container\">\n\t\t\t\t\t<div class=\"e-con-inner\">\n\t\t\t\t<div class=\"elementor-element elementor-element-a005a97 elementor-widget elementor-widget-text-editor\" data-id=\"a005a97\" data-element_type=\"widget\" data-e-type=\"widget\" data-widget_type=\"text-editor.default\">\n\t\t\t\t<div class=\"elementor-widget-container\">\n\t\t\t\t\t\t\t\t\t<p>O cigarro eletr\u00f3nico Bang King 15000 Lush Ice, com o seu design ergon\u00f3mico, \u00e9 uma verdadeira joia de design. Assim que se inala, o aroma refrescante da melancia e da menta leve enche instantaneamente a boca, oferecendo uma do\u00e7ura subtil e uma sensa\u00e7\u00e3o fresca e gelada, como o primeiro gole de sumo de melancia gelado na costa sul de Fran\u00e7a no ver\u00e3o: refrescante e saciante.<\/p><h2>Sabor dominante a melancia:<\/h2><p>Verdadeiramente frutado: O sabor a melancia do Bang King \u00e9 menos doce do que um doce artificial, lembrando mais uma melancia acabada de cortar, com um toque de fruta natural.<\/p><p>Aroma frutado intenso: Uma ligeira nota de mel\u00e3o ou pepino complementa o sabor da melancia, criando uma sensa\u00e7\u00e3o doce e refrescante.<\/p><h2>Refrescante menta\/mentol :<\/h2><p>Sensa\u00e7\u00e3o de frescura percet\u00edvel mas n\u00e3o irritante: Oferece uma sensa\u00e7\u00e3o subtil de frescura, como um cubo de gelo a derreter lentamente na l\u00edngua.<\/p><p>Final de boca limpo: Ap\u00f3s a expira\u00e7\u00e3o, um aroma fresco e puro a menta permanece no paladar, ajudando a dissipar a do\u00e7ura excessiva dos sabores frutados e a equilibrar o perfil arom\u00e1tico global.<\/p><h2>Experi\u00eancia geral com Lush Ice :<\/h2><p>O fumo \u00e9 suave no paladar, com uma sensa\u00e7\u00e3o de suavidade na garganta: n\u00e3o irrita a garganta, o que o torna ideal para uma utiliza\u00e7\u00e3o prolongada, especialmente para aqueles que preferem um sabor refrescante.<\/p><p>De longa dura\u00e7\u00e3o, n\u00e3o gorduroso: Apesar da sua mistura frutada e gelada, o efeito global n\u00e3o \u00e9 gorduroso nem demasiado forte, o que o torna um sabor agrad\u00e1vel para o dia a dia.<\/p><p>Final longo: Um aroma refrescante e doce, semelhante a uma combina\u00e7\u00e3o de sumo de melancia e rebu\u00e7ados de menta, permanece na garganta e na boca, deixando uma sensa\u00e7\u00e3o agradavelmente refrescante.<\/p><h2>Grande capacidade de armazenamento de e-l\u00edquido<\/h2><p>O Bang King 15000 Lush Ice est\u00e1 pr\u00e9-cheio com 25 ml de e-l\u00edquido de nicotina de alta qualidade, uma capacidade rara em produtos semelhantes. Isto assegura uma longa vida \u00fatil e reduz a necessidade de substitui\u00e7\u00e3o frequente do dispositivo.<\/p><p>Cada cigarro eletr\u00f3nico Bang King 15000 Lush Ice oferece at\u00e9 15 000 baforadas, muito mais do que a maioria dos cigarros electr\u00f3nicos descart\u00e1veis no mercado, o que o torna a refer\u00eancia em termos de autonomia ultra-longa.<\/p><h2>V\u00e1rias dosagens de nicotina dispon\u00edveis<\/h2><p>Para satisfazer as prefer\u00eancias dos utilizadores e as suas necessidades de cessa\u00e7\u00e3o tab\u00e1gica, o Bang King 15000 Lush Ice est\u00e1 dispon\u00edvel em quatro dosagens de sais de nicotina: 0 %, 2 %, 3 % e 5 %. Quer pretenda deixar de fumar completamente ou optar por uma dosagem mais elevada, encontrar\u00e1 certamente a op\u00e7\u00e3o ideal.<\/p><p>Este cigarro eletr\u00f3nico utiliza uma resist\u00eancia de malha de nova gera\u00e7\u00e3o para um aquecimento uniforme do e-l\u00edquido e uma atomiza\u00e7\u00e3o eficiente. Em compara\u00e7\u00e3o com as resist\u00eancias tradicionais, oferece uma atomiza\u00e7\u00e3o mais fina, um sabor mais rico e um maior volume de vapor, melhorando a experi\u00eancia do utilizador.<\/p><h2>Design ecol\u00f3gico e recarreg\u00e1vel<\/h2><p>Tem uma bateria integrada de 550 mAh com recarga r\u00e1pida atrav\u00e9s de USB-C. Este design recarreg\u00e1vel prolonga significativamente a sua vida \u00fatil e \u00e9 mais ecol\u00f3gico do que os dispositivos descart\u00e1veis, satisfazendo os requisitos de sustentabilidade dos utilizadores modernos.<\/p><p>O Bang King 15000 Lush Ice tem um design ergon\u00f3mico e um aspeto moderno. O toque, a textura e a est\u00e9tica reflectem a aten\u00e7\u00e3o dada \u00e0 experi\u00eancia do utilizador, combinando conforto e estilo.<\/p><p>Apesar das suas potentes funcionalidades e da grande capacidade de armazenamento, o Bang King 15000 Lush Ice mant\u00e9m um design compacto e port\u00e1til, f\u00e1cil de transportar e adequado a qualquer estilo de vida. Al\u00e9m disso, \u00e9 fabricado com materiais dur\u00e1veis, pelo que \u00e9 resistente a quedas e duradouro, garantindo uma utiliza\u00e7\u00e3o est\u00e1vel a longo prazo.<\/p>\t\t\t\t\t\t\t\t<\/div>\n\t\t\t\t<\/div>\n\t\t\t\t\t<\/div>\n\t\t\t\t<\/div>\n\t\t\t\t<\/div>","protected":false},"excerpt":{"rendered":"<p>La cigarette \u00e9lectronique Lush Ice de Bang King 15000, au design ergonomique, est un v\u00e9ritable bijou de design. D\u00e8s l&rsquo;inhalation, l&rsquo;ar\u00f4me rafra\u00eechissant de past\u00e8que et de menthe l\u00e9g\u00e8re emplit instantan\u00e9ment votre bouche, offrant une douceur subtile et une sensation fra\u00eeche et glac\u00e9e, comme la premi\u00e8re gorg\u00e9e de jus de past\u00e8que glac\u00e9 sur la c\u00f4te sud [&hellip;]<\/p>\n","protected":false},"featured_media":6243,"comment_status":"open","ping_status":"closed","template":"","meta":{"site-sidebar-layout":"no-sidebar","site-content-layout":"page-builder","ast-site-content-layout":"normal-width-container","site-content-style":"default","site-sidebar-style":"default","ast-global-header-display":"","ast-banner-title-visibility":"","ast-main-header-display":"","ast-hfb-above-header-display":"","ast-hfb-below-header-display":"","ast-hfb-mobile-header-display":"","site-post-title":"disabled","ast-breadcrumbs-content":"","ast-featured-img":"disabled","footer-sml-layout":"","ast-disable-related-posts":"","theme-transparent-header-meta":"default","adv-header-id-meta":"","stick-header-meta":"default","header-above-stick-meta":"","header-main-stick-meta":"","header-below-stick-meta":"","astra-migrate-meta-layouts":"set","ast-page-background-enabled":"default","ast-page-background-meta":{"desktop":{"background-color":"","background-image":"","background-repeat":"repeat","background-position":"center center","background-size":"auto","background-attachment":"scroll","background-type":"","background-media":"","overlay-type":"","overlay-color":"","overlay-opacity":"","overlay-gradient":""},"tablet":{"background-color":"","background-image":"","background-repeat":"repeat","background-position":"center center","background-size":"auto","background-attachment":"scroll","background-type":"","background-media":"","overlay-type":"","overlay-color":"","overlay-opacity":"","overlay-gradient":""},"mobile":{"background-color":"","background-image":"","background-repeat":"repeat","background-position":"center center","background-size":"auto","background-attachment":"scroll","background-type":"","background-media":"","overlay-type":"","overlay-color":"","overlay-opacity":"","overlay-gradient":""}},"ast-content-background-meta":{"desktop":{"background-color":"var(--ast-global-color-5)","background-image":"","background-repeat":"repeat","background-position":"center center","background-size":"auto","background-attachment":"scroll","background-type":"","background-media":"","overlay-type":"","overlay-color":"","overlay-opacity":"","overlay-gradient":""},"tablet":{"background-color":"var(--ast-global-color-5)","background-image":"","background-repeat":"repeat","background-position":"center center","background-size":"auto","background-attachment":"scroll","background-type":"","background-media":"","overlay-type":"","overlay-color":"","overlay-opacity":"","overlay-gradient":""},"mobile":{"background-color":"var(--ast-global-color-5)","background-image":"","background-repeat":"repeat","background-position":"center center","background-size":"auto","background-attachment":"scroll","background-type":"","background-media":"","overlay-type":"","overlay-color":"","overlay-opacity":"","overlay-gradient":""}}},"product_brand":[52],"product_cat":[56,80,15],"product_tag":[],"class_list":{"0":"post-6495","1":"product","2":"type-product","3":"status-publish","4":"has-post-thumbnail","6":"product_brand-bang-king","7":"product_cat-bang-king-15000-est-equipee-dune-resistance-mesh-nouvelle-generation","8":"product_cat-puff-15k","9":"product_cat-magasin-cigarette-electronique","10":"desktop-align-center","11":"tablet-align-center","12":"mobile-align-center","13":"ast-product-gallery-layout-horizontal","14":"ast-product-gallery-with-no-image","15":"ast-product-single-variable","16":"ast-product-tabs-layout-horizontal","17":"ast-qv-on-image","19":"first","20":"instock","21":"sale","22":"shipping-taxable","23":"purchasable","24":"product-type-variable","25":"has-default-attributes"},"tiered_pricing_type":"fixed","tiered_pricing_fixed_rules":{"50":6.05,"100":5.59},"tiered_pricing_product_settings":{"layout":"default","base_unit_name":{"singular":null,"plural":null},"default_variation":null},"tiered_pricing_minimum_quantity":null,"tiered_pricing_roles_data":[],"tiered_pricing_percentage_rules":[],"_links":{"self":[{"href":"https:\/\/puffvapestore.com\/pt\/wp-json\/wp\/v2\/product\/6495","targetHints":{"allow":["GET"]}}],"collection":[{"href":"https:\/\/puffvapestore.com\/pt\/wp-json\/wp\/v2\/product"}],"about":[{"href":"https:\/\/puffvapestore.com\/pt\/wp-json\/wp\/v2\/types\/product"}],"replies":[{"embeddable":true,"href":"https:\/\/puffvapestore.com\/pt\/wp-json\/wp\/v2\/comments?post=6495"}],"version-history":[{"count":11,"href":"https:\/\/puffvapestore.com\/pt\/wp-json\/wp\/v2\/product\/6495\/revisions"}],"predecessor-version":[{"id":6627,"href":"https:\/\/puffvapestore.com\/pt\/wp-json\/wp\/v2\/product\/6495\/revisions\/6627"}],"wp:featuredmedia":[{"embeddable":true,"href":"https:\/\/puffvapestore.com\/pt\/wp-json\/wp\/v2\/media\/6243"}],"wp:attachment":[{"href":"https:\/\/puffvapestore.com\/pt\/wp-json\/wp\/v2\/media?parent=6495"}],"wp:term":[{"taxonomy":"product_brand","embeddable":true,"href":"https:\/\/puffvapestore.com\/pt\/wp-json\/wp\/v2\/product_brand?post=6495"},{"taxonomy":"product_cat","embeddable":true,"href":"https:\/\/puffvapestore.com\/pt\/wp-json\/wp\/v2\/product_cat?post=6495"},{"taxonomy":"product_tag","embeddable":true,"href":"https:\/\/puffvapestore.com\/pt\/wp-json\/wp\/v2\/product_tag?post=6495"}],"curies":[{"name":"wp","href":"https:\/\/api.w.org\/{rel}","templated":true}]}}