{"id":6473,"date":"2025-08-05T08:11:49","date_gmt":"2025-08-05T08:11:49","guid":{"rendered":"https:\/\/puffvapestore.com\/?post_type=product&#038;p=6473"},"modified":"2026-01-19T10:52:38","modified_gmt":"2026-01-19T10:52:38","slug":"cotton-candy-bang-king-15000-cree-une-base-douce-et-sucree","status":"publish","type":"product","link":"https:\/\/puffvapestore.com\/pt\/product\/algodao-doce-bang-king-15000-cria-uma-base-suave-e-doce\/","title":{"rendered":"Algod\u00e3o doce - Bang King 15000"},"content":{"rendered":"<div data-elementor-type=\"wp-post\" data-elementor-id=\"6473\" class=\"elementor elementor-6473\">\n\t\t\t\t<div class=\"elementor-element elementor-element-08c26f9 e-flex e-con-boxed e-con e-parent\" data-id=\"08c26f9\" data-element_type=\"container\" data-e-type=\"container\">\n\t\t\t\t\t<div class=\"e-con-inner\">\n\t\t\t\t<div class=\"elementor-element elementor-element-a005a97 elementor-widget elementor-widget-text-editor\" data-id=\"a005a97\" data-element_type=\"widget\" data-e-type=\"widget\" data-widget_type=\"text-editor.default\">\n\t\t\t\t<div class=\"elementor-widget-container\">\n\t\t\t\t\t\t\t\t\t<p>D\u00ea uma passa no cigarro eletr\u00f3nico Bang King 15000 Cotton Candy e a resist\u00eancia da rede aquece um vapor delicado, como um parque de divers\u00f5es em miniatura. Uma nota ligeiramente doce, como o algod\u00e3o doce cor-de-rosa de um parque de divers\u00f5es parisiense, \u00e9 lentamente difundida entre o nariz e as papilas gustativas.<\/p><h2>Nota de topo : Doce e arejado<\/h2><p>Ao inalar, a primeira nota \u00e9 a do\u00e7ura cl\u00e1ssica e arejada do algod\u00e3o doce, como fios de a\u00e7\u00facar de cana que se derretem suavemente na l\u00edngua, doce sem ser enjoativo.<\/p><p>Um toque de xarope de baunilha confere-lhe uma base suave e doce.<\/p><h2>Nota de cora\u00e7\u00e3o: transi\u00e7\u00e3o suave e leitosa<\/h2><p>Ap\u00f3s a do\u00e7ura, surge uma suave nota l\u00e1ctea, sem ser demasiado forte, lembrando antes um leve aroma l\u00e1cteo misturado com leite em p\u00f3 e sacarina, que suaviza a do\u00e7ura.<\/p><h2>Nota de fundo: Final doce<\/h2><p>A expira\u00e7\u00e3o deixa um aroma subtil a a\u00e7\u00facar caramelizado com um ligeiro travo a toffee.<\/p><p>O final \u00e9 longo, sem ser avassalador. Permanece suavemente no palato, como o travo doce de um pequeno doce.<\/p><h2>Grande capacidade de armazenamento de e-l\u00edquido<\/h2><p>O Bang King 15000 Cotton Candy est\u00e1 pr\u00e9-cheio com 25 ml de e-l\u00edquido de nicotina de alta qualidade, uma capacidade rara em produtos semelhantes. Isto assegura uma longa vida \u00fatil e reduz a necessidade de substitui\u00e7\u00e3o frequente do dispositivo.<\/p><p>Cada cigarro eletr\u00f3nico Bang King 15000 Cotton Candy oferece at\u00e9 15 000 baforadas, muito mais do que a maioria dos cigarros electr\u00f3nicos descart\u00e1veis no mercado, o que o torna a refer\u00eancia em termos de autonomia ultra-longa.<\/p><h2>V\u00e1rias dosagens de nicotina dispon\u00edveis<\/h2><p>Para satisfazer as prefer\u00eancias dos utilizadores e as suas necessidades de cessa\u00e7\u00e3o do tabagismo, o Bang King 15000 est\u00e1 dispon\u00edvel em quatro dosagens de sal de nicotina: 0 %, 2 %, 3 % e 5 %. Quer pretenda deixar de fumar completamente ou optar por uma dosagem mais elevada, encontrar\u00e1 certamente a op\u00e7\u00e3o ideal.<\/p><p>Este cigarro eletr\u00f3nico utiliza uma resist\u00eancia de malha de nova gera\u00e7\u00e3o para um aquecimento uniforme do e-l\u00edquido e uma atomiza\u00e7\u00e3o eficiente. Em compara\u00e7\u00e3o com as resist\u00eancias tradicionais, oferece uma atomiza\u00e7\u00e3o mais fina, um sabor mais rico e um maior volume de vapor, melhorando a experi\u00eancia do utilizador.<\/p><h2>Design ecol\u00f3gico e recarreg\u00e1vel<\/h2><p>Tem uma bateria integrada de 550 mAh com recarga r\u00e1pida atrav\u00e9s de USB-C. Este design recarreg\u00e1vel prolonga significativamente a sua vida \u00fatil e \u00e9 mais ecol\u00f3gico do que os dispositivos descart\u00e1veis, satisfazendo os requisitos de sustentabilidade dos utilizadores modernos.<\/p><p>O Bang King 15000 Cotton Candy tem um design ergon\u00f3mico e um aspeto moderno. O toque, a textura e a est\u00e9tica reflectem a aten\u00e7\u00e3o dada \u00e0 experi\u00eancia do utilizador, combinando conforto e estilo.<\/p><p>Apesar das suas potentes funcionalidades e da grande capacidade de armazenamento, o Bang King 15000 Cotton Candy mant\u00e9m um design compacto e port\u00e1til, f\u00e1cil de transportar e adequado a todos os estilos de vida. Al\u00e9m disso, \u00e9 fabricado com materiais dur\u00e1veis, pelo que \u00e9 resistente a quedas e duradouro, garantindo uma utiliza\u00e7\u00e3o est\u00e1vel a longo prazo.<\/p>\t\t\t\t\t\t\t\t<\/div>\n\t\t\t\t<\/div>\n\t\t\t\t\t<\/div>\n\t\t\t\t<\/div>\n\t\t\t\t<\/div>","protected":false},"excerpt":{"rendered":"<p>Prenez une bouff\u00e9e de la cigarette \u00e9lectronique Bang King 15000 Barbe \u00e0 papa et la r\u00e9sistance mesh chauffe une vapeur d\u00e9licate, telle une f\u00eate foraine miniature. Une l\u00e9g\u00e8re note sucr\u00e9e, telle la barbe \u00e0 papa rose d&rsquo;un parc d&rsquo;attractions parisien, se diffuse lentement entre votre nez et vos papilles. Note de t\u00eate\u00a0: Sucr\u00e9 et a\u00e9rien [&hellip;]<\/p>\n","protected":false},"featured_media":6239,"comment_status":"open","ping_status":"closed","template":"","meta":{"site-sidebar-layout":"no-sidebar","site-content-layout":"page-builder","ast-site-content-layout":"normal-width-container","site-content-style":"default","site-sidebar-style":"default","ast-global-header-display":"","ast-banner-title-visibility":"","ast-main-header-display":"","ast-hfb-above-header-display":"","ast-hfb-below-header-display":"","ast-hfb-mobile-header-display":"","site-post-title":"disabled","ast-breadcrumbs-content":"","ast-featured-img":"disabled","footer-sml-layout":"","ast-disable-related-posts":"","theme-transparent-header-meta":"default","adv-header-id-meta":"","stick-header-meta":"default","header-above-stick-meta":"","header-main-stick-meta":"","header-below-stick-meta":"","astra-migrate-meta-layouts":"set","ast-page-background-enabled":"default","ast-page-background-meta":{"desktop":{"background-color":"","background-image":"","background-repeat":"repeat","background-position":"center center","background-size":"auto","background-attachment":"scroll","background-type":"","background-media":"","overlay-type":"","overlay-color":"","overlay-opacity":"","overlay-gradient":""},"tablet":{"background-color":"","background-image":"","background-repeat":"repeat","background-position":"center center","background-size":"auto","background-attachment":"scroll","background-type":"","background-media":"","overlay-type":"","overlay-color":"","overlay-opacity":"","overlay-gradient":""},"mobile":{"background-color":"","background-image":"","background-repeat":"repeat","background-position":"center center","background-size":"auto","background-attachment":"scroll","background-type":"","background-media":"","overlay-type":"","overlay-color":"","overlay-opacity":"","overlay-gradient":""}},"ast-content-background-meta":{"desktop":{"background-color":"var(--ast-global-color-5)","background-image":"","background-repeat":"repeat","background-position":"center center","background-size":"auto","background-attachment":"scroll","background-type":"","background-media":"","overlay-type":"","overlay-color":"","overlay-opacity":"","overlay-gradient":""},"tablet":{"background-color":"var(--ast-global-color-5)","background-image":"","background-repeat":"repeat","background-position":"center center","background-size":"auto","background-attachment":"scroll","background-type":"","background-media":"","overlay-type":"","overlay-color":"","overlay-opacity":"","overlay-gradient":""},"mobile":{"background-color":"var(--ast-global-color-5)","background-image":"","background-repeat":"repeat","background-position":"center center","background-size":"auto","background-attachment":"scroll","background-type":"","background-media":"","overlay-type":"","overlay-color":"","overlay-opacity":"","overlay-gradient":""}}},"product_brand":[52],"product_cat":[56,80,15],"product_tag":[],"class_list":{"0":"post-6473","1":"product","2":"type-product","3":"status-publish","4":"has-post-thumbnail","6":"product_brand-bang-king","7":"product_cat-bang-king-15000-est-equipee-dune-resistance-mesh-nouvelle-generation","8":"product_cat-puff-15k","9":"product_cat-magasin-cigarette-electronique","10":"desktop-align-center","11":"tablet-align-center","12":"mobile-align-center","13":"ast-product-gallery-layout-horizontal","14":"ast-product-gallery-with-no-image","15":"ast-product-single-variable","16":"ast-product-tabs-layout-horizontal","17":"ast-qv-on-image","19":"first","20":"instock","21":"sale","22":"shipping-taxable","23":"purchasable","24":"product-type-variable","25":"has-default-attributes"},"tiered_pricing_type":"fixed","tiered_pricing_fixed_rules":{"50":6.05,"100":5.59},"tiered_pricing_product_settings":{"layout":"default","base_unit_name":{"singular":null,"plural":null},"default_variation":null},"tiered_pricing_minimum_quantity":null,"tiered_pricing_roles_data":[],"tiered_pricing_percentage_rules":[],"_links":{"self":[{"href":"https:\/\/puffvapestore.com\/pt\/wp-json\/wp\/v2\/product\/6473","targetHints":{"allow":["GET"]}}],"collection":[{"href":"https:\/\/puffvapestore.com\/pt\/wp-json\/wp\/v2\/product"}],"about":[{"href":"https:\/\/puffvapestore.com\/pt\/wp-json\/wp\/v2\/types\/product"}],"replies":[{"embeddable":true,"href":"https:\/\/puffvapestore.com\/pt\/wp-json\/wp\/v2\/comments?post=6473"}],"version-history":[{"count":6,"href":"https:\/\/puffvapestore.com\/pt\/wp-json\/wp\/v2\/product\/6473\/revisions"}],"predecessor-version":[{"id":6483,"href":"https:\/\/puffvapestore.com\/pt\/wp-json\/wp\/v2\/product\/6473\/revisions\/6483"}],"wp:featuredmedia":[{"embeddable":true,"href":"https:\/\/puffvapestore.com\/pt\/wp-json\/wp\/v2\/media\/6239"}],"wp:attachment":[{"href":"https:\/\/puffvapestore.com\/pt\/wp-json\/wp\/v2\/media?parent=6473"}],"wp:term":[{"taxonomy":"product_brand","embeddable":true,"href":"https:\/\/puffvapestore.com\/pt\/wp-json\/wp\/v2\/product_brand?post=6473"},{"taxonomy":"product_cat","embeddable":true,"href":"https:\/\/puffvapestore.com\/pt\/wp-json\/wp\/v2\/product_cat?post=6473"},{"taxonomy":"product_tag","embeddable":true,"href":"https:\/\/puffvapestore.com\/pt\/wp-json\/wp\/v2\/product_tag?post=6473"}],"curies":[{"name":"wp","href":"https:\/\/api.w.org\/{rel}","templated":true}]}}