{"id":6458,"date":"2025-08-05T05:55:26","date_gmt":"2025-08-05T05:55:26","guid":{"rendered":"https:\/\/puffvapestore.com\/?post_type=product&#038;p=6458"},"modified":"2026-01-19T10:52:38","modified_gmt":"2026-01-19T10:52:38","slug":"peach-mango-bang-king-15k-vous-offre-une-touche-de-soleil-tropical","status":"publish","type":"product","link":"https:\/\/puffvapestore.com\/pt\/product\/peach-mango-bang-king-15k-da-lhe-um-toque-de-sol-tropical\/","title":{"rendered":"Manga P\u00eassego - Bang King 15000"},"content":{"rendered":"<div data-elementor-type=\"wp-post\" data-elementor-id=\"6458\" class=\"elementor elementor-6458\">\n\t\t\t\t<div class=\"elementor-element elementor-element-08c26f9 e-flex e-con-boxed e-con e-parent\" data-id=\"08c26f9\" data-element_type=\"container\" data-e-type=\"container\">\n\t\t\t\t\t<div class=\"e-con-inner\">\n\t\t\t\t<div class=\"elementor-element elementor-element-a005a97 elementor-widget elementor-widget-text-editor\" data-id=\"a005a97\" data-element_type=\"widget\" data-e-type=\"widget\" data-widget_type=\"text-editor.default\">\n\t\t\t\t<div class=\"elementor-widget-container\">\n\t\t\t\t\t\t\t\t\t<p>O sabor Peach Mango do Bang King 15000 oferece uma mistura perfeita de do\u00e7ura tropical e eleg\u00e2ncia francesa. Desde a primeira baforada, o aroma suave do p\u00eassego floresce no paladar, seguido de um rico sabor a manga, trazendo um toque de sol tropical.<\/p><p>Segurando o Bang King 15000 na m\u00e3o, d\u00e1 uma tragada suave, exalando uma baforada de fumo com os aromas doces do p\u00eassego e da manga, que se dissipa lentamente, parecendo abrandar o ritmo fren\u00e9tico da cidade moderna.<\/p><p>Carater\u00edsticas do p\u00eassego: Ao ser inalado, a primeira sensa\u00e7\u00e3o \u00e9 o aroma doce de p\u00eassegos brancos maduros, macios e sumarentos, com um sabor frutado natural semelhante ao da polpa de p\u00eassegos amarelos ou brancos acabados de cortar.<\/p><p>Carater\u00edsticas da manga: Ap\u00f3s o aroma a p\u00eassego, o sabor a manga emerge lentamente, aproximando-se de uma manga Alphonso madura, com uma textura ligeiramente leitosa e um aroma rico e doce a frutos tropicais.<\/p><p>Equil\u00edbrio agridoce: O sabor da manga tem uma ligeira acidez que equilibra a do\u00e7ura do p\u00eassego, conferindo profundidade ao sabor sem ser mon\u00f3tono.<\/p><h2>Grande capacidade de armazenamento de e-l\u00edquido<\/h2><p>O Bang King 15000 est\u00e1 pr\u00e9-cheio com 25 ml de e-l\u00edquido de nicotina e sal de alta qualidade, uma capacidade rara em produtos semelhantes. Isto assegura uma longa vida \u00fatil e reduz a necessidade de substitui\u00e7\u00e3o frequente do dispositivo.<\/p><p>Cada cigarro eletr\u00f3nico Bang King 15000 oferece at\u00e9 15 000 baforadas, muito mais do que a maioria dos cigarros electr\u00f3nicos descart\u00e1veis no mercado, o que o torna a refer\u00eancia em termos de autonomia ultra-longa.<\/p><h2>V\u00e1rias dosagens de nicotina dispon\u00edveis<\/h2><p>Para satisfazer as prefer\u00eancias dos utilizadores e as suas necessidades de cessa\u00e7\u00e3o do tabagismo, o Bang King 15000 est\u00e1 dispon\u00edvel em quatro dosagens de sal de nicotina: 0 %, 2 %, 3 % e 5 %. Quer pretenda deixar de fumar completamente ou optar por uma dosagem mais elevada, encontrar\u00e1 certamente a op\u00e7\u00e3o ideal.<\/p><p>Este cigarro eletr\u00f3nico utiliza uma resist\u00eancia de malha de nova gera\u00e7\u00e3o para um aquecimento uniforme do e-l\u00edquido e uma atomiza\u00e7\u00e3o eficiente. Em compara\u00e7\u00e3o com as resist\u00eancias tradicionais, oferece uma atomiza\u00e7\u00e3o mais fina, um sabor mais rico e um maior volume de vapor, melhorando a experi\u00eancia do utilizador.<\/p><h2>Design ecol\u00f3gico e recarreg\u00e1vel<\/h2><p>Tem uma bateria integrada de 550 mAh com recarga r\u00e1pida atrav\u00e9s de USB-C. Este design recarreg\u00e1vel prolonga significativamente a sua vida \u00fatil e \u00e9 mais ecol\u00f3gico do que os dispositivos descart\u00e1veis, satisfazendo os requisitos de sustentabilidade dos utilizadores modernos.<\/p><p>O Bang King 15000 tem um design ergon\u00f3mico e uma est\u00e9tica moderna. O toque, a textura e a est\u00e9tica reflectem a preocupa\u00e7\u00e3o com a experi\u00eancia do utilizador, combinando conforto e estilo.<\/p><p>Apesar das suas potentes funcionalidades e grande capacidade de armazenamento, o Bang King 15000 mant\u00e9m um design compacto e port\u00e1til, f\u00e1cil de transportar e adequado a qualquer estilo de vida. Al\u00e9m disso, \u00e9 fabricado com materiais dur\u00e1veis, pelo que \u00e9 resistente a quedas e duradouro, garantindo uma utiliza\u00e7\u00e3o est\u00e1vel a longo prazo.<\/p>\t\t\t\t\t\t\t\t<\/div>\n\t\t\t\t<\/div>\n\t\t\t\t\t<\/div>\n\t\t\t\t<\/div>\n\t\t\t\t<\/div>","protected":false},"excerpt":{"rendered":"<p>La saveur P\u00eache Mangue du Bang King 15000 offre un m\u00e9lange parfait de douceur tropicale et d&rsquo;\u00e9l\u00e9gance fran\u00e7aise. D\u00e8s la premi\u00e8re bouff\u00e9e, l&rsquo;ar\u00f4me onctueux de la p\u00eache s&rsquo;\u00e9panouit en bouche, suivi d&rsquo;une riche saveur de mangue, apportant une touche de soleil tropical. En tenant le Bang King 15000 en main, vous prenez une l\u00e9g\u00e8re bouff\u00e9e, [&hellip;]<\/p>\n","protected":false},"featured_media":6245,"comment_status":"open","ping_status":"closed","template":"","meta":{"site-sidebar-layout":"no-sidebar","site-content-layout":"page-builder","ast-site-content-layout":"normal-width-container","site-content-style":"default","site-sidebar-style":"default","ast-global-header-display":"","ast-banner-title-visibility":"","ast-main-header-display":"","ast-hfb-above-header-display":"","ast-hfb-below-header-display":"","ast-hfb-mobile-header-display":"","site-post-title":"disabled","ast-breadcrumbs-content":"","ast-featured-img":"disabled","footer-sml-layout":"","ast-disable-related-posts":"","theme-transparent-header-meta":"default","adv-header-id-meta":"","stick-header-meta":"default","header-above-stick-meta":"","header-main-stick-meta":"","header-below-stick-meta":"","astra-migrate-meta-layouts":"set","ast-page-background-enabled":"default","ast-page-background-meta":{"desktop":{"background-color":"","background-image":"","background-repeat":"repeat","background-position":"center center","background-size":"auto","background-attachment":"scroll","background-type":"","background-media":"","overlay-type":"","overlay-color":"","overlay-opacity":"","overlay-gradient":""},"tablet":{"background-color":"","background-image":"","background-repeat":"repeat","background-position":"center center","background-size":"auto","background-attachment":"scroll","background-type":"","background-media":"","overlay-type":"","overlay-color":"","overlay-opacity":"","overlay-gradient":""},"mobile":{"background-color":"","background-image":"","background-repeat":"repeat","background-position":"center center","background-size":"auto","background-attachment":"scroll","background-type":"","background-media":"","overlay-type":"","overlay-color":"","overlay-opacity":"","overlay-gradient":""}},"ast-content-background-meta":{"desktop":{"background-color":"var(--ast-global-color-5)","background-image":"","background-repeat":"repeat","background-position":"center center","background-size":"auto","background-attachment":"scroll","background-type":"","background-media":"","overlay-type":"","overlay-color":"","overlay-opacity":"","overlay-gradient":""},"tablet":{"background-color":"var(--ast-global-color-5)","background-image":"","background-repeat":"repeat","background-position":"center center","background-size":"auto","background-attachment":"scroll","background-type":"","background-media":"","overlay-type":"","overlay-color":"","overlay-opacity":"","overlay-gradient":""},"mobile":{"background-color":"var(--ast-global-color-5)","background-image":"","background-repeat":"repeat","background-position":"center center","background-size":"auto","background-attachment":"scroll","background-type":"","background-media":"","overlay-type":"","overlay-color":"","overlay-opacity":"","overlay-gradient":""}}},"product_brand":[52],"product_cat":[56,80,15],"product_tag":[],"class_list":{"0":"post-6458","1":"product","2":"type-product","3":"status-publish","4":"has-post-thumbnail","6":"product_brand-bang-king","7":"product_cat-bang-king-15000-est-equipee-dune-resistance-mesh-nouvelle-generation","8":"product_cat-puff-15k","9":"product_cat-magasin-cigarette-electronique","10":"desktop-align-center","11":"tablet-align-center","12":"mobile-align-center","13":"ast-product-gallery-layout-horizontal","14":"ast-product-gallery-with-no-image","15":"ast-product-single-variable","16":"ast-product-tabs-layout-horizontal","17":"ast-qv-on-image","19":"first","20":"instock","21":"sale","22":"shipping-taxable","23":"purchasable","24":"product-type-variable","25":"has-default-attributes"},"tiered_pricing_type":"fixed","tiered_pricing_fixed_rules":{"50":6.05,"100":5.59},"tiered_pricing_product_settings":{"layout":"default","base_unit_name":{"singular":null,"plural":null},"default_variation":null},"tiered_pricing_minimum_quantity":null,"tiered_pricing_roles_data":[],"tiered_pricing_percentage_rules":[],"_links":{"self":[{"href":"https:\/\/puffvapestore.com\/pt\/wp-json\/wp\/v2\/product\/6458","targetHints":{"allow":["GET"]}}],"collection":[{"href":"https:\/\/puffvapestore.com\/pt\/wp-json\/wp\/v2\/product"}],"about":[{"href":"https:\/\/puffvapestore.com\/pt\/wp-json\/wp\/v2\/types\/product"}],"replies":[{"embeddable":true,"href":"https:\/\/puffvapestore.com\/pt\/wp-json\/wp\/v2\/comments?post=6458"}],"version-history":[{"count":6,"href":"https:\/\/puffvapestore.com\/pt\/wp-json\/wp\/v2\/product\/6458\/revisions"}],"predecessor-version":[{"id":6468,"href":"https:\/\/puffvapestore.com\/pt\/wp-json\/wp\/v2\/product\/6458\/revisions\/6468"}],"wp:featuredmedia":[{"embeddable":true,"href":"https:\/\/puffvapestore.com\/pt\/wp-json\/wp\/v2\/media\/6245"}],"wp:attachment":[{"href":"https:\/\/puffvapestore.com\/pt\/wp-json\/wp\/v2\/media?parent=6458"}],"wp:term":[{"taxonomy":"product_brand","embeddable":true,"href":"https:\/\/puffvapestore.com\/pt\/wp-json\/wp\/v2\/product_brand?post=6458"},{"taxonomy":"product_cat","embeddable":true,"href":"https:\/\/puffvapestore.com\/pt\/wp-json\/wp\/v2\/product_cat?post=6458"},{"taxonomy":"product_tag","embeddable":true,"href":"https:\/\/puffvapestore.com\/pt\/wp-json\/wp\/v2\/product_tag?post=6458"}],"curies":[{"name":"wp","href":"https:\/\/api.w.org\/{rel}","templated":true}]}}