{"id":6422,"date":"2025-08-09T05:37:08","date_gmt":"2025-08-09T05:37:08","guid":{"rendered":"https:\/\/puffvapestore.com\/?post_type=product&#038;p=6422"},"modified":"2026-01-19T10:52:39","modified_gmt":"2026-01-19T10:52:39","slug":"bang-king-15000-fraise-banane-allie-douceur-onctuosite-et-equilibre","status":"publish","type":"product","link":"https:\/\/puffvapestore.com\/pt\/product\/bang-king-15000-morango-banana-combina-suavidade-e-equilibrio\/","title":{"rendered":"Banana com morango - Bang King 15000"},"content":{"rendered":"<div data-elementor-type=\"wp-post\" data-elementor-id=\"6422\" class=\"elementor elementor-6422\">\n\t\t\t\t<div class=\"elementor-element elementor-element-08c26f9 e-flex e-con-boxed e-con e-parent\" data-id=\"08c26f9\" data-element_type=\"container\" data-e-type=\"container\">\n\t\t\t\t\t<div class=\"e-con-inner\">\n\t\t\t\t<div class=\"elementor-element elementor-element-a005a97 elementor-widget elementor-widget-text-editor\" data-id=\"a005a97\" data-element_type=\"widget\" data-e-type=\"widget\" data-widget_type=\"text-editor.default\">\n\t\t\t\t<div class=\"elementor-widget-container\">\n\t\t\t\t\t\t\t\t\t<p>O sabor Strawberry Banana do Bang King 15000 \u00e9 um cigarro eletr\u00f3nico descart\u00e1vel. O seu sabor a Banana Morango \u00e9 uma mistura frutada cl\u00e1ssica, caracterizada pela sua do\u00e7ura, suavidade e equil\u00edbrio.<\/p><p>O Strawberry Banana \u00e9 um duo frutado suave e cremoso, e o Bang King demonstra um excelente equil\u00edbrio. O fumo oferece um aroma frutado refrescante desde a primeira inala\u00e7\u00e3o, um paladar m\u00e9dio rico que n\u00e3o \u00e9 avassalador e um final semelhante a um batido de leite, ideal para aqueles que preferem uma do\u00e7ura mais suave.<\/p><h2>Carater\u00edsticas do sabor do morango :<\/h2><p>Notas de morango: Uma nota de topo pronunciada pode ser detectada na primeira inala\u00e7\u00e3o, oferecendo um sabor picante e refrescante a morango. O aroma \u00e9 natural, sem o sabor artificial de morango, lembrando um doce.<\/p><p>Ligeiramente \u00e1cido e doce: O morango tem uma nota ligeiramente \u00e1cida, complementando a banana doce e acrescentando um toque de profundidade.<\/p><p>Um aroma frutado poderoso e aut\u00eantico: lembra um morango maduro e sumarento, com uma textura e um aroma ligeiramente granulados.<\/p><h2>Carater\u00edsticas das bananas :<\/h2><p>N\u00facleo e base dominantes: Depois do morango, a banana emerge lentamente, criando uma sensa\u00e7\u00e3o de boca quente, rica e untuosa.<\/p><p>Sabor cremoso: N\u00e3o se trata de uma banana verde, mas sim de uma banana madura ou de um batido de banana, doce e cremoso.<\/p><p>Do\u00e7ura moderada: Doce mas n\u00e3o demasiado forte, semelhante \u00e0s panquecas de banana encontradas nos pequenos-almo\u00e7os americanos, proporciona uma sensa\u00e7\u00e3o reconfortante de saciedade.<\/p><h2>At\u00e9 15.000 baforadas<\/h2><p>O Bang King 15000 Strawberry Banana \u00e9 conhecido pela sua elevada capacidade de baforadas, oferecendo at\u00e9 15 mil baforadas por cigarro eletr\u00f3nico. \u00c9 um dos cigarros electr\u00f3nicos descart\u00e1veis mais duradouros do mercado, reduzindo drasticamente a necessidade de substitui\u00e7\u00e3o e proporcionando aos utilizadores uma experi\u00eancia agrad\u00e1vel e duradoura.<\/p><p>Possui uma bateria de l\u00edtio de 550 mAh de alto desempenho com carregamento r\u00e1pido por USB-C, o que o torna amigo do ambiente. Os utilizadores podem recarregar a bateria v\u00e1rias vezes atrav\u00e9s de USB-C, garantindo bastante tempo de funcionamento antes que o e-l\u00edquido se esgote.<\/p><h2>Grande capacidade pr\u00e9-cheia de 25 ml<\/h2><p>Cada cigarro eletr\u00f3nico Bang King 15000 Strawberry Banana est\u00e1 pr\u00e9-cheio com 25 ml de e-l\u00edquido com sal de nicotina de alta qualidade, uma capacidade inigual\u00e1vel na sua categoria. Este design n\u00e3o s\u00f3 prolonga a sua vida \u00fatil, como tamb\u00e9m reduz a necessidade de substitui\u00e7\u00f5es frequentes.<\/p><h2>V\u00e1rias dosagens de nicotina - Para se adaptar \u00e0s suas prefer\u00eancias<\/h2><p>Para satisfazer as necessidades de cada utilizador, o Bang King 15000 oferece quatro dosagens de sal de nicotina:<\/p><p>0 % (sem nicotina)<\/p><p>2 % (luz)<\/p><p>3 % (m\u00e9dio)<\/p><p>5 % (forte)<\/p><p>Esta sele\u00e7\u00e3o flex\u00edvel permite aos utilizadores escolher em fun\u00e7\u00e3o dos seus planos para deixar de fumar ou dos seus h\u00e1bitos.<\/p><h2>Tecnologia de resist\u00eancia da malha - Uma difus\u00e3o mais pura dos aromas<\/h2><p>O Bang King 15000 Strawberry Banana utiliza uma estrutura de resist\u00eancia de malha avan\u00e7ada, que assegura um aquecimento mais r\u00e1pido e uma distribui\u00e7\u00e3o de calor mais uniforme. Isto maximiza a difus\u00e3o dos sabores do e-l\u00edquido, garantindo uma sensa\u00e7\u00e3o suave e rica e uma batida profunda e rica a cada tragada.<\/p><p>Este cigarro eletr\u00f3nico tem um design elegante e ergon\u00f3mico que se adapta confortavelmente \u00e0 palma da sua m\u00e3o, garantindo uma utiliza\u00e7\u00e3o sem fadiga, mesmo ap\u00f3s longos per\u00edodos. A sua constru\u00e7\u00e3o robusta e o seu toque suave, combinados com o seu design minimalista e moderno, tornam-no adequado para uma grande variedade de utiliza\u00e7\u00f5es.<\/p><h2>Port\u00e1til e duradouro - uma experi\u00eancia de fumar em qualquer altura e em qualquer lugar<\/h2><p>Apesar da sua grande capacidade, a Bang King 15000 Strawberry Banana mant\u00e9m um formato compacto para uma portabilidade \u00f3ptima, cabendo facilmente num bolso ou numa mala. A sua constru\u00e7\u00e3o robusta resiste eficazmente aos choques e ao desgaste do dia a dia, tornando-a ideal para uma utiliza\u00e7\u00e3o quotidiana, em viagem ou em movimento.<\/p>\t\t\t\t\t\t\t\t<\/div>\n\t\t\t\t<\/div>\n\t\t\t\t\t<\/div>\n\t\t\t\t<\/div>\n\t\t\t\t<\/div>","protected":false},"excerpt":{"rendered":"<p>La saveur Fraise Banane du Bang King 15000 est une cigarette \u00e9lectronique jetable. Son ar\u00f4me Fraise Banane est un m\u00e9lange fruit\u00e9 classique, caract\u00e9ris\u00e9 par sa douceur, son onctuosit\u00e9 et son \u00e9quilibre. La Fraise Banane est un duo fruit\u00e9 doux et onctueux, et Bang King fait preuve d&rsquo;un excellent \u00e9quilibre. La fum\u00e9e offre un ar\u00f4me fruit\u00e9 [&hellip;]<\/p>\n","protected":false},"featured_media":6248,"comment_status":"open","ping_status":"closed","template":"","meta":{"site-sidebar-layout":"no-sidebar","site-content-layout":"page-builder","ast-site-content-layout":"normal-width-container","site-content-style":"default","site-sidebar-style":"default","ast-global-header-display":"","ast-banner-title-visibility":"","ast-main-header-display":"","ast-hfb-above-header-display":"","ast-hfb-below-header-display":"","ast-hfb-mobile-header-display":"","site-post-title":"disabled","ast-breadcrumbs-content":"","ast-featured-img":"disabled","footer-sml-layout":"","ast-disable-related-posts":"","theme-transparent-header-meta":"default","adv-header-id-meta":"","stick-header-meta":"default","header-above-stick-meta":"","header-main-stick-meta":"","header-below-stick-meta":"","astra-migrate-meta-layouts":"set","ast-page-background-enabled":"default","ast-page-background-meta":{"desktop":{"background-color":"","background-image":"","background-repeat":"repeat","background-position":"center center","background-size":"auto","background-attachment":"scroll","background-type":"","background-media":"","overlay-type":"","overlay-color":"","overlay-opacity":"","overlay-gradient":""},"tablet":{"background-color":"","background-image":"","background-repeat":"repeat","background-position":"center center","background-size":"auto","background-attachment":"scroll","background-type":"","background-media":"","overlay-type":"","overlay-color":"","overlay-opacity":"","overlay-gradient":""},"mobile":{"background-color":"","background-image":"","background-repeat":"repeat","background-position":"center center","background-size":"auto","background-attachment":"scroll","background-type":"","background-media":"","overlay-type":"","overlay-color":"","overlay-opacity":"","overlay-gradient":""}},"ast-content-background-meta":{"desktop":{"background-color":"var(--ast-global-color-5)","background-image":"","background-repeat":"repeat","background-position":"center center","background-size":"auto","background-attachment":"scroll","background-type":"","background-media":"","overlay-type":"","overlay-color":"","overlay-opacity":"","overlay-gradient":""},"tablet":{"background-color":"var(--ast-global-color-5)","background-image":"","background-repeat":"repeat","background-position":"center center","background-size":"auto","background-attachment":"scroll","background-type":"","background-media":"","overlay-type":"","overlay-color":"","overlay-opacity":"","overlay-gradient":""},"mobile":{"background-color":"var(--ast-global-color-5)","background-image":"","background-repeat":"repeat","background-position":"center center","background-size":"auto","background-attachment":"scroll","background-type":"","background-media":"","overlay-type":"","overlay-color":"","overlay-opacity":"","overlay-gradient":""}}},"product_brand":[52],"product_cat":[56,80,15],"product_tag":[],"class_list":{"0":"post-6422","1":"product","2":"type-product","3":"status-publish","4":"has-post-thumbnail","6":"product_brand-bang-king","7":"product_cat-bang-king-15000-est-equipee-dune-resistance-mesh-nouvelle-generation","8":"product_cat-puff-15k","9":"product_cat-magasin-cigarette-electronique","10":"desktop-align-center","11":"tablet-align-center","12":"mobile-align-center","13":"ast-product-gallery-layout-horizontal","14":"ast-product-gallery-with-no-image","15":"ast-product-single-variable","16":"ast-product-tabs-layout-horizontal","17":"ast-qv-on-image","19":"first","20":"instock","21":"sale","22":"shipping-taxable","23":"purchasable","24":"product-type-variable","25":"has-default-attributes"},"tiered_pricing_type":"fixed","tiered_pricing_fixed_rules":{"50":6.05,"100":5.59},"tiered_pricing_product_settings":{"layout":"default","base_unit_name":{"singular":null,"plural":null},"default_variation":null},"tiered_pricing_minimum_quantity":null,"tiered_pricing_roles_data":[],"tiered_pricing_percentage_rules":[],"_links":{"self":[{"href":"https:\/\/puffvapestore.com\/pt\/wp-json\/wp\/v2\/product\/6422","targetHints":{"allow":["GET"]}}],"collection":[{"href":"https:\/\/puffvapestore.com\/pt\/wp-json\/wp\/v2\/product"}],"about":[{"href":"https:\/\/puffvapestore.com\/pt\/wp-json\/wp\/v2\/types\/product"}],"replies":[{"embeddable":true,"href":"https:\/\/puffvapestore.com\/pt\/wp-json\/wp\/v2\/comments?post=6422"}],"version-history":[{"count":7,"href":"https:\/\/puffvapestore.com\/pt\/wp-json\/wp\/v2\/product\/6422\/revisions"}],"predecessor-version":[{"id":6633,"href":"https:\/\/puffvapestore.com\/pt\/wp-json\/wp\/v2\/product\/6422\/revisions\/6633"}],"wp:featuredmedia":[{"embeddable":true,"href":"https:\/\/puffvapestore.com\/pt\/wp-json\/wp\/v2\/media\/6248"}],"wp:attachment":[{"href":"https:\/\/puffvapestore.com\/pt\/wp-json\/wp\/v2\/media?parent=6422"}],"wp:term":[{"taxonomy":"product_brand","embeddable":true,"href":"https:\/\/puffvapestore.com\/pt\/wp-json\/wp\/v2\/product_brand?post=6422"},{"taxonomy":"product_cat","embeddable":true,"href":"https:\/\/puffvapestore.com\/pt\/wp-json\/wp\/v2\/product_cat?post=6422"},{"taxonomy":"product_tag","embeddable":true,"href":"https:\/\/puffvapestore.com\/pt\/wp-json\/wp\/v2\/product_tag?post=6422"}],"curies":[{"name":"wp","href":"https:\/\/api.w.org\/{rel}","templated":true}]}}