{"id":6411,"date":"2025-08-04T08:29:56","date_gmt":"2025-08-04T08:29:56","guid":{"rendered":"https:\/\/puffvapestore.com\/?post_type=product&#038;p=6411"},"modified":"2026-01-19T10:52:39","modified_gmt":"2026-01-19T10:52:39","slug":"bang-king-15k-kiwi-passion-fruit-guava-associe-kiwi-fruit-de-la-passion-et-goyave","status":"publish","type":"product","link":"https:\/\/puffvapestore.com\/pt\/product\/bang-king-15k-kiwi-maracuja-goiaba-combina-kiwi-maracuja-e-goiaba\/","title":{"rendered":"Kiwi Maracuj\u00e1 Goiaba - Bang King 15000"},"content":{"rendered":"<div data-elementor-type=\"wp-post\" data-elementor-id=\"6411\" class=\"elementor elementor-6411\">\n\t\t\t\t<div class=\"elementor-element elementor-element-08c26f9 e-flex e-con-boxed e-con e-parent\" data-id=\"08c26f9\" data-element_type=\"container\" data-e-type=\"container\">\n\t\t\t\t\t<div class=\"e-con-inner\">\n\t\t\t\t<div class=\"elementor-element elementor-element-a005a97 elementor-widget elementor-widget-text-editor\" data-id=\"a005a97\" data-element_type=\"widget\" data-e-type=\"widget\" data-widget_type=\"text-editor.default\">\n\t\t\t\t<div class=\"elementor-widget-container\">\n\t\t\t\t\t\t\t\t\t<p>O Bang King 15000 Kiwi Passion Fruit Guava \u00e9 um cigarro eletr\u00f3nico descart\u00e1vel que combina kiwi, maracuj\u00e1 e goiaba para criar um sabor rico e ex\u00f3tico.<\/p><h2>Sabor geral do aroma de Kiwi Passion Guava<\/h2><p>O sabor Kiwi Passion Guava \u00e9 uma mistura de frutos tropicais com um vapor refrescante, doce e n\u00e3o enjoativo. As diferentes camadas de sabores frutados exprimem-se de forma diferente ao inspirar e expirar, deixando um travo persistente.<\/p><h2>Kiwi - Refrescante e ligeiramente \u00e1cido, real\u00e7a o melhor dos sabores.<\/h2><p>Caract\u00e9ristiques : Sabor refrescante e ligeiramente \u00e1cido a frutos verdes claros.<\/p><p>Detalhes: Traz uma nota de base picante e refrescante ao sabor geral, acrescentando um sabor vibrante e divertido \u00e0 inala\u00e7\u00e3o, semelhante \u00e0 acidez ligeiramente verde de um kiwi fresco.<\/p><p>Fun\u00e7\u00e3o: Atenua a do\u00e7ura, evitando que o sabor global seja demasiado forte e proporcionando uma sensa\u00e7\u00e3o refrescante.<\/p><h2>Maracuj\u00e1 - Rico e arom\u00e1tico, com um cora\u00e7\u00e3o tropical<\/h2><p>Caract\u00e9ristiques : Aroma rico e arom\u00e1tico, com uma ligeira acidez e um toque ex\u00f3tico \u00fanico.<\/p><p>Detalhes: \u00c9 a pe\u00e7a central do sabor, aparecendo a meio do palato ap\u00f3s a inala\u00e7\u00e3o, com um aroma rico e frutado que alguns poder\u00e3o descrever como sumo de fruta concentrado ou compota.<\/p><p>Fun\u00e7\u00e3o: Acrescenta uma poderosa profundidade frutada, tornando o sabor mais completo e distinto.<\/p><h2>Goiaba - Suave e doce, com um final arredondado e a\u00e7ucarado<\/h2><p>Caract\u00e9ristiques : Uma do\u00e7ura suave, pulverulenta e leitosa de frutos tropicais.<\/p><p>Detalhes: \u00c9 particularmente pronunciado na expira\u00e7\u00e3o, criando uma suave sensa\u00e7\u00e3o de \u00abpur\u00e9 de fruta\u00bb que alguns utilizadores podem comparar \u00e0 de uma geleia ou batido de fruta.<\/p><p>Fun\u00e7\u00e3o: Confere um acabamento suave ao sabor global, tornando-o macio e persistente.<\/p><h2>At\u00e9 15.000 baforadas<\/h2><p>O Bang King 15000 Kiwi Passion Fruit Guava \u00e9 conhecido pela sua elevada capacidade de baforadas, oferecendo at\u00e9 15 mil baforadas por cigarro eletr\u00f3nico. \u00c9 um dos cigarros electr\u00f3nicos descart\u00e1veis mais duradouros do mercado, reduzindo drasticamente a necessidade de substitui\u00e7\u00e3o e proporcionando aos utilizadores uma experi\u00eancia agrad\u00e1vel e duradoura.<\/p><p>Possui uma bateria de l\u00edtio de 550 mAh de alto desempenho com carregamento r\u00e1pido por USB-C, o que o torna amigo do ambiente. Os utilizadores podem recarregar a bateria v\u00e1rias vezes atrav\u00e9s de USB-C, garantindo bastante tempo de funcionamento antes que o e-l\u00edquido se esgote.<\/p><h2>Grande capacidade pr\u00e9-cheia de 25 ml<\/h2><p>Cada cigarro eletr\u00f3nico Bang King 15000 Kiwi Passion Fruit Guava \u00e9 pr\u00e9-carregado com 25 ml de e-l\u00edquido com sal de nicotina de alta qualidade, uma capacidade inigual\u00e1vel na sua categoria. Este design n\u00e3o s\u00f3 prolonga a sua vida \u00fatil, como tamb\u00e9m reduz a necessidade de substitui\u00e7\u00f5es frequentes.<\/p><h2>V\u00e1rias dosagens de nicotina - Para se adaptar \u00e0s suas prefer\u00eancias<\/h2><p>Para satisfazer as necessidades de cada utilizador, o Bang King 15000 Kiwi Passion Fruit Guava est\u00e1 dispon\u00edvel em quatro dosagens de sal de nicotina:<\/p><p>0 % (sem nicotina)<\/p><p>2 % (luz)<\/p><p>3 % (m\u00e9dio)<\/p><p>5 % (forte)<\/p><p>Esta sele\u00e7\u00e3o flex\u00edvel permite aos utilizadores escolher em fun\u00e7\u00e3o dos seus planos para deixar de fumar ou dos seus h\u00e1bitos.<\/p><h2>Tecnologia de resist\u00eancia da malha - Uma difus\u00e3o mais pura dos aromas<\/h2><p>O Bang King 15000 Kiwi Passion Fruit Guava utiliza uma estrutura de resist\u00eancia de malha avan\u00e7ada, que assegura um aquecimento mais r\u00e1pido e uma distribui\u00e7\u00e3o de calor mais uniforme. Isto maximiza a difus\u00e3o dos sabores do e-l\u00edquido, garantindo uma sensa\u00e7\u00e3o suave e rica e uma batida profunda e rica a cada tragada.<\/p><p>Este cigarro eletr\u00f3nico tem um design elegante e ergon\u00f3mico que se adapta confortavelmente \u00e0 palma da sua m\u00e3o, garantindo uma utiliza\u00e7\u00e3o sem fadiga, mesmo ap\u00f3s longos per\u00edodos. A sua constru\u00e7\u00e3o robusta e o seu toque suave, combinados com o seu design minimalista e moderno, tornam-no adequado para uma grande variedade de utiliza\u00e7\u00f5es.<\/p><h2>Port\u00e1til e duradouro - uma experi\u00eancia de fumar em qualquer altura e em qualquer lugar<\/h2><p>Apesar da sua grande capacidade, a Bang King 15000 mant\u00e9m um formato compacto para uma portabilidade \u00f3ptima, cabendo facilmente num bolso ou numa mala. A sua constru\u00e7\u00e3o robusta resiste eficazmente aos choques e ao desgaste do dia a dia, tornando-a ideal para uma utiliza\u00e7\u00e3o quotidiana, em viagem ou em movimento.<\/p>\t\t\t\t\t\t\t\t<\/div>\n\t\t\t\t<\/div>\n\t\t\t\t\t<\/div>\n\t\t\t\t<\/div>\n\t\t\t\t<\/div>","protected":false},"excerpt":{"rendered":"<p>La Bang King 15000 Kiwi Passion Fruit Guava est une cigarette \u00e9lectronique jetable qui associe kiwi, fruit de la passion et goyave, cr\u00e9ant une saveur riche et exotique. Go\u00fbt g\u00e9n\u00e9ral de l&rsquo;ar\u00f4me Kiwi Passion Goyave L&rsquo;ar\u00f4me Kiwi Passion Goyave est un m\u00e9lange fruit\u00e9 tropical \u00e0 la vapeur rafra\u00eechissante, sucr\u00e9e et non \u00e9c\u0153urante. Les diff\u00e9rentes couches [&hellip;]<\/p>\n","protected":false},"featured_media":6242,"comment_status":"open","ping_status":"closed","template":"","meta":{"site-sidebar-layout":"no-sidebar","site-content-layout":"page-builder","ast-site-content-layout":"normal-width-container","site-content-style":"default","site-sidebar-style":"default","ast-global-header-display":"","ast-banner-title-visibility":"","ast-main-header-display":"","ast-hfb-above-header-display":"","ast-hfb-below-header-display":"","ast-hfb-mobile-header-display":"","site-post-title":"disabled","ast-breadcrumbs-content":"","ast-featured-img":"disabled","footer-sml-layout":"","ast-disable-related-posts":"","theme-transparent-header-meta":"default","adv-header-id-meta":"","stick-header-meta":"default","header-above-stick-meta":"","header-main-stick-meta":"","header-below-stick-meta":"","astra-migrate-meta-layouts":"set","ast-page-background-enabled":"default","ast-page-background-meta":{"desktop":{"background-color":"","background-image":"","background-repeat":"repeat","background-position":"center center","background-size":"auto","background-attachment":"scroll","background-type":"","background-media":"","overlay-type":"","overlay-color":"","overlay-opacity":"","overlay-gradient":""},"tablet":{"background-color":"","background-image":"","background-repeat":"repeat","background-position":"center center","background-size":"auto","background-attachment":"scroll","background-type":"","background-media":"","overlay-type":"","overlay-color":"","overlay-opacity":"","overlay-gradient":""},"mobile":{"background-color":"","background-image":"","background-repeat":"repeat","background-position":"center center","background-size":"auto","background-attachment":"scroll","background-type":"","background-media":"","overlay-type":"","overlay-color":"","overlay-opacity":"","overlay-gradient":""}},"ast-content-background-meta":{"desktop":{"background-color":"var(--ast-global-color-5)","background-image":"","background-repeat":"repeat","background-position":"center center","background-size":"auto","background-attachment":"scroll","background-type":"","background-media":"","overlay-type":"","overlay-color":"","overlay-opacity":"","overlay-gradient":""},"tablet":{"background-color":"var(--ast-global-color-5)","background-image":"","background-repeat":"repeat","background-position":"center center","background-size":"auto","background-attachment":"scroll","background-type":"","background-media":"","overlay-type":"","overlay-color":"","overlay-opacity":"","overlay-gradient":""},"mobile":{"background-color":"var(--ast-global-color-5)","background-image":"","background-repeat":"repeat","background-position":"center center","background-size":"auto","background-attachment":"scroll","background-type":"","background-media":"","overlay-type":"","overlay-color":"","overlay-opacity":"","overlay-gradient":""}}},"product_brand":[52],"product_cat":[56,80,15],"product_tag":[],"class_list":{"0":"post-6411","1":"product","2":"type-product","3":"status-publish","4":"has-post-thumbnail","6":"product_brand-bang-king","7":"product_cat-bang-king-15000-est-equipee-dune-resistance-mesh-nouvelle-generation","8":"product_cat-puff-15k","9":"product_cat-magasin-cigarette-electronique","10":"desktop-align-center","11":"tablet-align-center","12":"mobile-align-center","13":"ast-product-gallery-layout-horizontal","14":"ast-product-gallery-with-no-image","15":"ast-product-single-variable","16":"ast-product-tabs-layout-horizontal","17":"ast-qv-on-image","19":"first","20":"instock","21":"sale","22":"shipping-taxable","23":"purchasable","24":"product-type-variable","25":"has-default-attributes"},"tiered_pricing_type":"fixed","tiered_pricing_fixed_rules":{"50":6.05,"100":5.59},"tiered_pricing_product_settings":{"layout":"default","base_unit_name":{"singular":null,"plural":null},"default_variation":null},"tiered_pricing_minimum_quantity":null,"tiered_pricing_roles_data":[],"tiered_pricing_percentage_rules":[],"_links":{"self":[{"href":"https:\/\/puffvapestore.com\/pt\/wp-json\/wp\/v2\/product\/6411","targetHints":{"allow":["GET"]}}],"collection":[{"href":"https:\/\/puffvapestore.com\/pt\/wp-json\/wp\/v2\/product"}],"about":[{"href":"https:\/\/puffvapestore.com\/pt\/wp-json\/wp\/v2\/types\/product"}],"replies":[{"embeddable":true,"href":"https:\/\/puffvapestore.com\/pt\/wp-json\/wp\/v2\/comments?post=6411"}],"version-history":[{"count":6,"href":"https:\/\/puffvapestore.com\/pt\/wp-json\/wp\/v2\/product\/6411\/revisions"}],"predecessor-version":[{"id":6421,"href":"https:\/\/puffvapestore.com\/pt\/wp-json\/wp\/v2\/product\/6411\/revisions\/6421"}],"wp:featuredmedia":[{"embeddable":true,"href":"https:\/\/puffvapestore.com\/pt\/wp-json\/wp\/v2\/media\/6242"}],"wp:attachment":[{"href":"https:\/\/puffvapestore.com\/pt\/wp-json\/wp\/v2\/media?parent=6411"}],"wp:term":[{"taxonomy":"product_brand","embeddable":true,"href":"https:\/\/puffvapestore.com\/pt\/wp-json\/wp\/v2\/product_brand?post=6411"},{"taxonomy":"product_cat","embeddable":true,"href":"https:\/\/puffvapestore.com\/pt\/wp-json\/wp\/v2\/product_cat?post=6411"},{"taxonomy":"product_tag","embeddable":true,"href":"https:\/\/puffvapestore.com\/pt\/wp-json\/wp\/v2\/product_tag?post=6411"}],"curies":[{"name":"wp","href":"https:\/\/api.w.org\/{rel}","templated":true}]}}