{"id":6396,"date":"2025-08-09T02:17:23","date_gmt":"2025-08-09T02:17:23","guid":{"rendered":"https:\/\/puffvapestore.com\/?post_type=product&#038;p=6396"},"modified":"2026-01-19T10:52:39","modified_gmt":"2026-01-19T10:52:39","slug":"bang-king-15000-strawberry-yogurt-offre-une-double-saveur","status":"publish","type":"product","link":"https:\/\/puffvapestore.com\/pt\/product\/bang-king-15000-o-iogurte-de-morango-oferece-um-duplo-sabor\/","title":{"rendered":"Bang King 15000 - Iogurte de morango"},"content":{"rendered":"<div data-elementor-type=\"wp-post\" data-elementor-id=\"6396\" class=\"elementor elementor-6396\">\n\t\t\t\t<div class=\"elementor-element elementor-element-08c26f9 e-flex e-con-boxed e-con e-parent\" data-id=\"08c26f9\" data-element_type=\"container\" data-e-type=\"container\">\n\t\t\t\t\t<div class=\"e-con-inner\">\n\t\t\t\t<div class=\"elementor-element elementor-element-a005a97 elementor-widget elementor-widget-text-editor\" data-id=\"a005a97\" data-element_type=\"widget\" data-e-type=\"widget\" data-widget_type=\"text-editor.default\">\n\t\t\t\t<div class=\"elementor-widget-container\">\n\t\t\t\t\t\t\t\t\t<p>O Bang King 15000 Strawberry Yoghurt \u00e9 um cigarro eletr\u00f3nico descart\u00e1vel com sabor a iogurte de morango. Este sabor de iogurte de morango combina fruta fresca e notas l\u00e1cteas para uma experi\u00eancia suave e complexa.<\/p><h2>Morango<\/h2><p>A nota inicial \u00e9 um aroma rico e maduro de morango, ligeiramente doce, que lembra a compota de morango fresco, em vez de um morango artificial que lembra um doce.<\/p><p>O vapor liberta uma ligeira acidez frutada, sem ser agressiva, que real\u00e7a o sabor frutado, como se mordesse um morango maduro e saboreasse o sumo.<\/p><p>O sabor a morango \u00e9 natural e refrescante, sem ser demasiado forte ou pungente, e oferece uma nota frutada mais aut\u00eantica.<\/p><h2>Iogurte<\/h2><p>As notas m\u00e9dias e de base oferecem um aroma cremoso e leitoso e um sabor ligeiramente picante, imitando o sabor do iogurte natural.<\/p><p>A por\u00e7\u00e3o de iogurte n\u00e3o \u00e9 pesada, mas sim leve e cremosa, lembrando mais uma bebida de iogurte do que um iogurte grego espesso.<\/p><p>A do\u00e7ura \u00e9 moderada, sem ser enjoativa, e a experi\u00eancia geral \u00e9 \u00abrefrescante e leitosa\u00bb em vez de \u00abdoce e pesada\u00bb.<\/p><h2>Especifica\u00e7\u00f5es do Bang King 15000 Strawberry Yogurt<\/h2><p>Baforadas: Cada cigarro eletr\u00f3nico Bang King 15000 Strawberry Yogurt pode conter at\u00e9 15.000 baforadas.<\/p><p>Bateria integrada: Aprox. 550 mAh, recarreg\u00e1vel atrav\u00e9s da porta USB-C.<\/p><p>L\u00edquido eletr\u00f3nico pr\u00e9-carregado: aprox. 25 ml de capacidade.<\/p><p>Tipo de resist\u00eancia: Resist\u00eancia de malha para uma atomiza\u00e7\u00e3o uniforme e um aquecimento est\u00e1vel.<\/p><h2>V\u00e1rias dosagens de nicotina dispon\u00edveis.<\/h2><p>O Bang King 15000 Strawberry Yogurt est\u00e1 dispon\u00edvel em quatro dosagens de sais de nicotina: 0 %, 2 %, 3 % e 5 %, para satisfazer as necessidades de cada utilizador. Quer queira evitar completamente a nicotina ou prefira uma experi\u00eancia mais intensa, encontrar\u00e1 a dosagem certa para si. Esta flexibilidade permite aos utilizadores adaptar o consumo de nicotina \u00e0s suas necessidades pessoais ou reduzi-lo gradualmente, para uma experi\u00eancia personalizada.<\/p><h2>Design port\u00e1til e duradouro<\/h2><p>Este cigarro eletr\u00f3nico tem um design port\u00e1til e um corpo leve, o que o torna f\u00e1cil de transportar. Quer seja para desloca\u00e7\u00f5es di\u00e1rias ou longas viagens, cabe facilmente no bolso ou na mochila. A caixa do Bang King 15000 \u00e9 feita de materiais cuidadosamente selecionados, o que lhe confere uma estrutura dur\u00e1vel que resiste aos choques e ao desgaste da utiliza\u00e7\u00e3o di\u00e1ria, garantindo uma fiabilidade a longo prazo.<\/p><h2>Design recarreg\u00e1vel amigo do ambiente<\/h2><p>O Bang King 15000 Strawberry Yogurt est\u00e1 equipado com uma porta de carregamento r\u00e1pido do tipo C, garantindo um carregamento r\u00e1pido e compatibilidade com dispositivos electr\u00f3nicos modernos. Permite aos utilizadores recarregar o seu dispositivo em qualquer altura e em qualquer lugar. Em compara\u00e7\u00e3o com os cigarros electr\u00f3nicos tradicionais descart\u00e1veis, este design recarreg\u00e1vel reduz significativamente os res\u00edduos e prolonga a vida \u00fatil do dispositivo, respeitando assim os princ\u00edpios ambientais e contribuindo para o desenvolvimento sustent\u00e1vel.<\/p><h2>Fluxo de ar ajust\u00e1vel<\/h2><p>O cigarro eletr\u00f3nico tem um sistema de fluxo de ar ajust\u00e1vel, permitindo aos utilizadores ajustar livremente a resist\u00eancia \u00e0 inala\u00e7\u00e3o de acordo com as suas prefer\u00eancias, desde uma inala\u00e7\u00e3o firme a uma ligeira.<\/p><h2>Design elegante e ergon\u00f3mico<\/h2><p>O Bang King 15000 coloca a \u00eanfase na funcionalidade e apresenta um design moderno com linhas simples e uma variedade de cores para se adaptar \u00e0s prefer\u00eancias est\u00e9ticas de cada utilizador. O seu design ergon\u00f3mico garante uma ader\u00eancia confort\u00e1vel e uma utiliza\u00e7\u00e3o sem fadiga, mesmo ap\u00f3s longos per\u00edodos.<\/p>\t\t\t\t\t\t\t\t<\/div>\n\t\t\t\t<\/div>\n\t\t\t\t\t<\/div>\n\t\t\t\t<\/div>\n\t\t\t\t<\/div>","protected":false},"excerpt":{"rendered":"<p>Le Bang King 15000 Yaourt \u00e0 la Fraise est une cigarette \u00e9lectronique jetable au go\u00fbt de yaourt \u00e0 la fraise. Ce go\u00fbt de yaourt \u00e0 la fraise allie fruits frais et notes lact\u00e9es pour une exp\u00e9rience onctueuse et complexe. Fraise La note de d\u00e9part est un ar\u00f4me riche et m\u00fbr de fraise, l\u00e9g\u00e8rement sucr\u00e9, rappelant [&hellip;]<\/p>\n","protected":false},"featured_media":6251,"comment_status":"open","ping_status":"closed","template":"","meta":{"site-sidebar-layout":"no-sidebar","site-content-layout":"page-builder","ast-site-content-layout":"normal-width-container","site-content-style":"default","site-sidebar-style":"default","ast-global-header-display":"","ast-banner-title-visibility":"","ast-main-header-display":"","ast-hfb-above-header-display":"","ast-hfb-below-header-display":"","ast-hfb-mobile-header-display":"","site-post-title":"disabled","ast-breadcrumbs-content":"","ast-featured-img":"disabled","footer-sml-layout":"","ast-disable-related-posts":"","theme-transparent-header-meta":"default","adv-header-id-meta":"","stick-header-meta":"default","header-above-stick-meta":"","header-main-stick-meta":"","header-below-stick-meta":"","astra-migrate-meta-layouts":"set","ast-page-background-enabled":"default","ast-page-background-meta":{"desktop":{"background-color":"","background-image":"","background-repeat":"repeat","background-position":"center center","background-size":"auto","background-attachment":"scroll","background-type":"","background-media":"","overlay-type":"","overlay-color":"","overlay-opacity":"","overlay-gradient":""},"tablet":{"background-color":"","background-image":"","background-repeat":"repeat","background-position":"center center","background-size":"auto","background-attachment":"scroll","background-type":"","background-media":"","overlay-type":"","overlay-color":"","overlay-opacity":"","overlay-gradient":""},"mobile":{"background-color":"","background-image":"","background-repeat":"repeat","background-position":"center center","background-size":"auto","background-attachment":"scroll","background-type":"","background-media":"","overlay-type":"","overlay-color":"","overlay-opacity":"","overlay-gradient":""}},"ast-content-background-meta":{"desktop":{"background-color":"var(--ast-global-color-5)","background-image":"","background-repeat":"repeat","background-position":"center center","background-size":"auto","background-attachment":"scroll","background-type":"","background-media":"","overlay-type":"","overlay-color":"","overlay-opacity":"","overlay-gradient":""},"tablet":{"background-color":"var(--ast-global-color-5)","background-image":"","background-repeat":"repeat","background-position":"center center","background-size":"auto","background-attachment":"scroll","background-type":"","background-media":"","overlay-type":"","overlay-color":"","overlay-opacity":"","overlay-gradient":""},"mobile":{"background-color":"var(--ast-global-color-5)","background-image":"","background-repeat":"repeat","background-position":"center center","background-size":"auto","background-attachment":"scroll","background-type":"","background-media":"","overlay-type":"","overlay-color":"","overlay-opacity":"","overlay-gradient":""}}},"product_brand":[52],"product_cat":[56,80,15],"product_tag":[],"class_list":{"0":"post-6396","1":"product","2":"type-product","3":"status-publish","4":"has-post-thumbnail","6":"product_brand-bang-king","7":"product_cat-bang-king-15000-est-equipee-dune-resistance-mesh-nouvelle-generation","8":"product_cat-puff-15k","9":"product_cat-magasin-cigarette-electronique","10":"desktop-align-center","11":"tablet-align-center","12":"mobile-align-center","13":"ast-product-gallery-layout-horizontal","14":"ast-product-gallery-with-no-image","15":"ast-product-single-variable","16":"ast-product-tabs-layout-horizontal","17":"ast-qv-on-image","19":"first","20":"instock","21":"sale","22":"shipping-taxable","23":"purchasable","24":"product-type-variable","25":"has-default-attributes"},"tiered_pricing_type":"fixed","tiered_pricing_fixed_rules":{"50":6.05,"100":5.59},"tiered_pricing_product_settings":{"layout":"default","base_unit_name":{"singular":null,"plural":null},"default_variation":null},"tiered_pricing_minimum_quantity":null,"tiered_pricing_roles_data":[],"tiered_pricing_percentage_rules":[],"_links":{"self":[{"href":"https:\/\/puffvapestore.com\/pt\/wp-json\/wp\/v2\/product\/6396","targetHints":{"allow":["GET"]}}],"collection":[{"href":"https:\/\/puffvapestore.com\/pt\/wp-json\/wp\/v2\/product"}],"about":[{"href":"https:\/\/puffvapestore.com\/pt\/wp-json\/wp\/v2\/types\/product"}],"replies":[{"embeddable":true,"href":"https:\/\/puffvapestore.com\/pt\/wp-json\/wp\/v2\/comments?post=6396"}],"version-history":[{"count":7,"href":"https:\/\/puffvapestore.com\/pt\/wp-json\/wp\/v2\/product\/6396\/revisions"}],"predecessor-version":[{"id":6632,"href":"https:\/\/puffvapestore.com\/pt\/wp-json\/wp\/v2\/product\/6396\/revisions\/6632"}],"wp:featuredmedia":[{"embeddable":true,"href":"https:\/\/puffvapestore.com\/pt\/wp-json\/wp\/v2\/media\/6251"}],"wp:attachment":[{"href":"https:\/\/puffvapestore.com\/pt\/wp-json\/wp\/v2\/media?parent=6396"}],"wp:term":[{"taxonomy":"product_brand","embeddable":true,"href":"https:\/\/puffvapestore.com\/pt\/wp-json\/wp\/v2\/product_brand?post=6396"},{"taxonomy":"product_cat","embeddable":true,"href":"https:\/\/puffvapestore.com\/pt\/wp-json\/wp\/v2\/product_cat?post=6396"},{"taxonomy":"product_tag","embeddable":true,"href":"https:\/\/puffvapestore.com\/pt\/wp-json\/wp\/v2\/product_tag?post=6396"}],"curies":[{"name":"wp","href":"https:\/\/api.w.org\/{rel}","templated":true}]}}