{"id":6385,"date":"2025-08-04T05:07:36","date_gmt":"2025-08-04T05:07:36","guid":{"rendered":"https:\/\/puffvapestore.com\/?post_type=product&#038;p=6385"},"modified":"2026-01-19T10:52:39","modified_gmt":"2026-01-19T10:52:39","slug":"bang-king-15000-double-pomme-sinspire-de-la-chicha-classique-double-pomme","status":"publish","type":"product","link":"https:\/\/puffvapestore.com\/pt\/product\/bang-king-15000-double-apple-sinspire-do-classico-shisha-double-apple\/","title":{"rendered":"Bang King 15000 - Ma\u00e7\u00e3 dupla"},"content":{"rendered":"<div data-elementor-type=\"wp-post\" data-elementor-id=\"6385\" class=\"elementor elementor-6385\">\n\t\t\t\t<div class=\"elementor-element elementor-element-08c26f9 e-flex e-con-boxed e-con e-parent\" data-id=\"08c26f9\" data-element_type=\"container\" data-e-type=\"container\">\n\t\t\t\t\t<div class=\"e-con-inner\">\n\t\t\t\t<div class=\"elementor-element elementor-element-a005a97 elementor-widget elementor-widget-text-editor\" data-id=\"a005a97\" data-element_type=\"widget\" data-e-type=\"widget\" data-widget_type=\"text-editor.default\">\n\t\t\t\t<div class=\"elementor-widget-container\">\n\t\t\t\t\t\t\t\t\t<p>Bang King 15000 Double Apple \u00e9 um sabor de cigarro eletr\u00f3nico inspirado no cl\u00e1ssico narguil\u00e9 Double Apple, um sabor popular entre os entusiastas do narguil\u00e9 no M\u00e9dio Oriente e em todo o mundo.<\/p><h2>Aromas frutados<\/h2><h3>Uma combina\u00e7\u00e3o equilibrada de ma\u00e7\u00e3s vermelhas e verdes:<\/h3><p>A inala\u00e7\u00e3o inicial revela um sabor crocante e ligeiramente \u00e1cido a ma\u00e7\u00e3 verde. O sabor suave e macio da ma\u00e7\u00e3 vermelha revela-se gradualmente, criando um duo de ma\u00e7\u00e3 doce e azeda que \u00e9 naturalmente refrescante.<\/p><p>O sabor \u00e9 aut\u00eantico, pr\u00f3ximo do aroma frutado de uma ma\u00e7\u00e3 acabada de cortar, sem a do\u00e7ura excessiva dos sumos artificiais.<\/p><h2>Uma sensa\u00e7\u00e3o de frescura<\/h2><h3>Final subtil e mentolado:<\/h3><p>Logo ap\u00f3s a inala\u00e7\u00e3o, uma suave frescura espalha-se pela garganta e pelas passagens nasais, criando uma experi\u00eancia de inala\u00e7\u00e3o refrescante e pura.<\/p><p>Esta sensa\u00e7\u00e3o de frescura n\u00e3o \u00e9 uma baforada forte e gelada, mas sim uma experi\u00eancia agrad\u00e1vel, fresca e n\u00e3o \u00e1cida, semelhante aos aromas herb\u00e1ceos e mentolados das chichas tradicionais.<\/p><h2>Notas de base de ervas<\/h2><h3>Notas subtis de anis e alca\u00e7uz:<\/h3><p>Esta nota subtil n\u00e3o se sobrep\u00f5e ao sabor frutado da ma\u00e7\u00e3, mas serve antes de base, acrescentando complexidade e sabor ex\u00f3tico.<\/p><p>Isto d\u00e1 ao sabor global uma sensa\u00e7\u00e3o mais complexa, ao contr\u00e1rio de um simples sabor frutado que faz lembrar a chicha.<\/p><h2>Especifica\u00e7\u00f5es do Bang King 15000 Double Apple<\/h2><p>Baforadas: Cada cigarro eletr\u00f3nico Bang King 15000 Double Apple pode conter at\u00e9 15.000 baforadas.<\/p><p>Bateria integrada: Aprox. 550 mAh, recarreg\u00e1vel atrav\u00e9s da porta USB-C.<\/p><p>L\u00edquido eletr\u00f3nico pr\u00e9-carregado: aprox. 25 ml de capacidade.<\/p><p>Tipo de resist\u00eancia: Resist\u00eancia de malha para uma atomiza\u00e7\u00e3o uniforme e um aquecimento est\u00e1vel.<\/p><h2>V\u00e1rias dosagens de nicotina dispon\u00edveis.<\/h2><p>O Bang King 15000 Double Apple oferece quatro dosagens de sal de nicotina: 0 %, 2 %, 3 % e 5 %, para satisfazer as necessidades de cada utilizador. Quer queira evitar completamente a nicotina ou prefira uma experi\u00eancia mais intensa, encontrar\u00e1 a dosagem certa para si. Esta flexibilidade permite ao utilizador adaptar o consumo de nicotina \u00e0s suas necessidades pessoais ou reduzi-lo gradualmente, para uma experi\u00eancia personalizada.<\/p><h2>Design port\u00e1til e duradouro<\/h2><p>Este cigarro eletr\u00f3nico tem um design port\u00e1til e um corpo leve, o que o torna f\u00e1cil de transportar. Quer seja para desloca\u00e7\u00f5es di\u00e1rias ou longas viagens, cabe facilmente no bolso ou na mochila. A caixa do Bang King 15000 \u00e9 feita de materiais cuidadosamente selecionados, o que lhe confere uma estrutura dur\u00e1vel que resiste aos choques e ao desgaste da utiliza\u00e7\u00e3o di\u00e1ria, garantindo uma fiabilidade a longo prazo.<\/p><h2>Design recarreg\u00e1vel amigo do ambiente<\/h2><p>O Bang King 15000 Double Apple est\u00e1 equipado com uma porta de carregamento r\u00e1pido tipo C, garantindo um carregamento r\u00e1pido e compatibilidade com dispositivos electr\u00f3nicos modernos. Permite aos utilizadores recarregar o seu dispositivo em qualquer altura e em qualquer lugar. Em compara\u00e7\u00e3o com os cigarros electr\u00f3nicos descart\u00e1veis tradicionais, este design recarreg\u00e1vel reduz significativamente os res\u00edduos e prolonga a vida \u00fatil do dispositivo, respeitando assim os princ\u00edpios ambientais e contribuindo para o desenvolvimento sustent\u00e1vel.<\/p><h2>Fluxo de ar ajust\u00e1vel<\/h2><p>O cigarro eletr\u00f3nico tem um sistema de fluxo de ar ajust\u00e1vel, permitindo aos utilizadores ajustar livremente a resist\u00eancia \u00e0 inala\u00e7\u00e3o de acordo com as suas prefer\u00eancias, desde uma inala\u00e7\u00e3o firme a uma ligeira.<\/p><h2>Design elegante e ergon\u00f3mico<\/h2><p>O Bang King 15000 coloca a \u00eanfase na funcionalidade e apresenta um design moderno com linhas simples e uma variedade de cores para se adaptar \u00e0s prefer\u00eancias est\u00e9ticas de cada utilizador. O seu design ergon\u00f3mico garante uma ader\u00eancia confort\u00e1vel e uma utiliza\u00e7\u00e3o sem fadiga, mesmo ap\u00f3s longos per\u00edodos.<\/p>\t\t\t\t\t\t\t\t<\/div>\n\t\t\t\t<\/div>\n\t\t\t\t\t<\/div>\n\t\t\t\t<\/div>\n\t\t\t\t<\/div>","protected":false},"excerpt":{"rendered":"<p>La Bang King 15000 Double Pomme est une saveur de cigarette \u00e9lectronique inspir\u00e9e de la chicha classique Double Pomme, un ar\u00f4me populaire aupr\u00e8s des amateurs de chicha au Moyen-Orient et dans le monde entier. Ar\u00f4mes fruit\u00e9s Une combinaison \u00e9quilibr\u00e9e de pommes rouges et vertes\u00a0: L&rsquo;inhalation initiale r\u00e9v\u00e8le une saveur de pomme verte croquante, l\u00e9g\u00e8rement acidul\u00e9e. [&hellip;]<\/p>\n","protected":false},"featured_media":6241,"comment_status":"open","ping_status":"closed","template":"","meta":{"site-sidebar-layout":"no-sidebar","site-content-layout":"page-builder","ast-site-content-layout":"normal-width-container","site-content-style":"default","site-sidebar-style":"default","ast-global-header-display":"","ast-banner-title-visibility":"","ast-main-header-display":"","ast-hfb-above-header-display":"","ast-hfb-below-header-display":"","ast-hfb-mobile-header-display":"","site-post-title":"disabled","ast-breadcrumbs-content":"","ast-featured-img":"disabled","footer-sml-layout":"","ast-disable-related-posts":"","theme-transparent-header-meta":"default","adv-header-id-meta":"","stick-header-meta":"default","header-above-stick-meta":"","header-main-stick-meta":"","header-below-stick-meta":"","astra-migrate-meta-layouts":"set","ast-page-background-enabled":"default","ast-page-background-meta":{"desktop":{"background-color":"","background-image":"","background-repeat":"repeat","background-position":"center center","background-size":"auto","background-attachment":"scroll","background-type":"","background-media":"","overlay-type":"","overlay-color":"","overlay-opacity":"","overlay-gradient":""},"tablet":{"background-color":"","background-image":"","background-repeat":"repeat","background-position":"center center","background-size":"auto","background-attachment":"scroll","background-type":"","background-media":"","overlay-type":"","overlay-color":"","overlay-opacity":"","overlay-gradient":""},"mobile":{"background-color":"","background-image":"","background-repeat":"repeat","background-position":"center center","background-size":"auto","background-attachment":"scroll","background-type":"","background-media":"","overlay-type":"","overlay-color":"","overlay-opacity":"","overlay-gradient":""}},"ast-content-background-meta":{"desktop":{"background-color":"var(--ast-global-color-5)","background-image":"","background-repeat":"repeat","background-position":"center center","background-size":"auto","background-attachment":"scroll","background-type":"","background-media":"","overlay-type":"","overlay-color":"","overlay-opacity":"","overlay-gradient":""},"tablet":{"background-color":"var(--ast-global-color-5)","background-image":"","background-repeat":"repeat","background-position":"center center","background-size":"auto","background-attachment":"scroll","background-type":"","background-media":"","overlay-type":"","overlay-color":"","overlay-opacity":"","overlay-gradient":""},"mobile":{"background-color":"var(--ast-global-color-5)","background-image":"","background-repeat":"repeat","background-position":"center center","background-size":"auto","background-attachment":"scroll","background-type":"","background-media":"","overlay-type":"","overlay-color":"","overlay-opacity":"","overlay-gradient":""}}},"product_brand":[52],"product_cat":[56,80,15],"product_tag":[],"class_list":{"0":"post-6385","1":"product","2":"type-product","3":"status-publish","4":"has-post-thumbnail","6":"product_brand-bang-king","7":"product_cat-bang-king-15000-est-equipee-dune-resistance-mesh-nouvelle-generation","8":"product_cat-puff-15k","9":"product_cat-magasin-cigarette-electronique","10":"desktop-align-center","11":"tablet-align-center","12":"mobile-align-center","13":"ast-product-gallery-layout-horizontal","14":"ast-product-gallery-with-no-image","15":"ast-product-single-variable","16":"ast-product-tabs-layout-horizontal","17":"ast-qv-on-image","19":"first","20":"instock","21":"sale","22":"shipping-taxable","23":"purchasable","24":"product-type-variable","25":"has-default-attributes"},"tiered_pricing_type":"fixed","tiered_pricing_fixed_rules":{"50":6.05,"100":5.59},"tiered_pricing_product_settings":{"layout":"default","base_unit_name":{"singular":null,"plural":null},"default_variation":null},"tiered_pricing_minimum_quantity":null,"tiered_pricing_roles_data":[],"tiered_pricing_percentage_rules":[],"_links":{"self":[{"href":"https:\/\/puffvapestore.com\/pt\/wp-json\/wp\/v2\/product\/6385","targetHints":{"allow":["GET"]}}],"collection":[{"href":"https:\/\/puffvapestore.com\/pt\/wp-json\/wp\/v2\/product"}],"about":[{"href":"https:\/\/puffvapestore.com\/pt\/wp-json\/wp\/v2\/types\/product"}],"replies":[{"embeddable":true,"href":"https:\/\/puffvapestore.com\/pt\/wp-json\/wp\/v2\/comments?post=6385"}],"version-history":[{"count":6,"href":"https:\/\/puffvapestore.com\/pt\/wp-json\/wp\/v2\/product\/6385\/revisions"}],"predecessor-version":[{"id":6395,"href":"https:\/\/puffvapestore.com\/pt\/wp-json\/wp\/v2\/product\/6385\/revisions\/6395"}],"wp:featuredmedia":[{"embeddable":true,"href":"https:\/\/puffvapestore.com\/pt\/wp-json\/wp\/v2\/media\/6241"}],"wp:attachment":[{"href":"https:\/\/puffvapestore.com\/pt\/wp-json\/wp\/v2\/media?parent=6385"}],"wp:term":[{"taxonomy":"product_brand","embeddable":true,"href":"https:\/\/puffvapestore.com\/pt\/wp-json\/wp\/v2\/product_brand?post=6385"},{"taxonomy":"product_cat","embeddable":true,"href":"https:\/\/puffvapestore.com\/pt\/wp-json\/wp\/v2\/product_cat?post=6385"},{"taxonomy":"product_tag","embeddable":true,"href":"https:\/\/puffvapestore.com\/pt\/wp-json\/wp\/v2\/product_tag?post=6385"}],"curies":[{"name":"wp","href":"https:\/\/api.w.org\/{rel}","templated":true}]}}