{"id":6363,"date":"2025-08-02T12:20:56","date_gmt":"2025-08-02T12:20:56","guid":{"rendered":"https:\/\/puffvapestore.com\/?post_type=product&#038;p=6363"},"modified":"2026-01-19T10:52:39","modified_gmt":"2026-01-19T10:52:39","slug":"bang-king-15000-tropical-fruit-est-rafraichissant-et-sucre","status":"publish","type":"product","link":"https:\/\/puffvapestore.com\/pt\/product\/bang-king-15000-a-fruta-tropical-e-refrescante-e-doce\/","title":{"rendered":"Bang King 15000 - Frutos tropicais"},"content":{"rendered":"<div data-elementor-type=\"wp-post\" data-elementor-id=\"6363\" class=\"elementor elementor-6363\">\n\t\t\t\t<div class=\"elementor-element elementor-element-08c26f9 e-flex e-con-boxed e-con e-parent\" data-id=\"08c26f9\" data-element_type=\"container\" data-e-type=\"container\">\n\t\t\t\t\t<div class=\"e-con-inner\">\n\t\t\t\t<div class=\"elementor-element elementor-element-a005a97 elementor-widget elementor-widget-text-editor\" data-id=\"a005a97\" data-element_type=\"widget\" data-e-type=\"widget\" data-widget_type=\"text-editor.default\">\n\t\t\t\t<div class=\"elementor-widget-container\">\n\t\t\t\t\t\t\t\t\t<p>Bang King 15000 Tropical Fruits oferece uma experi\u00eancia de sabor fresco, doce e frutado, gra\u00e7as a uma mistura de v\u00e1rios frutos tropicais. O sabor geral \u00e9 refrescantemente doce, com um toque de acidez e um sabor rico e equilibrado.<\/p><p>Se gosta de batidos de fruta, sumos tropicais e bebidas mistas de fruta, o sabor da Bang King 15000 - Tropical Fruit ir\u00e1 provavelmente satisfazer as suas prefer\u00eancias. N\u00e3o \u00e9 t\u00e3o mon\u00f3tono como uma \u00fanica fruta, mas oferece uma experi\u00eancia complexa que faz lembrar um pomar tropical.<\/p><h2>Principais carater\u00edsticas do sabor :<\/h2><h3>1. Notas frutadas dominantes : Anan\u00e1s e manga<\/h3><p>Anan\u00e1s: A primeira nota fumada \u00e9 um sabor distinto a anan\u00e1s, com acidez e do\u00e7ura naturais, uma do\u00e7ura equilibrada e uma ligeira sensa\u00e7\u00e3o de energia.<\/p><p>Manga: Segue-se um sabor suave e doce a manga, semelhante \u00e0 polpa tenra de uma manga madura, que contrasta e complementa o sabor agridoce do anan\u00e1s.<\/p><h3>2. Aromas secund\u00e1rios : Maracuj\u00e1, papaia e c\u00f4co<\/h3><p>Maracuj\u00e1: No final do fumo, surge um leve aroma a maracuj\u00e1, com uma subtil nota floral, dando um toque ex\u00f3tico ao conjunto.<\/p><p>Papeye: Tem um efeito equilibrador, suavizando a do\u00e7ura da manga e dando ao sabor uma base suave e cremosa.<\/p><p>Coco (ligeiro): Um toque de leite de c\u00f4co no final de boca acrescenta uma nota l\u00e1ctea ou cremosa ao conjunto, sem o dominar.<\/p><h2>Especifica\u00e7\u00f5es do Bang King 15000 Tropical Fruit<\/h2><p>Baforadas: Cada cigarro eletr\u00f3nico Bang King 15000 Tropical Fruit pode conter at\u00e9 15.000 baforadas.<\/p><p>Bateria integrada: Aprox. 550 mAh, recarreg\u00e1vel atrav\u00e9s da porta USB-C.<\/p><p>L\u00edquido eletr\u00f3nico pr\u00e9-carregado: aprox. 25 ml de capacidade.<\/p><p>Tipo de resist\u00eancia: Resist\u00eancia de malha para uma atomiza\u00e7\u00e3o uniforme e um aquecimento est\u00e1vel.<\/p><h2>V\u00e1rias dosagens de nicotina dispon\u00edveis.<\/h2><p>O Bang King 15000 Tropical Fruit est\u00e1 dispon\u00edvel em quatro dosagens de sal de nicotina: 0 %, 2 %, 3 % e 5 %, para satisfazer as necessidades de cada utilizador. Quer queira evitar completamente a nicotina ou prefira uma experi\u00eancia mais intensa, encontrar\u00e1 a dosagem certa para si. Esta flexibilidade permite ao utilizador adaptar o consumo de nicotina \u00e0s suas necessidades pessoais ou reduzi-lo gradualmente, para uma experi\u00eancia personalizada.<\/p><h2>Design port\u00e1til e duradouro<\/h2><p>Este cigarro eletr\u00f3nico tem um design port\u00e1til e um corpo leve, o que o torna f\u00e1cil de transportar. Quer seja para desloca\u00e7\u00f5es di\u00e1rias ou longas viagens, cabe facilmente no bolso ou na mochila. A caixa do Bang King 15000 \u00e9 feita de materiais cuidadosamente selecionados, o que lhe confere uma estrutura dur\u00e1vel que resiste aos choques e ao desgaste da utiliza\u00e7\u00e3o di\u00e1ria, garantindo uma fiabilidade a longo prazo.<\/p><h2>Design recarreg\u00e1vel amigo do ambiente<\/h2><p>O Bang King 15000 Tropical Fruit est\u00e1 equipado com uma porta de carregamento r\u00e1pido tipo C, garantindo um carregamento r\u00e1pido e compatibilidade com dispositivos electr\u00f3nicos modernos. Permite aos utilizadores recarregar o seu dispositivo em qualquer altura e em qualquer lugar. Em compara\u00e7\u00e3o com os cigarros electr\u00f3nicos tradicionais descart\u00e1veis, este design recarreg\u00e1vel reduz significativamente os res\u00edduos e prolonga a vida \u00fatil do dispositivo, respeitando assim os princ\u00edpios ambientais e contribuindo para o desenvolvimento sustent\u00e1vel.<\/p><h2>Fluxo de ar ajust\u00e1vel<\/h2><p>O cigarro eletr\u00f3nico tem um sistema de fluxo de ar ajust\u00e1vel, permitindo aos utilizadores ajustar livremente a resist\u00eancia \u00e0 inala\u00e7\u00e3o de acordo com as suas prefer\u00eancias, desde uma inala\u00e7\u00e3o firme a uma ligeira.<\/p><h2>Design elegante e ergon\u00f3mico<\/h2><p>O Bang King 15000 Tropical Fruit centra-se na funcionalidade e apresenta um design moderno com linhas simples e uma variedade de cores que se adaptam \u00e0s prefer\u00eancias est\u00e9ticas de cada utilizador. O seu design ergon\u00f3mico garante uma ader\u00eancia confort\u00e1vel e uma utiliza\u00e7\u00e3o sem fadiga, mesmo ap\u00f3s longos per\u00edodos.<\/p>\t\t\t\t\t\t\t\t<\/div>\n\t\t\t\t<\/div>\n\t\t\t\t\t<\/div>\n\t\t\t\t<\/div>\n\t\t\t\t<\/div>","protected":false},"excerpt":{"rendered":"<p>Bang King 15000 Fruits tropicaux offre une exp\u00e9rience gustative fra\u00eeche, sucr\u00e9e et fruit\u00e9e, gr\u00e2ce \u00e0 un m\u00e9lange de divers fruits tropicaux. La saveur globale est rafra\u00eechissante et sucr\u00e9e, avec une pointe d&rsquo;acidit\u00e9, et un go\u00fbt riche et \u00e9quilibr\u00e9. Si vous aimez les milk-shakes aux fruits, les jus tropicaux et les boissons aux fruits m\u00e9lang\u00e9s, la [&hellip;]<\/p>\n","protected":false},"featured_media":6253,"comment_status":"open","ping_status":"closed","template":"","meta":{"site-sidebar-layout":"no-sidebar","site-content-layout":"page-builder","ast-site-content-layout":"normal-width-container","site-content-style":"default","site-sidebar-style":"default","ast-global-header-display":"","ast-banner-title-visibility":"","ast-main-header-display":"","ast-hfb-above-header-display":"","ast-hfb-below-header-display":"","ast-hfb-mobile-header-display":"","site-post-title":"disabled","ast-breadcrumbs-content":"","ast-featured-img":"disabled","footer-sml-layout":"","ast-disable-related-posts":"","theme-transparent-header-meta":"default","adv-header-id-meta":"","stick-header-meta":"default","header-above-stick-meta":"","header-main-stick-meta":"","header-below-stick-meta":"","astra-migrate-meta-layouts":"set","ast-page-background-enabled":"default","ast-page-background-meta":{"desktop":{"background-color":"","background-image":"","background-repeat":"repeat","background-position":"center center","background-size":"auto","background-attachment":"scroll","background-type":"","background-media":"","overlay-type":"","overlay-color":"","overlay-opacity":"","overlay-gradient":""},"tablet":{"background-color":"","background-image":"","background-repeat":"repeat","background-position":"center center","background-size":"auto","background-attachment":"scroll","background-type":"","background-media":"","overlay-type":"","overlay-color":"","overlay-opacity":"","overlay-gradient":""},"mobile":{"background-color":"","background-image":"","background-repeat":"repeat","background-position":"center center","background-size":"auto","background-attachment":"scroll","background-type":"","background-media":"","overlay-type":"","overlay-color":"","overlay-opacity":"","overlay-gradient":""}},"ast-content-background-meta":{"desktop":{"background-color":"var(--ast-global-color-5)","background-image":"","background-repeat":"repeat","background-position":"center center","background-size":"auto","background-attachment":"scroll","background-type":"","background-media":"","overlay-type":"","overlay-color":"","overlay-opacity":"","overlay-gradient":""},"tablet":{"background-color":"var(--ast-global-color-5)","background-image":"","background-repeat":"repeat","background-position":"center center","background-size":"auto","background-attachment":"scroll","background-type":"","background-media":"","overlay-type":"","overlay-color":"","overlay-opacity":"","overlay-gradient":""},"mobile":{"background-color":"var(--ast-global-color-5)","background-image":"","background-repeat":"repeat","background-position":"center center","background-size":"auto","background-attachment":"scroll","background-type":"","background-media":"","overlay-type":"","overlay-color":"","overlay-opacity":"","overlay-gradient":""}}},"product_brand":[52],"product_cat":[56,80,15],"product_tag":[],"class_list":{"0":"post-6363","1":"product","2":"type-product","3":"status-publish","4":"has-post-thumbnail","6":"product_brand-bang-king","7":"product_cat-bang-king-15000-est-equipee-dune-resistance-mesh-nouvelle-generation","8":"product_cat-puff-15k","9":"product_cat-magasin-cigarette-electronique","10":"desktop-align-center","11":"tablet-align-center","12":"mobile-align-center","13":"ast-product-gallery-layout-horizontal","14":"ast-product-gallery-with-no-image","15":"ast-product-single-variable","16":"ast-product-tabs-layout-horizontal","17":"ast-qv-on-image","19":"first","20":"instock","21":"sale","22":"shipping-taxable","23":"purchasable","24":"product-type-variable","25":"has-default-attributes"},"tiered_pricing_type":"fixed","tiered_pricing_fixed_rules":{"50":6.05,"100":5.59},"tiered_pricing_product_settings":{"layout":"default","base_unit_name":{"singular":null,"plural":null},"default_variation":null},"tiered_pricing_minimum_quantity":null,"tiered_pricing_roles_data":[],"tiered_pricing_percentage_rules":[],"_links":{"self":[{"href":"https:\/\/puffvapestore.com\/pt\/wp-json\/wp\/v2\/product\/6363","targetHints":{"allow":["GET"]}}],"collection":[{"href":"https:\/\/puffvapestore.com\/pt\/wp-json\/wp\/v2\/product"}],"about":[{"href":"https:\/\/puffvapestore.com\/pt\/wp-json\/wp\/v2\/types\/product"}],"replies":[{"embeddable":true,"href":"https:\/\/puffvapestore.com\/pt\/wp-json\/wp\/v2\/comments?post=6363"}],"version-history":[{"count":6,"href":"https:\/\/puffvapestore.com\/pt\/wp-json\/wp\/v2\/product\/6363\/revisions"}],"predecessor-version":[{"id":6373,"href":"https:\/\/puffvapestore.com\/pt\/wp-json\/wp\/v2\/product\/6363\/revisions\/6373"}],"wp:featuredmedia":[{"embeddable":true,"href":"https:\/\/puffvapestore.com\/pt\/wp-json\/wp\/v2\/media\/6253"}],"wp:attachment":[{"href":"https:\/\/puffvapestore.com\/pt\/wp-json\/wp\/v2\/media?parent=6363"}],"wp:term":[{"taxonomy":"product_brand","embeddable":true,"href":"https:\/\/puffvapestore.com\/pt\/wp-json\/wp\/v2\/product_brand?post=6363"},{"taxonomy":"product_cat","embeddable":true,"href":"https:\/\/puffvapestore.com\/pt\/wp-json\/wp\/v2\/product_cat?post=6363"},{"taxonomy":"product_tag","embeddable":true,"href":"https:\/\/puffvapestore.com\/pt\/wp-json\/wp\/v2\/product_tag?post=6363"}],"curies":[{"name":"wp","href":"https:\/\/api.w.org\/{rel}","templated":true}]}}