{"id":6272,"date":"2025-08-02T08:02:02","date_gmt":"2025-08-02T08:02:02","guid":{"rendered":"https:\/\/puffvapestore.com\/?post_type=product&#038;p=6272"},"modified":"2026-01-19T10:52:38","modified_gmt":"2026-01-19T10:52:38","slug":"bang-king-15000-offre-15k-bouffees-25ml-de-liquide","status":"publish","type":"product","link":"https:\/\/puffvapestore.com\/pt\/product\/bang-king-15000-ofertas-15k-puffs-25ml-liquido\/","title":{"rendered":"Bang King 15000: Oferece 15K puffs, 25 ml de e-l\u00edquido e uma resist\u00eancia de malha"},"content":{"rendered":"<div data-elementor-type=\"wp-post\" data-elementor-id=\"6272\" class=\"elementor elementor-6272\">\n\t\t\t\t<div class=\"elementor-element elementor-element-08c26f9 e-flex e-con-boxed e-con e-parent\" data-id=\"08c26f9\" data-element_type=\"container\" data-e-type=\"container\">\n\t\t\t\t\t<div class=\"e-con-inner\">\n\t\t\t\t<div class=\"elementor-element elementor-element-a005a97 elementor-widget elementor-widget-text-editor\" data-id=\"a005a97\" data-element_type=\"widget\" data-e-type=\"widget\" data-widget_type=\"text-editor.default\">\n\t\t\t\t<div class=\"elementor-widget-container\">\n\t\t\t\t\t\t\t\t\t<h2>Especifica\u00e7\u00f5es do Bang King 15000<\/h2><p>Puffs: Cada cigarro eletr\u00f3nico Bang King 15000 pode conter at\u00e9 15.000 puffs.<\/p><p>Bateria integrada: Aprox. 550 mAh, recarreg\u00e1vel atrav\u00e9s da porta USB-C.<\/p><p>L\u00edquido eletr\u00f3nico pr\u00e9-carregado: aprox. 25 ml de capacidade.<\/p><p>Tipo de resist\u00eancia: Resist\u00eancia de malha para uma atomiza\u00e7\u00e3o uniforme e um aquecimento est\u00e1vel.<\/p><h2>V\u00e1rias dosagens de nicotina dispon\u00edveis.<\/h2><p>O Bang King 15000 oferece quatro dosagens de sal de nicotina: 0 %, 2 %, 3 % e 5 %, para satisfazer as necessidades de cada utilizador. Quer queira evitar completamente a nicotina ou prefira uma experi\u00eancia mais intensa, encontrar\u00e1 a dosagem certa para si. Esta flexibilidade permite aos utilizadores adaptar o consumo de nicotina \u00e0s suas necessidades pessoais ou reduzi-lo gradualmente, para uma experi\u00eancia personalizada.<\/p><h2>Design port\u00e1til e duradouro<\/h2><p>Este cigarro eletr\u00f3nico tem um design port\u00e1til e um corpo leve, o que o torna f\u00e1cil de transportar. Quer seja para desloca\u00e7\u00f5es di\u00e1rias ou longas viagens, cabe facilmente no bolso ou na mochila. A caixa do Bang King 15000 \u00e9 feita de materiais cuidadosamente selecionados, o que lhe confere uma estrutura dur\u00e1vel que resiste aos choques e ao desgaste da utiliza\u00e7\u00e3o di\u00e1ria, garantindo uma fiabilidade a longo prazo.<\/p><h2>Design recarreg\u00e1vel amigo do ambiente<\/h2><p>O Bang King 15000 est\u00e1 equipado com uma porta de carregamento r\u00e1pido Tipo C, garantindo um carregamento r\u00e1pido e compatibilidade com dispositivos electr\u00f3nicos modernos. Permite aos utilizadores recarregar o seu dispositivo a qualquer hora e em qualquer lugar. Em compara\u00e7\u00e3o com os cigarros electr\u00f3nicos descart\u00e1veis tradicionais, este design recarreg\u00e1vel reduz significativamente os res\u00edduos e prolonga a vida \u00fatil do dispositivo, respeitando assim os princ\u00edpios ambientais e contribuindo para o desenvolvimento sustent\u00e1vel.<\/p><h2>Fluxo de ar ajust\u00e1vel<\/h2><p>O cigarro eletr\u00f3nico tem um sistema de fluxo de ar ajust\u00e1vel, permitindo aos utilizadores ajustar livremente a resist\u00eancia \u00e0 inala\u00e7\u00e3o de acordo com as suas prefer\u00eancias, desde uma inala\u00e7\u00e3o firme a uma ligeira.<\/p><h2>Design elegante e ergon\u00f3mico<\/h2><p>O Bang King 15000 coloca a \u00eanfase na funcionalidade e apresenta um design moderno com linhas simples e uma variedade de cores para se adaptar \u00e0s prefer\u00eancias est\u00e9ticas de cada utilizador. O seu design ergon\u00f3mico garante uma ader\u00eancia confort\u00e1vel e uma utiliza\u00e7\u00e3o sem fadiga, mesmo ap\u00f3s longos per\u00edodos.<\/p><h2>O Bang King 15000 oferece 20 sabores diferentes<\/h2><p>A Bang King 15000 oferece 20 sabores diferentes, incluindo fruta, fresco e sobremesa, para satisfazer as necessidades de todos os utilizadores. Os sabores de fruta incluem \u00abAloe Grape\u00bb (doce e refrescante), \u00abPeach Mango\u00bb (tropical e frutado), \u00abDouble Apple\u00bb (estaladi\u00e7o e sumarento), \u00abKiwi Passion Fruit Guava\u00bb (trio tropical), \u00abTropical Fruit\u00bb (uma mistura de frutos tropicais), \u00abStrawberry Banana\u00bb (suave como um batido), \u00abStrawberry Kiwi\u00bb (um kiwi morango com um sabor doce e \u00e1cido equilibrado) e \u00abStrawberry Watermelon\u00bb (refrescante e sumarento). Estes aromas oferecem a do\u00e7ura e a frescura naturais da fruta, perfeitos para os amantes dos aromas frutados.<\/p><p>Concebidos para quem procura uma experi\u00eancia refrescante, os sabores refrescantes incluem \u00abBlue Razz Ice\u00bb (um gelado de mirtilo doce e picante), \u00abLush Ice\u00bb (um gelado de melancia doce e refrescante), \u00abPeach Ice\u00bb (um gelado de p\u00eassego frutado e gelado), \u00abTriple Berry Ice\u00bb (um gelado refrescante de frutos vermelhos) e \u00abBlack Dragon Ice\u00bb (um gelado de pitaya preta \u00fanico, frutado e refrescante). Estes sabores oferecem uma sensa\u00e7\u00e3o refrescante de menta, ideal para o tempo quente ou para quem procura uma sensa\u00e7\u00e3o de frescura. Al\u00e9m disso, o \u00abCool Mint\u00bb oferece uma frescura de menta pura para quem procura o m\u00e1ximo de frescura.<\/p><p>Para al\u00e9m da divers\u00e3o, h\u00e1 sobremesas e sabores \u00fanicos, como \u00abCotton Candy\u00bb (doce e leve), \u00abWatermelon Bubblegum\u00bb (uma mistura de sabores frutados e doces nost\u00e1lgicos), \u00abStrawberry Yogurt\u00bb (um equil\u00edbrio de sabores l\u00e1cteos e frutados), \u00abCherry Pop\u00bb (um refrigerante doce tipo rebu\u00e7ado) e \u00abPink Lemonade\u00bb (uma bebida refrescante e picante).<\/p>\t\t\t\t\t\t\t\t<\/div>\n\t\t\t\t<\/div>\n\t\t\t\t\t<\/div>\n\t\t\t\t<\/div>\n\t\t\t\t<\/div>","protected":false},"excerpt":{"rendered":"<p>Sp\u00e9cifications de la Bang King 15000 Bouff\u00e9es\u00a0: Chaque cigarette \u00e9lectronique Bang King 15000 peut contenir jusqu\u2019\u00e0 15000 bouff\u00e9es. Batterie int\u00e9gr\u00e9e\u00a0: Environ 550\u00a0mAh, rechargeable via le port USB-C. E-liquide pr\u00e9rempli\u00a0: Capacit\u00e9 d\u2019environ 25\u00a0ml. Type de r\u00e9sistance : R\u00e9sistance en mesh pour une atomisation uniforme et une chauffe stable. Plusieurs dosages de nicotine disponibles. La Bang King [&hellip;]<\/p>\n","protected":false},"featured_media":6256,"comment_status":"open","ping_status":"closed","template":"","meta":{"site-sidebar-layout":"no-sidebar","site-content-layout":"page-builder","ast-site-content-layout":"normal-width-container","site-content-style":"default","site-sidebar-style":"default","ast-global-header-display":"","ast-banner-title-visibility":"","ast-main-header-display":"","ast-hfb-above-header-display":"","ast-hfb-below-header-display":"","ast-hfb-mobile-header-display":"","site-post-title":"disabled","ast-breadcrumbs-content":"","ast-featured-img":"disabled","footer-sml-layout":"","ast-disable-related-posts":"","theme-transparent-header-meta":"default","adv-header-id-meta":"","stick-header-meta":"default","header-above-stick-meta":"","header-main-stick-meta":"","header-below-stick-meta":"","astra-migrate-meta-layouts":"set","ast-page-background-enabled":"default","ast-page-background-meta":{"desktop":{"background-color":"","background-image":"","background-repeat":"repeat","background-position":"center center","background-size":"auto","background-attachment":"scroll","background-type":"","background-media":"","overlay-type":"","overlay-color":"","overlay-opacity":"","overlay-gradient":""},"tablet":{"background-color":"","background-image":"","background-repeat":"repeat","background-position":"center center","background-size":"auto","background-attachment":"scroll","background-type":"","background-media":"","overlay-type":"","overlay-color":"","overlay-opacity":"","overlay-gradient":""},"mobile":{"background-color":"","background-image":"","background-repeat":"repeat","background-position":"center center","background-size":"auto","background-attachment":"scroll","background-type":"","background-media":"","overlay-type":"","overlay-color":"","overlay-opacity":"","overlay-gradient":""}},"ast-content-background-meta":{"desktop":{"background-color":"var(--ast-global-color-5)","background-image":"","background-repeat":"repeat","background-position":"center center","background-size":"auto","background-attachment":"scroll","background-type":"","background-media":"","overlay-type":"","overlay-color":"","overlay-opacity":"","overlay-gradient":""},"tablet":{"background-color":"var(--ast-global-color-5)","background-image":"","background-repeat":"repeat","background-position":"center center","background-size":"auto","background-attachment":"scroll","background-type":"","background-media":"","overlay-type":"","overlay-color":"","overlay-opacity":"","overlay-gradient":""},"mobile":{"background-color":"var(--ast-global-color-5)","background-image":"","background-repeat":"repeat","background-position":"center center","background-size":"auto","background-attachment":"scroll","background-type":"","background-media":"","overlay-type":"","overlay-color":"","overlay-opacity":"","overlay-gradient":""}}},"product_brand":[52],"product_cat":[56,80,15],"product_tag":[],"class_list":{"0":"post-6272","1":"product","2":"type-product","3":"status-publish","4":"has-post-thumbnail","6":"product_brand-bang-king","7":"product_cat-bang-king-15000-est-equipee-dune-resistance-mesh-nouvelle-generation","8":"product_cat-puff-15k","9":"product_cat-magasin-cigarette-electronique","10":"desktop-align-center","11":"tablet-align-center","12":"mobile-align-center","13":"ast-product-gallery-layout-horizontal","14":"ast-product-single-variable","15":"ast-product-tabs-layout-horizontal","16":"ast-qv-on-image","18":"first","19":"instock","20":"sale","21":"shipping-taxable","22":"purchasable","23":"product-type-variable","24":"has-default-attributes"},"tiered_pricing_type":"fixed","tiered_pricing_fixed_rules":{"50":6.05,"100":5.59},"tiered_pricing_product_settings":{"layout":"default","base_unit_name":{"singular":null,"plural":null},"default_variation":null},"tiered_pricing_minimum_quantity":null,"tiered_pricing_roles_data":[],"tiered_pricing_percentage_rules":[],"_links":{"self":[{"href":"https:\/\/puffvapestore.com\/pt\/wp-json\/wp\/v2\/product\/6272","targetHints":{"allow":["GET"]}}],"collection":[{"href":"https:\/\/puffvapestore.com\/pt\/wp-json\/wp\/v2\/product"}],"about":[{"href":"https:\/\/puffvapestore.com\/pt\/wp-json\/wp\/v2\/types\/product"}],"replies":[{"embeddable":true,"href":"https:\/\/puffvapestore.com\/pt\/wp-json\/wp\/v2\/comments?post=6272"}],"version-history":[{"count":6,"href":"https:\/\/puffvapestore.com\/pt\/wp-json\/wp\/v2\/product\/6272\/revisions"}],"predecessor-version":[{"id":6362,"href":"https:\/\/puffvapestore.com\/pt\/wp-json\/wp\/v2\/product\/6272\/revisions\/6362"}],"wp:featuredmedia":[{"embeddable":true,"href":"https:\/\/puffvapestore.com\/pt\/wp-json\/wp\/v2\/media\/6256"}],"wp:attachment":[{"href":"https:\/\/puffvapestore.com\/pt\/wp-json\/wp\/v2\/media?parent=6272"}],"wp:term":[{"taxonomy":"product_brand","embeddable":true,"href":"https:\/\/puffvapestore.com\/pt\/wp-json\/wp\/v2\/product_brand?post=6272"},{"taxonomy":"product_cat","embeddable":true,"href":"https:\/\/puffvapestore.com\/pt\/wp-json\/wp\/v2\/product_cat?post=6272"},{"taxonomy":"product_tag","embeddable":true,"href":"https:\/\/puffvapestore.com\/pt\/wp-json\/wp\/v2\/product_tag?post=6272"}],"curies":[{"name":"wp","href":"https:\/\/api.w.org\/{rel}","templated":true}]}}