{"id":6196,"date":"2025-08-02T05:50:38","date_gmt":"2025-08-02T05:50:38","guid":{"rendered":"https:\/\/puffvapestore.com\/?post_type=product&#038;p=6196"},"modified":"2026-01-19T10:36:11","modified_gmt":"2026-01-19T10:36:11","slug":"strawberry-watermelon-kiwi-passion-fruit-guava-bang-king-30k-une-saveur-chaude-et-sucree","status":"publish","type":"product","link":"https:\/\/puffvapestore.com\/pt\/product\/morango-melancia-kiwi-maracuja-goiaba-bang-king-30k-um-sabor-quente-e-doce\/","title":{"rendered":"Morango, Melancia e Kiwi, Maracuj\u00e1, Goiaba - Bang King 30000 Duplo Sabor"},"content":{"rendered":"<div data-elementor-type=\"wp-post\" data-elementor-id=\"6196\" class=\"elementor elementor-6196\">\n\t\t\t\t<div class=\"elementor-element elementor-element-08c26f9 e-flex e-con-boxed e-con e-parent\" data-id=\"08c26f9\" data-element_type=\"container\" data-e-type=\"container\">\n\t\t\t\t\t<div class=\"e-con-inner\">\n\t\t\t\t<div class=\"elementor-element elementor-element-a005a97 elementor-widget elementor-widget-text-editor\" data-id=\"a005a97\" data-element_type=\"widget\" data-e-type=\"widget\" data-widget_type=\"text-editor.default\">\n\t\t\t\t<div class=\"elementor-widget-container\">\n\t\t\t\t\t\t\t\t\t<p>A combina\u00e7\u00e3o de sabores \u00abMorango Melancia &amp; Kiwi Maracuj\u00e1 Goiaba\u00bb no cigarro eletr\u00f3nico BangKing30K proporciona-lhe duas experi\u00eancias frutadas ricas e completamente diferentes. Pode mudar de sabor em qualquer altura e desfrutar ao m\u00e1ximo de cada mudan\u00e7a frutada.<\/p><h2>Sabor 1: Melancia de morango (Melancia de morango)<\/h2><p><strong>Ataque suave e doce<\/strong><br \/>Assim que inalar, sentir\u00e1 o aroma frutado dos morangos, quente e doce, com uma frescura frutada natural.<\/p><p><strong>O cora\u00e7\u00e3o do sabor \u00e9 cremoso.<\/strong><br \/>Depois, o aroma a melancia aumenta gradualmente, dando lugar a uma ligeira do\u00e7ura. Este cigarro eletr\u00f3nico aromatizado \u00e9 como uma dentada de melancia acabada de cortar, envolvendo as papilas gustativas em humidade e frescura.<\/p><h2>Sabor 2 : Kiwi, Maracuj\u00e1, Goiaba<\/h2><p><strong>Primeira inala\u00e7\u00e3o: Tart Kiwi<\/strong><br \/>A primeira sensa\u00e7\u00e3o \u00e9 a da acidez refrescante do kiwi, com a subtil granulosidade das delicadas sementes, simultaneamente transparentes e estimulantes para as papilas gustativas.<\/p><p><strong>Pasta interm\u00e9dia: Aroma de maracuj\u00e1<\/strong><br \/>De seguida, o sabor tropical do maracuj\u00e1 emerge gradualmente. A sua fragr\u00e2ncia e acidez s\u00e3o mais fortes e pungentes do que as do kiwi, levando o paladar \u00e0s profundezas dos pomares tropicais.<\/p><p><strong>Final de boca suave e doce: goiaba equilibrada<\/strong><br \/>Finalmente, o aroma quente e doce da goiaba toma conta, lan\u00e7ando as bases para a experi\u00eancia gustativa. Suave mas muito frutado, \u00e9 como um lubrificante que equilibra a acidez pronunciada.<\/p><p><strong>Sabor residual<\/strong><br \/>O aroma frutado espalha-se suavemente pelo paladar, alternando do\u00e7ura e acidez, proporcionando uma frescura cont\u00ednua e um poderoso travo final.<\/p><p><strong>Experi\u00eancia global<\/strong><br \/>\u00c9 como saborear um copo de sumo personalizado: a acidez come\u00e7a, explode no paladar, antes de regressar a um sabor doce e suave, cheio e variado.<\/p><h2>O dobro do sabor, o dobro da experi\u00eancia<\/h2><p>A Bang King 30000 Strawberry Watermelon &amp; Kiwi Passion Fruit Guava possui um inovador sistema de duplo sabor, para que possa mudar de um sabor para outro em qualquer altura.<\/p><p>O dep\u00f3sito de e-l\u00edquido de 36 ml, muito maior do que os produtos convencionais, assegura uma inala\u00e7\u00e3o completa e suave, reduzindo a necessidade de mudan\u00e7as frequentes e garantindo uma utiliza\u00e7\u00e3o duradoura.<\/p><h2>Numerosas baforadas: at\u00e9 30 000 baforadas<\/h2><p>O Bang King 30000 Strawberry Watermelon &amp; Kiwi Passion Fruit Guava oferece at\u00e9 30K puffs, mais tempo do que os cigarros electr\u00f3nicos descart\u00e1veis tradicionais. \u00c9 a escolha ideal para utilizadores intensivos que n\u00e3o precisam de mudar frequentemente de equipamento.<\/p><p>Bateria de l\u00edtio recarreg\u00e1vel de 550 mAh incorporada com interface de carregamento r\u00e1pido USB-C para um carregamento mais eficiente, seguro e est\u00e1vel e uma utiliza\u00e7\u00e3o mais longa. Gra\u00e7as ao sistema de gest\u00e3o de energia, a dura\u00e7\u00e3o da bateria e a efici\u00eancia do carregamento s\u00e3o melhoradas.<\/p><h2>Estrutura de malha aquecida, sabor rico<\/h2><p>O Bang King 30000 Strawberry Watermelon &amp; Kiwi Passion Fruit Guava utiliza uma avan\u00e7ada bobina de atomiza\u00e7\u00e3o de 1,0 \u03a9 Mesh Coil (bobina de malha), que melhora drasticamente a efici\u00eancia da atomiza\u00e7\u00e3o, torna o fumo mais delicado e o sabor mais puro, tendo em conta o grande volume de fumo e o sabor delicado, para uma satisfa\u00e7\u00e3o pr\u00f3xima da de um cigarro real.<\/p><p>Quatro n\u00edveis de concentra\u00e7\u00e3o de nicotina (0 %, 2 %, 3 % e 5 %) est\u00e3o dispon\u00edveis para responder \u00e0s diferentes necessidades dos utilizadores que est\u00e3o a fazer a transi\u00e7\u00e3o para deixar de fumar e dos fumadores pesados, permitindo-lhes escolher livremente a intensidade que lhes conv\u00e9m.<\/p><p>O Bang King 30000 Strawberry Watermelon &amp; Kiwi Passion Fruit Guava tem linhas simples, um toque confort\u00e1vel e uma leveza e portabilidade \u00f3ptimas, ideais para uso di\u00e1rio ou viagens.<\/p>\t\t\t\t\t\t\t\t<\/div>\n\t\t\t\t<\/div>\n\t\t\t\t\t<\/div>\n\t\t\t\t<\/div>\n\t\t\t\t<\/div>","protected":false},"excerpt":{"rendered":"<p>La combinaison de saveurs \u00ab Fraise Past\u00e8que &amp; Kiwi Fruit de la Passion Goyave \u00bb de la cigarette \u00e9lectronique BangKing30K vous offre deux exp\u00e9riences fruit\u00e9es riches et compl\u00e8tement diff\u00e9rentes. Vous pouvez changer de saveur \u00e0 tout moment et profiter pleinement de chaque changement fruit\u00e9. Ar\u00f4me 1 : Fraise Past\u00e8que (Fraise Past\u00e8que) Attaque douce et sucr\u00e9eD\u00e8s [&hellip;]<\/p>\n","protected":false},"featured_media":5981,"comment_status":"open","ping_status":"closed","template":"","meta":{"site-sidebar-layout":"no-sidebar","site-content-layout":"page-builder","ast-site-content-layout":"normal-width-container","site-content-style":"default","site-sidebar-style":"default","ast-global-header-display":"","ast-banner-title-visibility":"","ast-main-header-display":"","ast-hfb-above-header-display":"","ast-hfb-below-header-display":"","ast-hfb-mobile-header-display":"","site-post-title":"disabled","ast-breadcrumbs-content":"","ast-featured-img":"disabled","footer-sml-layout":"","ast-disable-related-posts":"","theme-transparent-header-meta":"default","adv-header-id-meta":"","stick-header-meta":"default","header-above-stick-meta":"","header-main-stick-meta":"","header-below-stick-meta":"","astra-migrate-meta-layouts":"set","ast-page-background-enabled":"default","ast-page-background-meta":{"desktop":{"background-color":"","background-image":"","background-repeat":"repeat","background-position":"center center","background-size":"auto","background-attachment":"scroll","background-type":"","background-media":"","overlay-type":"","overlay-color":"","overlay-opacity":"","overlay-gradient":""},"tablet":{"background-color":"","background-image":"","background-repeat":"repeat","background-position":"center center","background-size":"auto","background-attachment":"scroll","background-type":"","background-media":"","overlay-type":"","overlay-color":"","overlay-opacity":"","overlay-gradient":""},"mobile":{"background-color":"","background-image":"","background-repeat":"repeat","background-position":"center center","background-size":"auto","background-attachment":"scroll","background-type":"","background-media":"","overlay-type":"","overlay-color":"","overlay-opacity":"","overlay-gradient":""}},"ast-content-background-meta":{"desktop":{"background-color":"var(--ast-global-color-5)","background-image":"","background-repeat":"repeat","background-position":"center center","background-size":"auto","background-attachment":"scroll","background-type":"","background-media":"","overlay-type":"","overlay-color":"","overlay-opacity":"","overlay-gradient":""},"tablet":{"background-color":"var(--ast-global-color-5)","background-image":"","background-repeat":"repeat","background-position":"center center","background-size":"auto","background-attachment":"scroll","background-type":"","background-media":"","overlay-type":"","overlay-color":"","overlay-opacity":"","overlay-gradient":""},"mobile":{"background-color":"var(--ast-global-color-5)","background-image":"","background-repeat":"repeat","background-position":"center center","background-size":"auto","background-attachment":"scroll","background-type":"","background-media":"","overlay-type":"","overlay-color":"","overlay-opacity":"","overlay-gradient":""}}},"product_brand":[52],"product_cat":[55,86,15],"product_tag":[],"class_list":{"0":"post-6196","1":"product","2":"type-product","3":"status-publish","4":"has-post-thumbnail","6":"product_brand-bang-king","7":"product_cat-bang-king-30000-double-saveur-offre-jusqua-36ml-de-liquide","8":"product_cat-puff-30k","9":"product_cat-magasin-cigarette-electronique","10":"desktop-align-center","11":"tablet-align-center","12":"mobile-align-center","13":"ast-product-gallery-layout-horizontal","14":"ast-product-gallery-with-no-image","15":"ast-product-single-variable","16":"ast-product-tabs-layout-horizontal","17":"ast-qv-on-image","19":"first","20":"instock","21":"sale","22":"shipping-taxable","23":"purchasable","24":"product-type-variable","25":"has-default-attributes"},"tiered_pricing_type":"fixed","tiered_pricing_fixed_rules":{"50":7.33,"100":6.66},"tiered_pricing_product_settings":{"layout":"default","base_unit_name":{"singular":null,"plural":null},"default_variation":null},"tiered_pricing_minimum_quantity":null,"tiered_pricing_roles_data":[],"tiered_pricing_percentage_rules":[],"_links":{"self":[{"href":"https:\/\/puffvapestore.com\/pt\/wp-json\/wp\/v2\/product\/6196","targetHints":{"allow":["GET"]}}],"collection":[{"href":"https:\/\/puffvapestore.com\/pt\/wp-json\/wp\/v2\/product"}],"about":[{"href":"https:\/\/puffvapestore.com\/pt\/wp-json\/wp\/v2\/types\/product"}],"replies":[{"embeddable":true,"href":"https:\/\/puffvapestore.com\/pt\/wp-json\/wp\/v2\/comments?post=6196"}],"version-history":[{"count":7,"href":"https:\/\/puffvapestore.com\/pt\/wp-json\/wp\/v2\/product\/6196\/revisions"}],"predecessor-version":[{"id":6631,"href":"https:\/\/puffvapestore.com\/pt\/wp-json\/wp\/v2\/product\/6196\/revisions\/6631"}],"wp:featuredmedia":[{"embeddable":true,"href":"https:\/\/puffvapestore.com\/pt\/wp-json\/wp\/v2\/media\/5981"}],"wp:attachment":[{"href":"https:\/\/puffvapestore.com\/pt\/wp-json\/wp\/v2\/media?parent=6196"}],"wp:term":[{"taxonomy":"product_brand","embeddable":true,"href":"https:\/\/puffvapestore.com\/pt\/wp-json\/wp\/v2\/product_brand?post=6196"},{"taxonomy":"product_cat","embeddable":true,"href":"https:\/\/puffvapestore.com\/pt\/wp-json\/wp\/v2\/product_cat?post=6196"},{"taxonomy":"product_tag","embeddable":true,"href":"https:\/\/puffvapestore.com\/pt\/wp-json\/wp\/v2\/product_tag?post=6196"}],"curies":[{"name":"wp","href":"https:\/\/api.w.org\/{rel}","templated":true}]}}