{"id":6184,"date":"2025-08-02T03:42:18","date_gmt":"2025-08-02T03:42:18","guid":{"rendered":"https:\/\/puffvapestore.com\/?post_type=product&#038;p=6184"},"modified":"2026-01-19T10:36:11","modified_gmt":"2026-01-19T10:36:11","slug":"red-bull-watermelon-bubble-candy-bang-king-30k-un-gout-sucre-et-rafraichissant","status":"publish","type":"product","link":"https:\/\/puffvapestore.com\/pt\/product\/red-bull-melancia-bang-king-30k-um-sabor-doce-e-refrescante\/","title":{"rendered":"Rebu\u00e7ados Red Bull e Melancia - Bang King 30000 Duplo Sabor"},"content":{"rendered":"<div data-elementor-type=\"wp-post\" data-elementor-id=\"6184\" class=\"elementor elementor-6184\">\n\t\t\t\t<div class=\"elementor-element elementor-element-08c26f9 e-flex e-con-boxed e-con e-parent\" data-id=\"08c26f9\" data-element_type=\"container\" data-e-type=\"container\">\n\t\t\t\t\t<div class=\"e-con-inner\">\n\t\t\t\t<div class=\"elementor-element elementor-element-a005a97 elementor-widget elementor-widget-text-editor\" data-id=\"a005a97\" data-element_type=\"widget\" data-e-type=\"widget\" data-widget_type=\"text-editor.default\">\n\t\t\t\t<div class=\"elementor-widget-container\">\n\t\t\t\t\t\t\t\t\t<p>A combina\u00e7\u00e3o \u00abWatermelon and Red Bull Bubbles\u00bb nos cigarros electr\u00f3nicos BangKing30K permite-lhe descobrir dois sabores completamente diferentes: uma bebida energ\u00e9tica refrescante e um sabor frutado, doce e divertido de pastilha el\u00e1stica.<\/p><h2>Sabor 1: Red Bull (sabor a bebida energ\u00e9tica)<\/h2><p>A primeira sensa\u00e7\u00e3o \u00e9 o ligeiro sabor agridoce e \u00e1cido carb\u00f3nico t\u00edpico das bebidas energ\u00e9ticas cl\u00e1ssicas. Embora n\u00e3o haja bolhas verdadeiras, o \u00abgorgolejo\u00bb do fumo simula a sensa\u00e7\u00e3o de um Red Bull gelado.<\/p><p><strong>Rela\u00e7\u00e3o doce-torta<\/strong><br \/>A do\u00e7ura \u00e9 evidente, mas n\u00e3o excessiva, acompanhada de uma acidez refrescante, como se a adi\u00e7\u00e3o de lim\u00e3o real\u00e7asse o sabor, tornando o gosto geral mais leve e mais en\u00e9rgico.<\/p><p><strong>Subtil sabor residual<\/strong><br \/>O leve aroma a caramelo ou malte engrossa a textura fumada e dissipa-se lentamente, deixando uma sensa\u00e7\u00e3o de frescura que deixa uma impress\u00e3o duradoura.<\/p><h2>Sabor 2: Doce de melancia<\/h2><p><strong>Um fumo doce entra na boca<\/strong><br \/>Desde o primeiro cheirinho, sente-se o aroma fresco e sumarento da melancia - um pouco como as fatias de melancia acabadas de sair do frigor\u00edfico, doce, aguado e claro.<\/p><p><strong>A doce sensa\u00e7\u00e3o de mascar pastilha el\u00e1stica<\/strong><br \/>Depois, a do\u00e7ura \u00e9 envolvida por um aroma nost\u00e1lgico de pastilha el\u00e1stica, mais pronunciado, sem ser gorduroso, com uma ligeira redondeza de rebu\u00e7ado sint\u00e9tico, como a pastilha el\u00e1stica que eu devorava em crian\u00e7a.<\/p><p><strong>N\u00edvel de sabor<\/strong><br \/>O aroma frutado natural da melancia e a do\u00e7ura artificial da pastilha el\u00e1stica misturam-se harmoniosamente. O contraste \u00e9 subtil mas evidente, de modo que a do\u00e7ura no paladar passa rapidamente de \u00abnatural\u00bb a \u2019infantil\u00ab, oferecendo uma experi\u00eancia gustativa agrad\u00e1vel.<\/p><p><strong>Final de boca refrescante<\/strong><br \/>O sabor residual \u00e9 ainda ligeiramente fresco, como uma mistura de gelado de melancia e pastilha el\u00e1stica, com um toque de frescura.<\/p><h2>Cen\u00e1rios de utiliza\u00e7\u00e3o dos aromas<\/h2><p>Manh\u00e3 ou cansa\u00e7o: escolha o sabor Red Bull para despertar instantaneamente os seus sentidos e o seu esp\u00edrito.<\/p><p>Quando estiver livre, descontra\u00eddo ou a sentir nostalgia: opte pelo sabor Watermelon Bubble Candy para saborear o prazer da fruta doce e da pastilha el\u00e1stica.<\/p><h2>O dobro do sabor, o dobro da experi\u00eancia<\/h2><p>A Bang King 30000 Red Bull &amp; Watermelon Bubble Candy possui um sistema inovador de duplo sabor, para que possa mudar de um sabor para outro em qualquer altura.<\/p><p>O dep\u00f3sito de e-l\u00edquido de 36 ml, muito maior do que os produtos convencionais, assegura uma inala\u00e7\u00e3o completa e suave, reduzindo a necessidade de mudan\u00e7as frequentes e garantindo uma utiliza\u00e7\u00e3o duradoura.<\/p><h2>Numerosas baforadas: at\u00e9 30 000 baforadas<\/h2><p>O Bang King 30000 Red Bull &amp; Watermelon Bubble Candy oferece at\u00e9 30 mil baforadas, mais tempo do que os cigarros electr\u00f3nicos descart\u00e1veis tradicionais. \u00c9 a escolha ideal para utilizadores intensivos que n\u00e3o precisam de mudar frequentemente de equipamento.<\/p><p>Bateria de l\u00edtio recarreg\u00e1vel de 550 mAh incorporada com interface de carregamento r\u00e1pido USB-C para um carregamento mais eficiente, seguro e est\u00e1vel e uma utiliza\u00e7\u00e3o mais longa. Gra\u00e7as ao sistema de gest\u00e3o de energia, a dura\u00e7\u00e3o da bateria e a efici\u00eancia do carregamento s\u00e3o melhoradas.<\/p><h2>Estrutura de malha aquecida, sabor rico<\/h2><p>O Bang King 30000 Red Bull &amp; Watermelon Bubble Candy utiliza uma avan\u00e7ada bobina de atomiza\u00e7\u00e3o de 1,0 \u03a9 Mesh Coil (bobina de malha), que melhora drasticamente a efici\u00eancia da atomiza\u00e7\u00e3o, torna o fumo mais delicado e o sabor mais puro, ao mesmo tempo que acomoda o grande volume de fumo e o sabor delicado, para uma satisfa\u00e7\u00e3o quase real do cigarro.<\/p><p>Quatro n\u00edveis de concentra\u00e7\u00e3o de nicotina (0 %, 2 %, 3 % e 5 %) est\u00e3o dispon\u00edveis para responder \u00e0s diferentes necessidades dos utilizadores que est\u00e3o a fazer a transi\u00e7\u00e3o para deixar de fumar e dos fumadores pesados, permitindo-lhes escolher livremente a intensidade que lhes conv\u00e9m.<\/p><p>O Bang King 30000 tem linhas simples, uma sensa\u00e7\u00e3o de conforto e uma leveza e portabilidade \u00f3ptimas, ideal para utiliza\u00e7\u00e3o di\u00e1ria ou viagens.<\/p>\t\t\t\t\t\t\t\t<\/div>\n\t\t\t\t<\/div>\n\t\t\t\t\t<\/div>\n\t\t\t\t<\/div>\n\t\t\t\t<\/div>","protected":false},"excerpt":{"rendered":"<p>La combinaison \u00ab\u00a0Bonbons Bubbles Past\u00e8que et Red Bull\u00a0\u00bb des cigarettes \u00e9lectroniques BangKing30K vous permet de d\u00e9couvrir deux saveurs compl\u00e8tement diff\u00e9rentes\u00a0: une boisson \u00e9nergisante rafra\u00eechissante et une saveur fruit\u00e9e et sucr\u00e9e et amusante de chewing-gum. Saveur 1\u00a0: Red Bull (saveur boisson \u00e9nergisante) La premi\u00e8re sensation ressentie est le l\u00e9ger go\u00fbt aigre-doux et acide carbonique propre aux [&hellip;]<\/p>\n","protected":false},"featured_media":5977,"comment_status":"open","ping_status":"closed","template":"","meta":{"site-sidebar-layout":"no-sidebar","site-content-layout":"page-builder","ast-site-content-layout":"normal-width-container","site-content-style":"default","site-sidebar-style":"default","ast-global-header-display":"","ast-banner-title-visibility":"","ast-main-header-display":"","ast-hfb-above-header-display":"","ast-hfb-below-header-display":"","ast-hfb-mobile-header-display":"","site-post-title":"disabled","ast-breadcrumbs-content":"","ast-featured-img":"disabled","footer-sml-layout":"","ast-disable-related-posts":"","theme-transparent-header-meta":"default","adv-header-id-meta":"","stick-header-meta":"default","header-above-stick-meta":"","header-main-stick-meta":"","header-below-stick-meta":"","astra-migrate-meta-layouts":"set","ast-page-background-enabled":"default","ast-page-background-meta":{"desktop":{"background-color":"","background-image":"","background-repeat":"repeat","background-position":"center center","background-size":"auto","background-attachment":"scroll","background-type":"","background-media":"","overlay-type":"","overlay-color":"","overlay-opacity":"","overlay-gradient":""},"tablet":{"background-color":"","background-image":"","background-repeat":"repeat","background-position":"center center","background-size":"auto","background-attachment":"scroll","background-type":"","background-media":"","overlay-type":"","overlay-color":"","overlay-opacity":"","overlay-gradient":""},"mobile":{"background-color":"","background-image":"","background-repeat":"repeat","background-position":"center center","background-size":"auto","background-attachment":"scroll","background-type":"","background-media":"","overlay-type":"","overlay-color":"","overlay-opacity":"","overlay-gradient":""}},"ast-content-background-meta":{"desktop":{"background-color":"var(--ast-global-color-5)","background-image":"","background-repeat":"repeat","background-position":"center center","background-size":"auto","background-attachment":"scroll","background-type":"","background-media":"","overlay-type":"","overlay-color":"","overlay-opacity":"","overlay-gradient":""},"tablet":{"background-color":"var(--ast-global-color-5)","background-image":"","background-repeat":"repeat","background-position":"center center","background-size":"auto","background-attachment":"scroll","background-type":"","background-media":"","overlay-type":"","overlay-color":"","overlay-opacity":"","overlay-gradient":""},"mobile":{"background-color":"var(--ast-global-color-5)","background-image":"","background-repeat":"repeat","background-position":"center center","background-size":"auto","background-attachment":"scroll","background-type":"","background-media":"","overlay-type":"","overlay-color":"","overlay-opacity":"","overlay-gradient":""}}},"product_brand":[52],"product_cat":[55,86,15],"product_tag":[],"class_list":{"0":"post-6184","1":"product","2":"type-product","3":"status-publish","4":"has-post-thumbnail","6":"product_brand-bang-king","7":"product_cat-bang-king-30000-double-saveur-offre-jusqua-36ml-de-liquide","8":"product_cat-puff-30k","9":"product_cat-magasin-cigarette-electronique","10":"desktop-align-center","11":"tablet-align-center","12":"mobile-align-center","13":"ast-product-gallery-layout-horizontal","14":"ast-product-gallery-with-no-image","15":"ast-product-single-variable","16":"ast-product-tabs-layout-horizontal","17":"ast-qv-on-image","19":"first","20":"instock","21":"sale","22":"shipping-taxable","23":"purchasable","24":"product-type-variable","25":"has-default-attributes"},"tiered_pricing_type":"fixed","tiered_pricing_fixed_rules":{"50":7.33,"100":6.66},"tiered_pricing_product_settings":{"layout":"default","base_unit_name":{"singular":null,"plural":null},"default_variation":null},"tiered_pricing_minimum_quantity":null,"tiered_pricing_roles_data":[],"tiered_pricing_percentage_rules":[],"_links":{"self":[{"href":"https:\/\/puffvapestore.com\/pt\/wp-json\/wp\/v2\/product\/6184","targetHints":{"allow":["GET"]}}],"collection":[{"href":"https:\/\/puffvapestore.com\/pt\/wp-json\/wp\/v2\/product"}],"about":[{"href":"https:\/\/puffvapestore.com\/pt\/wp-json\/wp\/v2\/types\/product"}],"replies":[{"embeddable":true,"href":"https:\/\/puffvapestore.com\/pt\/wp-json\/wp\/v2\/comments?post=6184"}],"version-history":[{"count":8,"href":"https:\/\/puffvapestore.com\/pt\/wp-json\/wp\/v2\/product\/6184\/revisions"}],"predecessor-version":[{"id":6630,"href":"https:\/\/puffvapestore.com\/pt\/wp-json\/wp\/v2\/product\/6184\/revisions\/6630"}],"wp:featuredmedia":[{"embeddable":true,"href":"https:\/\/puffvapestore.com\/pt\/wp-json\/wp\/v2\/media\/5977"}],"wp:attachment":[{"href":"https:\/\/puffvapestore.com\/pt\/wp-json\/wp\/v2\/media?parent=6184"}],"wp:term":[{"taxonomy":"product_brand","embeddable":true,"href":"https:\/\/puffvapestore.com\/pt\/wp-json\/wp\/v2\/product_brand?post=6184"},{"taxonomy":"product_cat","embeddable":true,"href":"https:\/\/puffvapestore.com\/pt\/wp-json\/wp\/v2\/product_cat?post=6184"},{"taxonomy":"product_tag","embeddable":true,"href":"https:\/\/puffvapestore.com\/pt\/wp-json\/wp\/v2\/product_tag?post=6184"}],"curies":[{"name":"wp","href":"https:\/\/api.w.org\/{rel}","templated":true}]}}