{"id":6173,"date":"2025-08-01T12:31:43","date_gmt":"2025-08-01T12:31:43","guid":{"rendered":"https:\/\/puffvapestore.com\/?post_type=product&#038;p=6173"},"modified":"2026-01-19T10:36:11","modified_gmt":"2026-01-19T10:36:11","slug":"strawberry-kiwi-sour-apple-raspberry-bang-king-30k-allie-un-arome-fruite-doux","status":"publish","type":"product","link":"https:\/\/puffvapestore.com\/pt\/product\/morango-kiwi-maca-acida-framboesa-bang-king-30k-combina-um-aroma-frutado-doce-com-um-sabor-frutado\/","title":{"rendered":"Morango Kiwi e Ma\u00e7\u00e3 \u00c1cida Framboesa - Bang King 30000 Duplo Sabor"},"content":{"rendered":"<div data-elementor-type=\"wp-post\" data-elementor-id=\"6173\" class=\"elementor elementor-6173\">\n\t\t\t\t<div class=\"elementor-element elementor-element-08c26f9 e-flex e-con-boxed e-con e-parent\" data-id=\"08c26f9\" data-element_type=\"container\" data-e-type=\"container\">\n\t\t\t\t\t<div class=\"e-con-inner\">\n\t\t\t\t<div class=\"elementor-element elementor-element-a005a97 elementor-widget elementor-widget-text-editor\" data-id=\"a005a97\" data-element_type=\"widget\" data-e-type=\"widget\" data-widget_type=\"text-editor.default\">\n\t\t\t\t<div class=\"elementor-widget-container\">\n\t\t\t\t\t\t\t\t\t<p>A combina\u00e7\u00e3o de sabores \u00abStrawberry Kiwi &amp; Acidulated Apple Raspberry\u00bb no cigarro eletr\u00f3nico BangKing30K cria uma experi\u00eancia \u00fanica, subtil e agridoce, permitindo-lhe variar os prazeres a qualquer momento: aroma frutado doce e acidez estimulante.<\/p><h2>Sabor 1: Morango Kiwi<\/h2><p><strong>Primeira inala\u00e7\u00e3o<\/strong><br \/>A do\u00e7ura e a sucul\u00eancia dos morangos est\u00e3o presentes, como um morango maduro acabado de colher, dando-lhe um sabor frutado quente e doce instant\u00e2neo.<\/p><p><strong>Equil\u00edbrio doce e \u00e1cido no palato m\u00e9dio<\/strong><br \/>Segue-se a ligeira acidez e o aroma frutado do kiwi, que confere um toque de acidez fresca ao conjunto e neutraliza a do\u00e7ura dos morangos, conferindo-lhe uma complexidade acrescida.<\/p><p><strong>Final de boca refrescante<\/strong><br \/>O final de boca oferece uma ligeira sensa\u00e7\u00e3o de frescura, deixando no palato um final refrescante, nem demasiado forte nem dominante, muito equilibrado e natural.<\/p><h3>Resumo das carater\u00edsticas gustativas<\/h3><p>Do\u00e7ura moderada, aroma frutado rico<\/p><p>Acidez suave e n\u00e3o irritante<\/p><h2>Prova 2: Ma\u00e7\u00e3 e framboesa<\/h2><p><strong>Um ataque picante<\/strong><br \/>A acidez acentuada das ma\u00e7\u00e3s \u00e1cidas e crocantes \u00e9 a primeira coisa que se nota, e a polpa doce d\u00e1 a impress\u00e3o de morder uma ma\u00e7\u00e3 verde fria, estimulando instantaneamente as papilas gustativas.<\/p><p><strong>Sabor a framboesa no meio e no fim da boca<\/strong><br \/>\u00c0 medida que a acidez da ma\u00e7\u00e3 se prolonga no palato, desenvolve-se um ligeiro aroma a framboesa, trazendo uma acidez frutada mais suave e sabores quentes a frutos vermelhos, como a acidez da ma\u00e7\u00e3 e a do\u00e7ura da framboesa que dan\u00e7am no palato.<\/p><p><strong>Acidez e equil\u00edbrio<\/strong><br \/>A adi\u00e7\u00e3o de framboesas n\u00e3o suaviza a acidez da ma\u00e7\u00e3, mas acrescenta um toque de do\u00e7ura, tornando a acidez geral elevada, n\u00e3o acentuada ou penetrante, mas azeda e saborosa.<\/p><p><strong>Sabor residual<\/strong><br \/>O aroma frutado espalha-se pelo fumo, deixando um travo agridoce no palato, como um sumo agridoce.<\/p><h3>Pode ser utilizado numa vasta gama de contextos<\/h3><p>Para um sabor doce e frutado, escolha Morango Kiwi para um equil\u00edbrio refrescante.<\/p><p>Mudar para o sabor picante de ma\u00e7\u00e3 e framboesa com um clique e sentir a acidez imediatamente.<\/p><h2>O dobro do sabor, o dobro da experi\u00eancia<\/h2><p>O Bang King 30000 Strawberry Kiwi &amp; Sour Apple Raspberry possui um sistema inovador de duplo sabor, para que possa mudar de um sabor para outro em qualquer altura.<\/p><p>O dep\u00f3sito de e-l\u00edquido de 36 ml, muito maior do que os produtos convencionais, assegura uma inala\u00e7\u00e3o completa e suave, reduzindo a necessidade de mudan\u00e7as frequentes e garantindo uma utiliza\u00e7\u00e3o duradoura.<\/p><h2>Numerosas baforadas: at\u00e9 30 000 baforadas<\/h2><p>O Bang King 30000 Strawberry Kiwi &amp; Sour Apple Raspberry oferece at\u00e9 30K puffs, mais tempo do que os cigarros electr\u00f3nicos descart\u00e1veis tradicionais. \u00c9 a escolha ideal para utilizadores intensivos que n\u00e3o precisam de mudar frequentemente de equipamento.<\/p><p>Bateria de l\u00edtio recarreg\u00e1vel de 550 mAh incorporada com interface de carregamento r\u00e1pido USB-C para um carregamento mais eficiente, seguro e est\u00e1vel e uma utiliza\u00e7\u00e3o mais longa. Gra\u00e7as ao sistema de gest\u00e3o de energia, a dura\u00e7\u00e3o da bateria e a efici\u00eancia do carregamento s\u00e3o melhoradas.<\/p><h2>Estrutura de malha aquecida, sabor rico<\/h2><p>O Bang King 30000 Strawberry Kiwi &amp; Sour Apple Raspberry utiliza uma avan\u00e7ada bobina de atomiza\u00e7\u00e3o Mesh Coil (bobina em malha) de 1,0 \u03a9, que melhora drasticamente a efici\u00eancia da atomiza\u00e7\u00e3o, torna o fumo mais delicado e o sabor mais puro, ao mesmo tempo que acomoda o grande volume de fumo e o sabor delicado, para uma satisfa\u00e7\u00e3o quase real com o cigarro.<\/p><p>Quatro n\u00edveis de concentra\u00e7\u00e3o de nicotina (0 %, 2 %, 3 % e 5 %) est\u00e3o dispon\u00edveis para responder \u00e0s diferentes necessidades dos utilizadores que est\u00e3o a fazer a transi\u00e7\u00e3o para deixar de fumar e dos fumadores pesados, permitindo-lhes escolher livremente a intensidade que lhes conv\u00e9m.<\/p><p>O Bang King 30000 Strawberry Kiwi &amp; Sour Apple Raspberry tem linhas simples, uma sensa\u00e7\u00e3o de conforto e uma leveza e portabilidade \u00f3ptimas, ideais para uso di\u00e1rio ou viagens.<\/p>\t\t\t\t\t\t\t\t<\/div>\n\t\t\t\t<\/div>\n\t\t\t\t\t<\/div>\n\t\t\t\t<\/div>\n\t\t\t\t<\/div>","protected":false},"excerpt":{"rendered":"<p>La combinaison de saveurs \u00ab Fraise Kiwi &amp; Pomme Acidul\u00e9e Framboise \u00bb de la cigarette \u00e9lectronique BangKing30K cr\u00e9e une exp\u00e9rience unique, aigre-douce et subtile, vous permettant de varier les plaisirs \u00e0 tout moment\u00a0: ar\u00f4me fruit\u00e9 doux et acidit\u00e9 stimulante. Ar\u00f4me 1\u00a0: Fraise Kiwi Premi\u00e8re inhalationLa douceur et la jutosit\u00e9 des fraises sont pr\u00e9sentes, comme une [&hellip;]<\/p>\n","protected":false},"featured_media":5980,"comment_status":"open","ping_status":"closed","template":"","meta":{"site-sidebar-layout":"no-sidebar","site-content-layout":"page-builder","ast-site-content-layout":"normal-width-container","site-content-style":"default","site-sidebar-style":"default","ast-global-header-display":"","ast-banner-title-visibility":"","ast-main-header-display":"","ast-hfb-above-header-display":"","ast-hfb-below-header-display":"","ast-hfb-mobile-header-display":"","site-post-title":"disabled","ast-breadcrumbs-content":"","ast-featured-img":"disabled","footer-sml-layout":"","ast-disable-related-posts":"","theme-transparent-header-meta":"default","adv-header-id-meta":"","stick-header-meta":"default","header-above-stick-meta":"","header-main-stick-meta":"","header-below-stick-meta":"","astra-migrate-meta-layouts":"set","ast-page-background-enabled":"default","ast-page-background-meta":{"desktop":{"background-color":"","background-image":"","background-repeat":"repeat","background-position":"center center","background-size":"auto","background-attachment":"scroll","background-type":"","background-media":"","overlay-type":"","overlay-color":"","overlay-opacity":"","overlay-gradient":""},"tablet":{"background-color":"","background-image":"","background-repeat":"repeat","background-position":"center center","background-size":"auto","background-attachment":"scroll","background-type":"","background-media":"","overlay-type":"","overlay-color":"","overlay-opacity":"","overlay-gradient":""},"mobile":{"background-color":"","background-image":"","background-repeat":"repeat","background-position":"center center","background-size":"auto","background-attachment":"scroll","background-type":"","background-media":"","overlay-type":"","overlay-color":"","overlay-opacity":"","overlay-gradient":""}},"ast-content-background-meta":{"desktop":{"background-color":"var(--ast-global-color-5)","background-image":"","background-repeat":"repeat","background-position":"center center","background-size":"auto","background-attachment":"scroll","background-type":"","background-media":"","overlay-type":"","overlay-color":"","overlay-opacity":"","overlay-gradient":""},"tablet":{"background-color":"var(--ast-global-color-5)","background-image":"","background-repeat":"repeat","background-position":"center center","background-size":"auto","background-attachment":"scroll","background-type":"","background-media":"","overlay-type":"","overlay-color":"","overlay-opacity":"","overlay-gradient":""},"mobile":{"background-color":"var(--ast-global-color-5)","background-image":"","background-repeat":"repeat","background-position":"center center","background-size":"auto","background-attachment":"scroll","background-type":"","background-media":"","overlay-type":"","overlay-color":"","overlay-opacity":"","overlay-gradient":""}}},"product_brand":[52],"product_cat":[55,86,15],"product_tag":[],"class_list":{"0":"post-6173","1":"product","2":"type-product","3":"status-publish","4":"has-post-thumbnail","6":"product_brand-bang-king","7":"product_cat-bang-king-30000-double-saveur-offre-jusqua-36ml-de-liquide","8":"product_cat-puff-30k","9":"product_cat-magasin-cigarette-electronique","10":"desktop-align-center","11":"tablet-align-center","12":"mobile-align-center","13":"ast-product-gallery-layout-horizontal","14":"ast-product-gallery-with-no-image","15":"ast-product-single-variable","16":"ast-product-tabs-layout-horizontal","17":"ast-qv-on-image","19":"first","20":"instock","21":"sale","22":"shipping-taxable","23":"purchasable","24":"product-type-variable","25":"has-default-attributes"},"tiered_pricing_type":"fixed","tiered_pricing_fixed_rules":{"50":7.33,"100":6.66},"tiered_pricing_product_settings":{"layout":"default","base_unit_name":{"singular":null,"plural":null},"default_variation":null},"tiered_pricing_minimum_quantity":null,"tiered_pricing_roles_data":[],"tiered_pricing_percentage_rules":[],"_links":{"self":[{"href":"https:\/\/puffvapestore.com\/pt\/wp-json\/wp\/v2\/product\/6173","targetHints":{"allow":["GET"]}}],"collection":[{"href":"https:\/\/puffvapestore.com\/pt\/wp-json\/wp\/v2\/product"}],"about":[{"href":"https:\/\/puffvapestore.com\/pt\/wp-json\/wp\/v2\/types\/product"}],"replies":[{"embeddable":true,"href":"https:\/\/puffvapestore.com\/pt\/wp-json\/wp\/v2\/comments?post=6173"}],"version-history":[{"count":7,"href":"https:\/\/puffvapestore.com\/pt\/wp-json\/wp\/v2\/product\/6173\/revisions"}],"predecessor-version":[{"id":6629,"href":"https:\/\/puffvapestore.com\/pt\/wp-json\/wp\/v2\/product\/6173\/revisions\/6629"}],"wp:featuredmedia":[{"embeddable":true,"href":"https:\/\/puffvapestore.com\/pt\/wp-json\/wp\/v2\/media\/5980"}],"wp:attachment":[{"href":"https:\/\/puffvapestore.com\/pt\/wp-json\/wp\/v2\/media?parent=6173"}],"wp:term":[{"taxonomy":"product_brand","embeddable":true,"href":"https:\/\/puffvapestore.com\/pt\/wp-json\/wp\/v2\/product_brand?post=6173"},{"taxonomy":"product_cat","embeddable":true,"href":"https:\/\/puffvapestore.com\/pt\/wp-json\/wp\/v2\/product_cat?post=6173"},{"taxonomy":"product_tag","embeddable":true,"href":"https:\/\/puffvapestore.com\/pt\/wp-json\/wp\/v2\/product_tag?post=6173"}],"curies":[{"name":"wp","href":"https:\/\/api.w.org\/{rel}","templated":true}]}}