{"id":6162,"date":"2025-08-01T09:24:36","date_gmt":"2025-08-01T09:24:36","guid":{"rendered":"https:\/\/puffvapestore.com\/?post_type=product&#038;p=6162"},"modified":"2026-01-19T10:36:11","modified_gmt":"2026-01-19T10:36:11","slug":"red-bull-blueberry-watermelon-bang-king-30k-propose-deux-styles-et-saveurs-distinctifs","status":"publish","type":"product","link":"https:\/\/puffvapestore.com\/pt\/product\/o-red-bull-blueberry-watermelon-bang-king-30k-oferece-dois-estilos-e-sabores-distintos\/","title":{"rendered":"Red Bull &amp; Blueberry Watermelon - Bang King 30000 Duplo Sabor"},"content":{"rendered":"<div data-elementor-type=\"wp-post\" data-elementor-id=\"6162\" class=\"elementor elementor-6162\">\n\t\t\t\t<div class=\"elementor-element elementor-element-08c26f9 e-flex e-con-boxed e-con e-parent\" data-id=\"08c26f9\" data-element_type=\"container\" data-e-type=\"container\">\n\t\t\t\t\t<div class=\"e-con-inner\">\n\t\t\t\t<div class=\"elementor-element elementor-element-a005a97 elementor-widget elementor-widget-text-editor\" data-id=\"a005a97\" data-element_type=\"widget\" data-e-type=\"widget\" data-widget_type=\"text-editor.default\">\n\t\t\t\t<div class=\"elementor-widget-container\">\n\t\t\t\t\t\t\t\t\t<p>A combina\u00e7\u00e3o \u00abRed Bull &amp; Blueberry Watermelon\u00bb no cigarro eletr\u00f3nico BangKing30K oferece dois estilos e sabores distintos, permitindo que os utilizadores mudem \u00e0 vontade para se adaptarem aos seus estados de esp\u00edrito e ocasi\u00f5es.<\/p><h2>Sabor 1: RedBull (sabor a bebida energ\u00e9tica)<\/h2><p>Restaura\u00e7\u00e3o de um tom cl\u00e1ssico: assim que entra na boca, o fumo recupera o sabor familiar da bebida energ\u00e9tica Red Bull, ligeiramente doce e ligeiramente picante, com um toque de menta carbonatada, como se estivesse a beber um gole de bebida energ\u00e9tica gelada.<\/p><p>Estimula\u00e7\u00e3o moderada: Embora o cigarro eletr\u00f3nico n\u00e3o seja realmente efervescente, a sua tecnologia de aerossol simula uma delicada sensa\u00e7\u00e3o de \u00abbolha\u00bb, com uma ligeira estimula\u00e7\u00e3o de \u00abgorgolejo\u00bb na inala\u00e7\u00e3o ligeira.<\/p><p>Final de boca ligeiramente queimado: Ap\u00f3s uma longa pausa na boca, percebe-se um ligeiro aroma a queimado ou a malte, que confere uma sensa\u00e7\u00e3o de peso e equil\u00edbrio \u00e0 do\u00e7ura global.<\/p><p>Sabor residual refrescante: Uma vez dissipado o fumo, liberta-se uma ligeira sensa\u00e7\u00e3o de frescura, que lembra a sobriedade e a frescura das bebidas energ\u00e9ticas.<\/p><h2>Sabor 2: Melancia com mirtilo<\/h2><p>O sabor doce da melancia: A primeira onda \u00e9 a do\u00e7ura da melancia, sumarenta e refrescante, t\u00e3o fresca e natural como uma melancia acabada de cortar.<\/p><p>A acidez do mirtilo: A acidez ligeira do mirtilo \u00e9 revelada, criando um contraste subtil entre o doce e o azedo, evitando a do\u00e7ura geral.<\/p><p>Aroma duradouro: Ao expirar, o aroma frutado dos mirtilos mistura-se com o da melancia, e o travo \u00e9 duradouro, lembrando o aroma de uma pitada de sumo de mirtilo misturado com o da melancia.<\/p><h2>Uma mudan\u00e7a de sabor<\/h2><p>Mudan\u00e7a instant\u00e2nea: Este cigarro eletr\u00f3nico possui um seletor de sabor duplo, permitindo aos utilizadores mudar rapidamente de sabor sem mudar de cartucho.<\/p><h3>Cen\u00e1rios diferentes :<\/h3><p>Hora do refresco : Mudar para Red Bull para despertar rapidamente os seus sentidos e aumentar a sua energia.<\/p><p>Uma sensa\u00e7\u00e3o de relaxamento: desfrute do sabor frutado e doce da melancia e do seu leve toque de gelo, uma solu\u00e7\u00e3o natural para matar a sede no ver\u00e3o.<\/p><h2>O dobro do sabor, o dobro da experi\u00eancia<\/h2><p>A Bang King 30000 Red Bull &amp; Blueberry Watermelon possui um sistema inovador de duplo sabor, para que possa mudar de um sabor para outro em qualquer altura.<\/p><p>O dep\u00f3sito de e-l\u00edquido de 36 ml, muito maior do que os produtos convencionais, assegura uma inala\u00e7\u00e3o completa e suave, reduzindo a necessidade de mudan\u00e7as frequentes e garantindo uma utiliza\u00e7\u00e3o duradoura.<\/p><h2>Numerosas baforadas: at\u00e9 30 000 baforadas<\/h2><p>O Bang King 30000 Red Bull &amp; Blueberry Watermelon oferece at\u00e9 30 mil baforadas, mais tempo do que os cigarros electr\u00f3nicos descart\u00e1veis tradicionais. \u00c9 a escolha ideal para utilizadores intensivos que n\u00e3o precisam de mudar frequentemente de equipamento.<\/p><p>Bateria de l\u00edtio recarreg\u00e1vel de 550 mAh incorporada com interface de carregamento r\u00e1pido USB-C para um carregamento mais eficiente, seguro e est\u00e1vel e uma utiliza\u00e7\u00e3o mais longa. Gra\u00e7as ao sistema de gest\u00e3o de energia, a dura\u00e7\u00e3o da bateria e a efici\u00eancia do carregamento s\u00e3o melhoradas.<\/p><h2>Estrutura de malha aquecida, sabor rico<\/h2><p>O Bang King 30000 Red Bull &amp; Blueberry Watermelon utiliza uma avan\u00e7ada bobina de atomiza\u00e7\u00e3o de 1,0 \u03a9 Mesh Coil (bobina de malha), que melhora drasticamente a efici\u00eancia da atomiza\u00e7\u00e3o, torna o fumo mais delicado e o sabor mais puro, ao mesmo tempo que acomoda o grande volume de fumo e o sabor delicado, para uma satisfa\u00e7\u00e3o quase real do cigarro.<\/p><p>Quatro n\u00edveis de concentra\u00e7\u00e3o de nicotina (0 %, 2 %, 3 % e 5 %) est\u00e3o dispon\u00edveis para responder \u00e0s diferentes necessidades dos utilizadores que est\u00e3o a fazer a transi\u00e7\u00e3o para deixar de fumar e dos fumadores pesados, permitindo-lhes escolher livremente a intensidade que lhes conv\u00e9m.<\/p><p>O Bang King 30000 tem linhas simples, uma sensa\u00e7\u00e3o de conforto e uma leveza e portabilidade \u00f3ptimas, ideal para utiliza\u00e7\u00e3o di\u00e1ria ou viagens.<\/p>\t\t\t\t\t\t\t\t<\/div>\n\t\t\t\t<\/div>\n\t\t\t\t\t<\/div>\n\t\t\t\t<\/div>\n\t\t\t\t<\/div>","protected":false},"excerpt":{"rendered":"<p>La combinaison \u00ab\u00a0Red Bull &amp; Myrtille Past\u00e8que\u00a0\u00bb de la cigarette \u00e9lectronique BangKing30K offre deux styles et saveurs distinctifs, permettant aux utilisateurs de changer \u00e0 volont\u00e9 pour s&rsquo;adapter \u00e0 leurs humeurs et \u00e0 leurs occasions. Saveur 1\u00a0: RedBull (saveur boisson \u00e9nergisante) Restauration d&rsquo;une tonalit\u00e9 classique\u00a0: D\u00e8s l&rsquo;entr\u00e9e en bouche, la fum\u00e9e retrouve le go\u00fbt familier de [&hellip;]<\/p>\n","protected":false},"featured_media":5976,"comment_status":"open","ping_status":"closed","template":"","meta":{"site-sidebar-layout":"no-sidebar","site-content-layout":"page-builder","ast-site-content-layout":"normal-width-container","site-content-style":"default","site-sidebar-style":"default","ast-global-header-display":"","ast-banner-title-visibility":"","ast-main-header-display":"","ast-hfb-above-header-display":"","ast-hfb-below-header-display":"","ast-hfb-mobile-header-display":"","site-post-title":"disabled","ast-breadcrumbs-content":"","ast-featured-img":"disabled","footer-sml-layout":"","ast-disable-related-posts":"","theme-transparent-header-meta":"default","adv-header-id-meta":"","stick-header-meta":"default","header-above-stick-meta":"","header-main-stick-meta":"","header-below-stick-meta":"","astra-migrate-meta-layouts":"set","ast-page-background-enabled":"default","ast-page-background-meta":{"desktop":{"background-color":"","background-image":"","background-repeat":"repeat","background-position":"center center","background-size":"auto","background-attachment":"scroll","background-type":"","background-media":"","overlay-type":"","overlay-color":"","overlay-opacity":"","overlay-gradient":""},"tablet":{"background-color":"","background-image":"","background-repeat":"repeat","background-position":"center center","background-size":"auto","background-attachment":"scroll","background-type":"","background-media":"","overlay-type":"","overlay-color":"","overlay-opacity":"","overlay-gradient":""},"mobile":{"background-color":"","background-image":"","background-repeat":"repeat","background-position":"center center","background-size":"auto","background-attachment":"scroll","background-type":"","background-media":"","overlay-type":"","overlay-color":"","overlay-opacity":"","overlay-gradient":""}},"ast-content-background-meta":{"desktop":{"background-color":"var(--ast-global-color-5)","background-image":"","background-repeat":"repeat","background-position":"center center","background-size":"auto","background-attachment":"scroll","background-type":"","background-media":"","overlay-type":"","overlay-color":"","overlay-opacity":"","overlay-gradient":""},"tablet":{"background-color":"var(--ast-global-color-5)","background-image":"","background-repeat":"repeat","background-position":"center center","background-size":"auto","background-attachment":"scroll","background-type":"","background-media":"","overlay-type":"","overlay-color":"","overlay-opacity":"","overlay-gradient":""},"mobile":{"background-color":"var(--ast-global-color-5)","background-image":"","background-repeat":"repeat","background-position":"center center","background-size":"auto","background-attachment":"scroll","background-type":"","background-media":"","overlay-type":"","overlay-color":"","overlay-opacity":"","overlay-gradient":""}}},"product_brand":[52],"product_cat":[55,86,15],"product_tag":[],"class_list":{"0":"post-6162","1":"product","2":"type-product","3":"status-publish","4":"has-post-thumbnail","6":"product_brand-bang-king","7":"product_cat-bang-king-30000-double-saveur-offre-jusqua-36ml-de-liquide","8":"product_cat-puff-30k","9":"product_cat-magasin-cigarette-electronique","10":"desktop-align-center","11":"tablet-align-center","12":"mobile-align-center","13":"ast-product-gallery-layout-horizontal","14":"ast-product-gallery-with-no-image","15":"ast-product-single-variable","16":"ast-product-tabs-layout-horizontal","17":"ast-qv-on-image","19":"first","20":"instock","21":"sale","22":"shipping-taxable","23":"purchasable","24":"product-type-variable","25":"has-default-attributes"},"tiered_pricing_type":"fixed","tiered_pricing_fixed_rules":{"50":7.33,"100":6.66},"tiered_pricing_product_settings":{"layout":"default","base_unit_name":{"singular":null,"plural":null},"default_variation":null},"tiered_pricing_minimum_quantity":null,"tiered_pricing_roles_data":[],"tiered_pricing_percentage_rules":[],"_links":{"self":[{"href":"https:\/\/puffvapestore.com\/pt\/wp-json\/wp\/v2\/product\/6162","targetHints":{"allow":["GET"]}}],"collection":[{"href":"https:\/\/puffvapestore.com\/pt\/wp-json\/wp\/v2\/product"}],"about":[{"href":"https:\/\/puffvapestore.com\/pt\/wp-json\/wp\/v2\/types\/product"}],"replies":[{"embeddable":true,"href":"https:\/\/puffvapestore.com\/pt\/wp-json\/wp\/v2\/comments?post=6162"}],"version-history":[{"count":7,"href":"https:\/\/puffvapestore.com\/pt\/wp-json\/wp\/v2\/product\/6162\/revisions"}],"predecessor-version":[{"id":6597,"href":"https:\/\/puffvapestore.com\/pt\/wp-json\/wp\/v2\/product\/6162\/revisions\/6597"}],"wp:featuredmedia":[{"embeddable":true,"href":"https:\/\/puffvapestore.com\/pt\/wp-json\/wp\/v2\/media\/5976"}],"wp:attachment":[{"href":"https:\/\/puffvapestore.com\/pt\/wp-json\/wp\/v2\/media?parent=6162"}],"wp:term":[{"taxonomy":"product_brand","embeddable":true,"href":"https:\/\/puffvapestore.com\/pt\/wp-json\/wp\/v2\/product_brand?post=6162"},{"taxonomy":"product_cat","embeddable":true,"href":"https:\/\/puffvapestore.com\/pt\/wp-json\/wp\/v2\/product_cat?post=6162"},{"taxonomy":"product_tag","embeddable":true,"href":"https:\/\/puffvapestore.com\/pt\/wp-json\/wp\/v2\/product_tag?post=6162"}],"curies":[{"name":"wp","href":"https:\/\/api.w.org\/{rel}","templated":true}]}}