{"id":6136,"date":"2025-08-01T03:04:45","date_gmt":"2025-08-01T03:04:45","guid":{"rendered":"https:\/\/puffvapestore.com\/?post_type=product&#038;p=6136"},"modified":"2026-01-19T10:36:11","modified_gmt":"2026-01-19T10:36:11","slug":"blueberry-ice-black-dragon-ice-bang-king-30k-est-facile-a-utiliser-et-repond-a-tous-les-gouts","status":"publish","type":"product","link":"https:\/\/puffvapestore.com\/pt\/product\/blueberry-ice-black-dragon-ice-bang-king-30k-e-facil-de-utilizar-e-satisfaz-todos-os-gostos\/","title":{"rendered":"Blueberry Ice e Black Dragon Ice - Bang King 30K"},"content":{"rendered":"<div data-elementor-type=\"wp-post\" data-elementor-id=\"6136\" class=\"elementor elementor-6136\">\n\t\t\t\t<div class=\"elementor-element elementor-element-08c26f9 e-flex e-con-boxed e-con e-parent\" data-id=\"08c26f9\" data-element_type=\"container\" data-e-type=\"container\">\n\t\t\t\t\t<div class=\"e-con-inner\">\n\t\t\t\t<div class=\"elementor-element elementor-element-a005a97 elementor-widget elementor-widget-text-editor\" data-id=\"a005a97\" data-element_type=\"widget\" data-e-type=\"widget\" data-widget_type=\"text-editor.default\">\n\t\t\t\t<div class=\"elementor-widget-container\">\n\t\t\t\t\t\t\t\t\t<p>O Bang King 30K est\u00e1 equipado com um seletor de sabor. Basta program\u00e1-lo para mudar de Blueberry Ice Cream para Black Dragon Ice Cream. \u00c9 f\u00e1cil de utilizar e satisfaz todos os gostos.<\/p><h2>Gelado de mirtilo<\/h2><p>Carater\u00edsticas arom\u00e1ticas frutadas: \u00e0 base de mirtilos frescos, doce mas n\u00e3o gorduroso, com um sabor naturalmente frutado e picante.<\/p><p>Experi\u00eancia congelada: A sensa\u00e7\u00e3o refrescante do gelado de menta perdura durante todo o processo, como se estivesse num jardim de mirtilos coberto de gelo e neve.<\/p><p>Detalhes do sabor : A do\u00e7ura dos mirtilos \u00e9 sentida logo que entra na boca, depois a frescura da menta espalha-se rapidamente, deixando uma sensa\u00e7\u00e3o de suavidade na boca e um travo fresco.<\/p><h2>Drag\u00e3o negro de gelo<\/h2><p>Carater\u00edsticas frutadas: Uma mistura ricamente matizada de sabores de bagas escuras, como a amora e a fruta do drag\u00e3o, com uma subtil acidez frutada e um toque fumado.<\/p><p>Experi\u00eancia congelada: Uma forte sensa\u00e7\u00e3o de frescura, como se estivesse a desfrutar de um banquete de gelo e neve no meio do calor.<\/p><p>Detalhes do sabor : Desde a primeira prova, sentir\u00e1 um aroma frutado profundo, seguido de uma forte sensa\u00e7\u00e3o de gelo, uma sensa\u00e7\u00e3o de frescura na garganta e um travo persistente.<\/p><h2>Fun\u00e7\u00e3o de mudan\u00e7a de sabor dupla<\/h2><p>O Bang King 30000 Blueberry Ice &amp; Black Dragon Ice est\u00e1 equipado com uma inovadora fun\u00e7\u00e3o de mudan\u00e7a de sabor duplo. Os utilizadores podem descobrir dois sabores diferentes no mesmo cigarro eletr\u00f3nico e mudar facilmente, em qualquer altura e em qualquer lugar, para uma experi\u00eancia de fumo diversificada. Esta fun\u00e7\u00e3o \u00e9 particularmente adequada para os utilizadores que gostam de experimentar sabores diferentes. Podem desfrutar de um sabor rico sem ter de transportar v\u00e1rios dispositivos, o que aumenta consideravelmente o conforto e o prazer de utiliza\u00e7\u00e3o.<\/p><h2>V\u00e1rias op\u00e7\u00f5es de concentra\u00e7\u00e3o de nicotina<\/h2><p>Para satisfazer as necessidades de cada utilizador, o Bang King 30000 Blueberry Ice &amp; Black Dragon Ice oferece diferentes op\u00e7\u00f5es de concentra\u00e7\u00e3o de nicotina, incluindo 0 % (sem nicotina), 2 %, 3 % e 5 %. Quer esteja \u00e0 procura de um sabor puro ou de uma satisfa\u00e7\u00e3o particular com a nicotina, este cigarro eletr\u00f3nico ir\u00e1 satisfazer todas as suas necessidades, desde os principiantes aos entusiastas.<\/p><p>O Bang King 30000 tem uma capacidade muito grande de 36 ml de e-l\u00edquido, muito superior \u00e0 capacidade dos cigarros electr\u00f3nicos actuais no mercado. Esta conce\u00e7\u00e3o garante uma utiliza\u00e7\u00e3o prolongada sem necessidade de substituir ou encher frequentemente o e-l\u00edquido, ideal para viagens longas ou utilizadores intensivos, para uma satisfa\u00e7\u00e3o duradoura.<\/p><p>Com o seu atomizador de resist\u00eancia de malha de 1,0 \u03a9, o Bang King 30000 Blueberry Ice &amp; Black Dragon Ice oferece o equil\u00edbrio perfeito entre sabor e volume de fumo. A tecnologia de malha melhora a efici\u00eancia de atomiza\u00e7\u00e3o do e-l\u00edquido, garantindo um sabor rico e um fumo delicado em cada tragada, ideal para utilizadores que procuram uma experi\u00eancia de vaporiza\u00e7\u00e3o de alta qualidade.<\/p><h2>Bateria de longa dura\u00e7\u00e3o e carregamento pr\u00e1tico<\/h2><p>Equipado com uma bateria de 550 mAh de alto desempenho, o Bang King 30000 Blueberry Ice &amp; Black Dragon Ice oferece uma dura\u00e7\u00e3o est\u00e1vel da bateria para uma utiliza\u00e7\u00e3o sem preocupa\u00e7\u00f5es 24 horas por dia, 7 dias por semana. Al\u00e9m disso, a sua porta USB-C suporta carregamento r\u00e1pido, reduzindo o tempo de espera e permitindo uma recupera\u00e7\u00e3o r\u00e1pida para se adaptar \u00e0s necessidades do estilo de vida acelerado de hoje.<\/p><p>Um \u00fanico cigarro eletr\u00f3nico Bang King 30000 d\u00e1-lhe at\u00e9 30 mil baforadas, e a sua vida \u00fatil ultra-longa faz dele uma das op\u00e7\u00f5es mais duradouras do mercado. Quer o utilize todos os dias ou numa longa viagem, este dispositivo ir\u00e1 acompanh\u00e1-lo de forma fi\u00e1vel, pelo que n\u00e3o ter\u00e1 de o substituir frequentemente.<\/p>\t\t\t\t\t\t\t\t<\/div>\n\t\t\t\t<\/div>\n\t\t\t\t\t<\/div>\n\t\t\t\t<\/div>\n\t\t\t\t<\/div>","protected":false},"excerpt":{"rendered":"<p>Le Bang King 30K est \u00e9quip\u00e9 d&rsquo;un s\u00e9lecteur de saveurs. Il suffit de le r\u00e9gler pour passer de la saveur Glace \u00e0 la myrtille \u00e0 la saveur Glace au dragon noir. Facile \u00e0 utiliser et r\u00e9pond \u00e0 tous les go\u00fbts. Glace \u00e0 la myrtille Caract\u00e9ristiques de l&rsquo;ar\u00f4me fruit\u00e9\u00a0: bas\u00e9 sur des myrtilles fra\u00eeches, sucr\u00e9es mais [&hellip;]<\/p>\n","protected":false},"featured_media":5972,"comment_status":"open","ping_status":"closed","template":"","meta":{"site-sidebar-layout":"no-sidebar","site-content-layout":"page-builder","ast-site-content-layout":"normal-width-container","site-content-style":"default","site-sidebar-style":"default","ast-global-header-display":"","ast-banner-title-visibility":"","ast-main-header-display":"","ast-hfb-above-header-display":"","ast-hfb-below-header-display":"","ast-hfb-mobile-header-display":"","site-post-title":"disabled","ast-breadcrumbs-content":"","ast-featured-img":"disabled","footer-sml-layout":"","ast-disable-related-posts":"","theme-transparent-header-meta":"default","adv-header-id-meta":"","stick-header-meta":"default","header-above-stick-meta":"","header-main-stick-meta":"","header-below-stick-meta":"","astra-migrate-meta-layouts":"set","ast-page-background-enabled":"default","ast-page-background-meta":{"desktop":{"background-color":"","background-image":"","background-repeat":"repeat","background-position":"center center","background-size":"auto","background-attachment":"scroll","background-type":"","background-media":"","overlay-type":"","overlay-color":"","overlay-opacity":"","overlay-gradient":""},"tablet":{"background-color":"","background-image":"","background-repeat":"repeat","background-position":"center center","background-size":"auto","background-attachment":"scroll","background-type":"","background-media":"","overlay-type":"","overlay-color":"","overlay-opacity":"","overlay-gradient":""},"mobile":{"background-color":"","background-image":"","background-repeat":"repeat","background-position":"center center","background-size":"auto","background-attachment":"scroll","background-type":"","background-media":"","overlay-type":"","overlay-color":"","overlay-opacity":"","overlay-gradient":""}},"ast-content-background-meta":{"desktop":{"background-color":"var(--ast-global-color-5)","background-image":"","background-repeat":"repeat","background-position":"center center","background-size":"auto","background-attachment":"scroll","background-type":"","background-media":"","overlay-type":"","overlay-color":"","overlay-opacity":"","overlay-gradient":""},"tablet":{"background-color":"var(--ast-global-color-5)","background-image":"","background-repeat":"repeat","background-position":"center center","background-size":"auto","background-attachment":"scroll","background-type":"","background-media":"","overlay-type":"","overlay-color":"","overlay-opacity":"","overlay-gradient":""},"mobile":{"background-color":"var(--ast-global-color-5)","background-image":"","background-repeat":"repeat","background-position":"center center","background-size":"auto","background-attachment":"scroll","background-type":"","background-media":"","overlay-type":"","overlay-color":"","overlay-opacity":"","overlay-gradient":""}}},"product_brand":[52],"product_cat":[55,86,15],"product_tag":[],"class_list":{"0":"post-6136","1":"product","2":"type-product","3":"status-publish","4":"has-post-thumbnail","6":"product_brand-bang-king","7":"product_cat-bang-king-30000-double-saveur-offre-jusqua-36ml-de-liquide","8":"product_cat-puff-30k","9":"product_cat-magasin-cigarette-electronique","10":"desktop-align-center","11":"tablet-align-center","12":"mobile-align-center","13":"ast-product-gallery-layout-horizontal","14":"ast-product-gallery-with-no-image","15":"ast-product-single-variable","16":"ast-product-tabs-layout-horizontal","17":"ast-qv-on-image","19":"first","20":"instock","21":"sale","22":"shipping-taxable","23":"purchasable","24":"product-type-variable","25":"has-default-attributes"},"tiered_pricing_type":"fixed","tiered_pricing_fixed_rules":{"50":7.33,"100":6.66},"tiered_pricing_product_settings":{"layout":"default","base_unit_name":{"singular":null,"plural":null},"default_variation":null},"tiered_pricing_minimum_quantity":null,"tiered_pricing_roles_data":[],"tiered_pricing_percentage_rules":[],"_links":{"self":[{"href":"https:\/\/puffvapestore.com\/pt\/wp-json\/wp\/v2\/product\/6136","targetHints":{"allow":["GET"]}}],"collection":[{"href":"https:\/\/puffvapestore.com\/pt\/wp-json\/wp\/v2\/product"}],"about":[{"href":"https:\/\/puffvapestore.com\/pt\/wp-json\/wp\/v2\/types\/product"}],"replies":[{"embeddable":true,"href":"https:\/\/puffvapestore.com\/pt\/wp-json\/wp\/v2\/comments?post=6136"}],"version-history":[{"count":7,"href":"https:\/\/puffvapestore.com\/pt\/wp-json\/wp\/v2\/product\/6136\/revisions"}],"predecessor-version":[{"id":6456,"href":"https:\/\/puffvapestore.com\/pt\/wp-json\/wp\/v2\/product\/6136\/revisions\/6456"}],"wp:featuredmedia":[{"embeddable":true,"href":"https:\/\/puffvapestore.com\/pt\/wp-json\/wp\/v2\/media\/5972"}],"wp:attachment":[{"href":"https:\/\/puffvapestore.com\/pt\/wp-json\/wp\/v2\/media?parent=6136"}],"wp:term":[{"taxonomy":"product_brand","embeddable":true,"href":"https:\/\/puffvapestore.com\/pt\/wp-json\/wp\/v2\/product_brand?post=6136"},{"taxonomy":"product_cat","embeddable":true,"href":"https:\/\/puffvapestore.com\/pt\/wp-json\/wp\/v2\/product_cat?post=6136"},{"taxonomy":"product_tag","embeddable":true,"href":"https:\/\/puffvapestore.com\/pt\/wp-json\/wp\/v2\/product_tag?post=6136"}],"curies":[{"name":"wp","href":"https:\/\/api.w.org\/{rel}","templated":true}]}}