{"id":6125,"date":"2025-08-01T01:56:34","date_gmt":"2025-08-01T01:56:34","guid":{"rendered":"https:\/\/puffvapestore.com\/?post_type=product&#038;p=6125"},"modified":"2026-01-19T10:36:11","modified_gmt":"2026-01-19T10:36:11","slug":"strawberry-watermelon-grape-ice-bang-king-30k-offre-un-gout-stable-et-persistant-alliant-arome","status":"publish","type":"product","link":"https:\/\/puffvapestore.com\/pt\/product\/morango-melancia-uva-ice-bang-king-30k-oferece-um-sabor-estavel-e-duradouro-que-combina-aroma\/","title":{"rendered":"Morango e melancia e gelo de uva - Bang King 30K"},"content":{"rendered":"<div data-elementor-type=\"wp-post\" data-elementor-id=\"6125\" class=\"elementor elementor-6125\">\n\t\t\t\t<div class=\"elementor-element elementor-element-08c26f9 e-flex e-con-boxed e-con e-parent\" data-id=\"08c26f9\" data-element_type=\"container\" data-e-type=\"container\">\n\t\t\t\t\t<div class=\"e-con-inner\">\n\t\t\t\t<div class=\"elementor-element elementor-element-a005a97 elementor-widget elementor-widget-text-editor\" data-id=\"a005a97\" data-element_type=\"widget\" data-e-type=\"widget\" data-widget_type=\"text-editor.default\">\n\t\t\t\t<div class=\"elementor-widget-container\">\n\t\t\t\t\t\t\t\t\t<p>O Bang King 30K est\u00e1 dispon\u00edvel em dois sabores: \u00abMorango e melancia\u00bb e \u00abGelo de uva\u00bb. O primeiro \u00e9 doce e sumarento, enquanto o segundo \u00e9 gelado e ligeiramente \u00e1cido. \u00c9 f\u00e1cil mudar de sabor. Equipado com um e-l\u00edquido de grande capacidade e um ecr\u00e3 LED, oferece um sabor est\u00e1vel e persistente, combinando um aroma frutado com uma sensa\u00e7\u00e3o de frescura. Este cigarro eletr\u00f3nico de modo duplo \u00e9 ideal para controlar os sabores frutados.<\/p><h2>Morango + Melancia<\/h2><p>Sabor a fruta: Este sabor de cigarro eletr\u00f3nico combina a do\u00e7ura dos morangos maduros com a do\u00e7ura e a sucul\u00eancia da melancia, criando uma combina\u00e7\u00e3o frutada t\u00edpica do ver\u00e3o.<\/p><p>Sabor equilibrado: Os morangos oferecem uma sensa\u00e7\u00e3o redonda e carnuda, enquanto a melancia traz uma sensa\u00e7\u00e3o refrescante. Os dois complementam-se harmoniosamente, e o ataque \u00e9 suave e rico em nuances.<\/p><h2>Gelado de uva<\/h2><p>Final gelado: A sensa\u00e7\u00e3o refrescante \u00e9 evidente, como um v\u00e9u de gelado de menta que envolve a ponta da l\u00edngua, proporcionando um final fresco.<\/p><p>Uvas ligeiramente \u00e1cidas: Uma ligeira acidez da uva na parte de tr\u00e1s do palato refor\u00e7a o equil\u00edbrio entre a acidez e a do\u00e7ura, sem tornar o sabor demasiado mon\u00f3tono.<\/p><p>Combina\u00e7\u00e3o de gelo e acidez: O efeito gelado traz uma sensa\u00e7\u00e3o refrescante ao conjunto, acentuando a do\u00e7ura.<\/p><h2>Assist\u00eancia ao gosto<\/h2><p>Grande liberdade de gosto: Pode alternar entre aromas frutados doces e suaves e notas de uva gelada \u00e0 vontade, para satisfazer as necessidades de gosto de cada situa\u00e7\u00e3o e disposi\u00e7\u00e3o.<\/p><p>Exposi\u00e7\u00e3o de longa dura\u00e7\u00e3o: 30000 baforadas de fumo de alta capacidade e um grande reservat\u00f3rio de \u00f3leo de 36 ml, o sabor \u00e9 sempre est\u00e1vel e a experi\u00eancia \u00e9 cont\u00ednua e ininterrupta quando se muda de sabor<\/p><h2>Fun\u00e7\u00e3o de mudan\u00e7a de sabor dupla<\/h2><p>O Bang King 30000 Strawberry And Watermelon &amp; Grape Ice est\u00e1 equipado com uma inovadora fun\u00e7\u00e3o de mudan\u00e7a de sabor duplo. Os utilizadores podem descobrir dois sabores diferentes no mesmo cigarro eletr\u00f3nico e mudar facilmente, em qualquer altura e em qualquer lugar, para uma experi\u00eancia de fumo diversificada. Esta fun\u00e7\u00e3o \u00e9 particularmente adequada para os utilizadores que gostam de experimentar sabores diferentes. Podem desfrutar de um sabor rico sem ter de transportar v\u00e1rios dispositivos, o que aumenta consideravelmente o conforto e o prazer de utiliza\u00e7\u00e3o.<\/p><h2>V\u00e1rias op\u00e7\u00f5es de concentra\u00e7\u00e3o de nicotina<\/h2><p>Para satisfazer as necessidades de cada utilizador, o Bang King 30000 Strawberry And Watermelon &amp; Grape Ice oferece diferentes op\u00e7\u00f5es de concentra\u00e7\u00e3o de nicotina, incluindo 0 % (sem nicotina), 2 %, 3 % e 5 %. Quer esteja \u00e0 procura de um sabor puro ou de uma satisfa\u00e7\u00e3o especial com a nicotina, este cigarro eletr\u00f3nico ir\u00e1 satisfazer todas as suas necessidades, desde principiantes a entusiastas.<\/p><p>O Bang King 30000 tem uma capacidade muito grande de 36 ml de e-l\u00edquido, muito superior \u00e0 capacidade dos cigarros electr\u00f3nicos actuais no mercado. Esta conce\u00e7\u00e3o garante uma utiliza\u00e7\u00e3o prolongada sem necessidade de substituir ou encher frequentemente o e-l\u00edquido, ideal para viagens longas ou utilizadores intensivos, para uma satisfa\u00e7\u00e3o duradoura.<\/p><p>Com o seu atomizador de resist\u00eancia de malha de 1,0 \u03a9, o Bang King 30000 Strawberry And Watermelon &amp; Grape Ice oferece o equil\u00edbrio perfeito entre sabor e volume de fumo. A tecnologia de malha melhora a efici\u00eancia de atomiza\u00e7\u00e3o do e-l\u00edquido, garantindo um sabor rico e um fumo delicado em cada tragada, ideal para utilizadores que procuram uma experi\u00eancia de vaporiza\u00e7\u00e3o de alta qualidade.<\/p><h2>Bateria de longa dura\u00e7\u00e3o e carregamento pr\u00e1tico<\/h2><p>Equipado com uma bateria de 550 mAh de alto desempenho, o Bang King 30000 Strawberry And Watermelon &amp; Grape Ice oferece uma autonomia est\u00e1vel para uma utiliza\u00e7\u00e3o sem preocupa\u00e7\u00f5es 24 horas por dia, 7 dias por semana. Al\u00e9m disso, a sua porta USB-C suporta carregamento r\u00e1pido, reduzindo o tempo de espera e permitindo uma recupera\u00e7\u00e3o r\u00e1pida para se adaptar \u00e0s necessidades do estilo de vida acelerado de hoje.<\/p><p>Um \u00fanico cigarro eletr\u00f3nico Bang King 30000 Strawberry And Watermelon &amp; Grape Ice d\u00e1-lhe at\u00e9 30 mil baforadas, e a sua vida \u00fatil ultra-longa faz dele uma das op\u00e7\u00f5es mais duradouras do mercado. Quer seja para uso di\u00e1rio ou para uma longa viagem, este dispositivo acompanh\u00e1-lo-\u00e1 de forma fi\u00e1vel e evitar\u00e1 que tenha de o substituir frequentemente.<\/p>\t\t\t\t\t\t\t\t<\/div>\n\t\t\t\t<\/div>\n\t\t\t\t\t<\/div>\n\t\t\t\t<\/div>\n\t\t\t\t<\/div>","protected":false},"excerpt":{"rendered":"<p>Le Bang King 30K propose deux saveurs\u00a0: \u00ab\u00a0Strawberry And Watermelon\u00a0\u00bb et \u00ab\u00a0Grape Ice\u00a0\u00bb. La premi\u00e8re est sucr\u00e9e et juteuse, la seconde est glac\u00e9e et l\u00e9g\u00e8rement acidul\u00e9e. Le changement de saveur est pratique. Dot\u00e9e d&rsquo;un e-liquide de grande capacit\u00e9 et d&rsquo;un \u00e9cran LED, elle offre un go\u00fbt stable et persistant, alliant ar\u00f4me fruit\u00e9 et sensation de [&hellip;]<\/p>\n","protected":false},"featured_media":5978,"comment_status":"open","ping_status":"closed","template":"","meta":{"site-sidebar-layout":"no-sidebar","site-content-layout":"page-builder","ast-site-content-layout":"normal-width-container","site-content-style":"default","site-sidebar-style":"default","ast-global-header-display":"","ast-banner-title-visibility":"","ast-main-header-display":"","ast-hfb-above-header-display":"","ast-hfb-below-header-display":"","ast-hfb-mobile-header-display":"","site-post-title":"disabled","ast-breadcrumbs-content":"","ast-featured-img":"disabled","footer-sml-layout":"","ast-disable-related-posts":"","theme-transparent-header-meta":"default","adv-header-id-meta":"","stick-header-meta":"default","header-above-stick-meta":"","header-main-stick-meta":"","header-below-stick-meta":"","astra-migrate-meta-layouts":"set","ast-page-background-enabled":"default","ast-page-background-meta":{"desktop":{"background-color":"","background-image":"","background-repeat":"repeat","background-position":"center center","background-size":"auto","background-attachment":"scroll","background-type":"","background-media":"","overlay-type":"","overlay-color":"","overlay-opacity":"","overlay-gradient":""},"tablet":{"background-color":"","background-image":"","background-repeat":"repeat","background-position":"center center","background-size":"auto","background-attachment":"scroll","background-type":"","background-media":"","overlay-type":"","overlay-color":"","overlay-opacity":"","overlay-gradient":""},"mobile":{"background-color":"","background-image":"","background-repeat":"repeat","background-position":"center center","background-size":"auto","background-attachment":"scroll","background-type":"","background-media":"","overlay-type":"","overlay-color":"","overlay-opacity":"","overlay-gradient":""}},"ast-content-background-meta":{"desktop":{"background-color":"var(--ast-global-color-5)","background-image":"","background-repeat":"repeat","background-position":"center center","background-size":"auto","background-attachment":"scroll","background-type":"","background-media":"","overlay-type":"","overlay-color":"","overlay-opacity":"","overlay-gradient":""},"tablet":{"background-color":"var(--ast-global-color-5)","background-image":"","background-repeat":"repeat","background-position":"center center","background-size":"auto","background-attachment":"scroll","background-type":"","background-media":"","overlay-type":"","overlay-color":"","overlay-opacity":"","overlay-gradient":""},"mobile":{"background-color":"var(--ast-global-color-5)","background-image":"","background-repeat":"repeat","background-position":"center center","background-size":"auto","background-attachment":"scroll","background-type":"","background-media":"","overlay-type":"","overlay-color":"","overlay-opacity":"","overlay-gradient":""}}},"product_brand":[52],"product_cat":[55,86,15],"product_tag":[],"class_list":{"0":"post-6125","1":"product","2":"type-product","3":"status-publish","4":"has-post-thumbnail","6":"product_brand-bang-king","7":"product_cat-bang-king-30000-double-saveur-offre-jusqua-36ml-de-liquide","8":"product_cat-puff-30k","9":"product_cat-magasin-cigarette-electronique","10":"desktop-align-center","11":"tablet-align-center","12":"mobile-align-center","13":"ast-product-gallery-layout-horizontal","14":"ast-product-gallery-with-no-image","15":"ast-product-single-variable","16":"ast-product-tabs-layout-horizontal","17":"ast-qv-on-image","19":"first","20":"instock","21":"sale","22":"shipping-taxable","23":"purchasable","24":"product-type-variable","25":"has-default-attributes"},"tiered_pricing_type":"fixed","tiered_pricing_fixed_rules":{"50":7.33,"100":6.66},"tiered_pricing_product_settings":{"layout":"default","base_unit_name":{"singular":null,"plural":null},"default_variation":null},"tiered_pricing_minimum_quantity":null,"tiered_pricing_roles_data":[],"tiered_pricing_percentage_rules":[],"_links":{"self":[{"href":"https:\/\/puffvapestore.com\/pt\/wp-json\/wp\/v2\/product\/6125","targetHints":{"allow":["GET"]}}],"collection":[{"href":"https:\/\/puffvapestore.com\/pt\/wp-json\/wp\/v2\/product"}],"about":[{"href":"https:\/\/puffvapestore.com\/pt\/wp-json\/wp\/v2\/types\/product"}],"replies":[{"embeddable":true,"href":"https:\/\/puffvapestore.com\/pt\/wp-json\/wp\/v2\/comments?post=6125"}],"version-history":[{"count":7,"href":"https:\/\/puffvapestore.com\/pt\/wp-json\/wp\/v2\/product\/6125\/revisions"}],"predecessor-version":[{"id":6455,"href":"https:\/\/puffvapestore.com\/pt\/wp-json\/wp\/v2\/product\/6125\/revisions\/6455"}],"wp:featuredmedia":[{"embeddable":true,"href":"https:\/\/puffvapestore.com\/pt\/wp-json\/wp\/v2\/media\/5978"}],"wp:attachment":[{"href":"https:\/\/puffvapestore.com\/pt\/wp-json\/wp\/v2\/media?parent=6125"}],"wp:term":[{"taxonomy":"product_brand","embeddable":true,"href":"https:\/\/puffvapestore.com\/pt\/wp-json\/wp\/v2\/product_brand?post=6125"},{"taxonomy":"product_cat","embeddable":true,"href":"https:\/\/puffvapestore.com\/pt\/wp-json\/wp\/v2\/product_cat?post=6125"},{"taxonomy":"product_tag","embeddable":true,"href":"https:\/\/puffvapestore.com\/pt\/wp-json\/wp\/v2\/product_tag?post=6125"}],"curies":[{"name":"wp","href":"https:\/\/api.w.org\/{rel}","templated":true}]}}