{"id":6114,"date":"2025-07-30T15:49:22","date_gmt":"2025-07-30T15:49:22","guid":{"rendered":"https:\/\/puffvapestore.com\/?post_type=product&#038;p=6114"},"modified":"2026-01-19T10:36:11","modified_gmt":"2026-01-19T10:36:11","slug":"strawberry-kiwi-peach-ice-bang-king-30k-une-experience-gustative-pure-et-nette","status":"publish","type":"product","link":"https:\/\/puffvapestore.com\/pt\/product\/morango-kiwi-pessego-ice-bang-king-30k-uma-experiencia-de-sabor-puro-e-limpo\/","title":{"rendered":"Morango, kiwi e gelo de p\u00eassego - Bang King 30K"},"content":{"rendered":"<div data-elementor-type=\"wp-post\" data-elementor-id=\"6114\" class=\"elementor elementor-6114\">\n\t\t\t\t<div class=\"elementor-element elementor-element-08c26f9 e-flex e-con-boxed e-con e-parent\" data-id=\"08c26f9\" data-element_type=\"container\" data-e-type=\"container\">\n\t\t\t\t\t<div class=\"e-con-inner\">\n\t\t\t\t<div class=\"elementor-element elementor-element-a005a97 elementor-widget elementor-widget-text-editor\" data-id=\"a005a97\" data-element_type=\"widget\" data-e-type=\"widget\" data-widget_type=\"text-editor.default\">\n\t\t\t\t<div class=\"elementor-widget-container\">\n\t\t\t\t\t\t\t\t\t<p>O Bang King 30K \u00e9 um cigarro eletr\u00f3nico descart\u00e1vel de alta capacidade que oferece at\u00e9 30.000 baforadas. Est\u00e1 equipado com um sistema duplo de sabores independentes, pelo que pode mudar livremente de um sabor para outro com um simples interrutor. Cada sabor \u00e9 formulado individualmente para uma experi\u00eancia de sabor puro e limpo.<\/p><h2>Aroma de morango e kiwi<\/h2><h3>Carater\u00edsticas principais<\/h3><p>Primeira impress\u00e3o: A do\u00e7ura dos morangos irrompe instantaneamente assim que se inala o fumo, com um sabor semelhante ao da compota de morango fresco, doce sem ser demasiado oleoso.<\/p><p>No paladar: A acidez do kiwi continua, acrescentando uma acidez frutada refrescante e um sabor mais complexo.<\/p><p>Final: Os sabores do morango e do kiwi desaparecem gradualmente, deixando um travo fresco e frutado, sem qualquer sabor artificial residual.<\/p><h3>Experi\u00eancia pormenorizada<\/h3><p>Do\u00e7ura moderada com um aroma frutado natural;<\/p><p>Acidez ligeira mas limpa, semelhante ao aroma refrescante do kiwi cortado;<\/p><p>Ideal para os f\u00e3s de sabores frutados e refrescantes.<\/p><h2>Aroma de p\u00eassego gelado<\/h2><h3>Carater\u00edsticas principais<\/h3><p>Desempenho da infus\u00e3o: O aroma de p\u00eassego branco maduro \u00e9 muito rico, com uma verdadeira sensa\u00e7\u00e3o de morder um p\u00eassego sumarento, e o sabor frutado \u00e9 delicado e suave.<\/p><p>Sabor: Ligeira do\u00e7ura, fazendo sobressair o aroma floral do p\u00eassego branco, n\u00e3o a do\u00e7ura suave do xarope, mas a do\u00e7ura frutada natural.<\/p><p>Final: Surge rapidamente uma sensa\u00e7\u00e3o fresca e gelada, como uma leve menta ou um batido, que se mistura naturalmente com a do\u00e7ura do p\u00eassego.<\/p><h3>Experi\u00eancia pormenorizada<\/h3><p>A sensa\u00e7\u00e3o de frescura \u00e9 perfeita, sem irritar a garganta;<\/p><p>A sensa\u00e7\u00e3o de gelo e o aroma frutado est\u00e3o intimamente ligados e s\u00e3o insepar\u00e1veis;<\/p><p>O sabor geral \u00e9 doce e gelado, perfeito para os amantes de fruta fresca.<\/p><h2>Fun\u00e7\u00e3o de mudan\u00e7a de sabor dupla<\/h2><p>O Bang King 30000 Strawberry Kiwi &amp; Peach Ice est\u00e1 equipado com uma inovadora fun\u00e7\u00e3o de mudan\u00e7a de sabor duplo. Os utilizadores podem descobrir dois sabores diferentes no mesmo cigarro eletr\u00f3nico e mudar facilmente, em qualquer altura e em qualquer lugar, para uma experi\u00eancia de fumo diversificada. Esta fun\u00e7\u00e3o \u00e9 particularmente adequada para os utilizadores que gostam de experimentar sabores diferentes. Podem desfrutar de um sabor rico sem ter de transportar v\u00e1rios dispositivos, o que aumenta consideravelmente o conforto e o prazer de utiliza\u00e7\u00e3o.<\/p><h2>V\u00e1rias op\u00e7\u00f5es de concentra\u00e7\u00e3o de nicotina<\/h2><p>Para satisfazer as necessidades de cada utilizador, o Bang King 30000 Strawberry Kiwi &amp; Peach Ice oferece diferentes op\u00e7\u00f5es de concentra\u00e7\u00e3o de nicotina, incluindo 0 % (sem nicotina), 2 %, 3 % e 5 %. Quer esteja \u00e0 procura de um sabor puro ou de uma satisfa\u00e7\u00e3o especial com a nicotina, este cigarro eletr\u00f3nico ir\u00e1 satisfazer todas as suas necessidades, desde principiantes a entusiastas.<\/p><p>O Bang King 30000 tem uma capacidade muito grande de 36 ml de e-l\u00edquido, muito superior \u00e0 capacidade dos cigarros electr\u00f3nicos actuais no mercado. Esta conce\u00e7\u00e3o garante uma utiliza\u00e7\u00e3o prolongada sem necessidade de substituir ou encher frequentemente o e-l\u00edquido, ideal para viagens longas ou utilizadores intensivos, para uma satisfa\u00e7\u00e3o duradoura.<\/p><p>Com o seu atomizador de resist\u00eancia de malha de 1,0 \u03a9, o Bang King 30000 Strawberry Kiwi &amp; Peach Ice oferece o equil\u00edbrio perfeito entre sabor e volume de fumo. A tecnologia de malha melhora a efici\u00eancia de atomiza\u00e7\u00e3o do e-l\u00edquido, garantindo um sabor rico e um fumo delicado em cada tragada, ideal para utilizadores que procuram uma experi\u00eancia de vaporiza\u00e7\u00e3o de alta qualidade.<\/p><h2>Bateria de longa dura\u00e7\u00e3o e carregamento pr\u00e1tico<\/h2><p>Equipado com uma bateria de 550 mAh de alto desempenho, o Bang King 30000 Strawberry Kiwi &amp; Peach Ice oferece uma autonomia est\u00e1vel para uma utiliza\u00e7\u00e3o sem preocupa\u00e7\u00f5es 24 horas por dia, 7 dias por semana. Al\u00e9m disso, a sua porta USB-C suporta carregamento r\u00e1pido, reduzindo o tempo de espera e permitindo uma recupera\u00e7\u00e3o r\u00e1pida para se adaptar \u00e0s necessidades do estilo de vida acelerado de hoje.<\/p><p>Um \u00fanico cigarro eletr\u00f3nico Bang King 30000 Strawberry Kiwi &amp; Peach Ice d\u00e1-lhe at\u00e9 30 mil baforadas, e a sua vida \u00fatil ultra-longa torna-o uma das op\u00e7\u00f5es mais duradouras do mercado. Quer o utilize todos os dias ou numa longa viagem, este dispositivo ir\u00e1 acompanh\u00e1-lo de forma fi\u00e1vel, pelo que n\u00e3o ter\u00e1 de o substituir frequentemente.<\/p>\t\t\t\t\t\t\t\t<\/div>\n\t\t\t\t<\/div>\n\t\t\t\t\t<\/div>\n\t\t\t\t<\/div>\n\t\t\t\t<\/div>","protected":false},"excerpt":{"rendered":"<p>La Bang King 30K est une cigarette \u00e9lectronique jetable grande capacit\u00e9 offrant jusqu&rsquo;\u00e0 30000 bouff\u00e9es. Elle est \u00e9quip\u00e9e d&rsquo;un double syst\u00e8me de saveurs ind\u00e9pendant, permettant de passer librement d&rsquo;une saveur \u00e0 l&rsquo;autre par simple commutation. Chaque saveur est formul\u00e9e individuellement pour une exp\u00e9rience gustative pure et nette. Ar\u00f4me Fraise Kiwi Caract\u00e9ristiques principales Premi\u00e8re impression : [&hellip;]<\/p>\n","protected":false},"featured_media":5979,"comment_status":"open","ping_status":"closed","template":"","meta":{"site-sidebar-layout":"no-sidebar","site-content-layout":"page-builder","ast-site-content-layout":"normal-width-container","site-content-style":"default","site-sidebar-style":"default","ast-global-header-display":"","ast-banner-title-visibility":"","ast-main-header-display":"","ast-hfb-above-header-display":"","ast-hfb-below-header-display":"","ast-hfb-mobile-header-display":"","site-post-title":"disabled","ast-breadcrumbs-content":"","ast-featured-img":"disabled","footer-sml-layout":"","ast-disable-related-posts":"","theme-transparent-header-meta":"default","adv-header-id-meta":"","stick-header-meta":"default","header-above-stick-meta":"","header-main-stick-meta":"","header-below-stick-meta":"","astra-migrate-meta-layouts":"set","ast-page-background-enabled":"default","ast-page-background-meta":{"desktop":{"background-color":"","background-image":"","background-repeat":"repeat","background-position":"center center","background-size":"auto","background-attachment":"scroll","background-type":"","background-media":"","overlay-type":"","overlay-color":"","overlay-opacity":"","overlay-gradient":""},"tablet":{"background-color":"","background-image":"","background-repeat":"repeat","background-position":"center center","background-size":"auto","background-attachment":"scroll","background-type":"","background-media":"","overlay-type":"","overlay-color":"","overlay-opacity":"","overlay-gradient":""},"mobile":{"background-color":"","background-image":"","background-repeat":"repeat","background-position":"center center","background-size":"auto","background-attachment":"scroll","background-type":"","background-media":"","overlay-type":"","overlay-color":"","overlay-opacity":"","overlay-gradient":""}},"ast-content-background-meta":{"desktop":{"background-color":"var(--ast-global-color-5)","background-image":"","background-repeat":"repeat","background-position":"center center","background-size":"auto","background-attachment":"scroll","background-type":"","background-media":"","overlay-type":"","overlay-color":"","overlay-opacity":"","overlay-gradient":""},"tablet":{"background-color":"var(--ast-global-color-5)","background-image":"","background-repeat":"repeat","background-position":"center center","background-size":"auto","background-attachment":"scroll","background-type":"","background-media":"","overlay-type":"","overlay-color":"","overlay-opacity":"","overlay-gradient":""},"mobile":{"background-color":"var(--ast-global-color-5)","background-image":"","background-repeat":"repeat","background-position":"center center","background-size":"auto","background-attachment":"scroll","background-type":"","background-media":"","overlay-type":"","overlay-color":"","overlay-opacity":"","overlay-gradient":""}}},"product_brand":[52],"product_cat":[55,86,15],"product_tag":[],"class_list":{"0":"post-6114","1":"product","2":"type-product","3":"status-publish","4":"has-post-thumbnail","6":"product_brand-bang-king","7":"product_cat-bang-king-30000-double-saveur-offre-jusqua-36ml-de-liquide","8":"product_cat-puff-30k","9":"product_cat-magasin-cigarette-electronique","10":"desktop-align-center","11":"tablet-align-center","12":"mobile-align-center","13":"ast-product-gallery-layout-horizontal","14":"ast-product-gallery-with-no-image","15":"ast-product-single-variable","16":"ast-product-tabs-layout-horizontal","17":"ast-qv-on-image","19":"first","20":"instock","21":"sale","22":"shipping-taxable","23":"purchasable","24":"product-type-variable","25":"has-default-attributes"},"tiered_pricing_type":"fixed","tiered_pricing_fixed_rules":{"50":7.33,"100":6.66},"tiered_pricing_product_settings":{"layout":"default","base_unit_name":{"singular":null,"plural":null},"default_variation":null},"tiered_pricing_minimum_quantity":null,"tiered_pricing_roles_data":[],"tiered_pricing_percentage_rules":[],"_links":{"self":[{"href":"https:\/\/puffvapestore.com\/pt\/wp-json\/wp\/v2\/product\/6114","targetHints":{"allow":["GET"]}}],"collection":[{"href":"https:\/\/puffvapestore.com\/pt\/wp-json\/wp\/v2\/product"}],"about":[{"href":"https:\/\/puffvapestore.com\/pt\/wp-json\/wp\/v2\/types\/product"}],"replies":[{"embeddable":true,"href":"https:\/\/puffvapestore.com\/pt\/wp-json\/wp\/v2\/comments?post=6114"}],"version-history":[{"count":7,"href":"https:\/\/puffvapestore.com\/pt\/wp-json\/wp\/v2\/product\/6114\/revisions"}],"predecessor-version":[{"id":6233,"href":"https:\/\/puffvapestore.com\/pt\/wp-json\/wp\/v2\/product\/6114\/revisions\/6233"}],"wp:featuredmedia":[{"embeddable":true,"href":"https:\/\/puffvapestore.com\/pt\/wp-json\/wp\/v2\/media\/5979"}],"wp:attachment":[{"href":"https:\/\/puffvapestore.com\/pt\/wp-json\/wp\/v2\/media?parent=6114"}],"wp:term":[{"taxonomy":"product_brand","embeddable":true,"href":"https:\/\/puffvapestore.com\/pt\/wp-json\/wp\/v2\/product_brand?post=6114"},{"taxonomy":"product_cat","embeddable":true,"href":"https:\/\/puffvapestore.com\/pt\/wp-json\/wp\/v2\/product_cat?post=6114"},{"taxonomy":"product_tag","embeddable":true,"href":"https:\/\/puffvapestore.com\/pt\/wp-json\/wp\/v2\/product_tag?post=6114"}],"curies":[{"name":"wp","href":"https:\/\/api.w.org\/{rel}","templated":true}]}}