{"id":6099,"date":"2025-07-30T10:40:13","date_gmt":"2025-07-30T10:40:13","guid":{"rendered":"https:\/\/puffvapestore.com\/?post_type=product&#038;p=6099"},"modified":"2026-01-19T10:36:10","modified_gmt":"2026-01-19T10:36:10","slug":"blueberry-ice-strawberry-and-banana-bang-king-30k-allie-fraicheur-fruitee-et-saveur","status":"publish","type":"product","link":"https:\/\/puffvapestore.com\/pt\/product\/o-gelo-de-mirtilo-morango-e-banana-bang-king-30k-combina-frescura-e-sabor-a-fruta\/","title":{"rendered":"Bang King 30K - Gelo de mirtilo e morango e banana"},"content":{"rendered":"<div data-elementor-type=\"wp-post\" data-elementor-id=\"6099\" class=\"elementor elementor-6099\">\n\t\t\t\t<div class=\"elementor-element elementor-element-08c26f9 e-flex e-con-boxed e-con e-parent\" data-id=\"08c26f9\" data-element_type=\"container\" data-e-type=\"container\">\n\t\t\t\t\t<div class=\"e-con-inner\">\n\t\t\t\t<div class=\"elementor-element elementor-element-a005a97 elementor-widget elementor-widget-text-editor\" data-id=\"a005a97\" data-element_type=\"widget\" data-e-type=\"widget\" data-widget_type=\"text-editor.default\">\n\t\t\t\t<div class=\"elementor-widget-container\">\n\t\t\t\t\t\t\t\t\t<p>Esta combina\u00e7\u00e3o \u00abmirtilo congelado + banana com morango\u00bb \u00e9 perfeita para os f\u00e3s de cigarros electr\u00f3nicos que apreciam sabores frutados intensos, que procuram tanto um sabor refrescante e gelado como um sabor quente e doce. A mudan\u00e7a fluida de sabores significa que pode mudar de humor em qualquer altura e experimentar sensa\u00e7\u00f5es totalmente diferentes.<\/p><h2>Gelo de mirtilo<\/h2><p>Frutado e doce: O aroma principal \u00e9 a frescura e a redondeza dos mirtilos, com uma leve acidez frutada natural e uma do\u00e7ura que lembra os mirtilos acabados de colher.<\/p><p>Final de boca fresco: O efeito refrescante da menta gelada (mentol) contribui para o aroma final. Cada tragada de fumo \u00e9 como um gole de orvalho fresco pela manh\u00e3, uma experi\u00eancia longa e refrescante.<\/p><p>Sabor: A primeira baforada oferece um sabor rico a mirtilo, depois o centro \u00e9 gradualmente coberto por uma fina camada de gelo. O frutado e a frescura s\u00e3o equilibrados e o sabor global \u00e9 suave e cremoso.<\/p><h2>Morango e banana<\/h2><p>Uma mistura de sabores frutados: combina a do\u00e7ura dos morangos vermelhos maduros com o sabor cremoso da banana. A ligeira acidez dos morangos suaviza o conjunto.<\/p><p>Sabor rico: A primeira inala\u00e7\u00e3o oferece a sensa\u00e7\u00e3o picante e doce dos morangos, seguida do aroma denso e leitoso da banana, e o final \u00e9 suave e cremoso, como um batido fresco.<\/p><h2>Mudan\u00e7a de experi\u00eancia<\/h2><p>Mudan\u00e7a instant\u00e2nea: Logo ap\u00f3s fumar o gelado de mirtilo, pode mudar para um batido quente de morango e banana, de acordo com a sua disposi\u00e7\u00e3o e gosto.<\/p><h2>Destaques do sabor<\/h2><p>Frio + Leitoso: Os dois sabores extremos de \u00abfrescura frutada\u00bb e \u00abaroma leitoso suave\u00bb combinam-se para criar uma experi\u00eancia \u00fanica.<\/p><p>Forte sentido de estratifica\u00e7\u00e3o: cada mudan\u00e7a de sabor \u00e9 uma pequena surpresa, com uma progress\u00e3o natural de sabores das sec\u00e7\u00f5es anterior, interm\u00e9dia e posterior.<\/p><h2>Especifica\u00e7\u00f5es do Bang King 30000 Blueberry Ice &amp; Strawberry And Banana<\/h2><p>N\u00famero de baforadas: Cada cigarro eletr\u00f3nico oferece at\u00e9 30.000 baforadas.<\/p><p>Capacidade do l\u00edquido: 36 ml<\/p><p>Capacidade da bateria: 550 mAh, recarreg\u00e1vel atrav\u00e9s de USB-C<\/p><p>Resist\u00eancia de atomiza\u00e7\u00e3o: Resist\u00eancia de malha de 1,0 \u03a9, tendo em conta o sabor e o volume de fumo.<\/p><p>Escolha das concentra\u00e7\u00f5es de nicotina: 0 %, 2 %, 3 %, 5 %<\/p><h2>Fun\u00e7\u00f5es do Bang King 30000 Blueberry Ice &amp; Strawberry And Banana<\/h2><p>Fun\u00e7\u00e3o de comuta\u00e7\u00e3o dupla de aromas: suporta duas fun\u00e7\u00f5es de comuta\u00e7\u00e3o de aromas diferentes, f\u00e1cil comuta\u00e7\u00e3o de aromas<\/p><p>Carregamento r\u00e1pido tipo C: oferece um carregamento mais r\u00e1pido para a bateria recarreg\u00e1vel de 550 mAh.<\/p><h2>Vantagens do Bang King 30000<\/h2><p>Leve: design de cigarro eletr\u00f3nico descart\u00e1vel, sem necessidade de adicionar \u00f3leo ou substituir a resist\u00eancia da rede, f\u00e1cil de transportar.<\/p><p>Excelente autonomia: adequado para uma utiliza\u00e7\u00e3o a longo prazo, sem necessidade de recarregar ou adicionar \u00f3leo frequentemente.<\/p><p>Conce\u00e7\u00e3o estrutural: corpo padr\u00e3o em forma de tira, sensa\u00e7\u00e3o agrad\u00e1vel, f\u00e1cil mudan\u00e7a de sabor.<\/p><p>Alta capacidade (36 ml de \u00f3leo + bateria de 550 mAh), longa dura\u00e7\u00e3o.<\/p><p>A dupla mudan\u00e7a de sabor oferece uma variedade de experi\u00eancias gustativas.<\/p><p>A resist\u00eancia da malha melhora o fumo e o sabor.<\/p><p>Carregamento USB-C r\u00e1pido e c\u00f3modo.<\/p>\t\t\t\t\t\t\t\t<\/div>\n\t\t\t\t<\/div>\n\t\t\t\t\t<\/div>\n\t\t\t\t<\/div>\n\t\t\t\t<\/div>","protected":false},"excerpt":{"rendered":"<p>Cette combinaison \u00ab\u00a0myrtille glac\u00e9e + fraise banane\u00a0\u00bb convient aux amateurs de cigarettes \u00e9lectroniques qui appr\u00e9cient les saveurs fruit\u00e9es intenses, recherchent tant\u00f4t un go\u00fbt rafra\u00eechissant et glac\u00e9, tant\u00f4t un go\u00fbt chaud et sucr\u00e9. Le changement de saveurs fluide vous permet de changer d&rsquo;humeur \u00e0 tout moment et de vivre des sensations totalement diff\u00e9rentes. Blueberry Ice (Myrtille [&hellip;]<\/p>\n","protected":false},"featured_media":5973,"comment_status":"open","ping_status":"closed","template":"","meta":{"site-sidebar-layout":"no-sidebar","site-content-layout":"page-builder","ast-site-content-layout":"normal-width-container","site-content-style":"default","site-sidebar-style":"default","ast-global-header-display":"","ast-banner-title-visibility":"","ast-main-header-display":"","ast-hfb-above-header-display":"","ast-hfb-below-header-display":"","ast-hfb-mobile-header-display":"","site-post-title":"disabled","ast-breadcrumbs-content":"","ast-featured-img":"disabled","footer-sml-layout":"","ast-disable-related-posts":"","theme-transparent-header-meta":"default","adv-header-id-meta":"","stick-header-meta":"default","header-above-stick-meta":"","header-main-stick-meta":"","header-below-stick-meta":"","astra-migrate-meta-layouts":"set","ast-page-background-enabled":"default","ast-page-background-meta":{"desktop":{"background-color":"","background-image":"","background-repeat":"repeat","background-position":"center center","background-size":"auto","background-attachment":"scroll","background-type":"","background-media":"","overlay-type":"","overlay-color":"","overlay-opacity":"","overlay-gradient":""},"tablet":{"background-color":"","background-image":"","background-repeat":"repeat","background-position":"center center","background-size":"auto","background-attachment":"scroll","background-type":"","background-media":"","overlay-type":"","overlay-color":"","overlay-opacity":"","overlay-gradient":""},"mobile":{"background-color":"","background-image":"","background-repeat":"repeat","background-position":"center center","background-size":"auto","background-attachment":"scroll","background-type":"","background-media":"","overlay-type":"","overlay-color":"","overlay-opacity":"","overlay-gradient":""}},"ast-content-background-meta":{"desktop":{"background-color":"var(--ast-global-color-5)","background-image":"","background-repeat":"repeat","background-position":"center center","background-size":"auto","background-attachment":"scroll","background-type":"","background-media":"","overlay-type":"","overlay-color":"","overlay-opacity":"","overlay-gradient":""},"tablet":{"background-color":"var(--ast-global-color-5)","background-image":"","background-repeat":"repeat","background-position":"center center","background-size":"auto","background-attachment":"scroll","background-type":"","background-media":"","overlay-type":"","overlay-color":"","overlay-opacity":"","overlay-gradient":""},"mobile":{"background-color":"var(--ast-global-color-5)","background-image":"","background-repeat":"repeat","background-position":"center center","background-size":"auto","background-attachment":"scroll","background-type":"","background-media":"","overlay-type":"","overlay-color":"","overlay-opacity":"","overlay-gradient":""}}},"product_brand":[52],"product_cat":[55,86,15],"product_tag":[],"class_list":{"0":"post-6099","1":"product","2":"type-product","3":"status-publish","4":"has-post-thumbnail","6":"product_brand-bang-king","7":"product_cat-bang-king-30000-double-saveur-offre-jusqua-36ml-de-liquide","8":"product_cat-puff-30k","9":"product_cat-magasin-cigarette-electronique","10":"desktop-align-center","11":"tablet-align-center","12":"mobile-align-center","13":"ast-product-gallery-layout-horizontal","14":"ast-product-gallery-with-no-image","15":"ast-product-single-variable","16":"ast-product-tabs-layout-horizontal","17":"ast-qv-on-image","19":"first","20":"instock","21":"sale","22":"shipping-taxable","23":"purchasable","24":"product-type-variable","25":"has-default-attributes"},"tiered_pricing_type":"fixed","tiered_pricing_fixed_rules":{"50":7.33,"100":6.66},"tiered_pricing_product_settings":{"layout":"default","base_unit_name":{"singular":null,"plural":null},"default_variation":null},"tiered_pricing_minimum_quantity":null,"tiered_pricing_roles_data":[],"tiered_pricing_percentage_rules":[],"_links":{"self":[{"href":"https:\/\/puffvapestore.com\/pt\/wp-json\/wp\/v2\/product\/6099","targetHints":{"allow":["GET"]}}],"collection":[{"href":"https:\/\/puffvapestore.com\/pt\/wp-json\/wp\/v2\/product"}],"about":[{"href":"https:\/\/puffvapestore.com\/pt\/wp-json\/wp\/v2\/types\/product"}],"replies":[{"embeddable":true,"href":"https:\/\/puffvapestore.com\/pt\/wp-json\/wp\/v2\/comments?post=6099"}],"version-history":[{"count":7,"href":"https:\/\/puffvapestore.com\/pt\/wp-json\/wp\/v2\/product\/6099\/revisions"}],"predecessor-version":[{"id":6232,"href":"https:\/\/puffvapestore.com\/pt\/wp-json\/wp\/v2\/product\/6099\/revisions\/6232"}],"wp:featuredmedia":[{"embeddable":true,"href":"https:\/\/puffvapestore.com\/pt\/wp-json\/wp\/v2\/media\/5973"}],"wp:attachment":[{"href":"https:\/\/puffvapestore.com\/pt\/wp-json\/wp\/v2\/media?parent=6099"}],"wp:term":[{"taxonomy":"product_brand","embeddable":true,"href":"https:\/\/puffvapestore.com\/pt\/wp-json\/wp\/v2\/product_brand?post=6099"},{"taxonomy":"product_cat","embeddable":true,"href":"https:\/\/puffvapestore.com\/pt\/wp-json\/wp\/v2\/product_cat?post=6099"},{"taxonomy":"product_tag","embeddable":true,"href":"https:\/\/puffvapestore.com\/pt\/wp-json\/wp\/v2\/product_tag?post=6099"}],"curies":[{"name":"wp","href":"https:\/\/api.w.org\/{rel}","templated":true}]}}