{"id":6077,"date":"2025-07-30T06:22:38","date_gmt":"2025-07-30T06:22:38","guid":{"rendered":"https:\/\/puffvapestore.com\/?post_type=product&#038;p=6077"},"modified":"2026-01-19T10:36:10","modified_gmt":"2026-01-19T10:36:10","slug":"bang-king-30k-watermelon-ice-blueberry-mint-offre-un-equilibre-parfait-entre","status":"publish","type":"product","link":"https:\/\/puffvapestore.com\/pt\/product\/bang-king-30k-melancia-gelo-mirtilo-menta-oferece-um-equilibrio-perfeito-entre\/","title":{"rendered":"Bang King 30K - Gelo de melancia e menta de mirtilo"},"content":{"rendered":"<div data-elementor-type=\"wp-post\" data-elementor-id=\"6077\" class=\"elementor elementor-6077\">\n\t\t\t\t<div class=\"elementor-element elementor-element-08c26f9 e-flex e-con-boxed e-con e-parent\" data-id=\"08c26f9\" data-element_type=\"container\" data-e-type=\"container\">\n\t\t\t\t\t<div class=\"e-con-inner\">\n\t\t\t\t<div class=\"elementor-element elementor-element-a005a97 elementor-widget elementor-widget-text-editor\" data-id=\"a005a97\" data-element_type=\"widget\" data-e-type=\"widget\" data-widget_type=\"text-editor.default\">\n\t\t\t\t<div class=\"elementor-widget-container\">\n\t\t\t\t\t\t\t\t\t<p>O sabor Iced Watermelon &amp; Blueberry Mint do cigarro eletr\u00f3nico Bang King 30K \u00e9 uma mistura de fruta e menta, proporcionando um equil\u00edbrio perfeito entre um sabor frutado doce e um sabor gelado.<\/p><h2>Aroma de melancia congelada<\/h2><p>Frutado e doce: Inspirado na melancia madura e sumarenta, a sua do\u00e7ura \u00e9 evidente desde a primeira prova, sem ser demasiado pronunciada, como se estivesse a morder uma melancia gelada.<\/p><p>Embelezamento gelado: Oferece uma subtil sensa\u00e7\u00e3o de frescura, como se tivesse sido adicionada uma fina camada de cubos de gelo refrescantes. O sabor residual \u00e9 fresco sem irritar a garganta, preservando a fragr\u00e2ncia natural e a do\u00e7ura da fruta.<\/p><h2>Sabor a mirtilo e menta<\/h2><p>Mirtilo doce e azedo: O aroma do mirtilo \u00e9 doce e perfumado, com um equil\u00edbrio entre o doce e o azedo, nem demasiado \u00e1cido nem demasiado doce, preservando a riqueza natural do sabor frutado.<\/p><p>Menta fria: O travo final traz uma sensa\u00e7\u00e3o refrescante, fresca, leve e agrad\u00e1vel de mentol, proporcionando uma frescura no paladar.<\/p><h2>Experimente uma mudan\u00e7a de sabor<\/h2><p>Combina\u00e7\u00e3o gradual: Primeiro, pode apreciar a doce melancia gelada, com uma ligeira sensa\u00e7\u00e3o de gelo na boca, passando depois para o travo fresco de menta e mirtilo, ideal para o ver\u00e3o, com altern\u00e2ncia de aromas frescos e frutados, e uma forte sensa\u00e7\u00e3o estimulante.<\/p><h2>Especifica\u00e7\u00f5es do Bang King 30000 Watermelon Ice &amp; Blueberry Mint<\/h2><p>N\u00famero de baforadas: Cada cigarro eletr\u00f3nico oferece at\u00e9 30.000 baforadas.<\/p><p>Capacidade do l\u00edquido: 36 ml<\/p><p>Capacidade da bateria: 550 mAh, recarreg\u00e1vel atrav\u00e9s de USB-C<\/p><p>Resist\u00eancia de atomiza\u00e7\u00e3o: Resist\u00eancia de malha de 1,0 \u03a9, tendo em conta o sabor e o volume de fumo.<\/p><p>Escolha das concentra\u00e7\u00f5es de nicotina: 0 %, 2 %, 3 %, 5 %<\/p><h2>Fun\u00e7\u00f5es do Bang King 30000 Watermelon Ice &amp; Blueberry Mint<\/h2><p>Fun\u00e7\u00e3o de comuta\u00e7\u00e3o dupla de aromas: suporta duas fun\u00e7\u00f5es de comuta\u00e7\u00e3o de aromas diferentes, f\u00e1cil comuta\u00e7\u00e3o de aromas<\/p><p>Carregamento r\u00e1pido tipo C: oferece um carregamento mais r\u00e1pido para a bateria recarreg\u00e1vel de 550 mAh.<\/p><h2>Vantagens do Bang King 30000<\/h2><p>Leve: design de cigarro eletr\u00f3nico descart\u00e1vel, sem necessidade de adicionar \u00f3leo ou substituir a resist\u00eancia da rede, f\u00e1cil de transportar.<\/p><p>Excelente autonomia: adequado para uma utiliza\u00e7\u00e3o a longo prazo, sem necessidade de recarregar ou adicionar \u00f3leo frequentemente.<\/p><p>Conce\u00e7\u00e3o estrutural: corpo padr\u00e3o em forma de tira, sensa\u00e7\u00e3o agrad\u00e1vel, f\u00e1cil mudan\u00e7a de sabor.<\/p><p>Alta capacidade (36 ml de \u00f3leo + bateria de 550 mAh), longa dura\u00e7\u00e3o.<\/p><p>A dupla mudan\u00e7a de sabor oferece uma variedade de experi\u00eancias gustativas.<\/p><p>A resist\u00eancia da malha melhora o fumo e o sabor.<\/p><p>Carregamento USB-C r\u00e1pido e c\u00f3modo.<\/p>\t\t\t\t\t\t\t\t<\/div>\n\t\t\t\t<\/div>\n\t\t\t\t\t<\/div>\n\t\t\t\t<\/div>\n\t\t\t\t<\/div>","protected":false},"excerpt":{"rendered":"<p>L&rsquo;ar\u00f4me Past\u00e8que Glac\u00e9e &amp; Menthe Myrtille de la cigarette \u00e9lectronique Bang King 30K est un m\u00e9lange de fruits et de menthe, privil\u00e9giant un \u00e9quilibre parfait entre un ar\u00f4me fruit\u00e9 sucr\u00e9 et un go\u00fbt glac\u00e9. Ar\u00f4me Past\u00e8que Glac\u00e9e Fruit et sucr\u00e9\u00a0: Inspir\u00e9 de la past\u00e8que m\u00fbre et juteuse, sa douceur est \u00e9vidente d\u00e8s la premi\u00e8re d\u00e9gustation, [&hellip;]<\/p>\n","protected":false},"featured_media":5982,"comment_status":"open","ping_status":"closed","template":"","meta":{"site-sidebar-layout":"no-sidebar","site-content-layout":"page-builder","ast-site-content-layout":"normal-width-container","site-content-style":"default","site-sidebar-style":"default","ast-global-header-display":"","ast-banner-title-visibility":"","ast-main-header-display":"","ast-hfb-above-header-display":"","ast-hfb-below-header-display":"","ast-hfb-mobile-header-display":"","site-post-title":"disabled","ast-breadcrumbs-content":"","ast-featured-img":"disabled","footer-sml-layout":"","ast-disable-related-posts":"","theme-transparent-header-meta":"default","adv-header-id-meta":"","stick-header-meta":"default","header-above-stick-meta":"","header-main-stick-meta":"","header-below-stick-meta":"","astra-migrate-meta-layouts":"set","ast-page-background-enabled":"default","ast-page-background-meta":{"desktop":{"background-color":"","background-image":"","background-repeat":"repeat","background-position":"center center","background-size":"auto","background-attachment":"scroll","background-type":"","background-media":"","overlay-type":"","overlay-color":"","overlay-opacity":"","overlay-gradient":""},"tablet":{"background-color":"","background-image":"","background-repeat":"repeat","background-position":"center center","background-size":"auto","background-attachment":"scroll","background-type":"","background-media":"","overlay-type":"","overlay-color":"","overlay-opacity":"","overlay-gradient":""},"mobile":{"background-color":"","background-image":"","background-repeat":"repeat","background-position":"center center","background-size":"auto","background-attachment":"scroll","background-type":"","background-media":"","overlay-type":"","overlay-color":"","overlay-opacity":"","overlay-gradient":""}},"ast-content-background-meta":{"desktop":{"background-color":"var(--ast-global-color-5)","background-image":"","background-repeat":"repeat","background-position":"center center","background-size":"auto","background-attachment":"scroll","background-type":"","background-media":"","overlay-type":"","overlay-color":"","overlay-opacity":"","overlay-gradient":""},"tablet":{"background-color":"var(--ast-global-color-5)","background-image":"","background-repeat":"repeat","background-position":"center center","background-size":"auto","background-attachment":"scroll","background-type":"","background-media":"","overlay-type":"","overlay-color":"","overlay-opacity":"","overlay-gradient":""},"mobile":{"background-color":"var(--ast-global-color-5)","background-image":"","background-repeat":"repeat","background-position":"center center","background-size":"auto","background-attachment":"scroll","background-type":"","background-media":"","overlay-type":"","overlay-color":"","overlay-opacity":"","overlay-gradient":""}}},"product_brand":[52],"product_cat":[55,86,15],"product_tag":[],"class_list":{"0":"post-6077","1":"product","2":"type-product","3":"status-publish","4":"has-post-thumbnail","6":"product_brand-bang-king","7":"product_cat-bang-king-30000-double-saveur-offre-jusqua-36ml-de-liquide","8":"product_cat-puff-30k","9":"product_cat-magasin-cigarette-electronique","10":"desktop-align-center","11":"tablet-align-center","12":"mobile-align-center","13":"ast-product-gallery-layout-horizontal","14":"ast-product-gallery-with-no-image","15":"ast-product-single-variable","16":"ast-product-tabs-layout-horizontal","17":"ast-qv-on-image","19":"first","20":"instock","21":"sale","22":"shipping-taxable","23":"purchasable","24":"product-type-variable","25":"has-default-attributes"},"tiered_pricing_type":"fixed","tiered_pricing_fixed_rules":{"50":7.33,"100":6.66},"tiered_pricing_product_settings":{"layout":"default","base_unit_name":{"singular":null,"plural":null},"default_variation":null},"tiered_pricing_minimum_quantity":null,"tiered_pricing_roles_data":[],"tiered_pricing_percentage_rules":[],"_links":{"self":[{"href":"https:\/\/puffvapestore.com\/pt\/wp-json\/wp\/v2\/product\/6077","targetHints":{"allow":["GET"]}}],"collection":[{"href":"https:\/\/puffvapestore.com\/pt\/wp-json\/wp\/v2\/product"}],"about":[{"href":"https:\/\/puffvapestore.com\/pt\/wp-json\/wp\/v2\/types\/product"}],"replies":[{"embeddable":true,"href":"https:\/\/puffvapestore.com\/pt\/wp-json\/wp\/v2\/comments?post=6077"}],"version-history":[{"count":7,"href":"https:\/\/puffvapestore.com\/pt\/wp-json\/wp\/v2\/product\/6077\/revisions"}],"predecessor-version":[{"id":6230,"href":"https:\/\/puffvapestore.com\/pt\/wp-json\/wp\/v2\/product\/6077\/revisions\/6230"}],"wp:featuredmedia":[{"embeddable":true,"href":"https:\/\/puffvapestore.com\/pt\/wp-json\/wp\/v2\/media\/5982"}],"wp:attachment":[{"href":"https:\/\/puffvapestore.com\/pt\/wp-json\/wp\/v2\/media?parent=6077"}],"wp:term":[{"taxonomy":"product_brand","embeddable":true,"href":"https:\/\/puffvapestore.com\/pt\/wp-json\/wp\/v2\/product_brand?post=6077"},{"taxonomy":"product_cat","embeddable":true,"href":"https:\/\/puffvapestore.com\/pt\/wp-json\/wp\/v2\/product_cat?post=6077"},{"taxonomy":"product_tag","embeddable":true,"href":"https:\/\/puffvapestore.com\/pt\/wp-json\/wp\/v2\/product_tag?post=6077"}],"curies":[{"name":"wp","href":"https:\/\/api.w.org\/{rel}","templated":true}]}}