{"id":6065,"date":"2025-07-30T03:07:02","date_gmt":"2025-07-30T03:07:02","guid":{"rendered":"https:\/\/puffvapestore.com\/?post_type=product&#038;p=6065"},"modified":"2026-01-19T10:36:11","modified_gmt":"2026-01-19T10:36:11","slug":"bang-king-30k-blueberry-raspberry-peach-mango-watermelon-une-surprise-pour-vos-papilles","status":"publish","type":"product","link":"https:\/\/puffvapestore.com\/pt\/product\/bang-king-30k-mirtilo-framboesa-pessego-manga-melancia-uma-surpresa-para-o-seu-paladar\/","title":{"rendered":"Bang King 30K - Mirtilo Framboesa e P\u00eassego Manga Melancia"},"content":{"rendered":"<div data-elementor-type=\"wp-post\" data-elementor-id=\"6065\" class=\"elementor elementor-6065\">\n\t\t\t\t<div class=\"elementor-element elementor-element-08c26f9 e-flex e-con-boxed e-con e-parent\" data-id=\"08c26f9\" data-element_type=\"container\" data-e-type=\"container\">\n\t\t\t\t\t<div class=\"e-con-inner\">\n\t\t\t\t<div class=\"elementor-element elementor-element-a005a97 elementor-widget elementor-widget-text-editor\" data-id=\"a005a97\" data-element_type=\"widget\" data-e-type=\"widget\" data-widget_type=\"text-editor.default\">\n\t\t\t\t<div class=\"elementor-widget-container\">\n\t\t\t\t\t\t\t\t\t<p>O Bang King 30000 Blueberry Raspberry &amp; Peach Mango Watermelon n\u00e3o \u00e9 um cigarro eletr\u00f3nico comum. O seu duplo sabor foi concebido para aqueles que amam a vida e procuram uma mudan\u00e7a. Sem mudar o dispositivo, pode navegar livremente entre dois mundos frutados completamente diferentes, como se pudesse mudar de destino durante a viagem, oferecendo ao seu paladar surpresas constantes.<\/p><h2>Mirtilo Framboesa<\/h2><p>Este aroma \u00e0 base de bagas oferece um sabor complexo e complexo.<\/p><p>Blueberry: aroma rico e doce com um toque de terra natural. O fumo \u00e9 suave no paladar e cheio de sabores frutados, lembrando a do\u00e7ura dos mirtilos maduros.<\/p><p>Framboesa: Ao contr\u00e1rio dos mirtilos, tem um sabor \u00e1cido pronunciado, conferindo vitalidade ao conjunto.<\/p><p>O ataque \u00e9 suave, seguido de uma acidez refrescante no palato m\u00e9dio, antes de terminar com um leve sabor a frutos silvestres e um equil\u00edbrio subtil.<\/p><h2>P\u00eassego, manga e melancia<\/h2><p>Esta mistura de frutos tropicais tem um sabor pleno, sumarento e doce.<\/p><p>P\u00eassego: O ataque \u00e9 pronunciado, macio e suave, com boa polpa e um aroma frutado natural que lembra p\u00eassegos frescos.<\/p><p>Manga: O ataque \u00e9 marcante, com o sabor tropical da manga madura e um toque de cremosidade l\u00e1ctea, completando o conjunto.<\/p><p>Melancia: Surge no final, proporcionando uma sensa\u00e7\u00e3o aquosa refrescante que tempera a gordura, com uma do\u00e7ura moderada, acrescentando notas ao conjunto.<\/p><p>O fumo \u00e9 rico e doce no ataque, e os tr\u00eas frutos misturam-se harmoniosamente, sem serem demasiado fortes, doces mas n\u00e3o gordurosos. Indicado para os utilizadores que apreciam os sabores dos sumos de cigarros electr\u00f3nicos.<\/p><h2>Especifica\u00e7\u00f5es do Bang King 30000 Mirtilo Framboesa e P\u00eassego Manga Melancia<\/h2><p>N\u00famero de baforadas: Cada cigarro eletr\u00f3nico oferece at\u00e9 30.000 baforadas.<\/p><p>Capacidade do l\u00edquido: 36 ml<\/p><p>Capacidade da bateria: 550 mAh, recarreg\u00e1vel atrav\u00e9s de USB-C<\/p><p>Resist\u00eancia de atomiza\u00e7\u00e3o: Resist\u00eancia de malha de 1,0 \u03a9, tendo em conta o sabor e o volume de fumo.<\/p><p>Escolha das concentra\u00e7\u00f5es de nicotina: 0 %, 2 %, 3 %, 5 %<\/p><h2>Fun\u00e7\u00f5es do Bang King 30000 Mirtilo Framboesa e P\u00eassego Manga Melancia<\/h2><p>Fun\u00e7\u00e3o de comuta\u00e7\u00e3o dupla de aromas: suporta duas fun\u00e7\u00f5es de comuta\u00e7\u00e3o de aromas diferentes, f\u00e1cil comuta\u00e7\u00e3o de aromas<\/p><p>Carregamento r\u00e1pido tipo C: oferece um carregamento mais r\u00e1pido para a bateria recarreg\u00e1vel de 550 mAh.<\/p><h2>Vantagens do Bang King 30000 Mirtilo Framboesa e P\u00eassego Manga Melancia<\/h2><p>Leve: design de cigarro eletr\u00f3nico descart\u00e1vel, sem necessidade de adicionar \u00f3leo ou substituir a resist\u00eancia da rede, f\u00e1cil de transportar.<\/p><p>Excelente autonomia: adequado para uma utiliza\u00e7\u00e3o a longo prazo, sem necessidade de recarregar ou adicionar \u00f3leo frequentemente.<\/p><p>Conce\u00e7\u00e3o estrutural: corpo padr\u00e3o em forma de tira, sensa\u00e7\u00e3o agrad\u00e1vel, f\u00e1cil mudan\u00e7a de sabor.<\/p><p>Alta capacidade (36 ml de \u00f3leo + bateria de 550 mAh), longa dura\u00e7\u00e3o.<\/p><p>A dupla mudan\u00e7a de sabor oferece uma variedade de experi\u00eancias gustativas.<\/p><p>A resist\u00eancia da malha melhora o fumo e o sabor.<\/p><p>Carregamento USB-C r\u00e1pido e c\u00f3modo.<\/p>\t\t\t\t\t\t\t\t<\/div>\n\t\t\t\t<\/div>\n\t\t\t\t\t<\/div>\n\t\t\t\t<\/div>\n\t\t\t\t<\/div>","protected":false},"excerpt":{"rendered":"<p>La Bang King 30000 Blueberry Raspberry &amp; Peach Mango Watermelon n&rsquo;est pas une cigarette \u00e9lectronique ordinaire. Son double ar\u00f4me est con\u00e7u pour ceux qui aiment la vie et recherchent le changement. Sans changer d&rsquo;appareil, vous pouvez naviguer librement entre deux univers fruit\u00e9s compl\u00e8tement diff\u00e9rents, comme si vous pouviez changer de destination au cours du voyage, [&hellip;]<\/p>\n","protected":false},"featured_media":5975,"comment_status":"open","ping_status":"closed","template":"","meta":{"site-sidebar-layout":"no-sidebar","site-content-layout":"page-builder","ast-site-content-layout":"normal-width-container","site-content-style":"default","site-sidebar-style":"default","ast-global-header-display":"","ast-banner-title-visibility":"","ast-main-header-display":"","ast-hfb-above-header-display":"","ast-hfb-below-header-display":"","ast-hfb-mobile-header-display":"","site-post-title":"disabled","ast-breadcrumbs-content":"","ast-featured-img":"disabled","footer-sml-layout":"","ast-disable-related-posts":"","theme-transparent-header-meta":"default","adv-header-id-meta":"","stick-header-meta":"default","header-above-stick-meta":"","header-main-stick-meta":"","header-below-stick-meta":"","astra-migrate-meta-layouts":"set","ast-page-background-enabled":"default","ast-page-background-meta":{"desktop":{"background-color":"","background-image":"","background-repeat":"repeat","background-position":"center center","background-size":"auto","background-attachment":"scroll","background-type":"","background-media":"","overlay-type":"","overlay-color":"","overlay-opacity":"","overlay-gradient":""},"tablet":{"background-color":"","background-image":"","background-repeat":"repeat","background-position":"center center","background-size":"auto","background-attachment":"scroll","background-type":"","background-media":"","overlay-type":"","overlay-color":"","overlay-opacity":"","overlay-gradient":""},"mobile":{"background-color":"","background-image":"","background-repeat":"repeat","background-position":"center center","background-size":"auto","background-attachment":"scroll","background-type":"","background-media":"","overlay-type":"","overlay-color":"","overlay-opacity":"","overlay-gradient":""}},"ast-content-background-meta":{"desktop":{"background-color":"var(--ast-global-color-5)","background-image":"","background-repeat":"repeat","background-position":"center center","background-size":"auto","background-attachment":"scroll","background-type":"","background-media":"","overlay-type":"","overlay-color":"","overlay-opacity":"","overlay-gradient":""},"tablet":{"background-color":"var(--ast-global-color-5)","background-image":"","background-repeat":"repeat","background-position":"center center","background-size":"auto","background-attachment":"scroll","background-type":"","background-media":"","overlay-type":"","overlay-color":"","overlay-opacity":"","overlay-gradient":""},"mobile":{"background-color":"var(--ast-global-color-5)","background-image":"","background-repeat":"repeat","background-position":"center center","background-size":"auto","background-attachment":"scroll","background-type":"","background-media":"","overlay-type":"","overlay-color":"","overlay-opacity":"","overlay-gradient":""}}},"product_brand":[52],"product_cat":[55,86,15],"product_tag":[],"class_list":{"0":"post-6065","1":"product","2":"type-product","3":"status-publish","4":"has-post-thumbnail","6":"product_brand-bang-king","7":"product_cat-bang-king-30000-double-saveur-offre-jusqua-36ml-de-liquide","8":"product_cat-puff-30k","9":"product_cat-magasin-cigarette-electronique","10":"desktop-align-center","11":"tablet-align-center","12":"mobile-align-center","13":"ast-product-gallery-layout-horizontal","14":"ast-product-gallery-with-no-image","15":"ast-product-single-variable","16":"ast-product-tabs-layout-horizontal","17":"ast-qv-on-image","19":"first","20":"instock","21":"sale","22":"shipping-taxable","23":"purchasable","24":"product-type-variable","25":"has-default-attributes"},"tiered_pricing_type":"fixed","tiered_pricing_fixed_rules":{"50":7.33,"100":6.66},"tiered_pricing_product_settings":{"layout":"default","base_unit_name":{"singular":null,"plural":null},"default_variation":null},"tiered_pricing_minimum_quantity":null,"tiered_pricing_roles_data":[],"tiered_pricing_percentage_rules":[],"_links":{"self":[{"href":"https:\/\/puffvapestore.com\/pt\/wp-json\/wp\/v2\/product\/6065","targetHints":{"allow":["GET"]}}],"collection":[{"href":"https:\/\/puffvapestore.com\/pt\/wp-json\/wp\/v2\/product"}],"about":[{"href":"https:\/\/puffvapestore.com\/pt\/wp-json\/wp\/v2\/types\/product"}],"replies":[{"embeddable":true,"href":"https:\/\/puffvapestore.com\/pt\/wp-json\/wp\/v2\/comments?post=6065"}],"version-history":[{"count":7,"href":"https:\/\/puffvapestore.com\/pt\/wp-json\/wp\/v2\/product\/6065\/revisions"}],"predecessor-version":[{"id":6229,"href":"https:\/\/puffvapestore.com\/pt\/wp-json\/wp\/v2\/product\/6065\/revisions\/6229"}],"wp:featuredmedia":[{"embeddable":true,"href":"https:\/\/puffvapestore.com\/pt\/wp-json\/wp\/v2\/media\/5975"}],"wp:attachment":[{"href":"https:\/\/puffvapestore.com\/pt\/wp-json\/wp\/v2\/media?parent=6065"}],"wp:term":[{"taxonomy":"product_brand","embeddable":true,"href":"https:\/\/puffvapestore.com\/pt\/wp-json\/wp\/v2\/product_brand?post=6065"},{"taxonomy":"product_cat","embeddable":true,"href":"https:\/\/puffvapestore.com\/pt\/wp-json\/wp\/v2\/product_cat?post=6065"},{"taxonomy":"product_tag","embeddable":true,"href":"https:\/\/puffvapestore.com\/pt\/wp-json\/wp\/v2\/product_tag?post=6065"}],"curies":[{"name":"wp","href":"https:\/\/api.w.org\/{rel}","templated":true}]}}