{"id":6002,"date":"2025-07-29T13:39:34","date_gmt":"2025-07-29T13:39:34","guid":{"rendered":"https:\/\/puffvapestore.com\/?post_type=product&#038;p=6002"},"modified":"2026-01-19T10:36:10","modified_gmt":"2026-01-19T10:36:10","slug":"bang-king-30000-resistance-mesh-et-une-batterie-rechargeable","status":"publish","type":"product","link":"https:\/\/puffvapestore.com\/pt\/product\/bang-king-resistencia-de-malha-30000-e-bateria-recarregavel\/","title":{"rendered":"Bang King 30000: 36 ml de e-l\u00edquido, resist\u00eancia de malha, concentra\u00e7\u00f5es opcionais de nicotina: 0 %, 2 %, 3 %, 5 %"},"content":{"rendered":"<div data-elementor-type=\"wp-post\" data-elementor-id=\"6002\" class=\"elementor elementor-6002\">\n\t\t\t\t<div class=\"elementor-element elementor-element-08c26f9 e-flex e-con-boxed e-con e-parent\" data-id=\"08c26f9\" data-element_type=\"container\" data-e-type=\"container\">\n\t\t\t\t\t<div class=\"e-con-inner\">\n\t\t\t\t<div class=\"elementor-element elementor-element-a005a97 elementor-widget elementor-widget-text-editor\" data-id=\"a005a97\" data-element_type=\"widget\" data-e-type=\"widget\" data-widget_type=\"text-editor.default\">\n\t\t\t\t<div class=\"elementor-widget-container\">\n\t\t\t\t\t\t\t\t\t<h2>Especifica\u00e7\u00f5es do Bang King 30000<\/h2><p>N\u00famero de baforadas: Cada cigarro eletr\u00f3nico oferece at\u00e9 30.000 baforadas.<\/p><p>Capacidade do l\u00edquido: 36 ml<\/p><p>Capacidade da bateria: 550 mAh, recarreg\u00e1vel atrav\u00e9s de USB-C<\/p><p>Resist\u00eancia de atomiza\u00e7\u00e3o: Resist\u00eancia de malha de 1,0 \u03a9, tendo em conta o sabor e o volume de fumo.<\/p><p>Escolha das concentra\u00e7\u00f5es de nicotina: 0 %, 2 %, 3 %, 5 %<\/p><h2>Fun\u00e7\u00f5es do Bang King 30000<\/h2><p>Fun\u00e7\u00e3o de comuta\u00e7\u00e3o dupla de aromas: suporta duas fun\u00e7\u00f5es de comuta\u00e7\u00e3o de aromas diferentes, f\u00e1cil comuta\u00e7\u00e3o de aromas<\/p><p>Carregamento r\u00e1pido tipo C: oferece um carregamento mais r\u00e1pido para a bateria recarreg\u00e1vel de 550 mAh.<\/p><h2>Vantagens do Bang King 30000<\/h2><p>Leve: design de cigarro eletr\u00f3nico descart\u00e1vel, sem necessidade de adicionar \u00f3leo ou substituir a resist\u00eancia da rede, f\u00e1cil de transportar.<\/p><p>Excelente autonomia: adequado para uma utiliza\u00e7\u00e3o a longo prazo, sem necessidade de recarregar ou adicionar \u00f3leo frequentemente.<\/p><p>Conce\u00e7\u00e3o estrutural: corpo padr\u00e3o em forma de tira, sensa\u00e7\u00e3o agrad\u00e1vel, f\u00e1cil mudan\u00e7a de sabor.<\/p><p>Alta capacidade (36 ml de \u00f3leo + bateria de 550 mAh), longa dura\u00e7\u00e3o.<\/p><p>A dupla mudan\u00e7a de sabor oferece uma variedade de experi\u00eancias gustativas.<\/p><p>A resist\u00eancia da malha melhora o fumo e o sabor.<\/p><p>Carregamento USB-C r\u00e1pido e c\u00f3modo.<\/p><h2>O Bang King 30000 dual flavour oferece 12 combina\u00e7\u00f5es \u00fanicas de sabores<\/h2><p>O cigarro eletr\u00f3nico de duplo sabor Bang King 30000 oferece 12 combina\u00e7\u00f5es de sabores \u00fanicas para satisfazer todos os gostos. Cada cigarro eletr\u00f3nico cont\u00e9m 36 ml de e-l\u00edquido de alta capacidade e oferece 30000 baforadas de fumo. Estes sabores foram concebidos com um sistema de comuta\u00e7\u00e3o de duplo sabor, permitindo aos utilizadores desfrutar de dois sabores totalmente diferentes num \u00fanico cigarro eletr\u00f3nico. Com uma resist\u00eancia de malha de 1,0 ohm e uma bateria recarreg\u00e1vel de 550 mAh, garante um sabor suave e duradouro. Quer prefira sabores refrescantes, doces ou originais, o Bang King 30K oferece-lhe uma vasta escolha.<\/p><h3>Categoria frutada e refrescante:<\/h3><p>\u00abWatermelon Ice &amp; Blueberry Mint: A melancia congelada oferece o sabor doce e sumarento da melancia, combinado com a frescura e a do\u00e7ura da menta de mirtilo, para uma sensa\u00e7\u00e3o de frescura estival.<\/p><p>\u00abBlueberry Ice &amp; Black Dragon Ice: O mirtilo gelado combina-se com o misterioso sabor do fruto do drag\u00e3o negro. A acidez doce do mirtilo e o sabor \u00fanico do fruto do drag\u00e3o complementam-se harmoniosamente, para um travo gelado encantador.<\/p><p>\u00abStrawberry Kiwi &amp; Peach Ice: A fus\u00e3o doce e azeda do kiwi morango, combinada com o aroma frutado e a frescura do gelo de p\u00eassego, proporciona um sabor rico, ideal para os f\u00e3s de sabores frutados refrescantes.<\/p><h3>Categoria doce e frutada:<\/h3><p>Gelado de mirtilo e morango e banana: O gelado agridoce de mirtilo combina com a do\u00e7ura cremosa do morango e da banana, com um toque de frescura doce, ideal para quem gosta de doces.<\/p><p>Melancia de morango e Kiwi Maracuj\u00e1 Goiaba: A do\u00e7ura da melancia de morango mistura-se com os sabores tropicais do kiwi, maracuj\u00e1 e goiaba para um rico banquete frutado.<\/p><p>Gelado de Melancia e Morango e Manga: O sabor refrescante do gelado de melancia combina com o sabor tropical do morango e da manga, doce mas n\u00e3o gorduroso, para um momento inesquec\u00edvel.<\/p><p>\u00abMirtilo Framboesa &amp; P\u00eassego Manga Melancia: A acidez do mirtilo e da framboesa mistura-se com os sabores tropicais do p\u00eassego, da manga e da melancia para um aroma frutado rico e subtil.<\/p><p>\u00abMorango e Melancia &amp; Uva Ice: A do\u00e7ura do morango e da melancia combina-se com o sabor fresco e frutado das uvas geladas para criar uma experi\u00eancia equilibrada de do\u00e7ura e frescura.<\/p><h3>Uma categoria \u00fanica e criativa:<\/h3><p>\u00abRed Bull &amp; Blueberry Watermelon: A estimula\u00e7\u00e3o \u00fanica da bebida energ\u00e9tica Red Bull combina-se com o sabor doce e frutado do mirtilo e da melancia para uma experi\u00eancia de fumo vibrante.<\/p><p>\u00abRed Bull &amp; Watermelon Bubble Candy: O sabor refrescante de Red Bull \u00e9 combinado com a do\u00e7ura da pastilha el\u00e1stica de melancia para um sabor original e agrad\u00e1vel.<\/p><p>\u00abBlueberry Raspberry &amp; Mixed Mouldy Fruit: O cl\u00e1ssico sabor frutado de mirtilo e framboesa \u00e9 combinado com o aroma \u00fanico de fruta fermentada para criar uma nova experi\u00eancia de sabor, ideal para vapers que procuram algo novo.<\/p><p>\u2018Strawberry Kiwi &amp; Sour Apple Raspberry\u2019: A do\u00e7ura do kiwi de morango \u00e9 combinada com o sabor frutado ligeiramente \u00e1cido da framboesa de ma\u00e7\u00e3 azeda, com um sabor doce e azedo equilibrado que \u00e9 excitante.<\/p>\t\t\t\t\t\t\t\t<\/div>\n\t\t\t\t<\/div>\n\t\t\t\t\t<\/div>\n\t\t\t\t<\/div>\n\t\t\t\t<\/div>","protected":false},"excerpt":{"rendered":"<p>Sp\u00e9cifications de la Bang King 30000 Nombre de bouff\u00e9es\u00a0: Chaque cigarette \u00e9lectronique offre jusqu\u2019\u00e0 30000 bouff\u00e9es. Capacit\u00e9 en liquide\u00a0: 36\u00a0ml Capacit\u00e9 de la batterie\u00a0: 550\u00a0mAh, rechargeable par USB-C R\u00e9sistance d\u2019atomisation\u00a0: R\u00e9sistance mesh de 1,0\u00a0\u03a9, prenant en compte le go\u00fbt et le volume de fum\u00e9e. Concentration de nicotine au choix\u00a0: 0\u00a0%, 2\u00a0%, 3\u00a0%, 5\u00a0% Fonctions de [&hellip;]<\/p>\n","protected":false},"featured_media":5987,"comment_status":"open","ping_status":"closed","template":"","meta":{"site-sidebar-layout":"no-sidebar","site-content-layout":"page-builder","ast-site-content-layout":"normal-width-container","site-content-style":"default","site-sidebar-style":"default","ast-global-header-display":"","ast-banner-title-visibility":"","ast-main-header-display":"","ast-hfb-above-header-display":"","ast-hfb-below-header-display":"","ast-hfb-mobile-header-display":"","site-post-title":"disabled","ast-breadcrumbs-content":"","ast-featured-img":"disabled","footer-sml-layout":"","ast-disable-related-posts":"","theme-transparent-header-meta":"default","adv-header-id-meta":"","stick-header-meta":"default","header-above-stick-meta":"","header-main-stick-meta":"","header-below-stick-meta":"","astra-migrate-meta-layouts":"set","ast-page-background-enabled":"default","ast-page-background-meta":{"desktop":{"background-color":"","background-image":"","background-repeat":"repeat","background-position":"center center","background-size":"auto","background-attachment":"scroll","background-type":"","background-media":"","overlay-type":"","overlay-color":"","overlay-opacity":"","overlay-gradient":""},"tablet":{"background-color":"","background-image":"","background-repeat":"repeat","background-position":"center center","background-size":"auto","background-attachment":"scroll","background-type":"","background-media":"","overlay-type":"","overlay-color":"","overlay-opacity":"","overlay-gradient":""},"mobile":{"background-color":"","background-image":"","background-repeat":"repeat","background-position":"center center","background-size":"auto","background-attachment":"scroll","background-type":"","background-media":"","overlay-type":"","overlay-color":"","overlay-opacity":"","overlay-gradient":""}},"ast-content-background-meta":{"desktop":{"background-color":"var(--ast-global-color-5)","background-image":"","background-repeat":"repeat","background-position":"center center","background-size":"auto","background-attachment":"scroll","background-type":"","background-media":"","overlay-type":"","overlay-color":"","overlay-opacity":"","overlay-gradient":""},"tablet":{"background-color":"var(--ast-global-color-5)","background-image":"","background-repeat":"repeat","background-position":"center center","background-size":"auto","background-attachment":"scroll","background-type":"","background-media":"","overlay-type":"","overlay-color":"","overlay-opacity":"","overlay-gradient":""},"mobile":{"background-color":"var(--ast-global-color-5)","background-image":"","background-repeat":"repeat","background-position":"center center","background-size":"auto","background-attachment":"scroll","background-type":"","background-media":"","overlay-type":"","overlay-color":"","overlay-opacity":"","overlay-gradient":""}}},"product_brand":[52],"product_cat":[55,86,15],"product_tag":[],"class_list":{"0":"post-6002","1":"product","2":"type-product","3":"status-publish","4":"has-post-thumbnail","6":"product_brand-bang-king","7":"product_cat-bang-king-30000-double-saveur-offre-jusqua-36ml-de-liquide","8":"product_cat-puff-30k","9":"product_cat-magasin-cigarette-electronique","10":"desktop-align-center","11":"tablet-align-center","12":"mobile-align-center","13":"ast-product-gallery-layout-horizontal","14":"ast-product-single-variable","15":"ast-product-tabs-layout-horizontal","16":"ast-qv-on-image","18":"first","19":"instock","20":"sale","21":"shipping-taxable","22":"purchasable","23":"product-type-variable","24":"has-default-attributes"},"tiered_pricing_type":"fixed","tiered_pricing_fixed_rules":{"50":7.33,"100":6.66},"tiered_pricing_product_settings":{"layout":"default","base_unit_name":{"singular":null,"plural":null},"default_variation":null},"tiered_pricing_minimum_quantity":null,"tiered_pricing_roles_data":[],"tiered_pricing_percentage_rules":[],"_links":{"self":[{"href":"https:\/\/puffvapestore.com\/pt\/wp-json\/wp\/v2\/product\/6002","targetHints":{"allow":["GET"]}}],"collection":[{"href":"https:\/\/puffvapestore.com\/pt\/wp-json\/wp\/v2\/product"}],"about":[{"href":"https:\/\/puffvapestore.com\/pt\/wp-json\/wp\/v2\/types\/product"}],"replies":[{"embeddable":true,"href":"https:\/\/puffvapestore.com\/pt\/wp-json\/wp\/v2\/comments?post=6002"}],"version-history":[{"count":6,"href":"https:\/\/puffvapestore.com\/pt\/wp-json\/wp\/v2\/product\/6002\/revisions"}],"predecessor-version":[{"id":6064,"href":"https:\/\/puffvapestore.com\/pt\/wp-json\/wp\/v2\/product\/6002\/revisions\/6064"}],"wp:featuredmedia":[{"embeddable":true,"href":"https:\/\/puffvapestore.com\/pt\/wp-json\/wp\/v2\/media\/5987"}],"wp:attachment":[{"href":"https:\/\/puffvapestore.com\/pt\/wp-json\/wp\/v2\/media?parent=6002"}],"wp:term":[{"taxonomy":"product_brand","embeddable":true,"href":"https:\/\/puffvapestore.com\/pt\/wp-json\/wp\/v2\/product_brand?post=6002"},{"taxonomy":"product_cat","embeddable":true,"href":"https:\/\/puffvapestore.com\/pt\/wp-json\/wp\/v2\/product_cat?post=6002"},{"taxonomy":"product_tag","embeddable":true,"href":"https:\/\/puffvapestore.com\/pt\/wp-json\/wp\/v2\/product_tag?post=6002"}],"curies":[{"name":"wp","href":"https:\/\/api.w.org\/{rel}","templated":true}]}}