{"id":5960,"date":"2025-07-29T08:38:47","date_gmt":"2025-07-29T08:38:47","guid":{"rendered":"https:\/\/puffvapestore.com\/?post_type=product&#038;p=5960"},"modified":"2026-02-05T03:54:29","modified_gmt":"2026-02-05T03:54:29","slug":"strawberry-kiwi-peach-ice-cherry-cola-bang-leader-80k-offre-un-arome-sucre-intense","status":"publish","type":"product","link":"https:\/\/puffvapestore.com\/pt\/product\/morango-kiwi-pessego-gelo-cereja-cola-bang-leader-80k-oferece-um-sabor-intenso-a-acucar\/","title":{"rendered":"Morango, kiwi, p\u00eassego gelado e cola de cereja - Bang Leader 80K 3 em 1 de triplo sabor"},"content":{"rendered":"<div data-elementor-type=\"wp-post\" data-elementor-id=\"5960\" class=\"elementor elementor-5960\">\n\t\t\t\t<div class=\"elementor-element elementor-element-08c26f9 e-flex e-con-boxed e-con e-parent\" data-id=\"08c26f9\" data-element_type=\"container\" data-e-type=\"container\">\n\t\t\t\t\t<div class=\"e-con-inner\">\n\t\t\t\t<div class=\"elementor-element elementor-element-a005a97 elementor-widget elementor-widget-text-editor\" data-id=\"a005a97\" data-element_type=\"widget\" data-e-type=\"widget\" data-widget_type=\"text-editor.default\">\n\t\t\t\t<div class=\"elementor-widget-container\">\n\t\t\t\t\t\t\t\t\t<p>Esta caixa de cigarros electr\u00f3nicos Bang Leader 80K \u00abStrawberry Kiwi &amp; Peach Ice &amp; Cherry Cola\u00bb combina um sabor frutado fresco com uma nota de refrigerante retro. \u00c9 perfeita para os f\u00e3s de cigarros electr\u00f3nicos que apreciam sabores agridoces, ricos e frutados, bem como um leve sabor a bebida.<\/p><h2>Aroma de morango e kiwi<\/h2><p><strong>Nota de topo: morango redondo e doce<\/strong><br \/>A primeira baforada liberta um aroma rico a morango, que faz lembrar a compota de morango natural. A fragr\u00e2ncia \u00e9 doce mas poderosa, com um ligeiro travo a leite, que faz lembrar os batidos de morango.<\/p><p><strong>Nota de cora\u00e7\u00e3o: o kiwi ligeiramente \u00e1cido ilumina o cora\u00e7\u00e3o.<\/strong><br \/>A ligeira acidez do kiwi neutraliza a do\u00e7ura do morango, tornando o conjunto mais tridimensional e complexo, e tornando-o mais vivo e refrescante gra\u00e7as a uma nota doce \u00fanica.<\/p><p><strong>Final de boca: equilibrado e cremoso<\/strong><br \/>O sabor final \u00e9 ligeiramente frutado e picante, sem sensa\u00e7\u00e3o de frio ou de sobre-estimula\u00e7\u00e3o, o que o torna ideal para fumar durante todo o dia sem ser gorduroso.<\/p><p>Suave e doce, esta mistura frutada \u00e9 refrescante sem ser demasiado estimulante. Este sabor frutado \u00e9 perfeito para as desloca\u00e7\u00f5es di\u00e1rias e \u00e9 apreciado tanto por homens como por mulheres.<\/p><h2>Sabor a p\u00eassego glaceado<\/h2><p><strong>Notas de topo : Aroma encorpado de p\u00eassego branco<\/strong><br \/>O sabor P\u00eache Glac\u00e9e liberta uma textura delicada de p\u00eassego logo que \u00e9 provado. \u00c9 doce sem ser gorduroso e tem uma estrutura arom\u00e1tica semelhante \u00e0 do ch\u00e1 de p\u00eassego ou do oolong de p\u00eassego branco. N\u00e3o se trata de um sabor artificial de rebu\u00e7ado de p\u00eassego, mas de uma sensa\u00e7\u00e3o de sumo natural.<\/p><p><strong>No cora\u00e7\u00e3o do sabor: uma sensa\u00e7\u00e3o fresca e penetrante<\/strong><br \/>A sensa\u00e7\u00e3o de gelo \u00e9 \u00f3bvia, sem ser avassaladora, como um refrigerante de p\u00eassego branco com gelo. A frescura permanece na l\u00edngua e na garganta, oferecendo uma experi\u00eancia refrescante de cigarro eletr\u00f3nico digna de uma bebida de ver\u00e3o.<\/p><p>No final, a do\u00e7ura desvanece-se, dando lugar \u00e0 frescura.<\/p><p>A sensa\u00e7\u00e3o de cubos de gelo apaga o excesso de a\u00e7\u00facar, e o final \u00e9 limpo e persistente.<\/p><p>Fragr\u00e2ncia natural de p\u00eassego, sensa\u00e7\u00e3o de gelo excecional, doce sem ser gorduroso, ideal para uma experi\u00eancia refrescante de ver\u00e3o ou para uma desintoxica\u00e7\u00e3o ap\u00f3s as refei\u00e7\u00f5es. Ideal para os adeptos do cigarro eletr\u00f3nico que apreciam notas leves e frescas de ch\u00e1 ou de fruta.<\/p><h2>Cola com sabor a cereja<\/h2><p><strong>No nariz: o cheiro retro da cola \u00e9 fascinante.<\/strong><br \/>\u00c9 um sabor de cereja Cola tipicamente americano, com bolhas de cola e aromas de caramelo, para um resultado muito realista.<\/p><p><strong>Aroma de cereja intercalado<\/strong><br \/>O sabor da cereja n\u00e3o tem a acidez refrescante das cerejas frescas, mas est\u00e1 mais pr\u00f3ximo do xarope de cereja ou da cereja cristalizada, acrescentando uma do\u00e7ura pronunciada e uma profundidade arom\u00e1tica.<\/p><p><strong>Ligeira frescura e um travo a caramelo no final<\/strong><br \/>Esta ligeira frescura faz com que o refrigerante n\u00e3o seja muito doce, e um toque de caramelo e um subtil aroma frutado permanecem no final, suavizando o sabor residual da bebida.<\/p><p>Bebida de estilo retro: do\u00e7ura intensa, frescura moderada e aroma persistente. Adequado para os f\u00e3s de cigarros electr\u00f3nicos que apreciam sabores fortes e refrigerantes retro, ou para aqueles que procuram aquele toque frutado especial.<\/p><h2>Tr\u00eas sistemas de mudan\u00e7a de sabor, grande dep\u00f3sito de e-l\u00edquido de 78 ml<\/h2><p>O Bang Leader 80000 Strawberry Kiwi &amp; Peach Ice &amp; Cherry Cola adopta um design inovador tr\u00eas-em-um, com tr\u00eas dep\u00f3sitos de e-l\u00edquido integrados independentes, cada um com uma capacidade de 26 ml, para um total de 78 ml de l\u00edquido. O seletor de sabores facilita a mudan\u00e7a de sabores, e tr\u00eas sabores aparecem simultaneamente no mesmo cigarro eletr\u00f3nico, dando-lhe a liberdade de mudar de humor e de gosto a qualquer momento.<\/p><p>Excecionalmente dur\u00e1vel entre os dispositivos descart\u00e1veis, cada cigarro eletr\u00f3nico Bang Leader 80000 Strawberry Kiwi &amp; Peach Ice &amp; Cherry Cola pode fornecer at\u00e9 80K puffs, tornando-o a escolha ideal para vapers regulares. Desfrute de uma utiliza\u00e7\u00e3o duradoura e reduza as substitui\u00e7\u00f5es frequentes.<\/p><p>At\u00e9 quatro dosagens de nicotina dispon\u00edveis: 0 %, 2 %, 3 %, 5 %. Quer esteja \u00e0 procura de uma experi\u00eancia refrescante sem nicotina ou seja um fumador \u00e0 procura de um efeito altamente concentrado na garganta, encontrar\u00e1 a intensidade que lhe conv\u00e9m e que se adapta facilmente \u00e0s suas necessidades de deixar de fumar ou \u00e0s mudan\u00e7as de gosto.<\/p><h2>Resist\u00eancia da malha de 1,0 \u03a9, sabor requintado do pr\u00f3ximo n\u00edvel<\/h2><p>O Bang Leader 80000 Strawberry Kiwi &amp; Peach Ice &amp; Cherry Cola possui uma resist\u00eancia de malha de 1,0 \u03a9 de alto desempenho, que aquece mais uniformemente e atomiza mais completamente do que as resist\u00eancias tradicionais, para um fumo rico e n\u00e3o irritante. Cada tragada \u00e9 suave e cremosa, maximizando a liberta\u00e7\u00e3o do sabor aut\u00eantico do e-l\u00edquido.<\/p><h2>Bateria de carregamento r\u00e1pido Type-C 850 mAh, sa\u00edda est\u00e1vel sem interrup\u00e7\u00e3o de energia<\/h2><p>Bateria de l\u00edtio recarreg\u00e1vel de 850 mAh de alta capacidade incorporada, compat\u00edvel com a interface de carregamento r\u00e1pido Tipo C, para um tempo de carregamento de cerca de 60 minutos. A longa dura\u00e7\u00e3o da bateria e o carregamento eficiente permitem-lhe manter-se motivado e desfrutar de uma experi\u00eancia de vaporiza\u00e7\u00e3o ininterrupta e de alto desempenho.<\/p><p>Leve e port\u00e1til, o seu inv\u00f3lucro integrado combina ergonomia e resist\u00eancia ao desgaste, tornando-o ideal para o transporte di\u00e1rio e para uma utiliza\u00e7\u00e3o intensiva. O seu design tr\u00eas-em-um n\u00e3o s\u00f3 o torna mais pr\u00e1tico, como tamb\u00e9m reduz o peso envolvido no transporte de v\u00e1rios cigarros electr\u00f3nicos. Um must-have para os f\u00e3s de sabores ricos.<\/p>\t\t\t\t\t\t\t\t<\/div>\n\t\t\t\t<\/div>\n\t\t\t\t\t<\/div>\n\t\t\t\t<\/div>\n\t\t\t\t<\/div>","protected":false},"excerpt":{"rendered":"<p>Ce coffret de cigarettes \u00e9lectroniques Bang Leader 80K \u00ab Strawberry Kiwi &amp; Peach Ice &amp; Cherry Cola \u00bb allie une saveur fruit\u00e9e fra\u00eeche \u00e0 une note r\u00e9tro de soda. Il convient aux amateurs de cigarettes \u00e9lectroniques qui appr\u00e9cient les ar\u00f4mes sucr\u00e9s-acidul\u00e9s, riches et fruit\u00e9s, ainsi qu&rsquo;une l\u00e9g\u00e8re saveur de boisson. Ar\u00f4me Fraise Kiwi Note de [&hellip;]<\/p>\n","protected":false},"featured_media":5727,"comment_status":"open","ping_status":"closed","template":"","meta":{"site-sidebar-layout":"no-sidebar","site-content-layout":"page-builder","ast-site-content-layout":"normal-width-container","site-content-style":"default","site-sidebar-style":"default","ast-global-header-display":"","ast-banner-title-visibility":"","ast-main-header-display":"","ast-hfb-above-header-display":"","ast-hfb-below-header-display":"","ast-hfb-mobile-header-display":"","site-post-title":"disabled","ast-breadcrumbs-content":"","ast-featured-img":"disabled","footer-sml-layout":"","ast-disable-related-posts":"","theme-transparent-header-meta":"default","adv-header-id-meta":"","stick-header-meta":"default","header-above-stick-meta":"","header-main-stick-meta":"","header-below-stick-meta":"","astra-migrate-meta-layouts":"set","ast-page-background-enabled":"default","ast-page-background-meta":{"desktop":{"background-color":"","background-image":"","background-repeat":"repeat","background-position":"center center","background-size":"auto","background-attachment":"scroll","background-type":"","background-media":"","overlay-type":"","overlay-color":"","overlay-opacity":"","overlay-gradient":""},"tablet":{"background-color":"","background-image":"","background-repeat":"repeat","background-position":"center center","background-size":"auto","background-attachment":"scroll","background-type":"","background-media":"","overlay-type":"","overlay-color":"","overlay-opacity":"","overlay-gradient":""},"mobile":{"background-color":"","background-image":"","background-repeat":"repeat","background-position":"center center","background-size":"auto","background-attachment":"scroll","background-type":"","background-media":"","overlay-type":"","overlay-color":"","overlay-opacity":"","overlay-gradient":""}},"ast-content-background-meta":{"desktop":{"background-color":"var(--ast-global-color-5)","background-image":"","background-repeat":"repeat","background-position":"center center","background-size":"auto","background-attachment":"scroll","background-type":"","background-media":"","overlay-type":"","overlay-color":"","overlay-opacity":"","overlay-gradient":""},"tablet":{"background-color":"var(--ast-global-color-5)","background-image":"","background-repeat":"repeat","background-position":"center center","background-size":"auto","background-attachment":"scroll","background-type":"","background-media":"","overlay-type":"","overlay-color":"","overlay-opacity":"","overlay-gradient":""},"mobile":{"background-color":"var(--ast-global-color-5)","background-image":"","background-repeat":"repeat","background-position":"center center","background-size":"auto","background-attachment":"scroll","background-type":"","background-media":"","overlay-type":"","overlay-color":"","overlay-opacity":"","overlay-gradient":""}}},"product_brand":[53],"product_cat":[54,106,15],"product_tag":[],"class_list":{"0":"post-5960","1":"product","2":"type-product","3":"status-publish","4":"has-post-thumbnail","6":"product_brand-bang-cree-une-cigarette-electronique-plus-confortable","7":"product_cat-bang-leader-80k-dispose-de-trois-reservoirs-de-liquide-independants-integres","8":"product_cat-puff-80k","9":"product_cat-magasin-cigarette-electronique","10":"desktop-align-center","11":"tablet-align-center","12":"mobile-align-center","13":"ast-product-gallery-layout-horizontal","14":"ast-product-gallery-with-no-image","15":"ast-product-single-variable","16":"ast-product-tabs-layout-horizontal","17":"ast-qv-on-image","19":"first","20":"outofstock","21":"sale","22":"shipping-taxable","23":"purchasable","24":"product-type-variable","25":"has-default-attributes"},"tiered_pricing_type":"fixed","tiered_pricing_fixed_rules":{"50":7.24,"100":6.45},"tiered_pricing_product_settings":{"layout":"default","base_unit_name":{"singular":null,"plural":null},"default_variation":null},"tiered_pricing_minimum_quantity":null,"tiered_pricing_roles_data":[],"tiered_pricing_percentage_rules":[],"_links":{"self":[{"href":"https:\/\/puffvapestore.com\/pt\/wp-json\/wp\/v2\/product\/5960","targetHints":{"allow":["GET"]}}],"collection":[{"href":"https:\/\/puffvapestore.com\/pt\/wp-json\/wp\/v2\/product"}],"about":[{"href":"https:\/\/puffvapestore.com\/pt\/wp-json\/wp\/v2\/types\/product"}],"replies":[{"embeddable":true,"href":"https:\/\/puffvapestore.com\/pt\/wp-json\/wp\/v2\/comments?post=5960"}],"version-history":[{"count":7,"href":"https:\/\/puffvapestore.com\/pt\/wp-json\/wp\/v2\/product\/5960\/revisions"}],"predecessor-version":[{"id":6228,"href":"https:\/\/puffvapestore.com\/pt\/wp-json\/wp\/v2\/product\/5960\/revisions\/6228"}],"wp:featuredmedia":[{"embeddable":true,"href":"https:\/\/puffvapestore.com\/pt\/wp-json\/wp\/v2\/media\/5727"}],"wp:attachment":[{"href":"https:\/\/puffvapestore.com\/pt\/wp-json\/wp\/v2\/media?parent=5960"}],"wp:term":[{"taxonomy":"product_brand","embeddable":true,"href":"https:\/\/puffvapestore.com\/pt\/wp-json\/wp\/v2\/product_brand?post=5960"},{"taxonomy":"product_cat","embeddable":true,"href":"https:\/\/puffvapestore.com\/pt\/wp-json\/wp\/v2\/product_cat?post=5960"},{"taxonomy":"product_tag","embeddable":true,"href":"https:\/\/puffvapestore.com\/pt\/wp-json\/wp\/v2\/product_tag?post=5960"}],"curies":[{"name":"wp","href":"https:\/\/api.w.org\/{rel}","templated":true}]}}