{"id":5945,"date":"2025-07-29T06:29:07","date_gmt":"2025-07-29T06:29:07","guid":{"rendered":"https:\/\/puffvapestore.com\/?post_type=product&#038;p=5945"},"modified":"2026-02-05T03:54:29","modified_gmt":"2026-02-05T03:54:29","slug":"raspberry-mojito-peach-ice-strawberry-watermelon-kiwi-passion-fruit-guava-bang-leader-80k","status":"publish","type":"product","link":"https:\/\/puffvapestore.com\/pt\/product\/framboesa-mojito-pessego-gelo-morango-melancia-kiwi-maracuja-goiaba-bang-leader-80k\/","title":{"rendered":"Mojito de framboesa P\u00eassego Gelado e Morango Melancia e Kiwi Maracuj\u00e1 Goiaba - Bang Leader 80K 3 em 1 Triplo Sabor"},"content":{"rendered":"<div data-elementor-type=\"wp-post\" data-elementor-id=\"5945\" class=\"elementor elementor-5945\">\n\t\t\t\t<div class=\"elementor-element elementor-element-08c26f9 e-flex e-con-boxed e-con e-parent\" data-id=\"08c26f9\" data-element_type=\"container\" data-e-type=\"container\">\n\t\t\t\t\t<div class=\"e-con-inner\">\n\t\t\t\t<div class=\"elementor-element elementor-element-a005a97 elementor-widget elementor-widget-text-editor\" data-id=\"a005a97\" data-element_type=\"widget\" data-e-type=\"widget\" data-widget_type=\"text-editor.default\">\n\t\t\t\t<div class=\"elementor-widget-container\">\n\t\t\t\t\t\t\t\t\t<p>Bang Leader 80000 3 em 1 Raspberry Mojito Iced Peach &amp; Strawberry Watermelon &amp; Kiwi Passion Fruit Guava oferece uma combina\u00e7\u00e3o de tr\u00eas sabores tropicais e frutados: \u00abRaspberry Mojito Iced Peach\u00bb, \u00abStrawberry Watermelon\u00bb e \u00abKiwi Passion Fruit Guava\u00bb. Este sabor de cigarro eletr\u00f3nico tr\u00eas em um oferece uma fus\u00e3o de fruta, equil\u00edbrio doce e azedo e uma sensa\u00e7\u00e3o gelada, com nuances complexas mas claras, ideal para os f\u00e3s de cigarros electr\u00f3nicos que apreciam sabores frutados.<\/p><h2>Mojito gelado de framboesa e p\u00eassego<\/h2><p>Base refrescante de Mojito: Os elementos cl\u00e1ssicos do Mojito - lima e menta - proporcionam uma frescura refrescante assim que se inspira, dando a impress\u00e3o de estar a saborear uma bebida gelada junto ao mar em pleno ver\u00e3o.<\/p><p>O sabor picante da framboesa \u00e9 poderoso e penetrante, com uma acidez \u00fanica e um aroma a frutos vermelhos muito refrescante.<\/p><p>O p\u00eassego \u00e9 redondo e suavemente equilibrado: o seu sabor n\u00e3o \u00e9 exagerado, mas sim uma do\u00e7ura quente, como um pur\u00e9 de fruta, que neutraliza delicadamente a acidez da menta no in\u00edcio do paladar, tornando o conjunto mais completo.<\/p><p>A sensa\u00e7\u00e3o de frescura no final permanece durante muito tempo, com um ligeiro travo a menta.<\/p><h2>Melancia Morango<\/h2><p>A melancia \u00e9 o ingrediente principal, com uma do\u00e7ura plena e refrescante: ao contr\u00e1rio dos doces artificiais de melancia, este sabor de melancia est\u00e1 mais pr\u00f3ximo do sumo da polpa de fruta fresca.<\/p><p>O morango real\u00e7a o aroma, a do\u00e7ura e a suavidade: o morango revela um toque leitoso que se mistura com os aromas frutados, tornando a do\u00e7ura global mais agrad\u00e1vel e n\u00e3o oleosa.<\/p><h2>Kiwi, Maracuj\u00e1, Goiaba<\/h2><p>O Kiwifruit tem uma base picante e perfumada, com uma leve sensa\u00e7\u00e3o de pele: d\u00e1-lhe uma leve sensa\u00e7\u00e3o de pele desde a primeira inala\u00e7\u00e3o, muito semelhante ao verdadeiro kiwifruit.<\/p><p>O maracuj\u00e1 ilumina o aroma do seu cora\u00e7\u00e3o: o seu aroma poderoso \u00e9 explosivo, com uma ligeira sensa\u00e7\u00e3o de frescura, como uma banca de fruta sob o sol tropical.<\/p><p>A goiaba acrescenta uma sensa\u00e7\u00e3o de espessura e um final ligeiramente leitoso e doce: acrescenta um sabor intenso a pur\u00e9 de fruta, enquanto a cauda \u00e9 mais cheia e longa.<\/p><p>Mais \u00e1cido do que doce, tem um sabor t\u00edpico de \u00abtempestade tropical\u00bb: o seu impacto picante e refrescante \u00e9 evidente, ideal para pessoas com gostos fortes que apreciam o verdadeiro sabor dos frutos tropicais.<\/p><h2>Tr\u00eas sistemas de mudan\u00e7a de sabor, grande dep\u00f3sito de e-l\u00edquido de 78 ml<\/h2><p>O Bang Leader 80000 Raspberry Mojito Peach Ice &amp; Strawberry Watermelon &amp; Kiwi Passion Fruit Guava adopta um design inovador tr\u00eas-em-um, com tr\u00eas dep\u00f3sitos de e-l\u00edquido integrados independentes, cada um com uma capacidade de 26 ml, para um total de 78 ml de l\u00edquido. O seletor de sabores facilita a mudan\u00e7a de sabores, e tr\u00eas sabores aparecem simultaneamente no mesmo cigarro eletr\u00f3nico, dando-lhe a liberdade de mudar de humor e de gosto a qualquer momento.<\/p><p>Com uma durabilidade excecional entre os dispositivos descart\u00e1veis, cada cigarro eletr\u00f3nico Bang Leader 80000 Raspberry Mojito Peach Ice &amp; Strawberry Watermelon &amp; Kiwi Passion Fruit Guava pode fornecer at\u00e9 80K puffs, tornando-o a escolha ideal para vapers regulares. Desfrute de uma utiliza\u00e7\u00e3o duradoura e reduza as substitui\u00e7\u00f5es frequentes.<\/p><p>At\u00e9 quatro dosagens de nicotina dispon\u00edveis: 0 %, 2 %, 3 %, 5 %. Quer esteja \u00e0 procura de uma experi\u00eancia refrescante sem nicotina ou seja um fumador \u00e0 procura de um efeito altamente concentrado na garganta, encontrar\u00e1 a intensidade que lhe conv\u00e9m e que se adapta facilmente \u00e0s suas necessidades de deixar de fumar ou \u00e0s mudan\u00e7as de gosto.<\/p><h2>Resist\u00eancia da malha de 1,0 \u03a9, sabor requintado do pr\u00f3ximo n\u00edvel<\/h2><p>O Bang Leader 80000 Raspberry Mojito Peach Ice &amp; Strawberry Watermelon &amp; Kiwi Passion Fruit Guava possui uma resist\u00eancia de malha de 1,0 \u03a9 de alto desempenho, que aquece mais uniformemente e atomiza mais completamente do que as resist\u00eancias tradicionais, para um fumo rico e n\u00e3o irritante. Cada tragada \u00e9 suave e cremosa, maximizando a liberta\u00e7\u00e3o do sabor aut\u00eantico do e-l\u00edquido.<\/p><h2>Bateria de carregamento r\u00e1pido Type-C 850 mAh, sa\u00edda est\u00e1vel sem interrup\u00e7\u00e3o de energia<\/h2><p>Bateria de l\u00edtio recarreg\u00e1vel de 850 mAh de alta capacidade incorporada, compat\u00edvel com a interface de carregamento r\u00e1pido Tipo C, para um tempo de carregamento de cerca de 60 minutos. A longa dura\u00e7\u00e3o da bateria e o carregamento eficiente permitem-lhe manter-se motivado e desfrutar de uma experi\u00eancia de vaporiza\u00e7\u00e3o ininterrupta e de alto desempenho.<\/p><p>Leve e port\u00e1til, o seu inv\u00f3lucro integrado combina ergonomia e resist\u00eancia ao desgaste, tornando-o ideal para o transporte di\u00e1rio e para uma utiliza\u00e7\u00e3o intensiva. O seu design tr\u00eas-em-um n\u00e3o s\u00f3 o torna mais pr\u00e1tico, como tamb\u00e9m reduz o peso envolvido no transporte de v\u00e1rios cigarros electr\u00f3nicos. Um must-have para os f\u00e3s de sabores ricos.<\/p>\t\t\t\t\t\t\t\t<\/div>\n\t\t\t\t<\/div>\n\t\t\t\t\t<\/div>\n\t\t\t\t<\/div>\n\t\t\t\t<\/div>","protected":false},"excerpt":{"rendered":"<p>Le Bang Leader 80000 3 en 1 Framboise Mojito P\u00eache Glac\u00e9e &amp; Fraise Past\u00e8que &amp; Kiwi Fruit de la Passion Goyave propose une combinaison de trois saveurs tropicales et fruit\u00e9es\u00a0: \u00ab\u00a0Framboise Mojito P\u00eache Glac\u00e9e\u00a0\u00bb, \u00ab\u00a0Fraise Past\u00e8que\u00a0\u00bb et \u00ab\u00a0Kiwi Fruit de la Passion Goyave\u00a0\u00bb. Cet ar\u00f4me trois-en-un pour cigarette \u00e9lectronique offre une fusion de fruits, un [&hellip;]<\/p>\n","protected":false},"featured_media":5724,"comment_status":"open","ping_status":"closed","template":"","meta":{"site-sidebar-layout":"no-sidebar","site-content-layout":"page-builder","ast-site-content-layout":"normal-width-container","site-content-style":"default","site-sidebar-style":"default","ast-global-header-display":"","ast-banner-title-visibility":"","ast-main-header-display":"","ast-hfb-above-header-display":"","ast-hfb-below-header-display":"","ast-hfb-mobile-header-display":"","site-post-title":"disabled","ast-breadcrumbs-content":"","ast-featured-img":"disabled","footer-sml-layout":"","ast-disable-related-posts":"","theme-transparent-header-meta":"default","adv-header-id-meta":"","stick-header-meta":"default","header-above-stick-meta":"","header-main-stick-meta":"","header-below-stick-meta":"","astra-migrate-meta-layouts":"set","ast-page-background-enabled":"default","ast-page-background-meta":{"desktop":{"background-color":"","background-image":"","background-repeat":"repeat","background-position":"center center","background-size":"auto","background-attachment":"scroll","background-type":"","background-media":"","overlay-type":"","overlay-color":"","overlay-opacity":"","overlay-gradient":""},"tablet":{"background-color":"","background-image":"","background-repeat":"repeat","background-position":"center center","background-size":"auto","background-attachment":"scroll","background-type":"","background-media":"","overlay-type":"","overlay-color":"","overlay-opacity":"","overlay-gradient":""},"mobile":{"background-color":"","background-image":"","background-repeat":"repeat","background-position":"center center","background-size":"auto","background-attachment":"scroll","background-type":"","background-media":"","overlay-type":"","overlay-color":"","overlay-opacity":"","overlay-gradient":""}},"ast-content-background-meta":{"desktop":{"background-color":"var(--ast-global-color-5)","background-image":"","background-repeat":"repeat","background-position":"center center","background-size":"auto","background-attachment":"scroll","background-type":"","background-media":"","overlay-type":"","overlay-color":"","overlay-opacity":"","overlay-gradient":""},"tablet":{"background-color":"var(--ast-global-color-5)","background-image":"","background-repeat":"repeat","background-position":"center center","background-size":"auto","background-attachment":"scroll","background-type":"","background-media":"","overlay-type":"","overlay-color":"","overlay-opacity":"","overlay-gradient":""},"mobile":{"background-color":"var(--ast-global-color-5)","background-image":"","background-repeat":"repeat","background-position":"center center","background-size":"auto","background-attachment":"scroll","background-type":"","background-media":"","overlay-type":"","overlay-color":"","overlay-opacity":"","overlay-gradient":""}}},"product_brand":[53],"product_cat":[54,106,15],"product_tag":[],"class_list":{"0":"post-5945","1":"product","2":"type-product","3":"status-publish","4":"has-post-thumbnail","6":"product_brand-bang-cree-une-cigarette-electronique-plus-confortable","7":"product_cat-bang-leader-80k-dispose-de-trois-reservoirs-de-liquide-independants-integres","8":"product_cat-puff-80k","9":"product_cat-magasin-cigarette-electronique","10":"desktop-align-center","11":"tablet-align-center","12":"mobile-align-center","13":"ast-product-gallery-layout-horizontal","14":"ast-product-gallery-with-no-image","15":"ast-product-single-variable","16":"ast-product-tabs-layout-horizontal","17":"ast-qv-on-image","19":"first","20":"outofstock","21":"sale","22":"shipping-taxable","23":"purchasable","24":"product-type-variable","25":"has-default-attributes"},"tiered_pricing_type":"fixed","tiered_pricing_fixed_rules":{"50":7.24,"100":6.45},"tiered_pricing_product_settings":{"layout":"default","base_unit_name":{"singular":null,"plural":null},"default_variation":null},"tiered_pricing_minimum_quantity":null,"tiered_pricing_roles_data":[],"tiered_pricing_percentage_rules":[],"_links":{"self":[{"href":"https:\/\/puffvapestore.com\/pt\/wp-json\/wp\/v2\/product\/5945","targetHints":{"allow":["GET"]}}],"collection":[{"href":"https:\/\/puffvapestore.com\/pt\/wp-json\/wp\/v2\/product"}],"about":[{"href":"https:\/\/puffvapestore.com\/pt\/wp-json\/wp\/v2\/types\/product"}],"replies":[{"embeddable":true,"href":"https:\/\/puffvapestore.com\/pt\/wp-json\/wp\/v2\/comments?post=5945"}],"version-history":[{"count":11,"href":"https:\/\/puffvapestore.com\/pt\/wp-json\/wp\/v2\/product\/5945\/revisions"}],"predecessor-version":[{"id":6227,"href":"https:\/\/puffvapestore.com\/pt\/wp-json\/wp\/v2\/product\/5945\/revisions\/6227"}],"wp:featuredmedia":[{"embeddable":true,"href":"https:\/\/puffvapestore.com\/pt\/wp-json\/wp\/v2\/media\/5724"}],"wp:attachment":[{"href":"https:\/\/puffvapestore.com\/pt\/wp-json\/wp\/v2\/media?parent=5945"}],"wp:term":[{"taxonomy":"product_brand","embeddable":true,"href":"https:\/\/puffvapestore.com\/pt\/wp-json\/wp\/v2\/product_brand?post=5945"},{"taxonomy":"product_cat","embeddable":true,"href":"https:\/\/puffvapestore.com\/pt\/wp-json\/wp\/v2\/product_cat?post=5945"},{"taxonomy":"product_tag","embeddable":true,"href":"https:\/\/puffvapestore.com\/pt\/wp-json\/wp\/v2\/product_tag?post=5945"}],"curies":[{"name":"wp","href":"https:\/\/api.w.org\/{rel}","templated":true}]}}