{"id":5934,"date":"2025-07-29T03:19:53","date_gmt":"2025-07-29T03:19:53","guid":{"rendered":"https:\/\/puffvapestore.com\/?post_type=product&#038;p=5934"},"modified":"2026-02-05T03:54:29","modified_gmt":"2026-02-05T03:54:29","slug":"watermelon-ice-strawberry-mango-banana-bang-leader-80k","status":"publish","type":"product","link":"https:\/\/puffvapestore.com\/pt\/product\/melancia-gelo-morango-manga-banana-bang-leader-80k\/","title":{"rendered":"Gelado de melancia, morango, manga e banana - Bang Leader 80K 3 em 1 de triplo sabor"},"content":{"rendered":"<div data-elementor-type=\"wp-post\" data-elementor-id=\"5934\" class=\"elementor elementor-5934\">\n\t\t\t\t<div class=\"elementor-element elementor-element-08c26f9 e-flex e-con-boxed e-con e-parent\" data-id=\"08c26f9\" data-element_type=\"container\" data-e-type=\"container\">\n\t\t\t\t\t<div class=\"e-con-inner\">\n\t\t\t\t<div class=\"elementor-element elementor-element-a005a97 elementor-widget elementor-widget-text-editor\" data-id=\"a005a97\" data-element_type=\"widget\" data-e-type=\"widget\" data-widget_type=\"text-editor.default\">\n\t\t\t\t<div class=\"elementor-widget-container\">\n\t\t\t\t\t\t\t\t\t<p>A for\u00e7a do Bang Leader 80000 reside no seu design \u00fanico tr\u00eas-em-um, equipado com tr\u00eas dep\u00f3sitos de e-l\u00edquido independentes de 26 ml, com uma capacidade total de at\u00e9 78 ml, permitindo at\u00e9 80.000 baforadas. Cada cigarro eletr\u00f3nico Bang Leader 80000 est\u00e1 dispon\u00edvel em tr\u00eas sabores diferentes, concebidos para satisfazer todos os entusiastas:<\/p><h2>Sabor a melancia congelada<\/h2><p>Quando os \u00faltimos raios do crep\u00fasculo parisiense aparecerem, tome um gole lento de vapor gelado de melancia no conforto da sua varanda. O aroma fresco e frutado transport\u00e1-lo-\u00e1 para um pomar de ver\u00e3o no sul de Fran\u00e7a. O seu sabor refrescante, acompanhado por um toque subtil de menta e gelo, acalma o corpo e a mente ap\u00f3s um dia cansativo.<\/p><h2>Sabor a morango e manga<\/h2><p>Este sabor a Morango-Manga evoca um p\u00f4r do sol na C\u00f4te d'Azur, no sul de Fran\u00e7a, com os seus aromas frutados e apaixonantes. A do\u00e7ura dos morangos encontra-se com a riqueza tropical das mangas para um sabor rico. Fumar um cigarro na rua, \u00e0 noite, depois de um festival de m\u00fasica, n\u00e3o \u00e9 apenas um prazer gustativo, mas tamb\u00e9m uma dan\u00e7a espiritual.<\/p><h2>Sabor a banana<\/h2><p>O aroma a banana d\u00e1-lhe uma sensa\u00e7\u00e3o de bem-estar quente e suave, como se estivesse sentado no canto de um caf\u00e9 liter\u00e1rio, sob uma chuva ligeira, e estivesse em casa, a folhear revistas antigas enquanto saboreia as nuvens suaves envoltas num aroma a banana. D\u00ea uma passa num cigarro eletr\u00f3nico para relaxar; esta calma \u00e9 um raro momento de bem-estar no nosso ritmo moderno.<\/p><h2>Tr\u00eas sistemas de mudan\u00e7a de sabor, grande dep\u00f3sito de e-l\u00edquido de 78 ml<\/h2><p>O Bang Leader 80000 Watermelon Ice &amp; Strawberry Mango &amp; Banana adopta um design inovador tr\u00eas-em-um, com tr\u00eas dep\u00f3sitos de e-l\u00edquido integrados independentes, cada um com uma capacidade de 26 ml, para um total de 78 ml de l\u00edquido. O seletor de sabores facilita a mudan\u00e7a de sabores, e tr\u00eas sabores aparecem simultaneamente no mesmo cigarro eletr\u00f3nico, dando-lhe a liberdade de mudar de humor e de gosto a qualquer momento.<\/p><p>Excecionalmente dur\u00e1vel entre os descart\u00e1veis, cada cigarro eletr\u00f3nico Bang Leader 80000 Watermelon Ice &amp; Strawberry Mango &amp; Banana pode fornecer at\u00e9 80K puffs, tornando-o a escolha ideal para vapers regulares. Desfrute de uma utiliza\u00e7\u00e3o duradoura e reduza as substitui\u00e7\u00f5es frequentes.<\/p><p>At\u00e9 quatro dosagens de nicotina dispon\u00edveis: 0 %, 2 %, 3 %, 5 %. Quer esteja \u00e0 procura de uma experi\u00eancia refrescante sem nicotina ou seja um fumador \u00e0 procura de um efeito altamente concentrado na garganta, encontrar\u00e1 a intensidade que lhe conv\u00e9m e que se adapta facilmente \u00e0s suas necessidades de deixar de fumar ou \u00e0s mudan\u00e7as de gosto.<\/p><h2>Resist\u00eancia da malha de 1,0 \u03a9, sabor requintado do pr\u00f3ximo n\u00edvel<\/h2><p>O Bang Leader 80000 Watermelon Ice &amp; Strawberry Mango &amp; Banana possui uma resist\u00eancia de malha de 1,0 \u03a9 de alto desempenho, que aquece mais uniformemente e atomiza mais completamente do que as resist\u00eancias tradicionais, para um fumo rico e n\u00e3o irritante. Cada baforada \u00e9 suave e cremosa, maximizando a liberta\u00e7\u00e3o do sabor aut\u00eantico do e-l\u00edquido.<\/p><h2>Bateria de carregamento r\u00e1pido Type-C 850 mAh, sa\u00edda est\u00e1vel sem interrup\u00e7\u00e3o de energia<\/h2><p>Bateria de l\u00edtio recarreg\u00e1vel de 850 mAh de alta capacidade incorporada, compat\u00edvel com a interface de carregamento r\u00e1pido Tipo C, para um tempo de carregamento de cerca de 60 minutos. A longa dura\u00e7\u00e3o da bateria e o carregamento eficiente permitem-lhe manter-se motivado e desfrutar de uma experi\u00eancia de vaporiza\u00e7\u00e3o ininterrupta e de alto desempenho.<\/p><p>Leve e port\u00e1til, o seu inv\u00f3lucro integrado combina ergonomia e resist\u00eancia ao desgaste, tornando-o ideal para o transporte di\u00e1rio e para uma utiliza\u00e7\u00e3o intensiva. O seu design tr\u00eas-em-um n\u00e3o s\u00f3 o torna mais pr\u00e1tico, como tamb\u00e9m reduz o peso envolvido no transporte de v\u00e1rios cigarros electr\u00f3nicos. Um must-have para os f\u00e3s de sabores ricos.<\/p>\t\t\t\t\t\t\t\t<\/div>\n\t\t\t\t<\/div>\n\t\t\t\t\t<\/div>\n\t\t\t\t<\/div>\n\t\t\t\t<\/div>","protected":false},"excerpt":{"rendered":"<p>Le point fort du Bang Leader 80000 r\u00e9side dans sa conception unique trois-en-un, \u00e9quip\u00e9e de trois r\u00e9servoirs d&rsquo;e-liquide ind\u00e9pendants de 26 ml, d&rsquo;une capacit\u00e9 totale allant jusqu&rsquo;\u00e0 78 ml, permettant jusqu&rsquo;\u00e0 80000 bouff\u00e9es. Chaque e-cigarette Bang Leader 80000 propose trois saveurs diff\u00e9rentes, con\u00e7ues pour satisfaire tous les amateurs\u00a0: Saveur Past\u00e8que Glac\u00e9e Lorsque le cr\u00e9puscule parisien [&hellip;]<\/p>\n","protected":false},"featured_media":5729,"comment_status":"open","ping_status":"closed","template":"","meta":{"site-sidebar-layout":"no-sidebar","site-content-layout":"page-builder","ast-site-content-layout":"normal-width-container","site-content-style":"default","site-sidebar-style":"default","ast-global-header-display":"","ast-banner-title-visibility":"","ast-main-header-display":"","ast-hfb-above-header-display":"","ast-hfb-below-header-display":"","ast-hfb-mobile-header-display":"","site-post-title":"disabled","ast-breadcrumbs-content":"","ast-featured-img":"disabled","footer-sml-layout":"","ast-disable-related-posts":"","theme-transparent-header-meta":"default","adv-header-id-meta":"","stick-header-meta":"default","header-above-stick-meta":"","header-main-stick-meta":"","header-below-stick-meta":"","astra-migrate-meta-layouts":"set","ast-page-background-enabled":"default","ast-page-background-meta":{"desktop":{"background-color":"","background-image":"","background-repeat":"repeat","background-position":"center center","background-size":"auto","background-attachment":"scroll","background-type":"","background-media":"","overlay-type":"","overlay-color":"","overlay-opacity":"","overlay-gradient":""},"tablet":{"background-color":"","background-image":"","background-repeat":"repeat","background-position":"center center","background-size":"auto","background-attachment":"scroll","background-type":"","background-media":"","overlay-type":"","overlay-color":"","overlay-opacity":"","overlay-gradient":""},"mobile":{"background-color":"","background-image":"","background-repeat":"repeat","background-position":"center center","background-size":"auto","background-attachment":"scroll","background-type":"","background-media":"","overlay-type":"","overlay-color":"","overlay-opacity":"","overlay-gradient":""}},"ast-content-background-meta":{"desktop":{"background-color":"var(--ast-global-color-5)","background-image":"","background-repeat":"repeat","background-position":"center center","background-size":"auto","background-attachment":"scroll","background-type":"","background-media":"","overlay-type":"","overlay-color":"","overlay-opacity":"","overlay-gradient":""},"tablet":{"background-color":"var(--ast-global-color-5)","background-image":"","background-repeat":"repeat","background-position":"center center","background-size":"auto","background-attachment":"scroll","background-type":"","background-media":"","overlay-type":"","overlay-color":"","overlay-opacity":"","overlay-gradient":""},"mobile":{"background-color":"var(--ast-global-color-5)","background-image":"","background-repeat":"repeat","background-position":"center center","background-size":"auto","background-attachment":"scroll","background-type":"","background-media":"","overlay-type":"","overlay-color":"","overlay-opacity":"","overlay-gradient":""}}},"product_brand":[53],"product_cat":[54,106,15],"product_tag":[],"class_list":{"0":"post-5934","1":"product","2":"type-product","3":"status-publish","4":"has-post-thumbnail","6":"product_brand-bang-cree-une-cigarette-electronique-plus-confortable","7":"product_cat-bang-leader-80k-dispose-de-trois-reservoirs-de-liquide-independants-integres","8":"product_cat-puff-80k","9":"product_cat-magasin-cigarette-electronique","10":"desktop-align-center","11":"tablet-align-center","12":"mobile-align-center","13":"ast-product-gallery-layout-horizontal","14":"ast-product-gallery-with-no-image","15":"ast-product-single-variable","16":"ast-product-tabs-layout-horizontal","17":"ast-qv-on-image","19":"first","20":"outofstock","21":"sale","22":"shipping-taxable","23":"purchasable","24":"product-type-variable","25":"has-default-attributes"},"tiered_pricing_type":"fixed","tiered_pricing_fixed_rules":{"50":7.24,"100":6.45},"tiered_pricing_product_settings":{"layout":"default","base_unit_name":{"singular":null,"plural":null},"default_variation":null},"tiered_pricing_minimum_quantity":null,"tiered_pricing_roles_data":[],"tiered_pricing_percentage_rules":[],"_links":{"self":[{"href":"https:\/\/puffvapestore.com\/pt\/wp-json\/wp\/v2\/product\/5934","targetHints":{"allow":["GET"]}}],"collection":[{"href":"https:\/\/puffvapestore.com\/pt\/wp-json\/wp\/v2\/product"}],"about":[{"href":"https:\/\/puffvapestore.com\/pt\/wp-json\/wp\/v2\/types\/product"}],"replies":[{"embeddable":true,"href":"https:\/\/puffvapestore.com\/pt\/wp-json\/wp\/v2\/comments?post=5934"}],"version-history":[{"count":7,"href":"https:\/\/puffvapestore.com\/pt\/wp-json\/wp\/v2\/product\/5934\/revisions"}],"predecessor-version":[{"id":6226,"href":"https:\/\/puffvapestore.com\/pt\/wp-json\/wp\/v2\/product\/5934\/revisions\/6226"}],"wp:featuredmedia":[{"embeddable":true,"href":"https:\/\/puffvapestore.com\/pt\/wp-json\/wp\/v2\/media\/5729"}],"wp:attachment":[{"href":"https:\/\/puffvapestore.com\/pt\/wp-json\/wp\/v2\/media?parent=5934"}],"wp:term":[{"taxonomy":"product_brand","embeddable":true,"href":"https:\/\/puffvapestore.com\/pt\/wp-json\/wp\/v2\/product_brand?post=5934"},{"taxonomy":"product_cat","embeddable":true,"href":"https:\/\/puffvapestore.com\/pt\/wp-json\/wp\/v2\/product_cat?post=5934"},{"taxonomy":"product_tag","embeddable":true,"href":"https:\/\/puffvapestore.com\/pt\/wp-json\/wp\/v2\/product_tag?post=5934"}],"curies":[{"name":"wp","href":"https:\/\/api.w.org\/{rel}","templated":true}]}}