{"id":5923,"date":"2025-07-27T18:11:26","date_gmt":"2025-07-27T18:11:26","guid":{"rendered":"https:\/\/puffvapestore.com\/?post_type=product&#038;p=5923"},"modified":"2026-02-05T03:54:29","modified_gmt":"2026-02-05T03:54:29","slug":"avocado-ice-lemon-lime-watermelon-raspberry-bang-leader-80k-triple-saveur","status":"publish","type":"product","link":"https:\/\/puffvapestore.com\/pt\/product\/abacate-ice-limao-lima-melancia-framboesa-bang-leader-80k-triplo-sabor\/","title":{"rendered":"Gelado de abacate e lima-lim\u00e3o e framboesa-melancia - Bang Leader 80K 3 em 1 de triplo sabor"},"content":{"rendered":"<div data-elementor-type=\"wp-post\" data-elementor-id=\"5923\" class=\"elementor elementor-5923\">\n\t\t\t\t<div class=\"elementor-element elementor-element-08c26f9 e-flex e-con-boxed e-con e-parent\" data-id=\"08c26f9\" data-element_type=\"container\" data-e-type=\"container\">\n\t\t\t\t\t<div class=\"e-con-inner\">\n\t\t\t\t<div class=\"elementor-element elementor-element-a005a97 elementor-widget elementor-widget-text-editor\" data-id=\"a005a97\" data-element_type=\"widget\" data-e-type=\"widget\" data-widget_type=\"text-editor.default\">\n\t\t\t\t<div class=\"elementor-widget-container\">\n\t\t\t\t\t\t\t\t\t<p>Depois de um dia atarefado de trabalho, sente-se confortavelmente numa espregui\u00e7adeira numa varanda, respire fundo e puxe o cigarro eletr\u00f3nico Bang Leader 80K Avocado Ice &amp; Lemon Lime &amp; Watermelon Raspberry. A primeira baforada \u00e9 Avocado Ice, uma fus\u00e3o refrescante da do\u00e7ura do abacate e do gelo, como se estivesse a relaxar na brisa do mar da Proven\u00e7a, no sul de Fran\u00e7a. Mude para o sabor Lima e sentir\u00e1 a dupla frescura da lima e do lim\u00e3o a explodir na sua boca, como a emo\u00e7\u00e3o de uma limonada gelada nas ruas de Paris. E quando mudar para o sabor Watermelon Raspberry, uma mistura de melancia doce e framboesa ligeiramente \u00e1cida, vai sentir-se como se estivesse numa bela praia \u00e0 tarde. \u00c9 uma experi\u00eancia agrad\u00e1vel, ideal para um momento de descontra\u00e7\u00e3o.<\/p><h2>Tr\u00eas sistemas de mudan\u00e7a de sabor, grande dep\u00f3sito de e-l\u00edquido de 78 ml<\/h2><p>O Bang Leader 80000 Avocado Ice &amp; Lemon Lime &amp; Watermelon Raspberry adopta um design inovador tr\u00eas-em-um, com tr\u00eas dep\u00f3sitos de e-l\u00edquido integrados independentes, cada um com uma capacidade de 26 ml, para um total de 78 ml de l\u00edquido. O seletor de sabores facilita a mudan\u00e7a de sabores, e tr\u00eas sabores aparecem simultaneamente no mesmo cigarro eletr\u00f3nico, dando-lhe a liberdade de mudar de humor e de gosto a qualquer momento.<\/p><p>Excecionalmente dur\u00e1vel entre os descart\u00e1veis, cada cigarro eletr\u00f3nico Bang Leader 80000 Avocado Ice &amp; Lemon Lime &amp; Watermelon Raspberry pode dar at\u00e9 80K puffs, tornando-o a escolha ideal para vapers regulares. Desfrute de uma utiliza\u00e7\u00e3o duradoura e reduza as substitui\u00e7\u00f5es frequentes.<\/p><p>At\u00e9 quatro dosagens de nicotina dispon\u00edveis: 0 %, 2 %, 3 %, 5 %. Quer esteja \u00e0 procura de uma experi\u00eancia refrescante sem nicotina ou seja um fumador \u00e0 procura de um efeito altamente concentrado na garganta, encontrar\u00e1 a intensidade que lhe conv\u00e9m e que se adapta facilmente \u00e0s suas necessidades de deixar de fumar ou \u00e0s mudan\u00e7as de gosto.<\/p><h2>Resist\u00eancia da malha de 1,0 \u03a9, sabor requintado do pr\u00f3ximo n\u00edvel<\/h2><p>O Bang Leader 80000 Avocado Ice &amp; Lemon Lime &amp; Watermelon Raspberry possui uma resist\u00eancia de malha de 1,0 \u03a9 de alto desempenho, que aquece mais uniformemente e atomiza mais completamente do que as resist\u00eancias tradicionais, para um fumo rico e n\u00e3o irritante. Cada baforada \u00e9 suave e cremosa, maximizando a liberta\u00e7\u00e3o do sabor aut\u00eantico do e-l\u00edquido.<\/p><h2>Bateria de carregamento r\u00e1pido Type-C 850 mAh, sa\u00edda est\u00e1vel sem interrup\u00e7\u00e3o de energia<\/h2><p>Bateria de l\u00edtio recarreg\u00e1vel de 850 mAh de alta capacidade incorporada, compat\u00edvel com a interface de carregamento r\u00e1pido Tipo C, para um tempo de carregamento de cerca de 60 minutos. A longa dura\u00e7\u00e3o da bateria e o carregamento eficiente permitem-lhe manter-se motivado e desfrutar de uma experi\u00eancia de vaporiza\u00e7\u00e3o ininterrupta e de alto desempenho.<\/p><p>Leve e port\u00e1til, o seu inv\u00f3lucro integrado combina ergonomia e resist\u00eancia ao desgaste, tornando-o ideal para o transporte di\u00e1rio e para uma utiliza\u00e7\u00e3o intensiva. O seu design tr\u00eas-em-um n\u00e3o s\u00f3 o torna mais pr\u00e1tico, como tamb\u00e9m reduz o peso envolvido no transporte de v\u00e1rios cigarros electr\u00f3nicos. Um must-have para os f\u00e3s de sabores ricos.<\/p>\t\t\t\t\t\t\t\t<\/div>\n\t\t\t\t<\/div>\n\t\t\t\t\t<\/div>\n\t\t\t\t<\/div>\n\t\t\t\t<\/div>","protected":false},"excerpt":{"rendered":"<p>Apr\u00e8s une journ\u00e9e de travail bien remplie, installez-vous confortablement sur un balcon, dans une chaise longue, inspirez profond\u00e9ment et sortez la cigarette \u00e9lectronique Bang Leader 80K Avocado Ice &amp; Lemon Lime &amp; Watermelon Raspberry. La premi\u00e8re bouff\u00e9e est \u00e0 l&rsquo;Avocat Glac\u00e9, une fusion rafra\u00eechissante de la douceur de l&rsquo;avocat et de la glace, comme si [&hellip;]<\/p>\n","protected":false},"featured_media":5718,"comment_status":"open","ping_status":"closed","template":"","meta":{"site-sidebar-layout":"no-sidebar","site-content-layout":"page-builder","ast-site-content-layout":"normal-width-container","site-content-style":"default","site-sidebar-style":"default","ast-global-header-display":"","ast-banner-title-visibility":"","ast-main-header-display":"","ast-hfb-above-header-display":"","ast-hfb-below-header-display":"","ast-hfb-mobile-header-display":"","site-post-title":"disabled","ast-breadcrumbs-content":"","ast-featured-img":"disabled","footer-sml-layout":"","ast-disable-related-posts":"","theme-transparent-header-meta":"default","adv-header-id-meta":"","stick-header-meta":"default","header-above-stick-meta":"","header-main-stick-meta":"","header-below-stick-meta":"","astra-migrate-meta-layouts":"set","ast-page-background-enabled":"default","ast-page-background-meta":{"desktop":{"background-color":"","background-image":"","background-repeat":"repeat","background-position":"center center","background-size":"auto","background-attachment":"scroll","background-type":"","background-media":"","overlay-type":"","overlay-color":"","overlay-opacity":"","overlay-gradient":""},"tablet":{"background-color":"","background-image":"","background-repeat":"repeat","background-position":"center center","background-size":"auto","background-attachment":"scroll","background-type":"","background-media":"","overlay-type":"","overlay-color":"","overlay-opacity":"","overlay-gradient":""},"mobile":{"background-color":"","background-image":"","background-repeat":"repeat","background-position":"center center","background-size":"auto","background-attachment":"scroll","background-type":"","background-media":"","overlay-type":"","overlay-color":"","overlay-opacity":"","overlay-gradient":""}},"ast-content-background-meta":{"desktop":{"background-color":"var(--ast-global-color-5)","background-image":"","background-repeat":"repeat","background-position":"center center","background-size":"auto","background-attachment":"scroll","background-type":"","background-media":"","overlay-type":"","overlay-color":"","overlay-opacity":"","overlay-gradient":""},"tablet":{"background-color":"var(--ast-global-color-5)","background-image":"","background-repeat":"repeat","background-position":"center center","background-size":"auto","background-attachment":"scroll","background-type":"","background-media":"","overlay-type":"","overlay-color":"","overlay-opacity":"","overlay-gradient":""},"mobile":{"background-color":"var(--ast-global-color-5)","background-image":"","background-repeat":"repeat","background-position":"center center","background-size":"auto","background-attachment":"scroll","background-type":"","background-media":"","overlay-type":"","overlay-color":"","overlay-opacity":"","overlay-gradient":""}}},"product_brand":[53],"product_cat":[54,106,15],"product_tag":[],"class_list":{"0":"post-5923","1":"product","2":"type-product","3":"status-publish","4":"has-post-thumbnail","6":"product_brand-bang-cree-une-cigarette-electronique-plus-confortable","7":"product_cat-bang-leader-80k-dispose-de-trois-reservoirs-de-liquide-independants-integres","8":"product_cat-puff-80k","9":"product_cat-magasin-cigarette-electronique","10":"desktop-align-center","11":"tablet-align-center","12":"mobile-align-center","13":"ast-product-gallery-layout-horizontal","14":"ast-product-gallery-with-no-image","15":"ast-product-single-variable","16":"ast-product-tabs-layout-horizontal","17":"ast-qv-on-image","19":"first","20":"outofstock","21":"sale","22":"shipping-taxable","23":"purchasable","24":"product-type-variable","25":"has-default-attributes"},"tiered_pricing_type":"fixed","tiered_pricing_fixed_rules":{"50":7.24,"100":6.45},"tiered_pricing_product_settings":{"layout":"default","base_unit_name":{"singular":null,"plural":null},"default_variation":null},"tiered_pricing_minimum_quantity":null,"tiered_pricing_roles_data":[],"tiered_pricing_percentage_rules":[],"_links":{"self":[{"href":"https:\/\/puffvapestore.com\/pt\/wp-json\/wp\/v2\/product\/5923","targetHints":{"allow":["GET"]}}],"collection":[{"href":"https:\/\/puffvapestore.com\/pt\/wp-json\/wp\/v2\/product"}],"about":[{"href":"https:\/\/puffvapestore.com\/pt\/wp-json\/wp\/v2\/types\/product"}],"replies":[{"embeddable":true,"href":"https:\/\/puffvapestore.com\/pt\/wp-json\/wp\/v2\/comments?post=5923"}],"version-history":[{"count":7,"href":"https:\/\/puffvapestore.com\/pt\/wp-json\/wp\/v2\/product\/5923\/revisions"}],"predecessor-version":[{"id":6225,"href":"https:\/\/puffvapestore.com\/pt\/wp-json\/wp\/v2\/product\/5923\/revisions\/6225"}],"wp:featuredmedia":[{"embeddable":true,"href":"https:\/\/puffvapestore.com\/pt\/wp-json\/wp\/v2\/media\/5718"}],"wp:attachment":[{"href":"https:\/\/puffvapestore.com\/pt\/wp-json\/wp\/v2\/media?parent=5923"}],"wp:term":[{"taxonomy":"product_brand","embeddable":true,"href":"https:\/\/puffvapestore.com\/pt\/wp-json\/wp\/v2\/product_brand?post=5923"},{"taxonomy":"product_cat","embeddable":true,"href":"https:\/\/puffvapestore.com\/pt\/wp-json\/wp\/v2\/product_cat?post=5923"},{"taxonomy":"product_tag","embeddable":true,"href":"https:\/\/puffvapestore.com\/pt\/wp-json\/wp\/v2\/product_tag?post=5923"}],"curies":[{"name":"wp","href":"https:\/\/api.w.org\/{rel}","templated":true}]}}