{"id":5882,"date":"2025-07-27T05:30:15","date_gmt":"2025-07-27T05:30:15","guid":{"rendered":"https:\/\/puffvapestore.com\/?post_type=product&#038;p=5882"},"modified":"2026-02-05T03:54:29","modified_gmt":"2026-02-05T03:54:29","slug":"blueberry-ice-strawberry-banana-mixed-berries-bang-leader-80k","status":"publish","type":"product","link":"https:\/\/puffvapestore.com\/pt\/product\/gelo-de-mirtilo-morango-banana-mistura-de-frutos-silvestres-bang-leader-80k\/","title":{"rendered":"Gelado de mirtilo, morango, banana e bagas mistas - Bang Leader 80000 3 em 1"},"content":{"rendered":"<div data-elementor-type=\"wp-post\" data-elementor-id=\"5882\" class=\"elementor elementor-5882\">\n\t\t\t\t<div class=\"elementor-element elementor-element-08c26f9 e-flex e-con-boxed e-con e-parent\" data-id=\"08c26f9\" data-element_type=\"container\" data-e-type=\"container\">\n\t\t\t\t\t<div class=\"e-con-inner\">\n\t\t\t\t<div class=\"elementor-element elementor-element-a005a97 elementor-widget elementor-widget-text-editor\" data-id=\"a005a97\" data-element_type=\"widget\" data-e-type=\"widget\" data-widget_type=\"text-editor.default\">\n\t\t\t\t<div class=\"elementor-widget-container\">\n\t\t\t\t\t\t\t\t\t<p>O Bang Leader 80000 Blueberry Ice &amp; Strawberry Banana &amp; Mixed Berries 3 em 1 oferece tr\u00eas sabores distintos para satisfazer todos os gostos, desde o fresco ao doce e ao picante.<\/p><p>Sabor a mirtilo gelado: Este cigarro eletr\u00f3nico oferece um sabor refrescante e fresco, com a do\u00e7ura dos mirtilos maduros, como uma refrescante bebida de fruta gelada numa noite de ver\u00e3o no sul de Fran\u00e7a. Ideal para se sentar calmamente numa varanda, dando uma grande baforada no seu cigarro eletr\u00f3nico com sabor a mirtilo, deixando a mente acalmar-se e a irritabilidade dissipar-se suavemente.<\/p><p>Sabor a morango e banana: A do\u00e7ura dos morangos e a cremosidade das bananas conjugam-se na perfei\u00e7\u00e3o, como um batido acabado de fazer numa pastelaria parisiense. Ideal para relaxar depois de um dia agitado. D\u00ea uma passa no nosso cigarro eletr\u00f3nico com sabor a morango e banana, doce e quente, como um regresso \u00e0 do\u00e7ura da tarde.<\/p><p>Sabor a Frutos Vermelhos: A combina\u00e7\u00e3o de v\u00e1rios frutos vermelhos \u00e9 cheia de vitalidade e de alegria, ideal para alegrar os ser\u00f5es com os amigos. \u00c9 um sabor a n\u00e3o perder, como uma escapadela surpresa \u00e0s vinhas do Sul de Fran\u00e7a.<\/p><h2>Diferentes concentra\u00e7\u00f5es de nicotina<\/h2><p>O Bang Leader 80000 Blueberry Ice &amp; Strawberry Banana &amp; Mixed Berries oferece diferentes dosagens de nicotina, incluindo 0 %, 2 %, 3 % e 5 %, para satisfazer as necessidades de cada utilizador. Quer esteja \u00e0 procura de uma experi\u00eancia sem nicotina ou de uma concentra\u00e7\u00e3o mais elevada para satisfazer os seus desejos, este cigarro eletr\u00f3nico oferece-lhe op\u00e7\u00f5es flex\u00edveis de utiliza\u00e7\u00e3o que se adaptam \u00e0s suas prefer\u00eancias.<\/p><h2>Design inovador do e-l\u00edquido tr\u00eas em um<\/h2><p>Este cigarro eletr\u00f3nico oferece uma capacidade de 78 ml de l\u00edquido extragrande, inteligentemente dividido em tr\u00eas dep\u00f3sitos separados de 26 ml. Este design \u00fanico de tr\u00eas em um n\u00e3o s\u00f3 aumenta o conforto do utilizador, como tamb\u00e9m facilita a mudan\u00e7a de um sabor para outro para uma experi\u00eancia variada. Cada dep\u00f3sito foi cuidadosamente concebido para garantir um armazenamento seguro e uma f\u00e1cil substitui\u00e7\u00e3o do l\u00edquido.<\/p><p>O Bang Leader 80000 Blueberry Ice &amp; Strawberry Banana &amp; Mixed Berries oferece at\u00e9 80K puffs e foi concebido para uma utiliza\u00e7\u00e3o duradoura. Quer seja para uso di\u00e1rio ou para passeios prolongados, este dispositivo proporciona uma experi\u00eancia de vaporiza\u00e7\u00e3o cont\u00ednua e est\u00e1vel, sem necessidade de substitui\u00e7\u00e3o ou reabastecimento frequentes. Ideal para utilizadores que procuram durabilidade.<\/p><h2>Bateria de alto desempenho e carregamento r\u00e1pido<\/h2><p>Este cigarro eletr\u00f3nico tem uma bateria recarreg\u00e1vel de 850mAh incorporada e suporta a tecnologia de carregamento r\u00e1pido Tipo C, que demora apenas cerca de 60 minutos. O eficiente sistema de gest\u00e3o da bateria garante uma vida \u00fatil mais longa, enquanto a fun\u00e7\u00e3o de carregamento r\u00e1pido permite-lhe retomar a utiliza\u00e7\u00e3o rapidamente, para uma experi\u00eancia tranquila a qualquer hora e em qualquer lugar.<\/p><h2>Tecnologia optimizada de resist\u00eancia da malha<\/h2><p>O Bang Leader 80000 Blueberry Ice &amp; Strawberry Banana &amp; Mixed Berries adopta uma resist\u00eancia de malha de 1,0 \u03a9. Isto garante um aquecimento uniforme e um vapor rico e cremoso. A estrutura da resist\u00eancia de malha optimiza a atomiza\u00e7\u00e3o do l\u00edquido, garantindo um sabor consistentemente rico em cada tragada.<\/p>\t\t\t\t\t\t\t\t<\/div>\n\t\t\t\t<\/div>\n\t\t\t\t\t<\/div>\n\t\t\t\t<\/div>\n\t\t\t\t<\/div>","protected":false},"excerpt":{"rendered":"<p>La Bang Leader 80000 Blueberry Ice &amp; Strawberry Banana &amp; Mixed Berries 3 en 1 offre trois saveurs distinctes pour satisfaire tous les go\u00fbts, du frais au sucr\u00e9 en passant par l&rsquo;acidul\u00e9. Go\u00fbt Myrtille Glac\u00e9e\u00a0: Cette cigarette \u00e9lectronique offre un go\u00fbt rafra\u00eechissant et frais, avec la douceur des myrtilles m\u00fbres, comme une boisson glac\u00e9e aux [&hellip;]<\/p>\n","protected":false},"featured_media":5720,"comment_status":"open","ping_status":"closed","template":"","meta":{"site-sidebar-layout":"no-sidebar","site-content-layout":"page-builder","ast-site-content-layout":"normal-width-container","site-content-style":"default","site-sidebar-style":"default","ast-global-header-display":"","ast-banner-title-visibility":"","ast-main-header-display":"","ast-hfb-above-header-display":"","ast-hfb-below-header-display":"","ast-hfb-mobile-header-display":"","site-post-title":"disabled","ast-breadcrumbs-content":"","ast-featured-img":"disabled","footer-sml-layout":"","ast-disable-related-posts":"","theme-transparent-header-meta":"default","adv-header-id-meta":"","stick-header-meta":"default","header-above-stick-meta":"","header-main-stick-meta":"","header-below-stick-meta":"","astra-migrate-meta-layouts":"set","ast-page-background-enabled":"default","ast-page-background-meta":{"desktop":{"background-color":"","background-image":"","background-repeat":"repeat","background-position":"center center","background-size":"auto","background-attachment":"scroll","background-type":"","background-media":"","overlay-type":"","overlay-color":"","overlay-opacity":"","overlay-gradient":""},"tablet":{"background-color":"","background-image":"","background-repeat":"repeat","background-position":"center center","background-size":"auto","background-attachment":"scroll","background-type":"","background-media":"","overlay-type":"","overlay-color":"","overlay-opacity":"","overlay-gradient":""},"mobile":{"background-color":"","background-image":"","background-repeat":"repeat","background-position":"center center","background-size":"auto","background-attachment":"scroll","background-type":"","background-media":"","overlay-type":"","overlay-color":"","overlay-opacity":"","overlay-gradient":""}},"ast-content-background-meta":{"desktop":{"background-color":"var(--ast-global-color-5)","background-image":"","background-repeat":"repeat","background-position":"center center","background-size":"auto","background-attachment":"scroll","background-type":"","background-media":"","overlay-type":"","overlay-color":"","overlay-opacity":"","overlay-gradient":""},"tablet":{"background-color":"var(--ast-global-color-5)","background-image":"","background-repeat":"repeat","background-position":"center center","background-size":"auto","background-attachment":"scroll","background-type":"","background-media":"","overlay-type":"","overlay-color":"","overlay-opacity":"","overlay-gradient":""},"mobile":{"background-color":"var(--ast-global-color-5)","background-image":"","background-repeat":"repeat","background-position":"center center","background-size":"auto","background-attachment":"scroll","background-type":"","background-media":"","overlay-type":"","overlay-color":"","overlay-opacity":"","overlay-gradient":""}}},"product_brand":[53],"product_cat":[54,106,15],"product_tag":[],"class_list":{"0":"post-5882","1":"product","2":"type-product","3":"status-publish","4":"has-post-thumbnail","6":"product_brand-bang-cree-une-cigarette-electronique-plus-confortable","7":"product_cat-bang-leader-80k-dispose-de-trois-reservoirs-de-liquide-independants-integres","8":"product_cat-puff-80k","9":"product_cat-magasin-cigarette-electronique","10":"desktop-align-center","11":"tablet-align-center","12":"mobile-align-center","13":"ast-product-gallery-layout-horizontal","14":"ast-product-gallery-with-no-image","15":"ast-product-single-variable","16":"ast-product-tabs-layout-horizontal","17":"ast-qv-on-image","19":"first","20":"outofstock","21":"sale","22":"shipping-taxable","23":"purchasable","24":"product-type-variable","25":"has-default-attributes"},"tiered_pricing_type":"fixed","tiered_pricing_fixed_rules":{"50":7.24,"100":6.45},"tiered_pricing_product_settings":{"layout":"default","base_unit_name":{"singular":null,"plural":null},"default_variation":null},"tiered_pricing_minimum_quantity":null,"tiered_pricing_roles_data":[],"tiered_pricing_percentage_rules":[],"_links":{"self":[{"href":"https:\/\/puffvapestore.com\/pt\/wp-json\/wp\/v2\/product\/5882","targetHints":{"allow":["GET"]}}],"collection":[{"href":"https:\/\/puffvapestore.com\/pt\/wp-json\/wp\/v2\/product"}],"about":[{"href":"https:\/\/puffvapestore.com\/pt\/wp-json\/wp\/v2\/types\/product"}],"replies":[{"embeddable":true,"href":"https:\/\/puffvapestore.com\/pt\/wp-json\/wp\/v2\/comments?post=5882"}],"version-history":[{"count":7,"href":"https:\/\/puffvapestore.com\/pt\/wp-json\/wp\/v2\/product\/5882\/revisions"}],"predecessor-version":[{"id":6222,"href":"https:\/\/puffvapestore.com\/pt\/wp-json\/wp\/v2\/product\/5882\/revisions\/6222"}],"wp:featuredmedia":[{"embeddable":true,"href":"https:\/\/puffvapestore.com\/pt\/wp-json\/wp\/v2\/media\/5720"}],"wp:attachment":[{"href":"https:\/\/puffvapestore.com\/pt\/wp-json\/wp\/v2\/media?parent=5882"}],"wp:term":[{"taxonomy":"product_brand","embeddable":true,"href":"https:\/\/puffvapestore.com\/pt\/wp-json\/wp\/v2\/product_brand?post=5882"},{"taxonomy":"product_cat","embeddable":true,"href":"https:\/\/puffvapestore.com\/pt\/wp-json\/wp\/v2\/product_cat?post=5882"},{"taxonomy":"product_tag","embeddable":true,"href":"https:\/\/puffvapestore.com\/pt\/wp-json\/wp\/v2\/product_tag?post=5882"}],"curies":[{"name":"wp","href":"https:\/\/api.w.org\/{rel}","templated":true}]}}