{"id":5863,"date":"2025-07-27T03:17:47","date_gmt":"2025-07-27T03:17:47","guid":{"rendered":"https:\/\/puffvapestore.com\/?post_type=product&#038;p=5863"},"modified":"2026-02-05T03:54:29","modified_gmt":"2026-02-05T03:54:29","slug":"red-bull-blueberry-watermelon-apple-pear-bang-leader-80k","status":"publish","type":"product","link":"https:\/\/puffvapestore.com\/pt\/product\/red-bull-mirtilo-melancia-maca-pera-bang-leader-80k\/","title":{"rendered":"Red Bull &amp; Mirtilo Melancia &amp; Pera Ma\u00e7\u00e3 - Bang Leader 80000 3 em 1"},"content":{"rendered":"<div data-elementor-type=\"wp-post\" data-elementor-id=\"5863\" class=\"elementor elementor-5863\">\n\t\t\t\t<div class=\"elementor-element elementor-element-08c26f9 e-flex e-con-boxed e-con e-parent\" data-id=\"08c26f9\" data-element_type=\"container\" data-e-type=\"container\">\n\t\t\t\t\t<div class=\"e-con-inner\">\n\t\t\t\t<div class=\"elementor-element elementor-element-a005a97 elementor-widget elementor-widget-text-editor\" data-id=\"a005a97\" data-element_type=\"widget\" data-e-type=\"widget\" data-widget_type=\"text-editor.default\">\n\t\t\t\t<div class=\"elementor-widget-container\">\n\t\t\t\t\t\t\t\t\t<p>O Bang Leader 80000 Red Bull, Blueberry, Watermelon, Apple and Pear 3 em 1 \u00e9 um cigarro eletr\u00f3nico que combina na perfei\u00e7\u00e3o energia e frescura frutada. O sabor Red Bull oferece a estimula\u00e7\u00e3o cl\u00e1ssica do Red Bull, o sabor Mirtilo e Melancia uma sinfonia de aromas frutados e o sabor Ma\u00e7\u00e3 e Pera um final quente de ma\u00e7\u00e3 e pera. \u00c9 perfeito para os f\u00e3s de cigarros electr\u00f3nicos que apreciam varia\u00e7\u00f5es de sabor sem ficarem demasiado doces.<\/p><h2>Red Bull: Liberte a sua energia e relaxe<\/h2><p>Depois de um dia a passear pelas ruas de Paris, a noite cai, as luzes acendem-se e uma passa de um cigarro eletr\u00f3nico com sabor a Red Bull \u00e9 como transformar uma garrafa inteira de bebida energ\u00e9tica num vapor suave e inject\u00e1-lo nos pulm\u00f5es, proporcionando uma do\u00e7ura subtil e uma estimula\u00e7\u00e3o refrescante. Sem cafe\u00edna, o seu sabor \u00abdespertador\u00bb torna a sua noite mais din\u00e2mica e concentrada.<\/p><h2>Blueberry Watermelon: sabor frutado de ver\u00e3o, fresco e doce<\/h2><p>Em f\u00e9rias na Proven\u00e7a ou junto ao mar, combine a do\u00e7ura dos mirtilos com a frescura das melancias e liberte no ar uma n\u00e9voa suave e doce. Esta fragr\u00e2ncia \u00e9 ideal para cheirar um cigarro eletr\u00f3nico com sabor a mirtilo e melancia enquanto l\u00ea, ouve m\u00fasica ou bebe uma bebida, como se estivesse deitado numa poltrona de rotim numa varanda ensolarada, respirando o ver\u00e3o a plenos pulm\u00f5es.<\/p><h2>Pera-ma\u00e7\u00e3: Verger \u00c9l\u00e9gant, Fra\u00eecheur Fran\u00e7aise<\/h2><p>A combina\u00e7\u00e3o de ma\u00e7\u00e3 e pera \u00e9 o sabor frutado mais familiar nas mesas das fam\u00edlias francesas. O Bang Leader transforma esta familiaridade num vapor elegante e leve, ideal para dar uma passa num cigarro eletr\u00f3nico com sabor a ma\u00e7\u00e3 e pera entre duas horas de trabalho ou sozinho \u00e0 noite, e recordar os momentos doces da vida.<\/p><h2>Diferentes concentra\u00e7\u00f5es de nicotina<\/h2><p>O Bang Leader 80000 oferece diferentes dosagens de nicotina, incluindo 0 %, 2 %, 3 % e 5 %, para satisfazer as necessidades de cada utilizador. Quer esteja \u00e0 procura de uma experi\u00eancia sem nicotina ou de uma concentra\u00e7\u00e3o mais elevada para satisfazer os seus desejos, este cigarro eletr\u00f3nico oferece op\u00e7\u00f5es flex\u00edveis de utiliza\u00e7\u00e3o que se adaptam \u00e0s suas prefer\u00eancias.<\/p><h2>Design inovador do e-l\u00edquido tr\u00eas em um<\/h2><p>Este cigarro eletr\u00f3nico oferece uma capacidade de 78 ml de l\u00edquido extragrande, inteligentemente dividido em tr\u00eas dep\u00f3sitos separados de 26 ml. Este design \u00fanico de tr\u00eas em um n\u00e3o s\u00f3 aumenta o conforto do utilizador, como tamb\u00e9m facilita a mudan\u00e7a de um sabor para outro para uma experi\u00eancia variada. Cada dep\u00f3sito foi cuidadosamente concebido para garantir um armazenamento seguro e uma f\u00e1cil substitui\u00e7\u00e3o do l\u00edquido.<\/p><p>O Bang Leader 80000 oferece at\u00e9 80 mil baforadas e foi concebido para uma utiliza\u00e7\u00e3o a longo prazo. Quer seja para uso di\u00e1rio ou para passeios prolongados, este dispositivo proporciona-lhe uma experi\u00eancia de vaporiza\u00e7\u00e3o cont\u00ednua e est\u00e1vel, sem necessidade de substitui\u00e7\u00e3o ou reabastecimento frequentes. Ideal para utilizadores que procuram durabilidade.<\/p><h2>Bateria de alto desempenho e carregamento r\u00e1pido<\/h2><p>Este cigarro eletr\u00f3nico tem uma bateria recarreg\u00e1vel de 850mAh incorporada e suporta a tecnologia de carregamento r\u00e1pido Tipo C, que demora apenas cerca de 60 minutos. O eficiente sistema de gest\u00e3o da bateria garante uma vida \u00fatil mais longa, enquanto a fun\u00e7\u00e3o de carregamento r\u00e1pido permite-lhe retomar a utiliza\u00e7\u00e3o rapidamente, para uma experi\u00eancia tranquila a qualquer hora e em qualquer lugar.<\/p><h2>Tecnologia optimizada de resist\u00eancia da malha<\/h2><p>O Bang Leader 80000 utiliza uma resist\u00eancia de malha de 1,0 \u03a9. Isto garante um aquecimento uniforme e um vapor rico e cremoso. A estrutura da resist\u00eancia de malha optimiza a atomiza\u00e7\u00e3o do l\u00edquido, garantindo um sabor consistentemente rico em cada tragada.<\/p>\t\t\t\t\t\t\t\t<\/div>\n\t\t\t\t<\/div>\n\t\t\t\t\t<\/div>\n\t\t\t\t<\/div>\n\t\t\t\t<\/div>","protected":false},"excerpt":{"rendered":"<p>La Bang Leader 80000 Red Bull, Myrtille, Past\u00e8que, Pomme et Poire 3 en 1 est une cigarette \u00e9lectronique alliant parfaitement \u00e9nergie et fra\u00eecheur fruit\u00e9e. La saveur Red Bull offre la stimulation classique de Red Bull, la saveur Myrtille, Past\u00e8que, une symphonie d&rsquo;ar\u00f4mes fruit\u00e9s, et la saveur Pomme et Poire, une finale chaleureuse de pommes et [&hellip;]<\/p>\n","protected":false},"featured_media":5725,"comment_status":"open","ping_status":"closed","template":"","meta":{"site-sidebar-layout":"no-sidebar","site-content-layout":"page-builder","ast-site-content-layout":"normal-width-container","site-content-style":"default","site-sidebar-style":"default","ast-global-header-display":"","ast-banner-title-visibility":"","ast-main-header-display":"","ast-hfb-above-header-display":"","ast-hfb-below-header-display":"","ast-hfb-mobile-header-display":"","site-post-title":"disabled","ast-breadcrumbs-content":"","ast-featured-img":"disabled","footer-sml-layout":"","ast-disable-related-posts":"","theme-transparent-header-meta":"default","adv-header-id-meta":"","stick-header-meta":"default","header-above-stick-meta":"","header-main-stick-meta":"","header-below-stick-meta":"","astra-migrate-meta-layouts":"set","ast-page-background-enabled":"default","ast-page-background-meta":{"desktop":{"background-color":"","background-image":"","background-repeat":"repeat","background-position":"center center","background-size":"auto","background-attachment":"scroll","background-type":"","background-media":"","overlay-type":"","overlay-color":"","overlay-opacity":"","overlay-gradient":""},"tablet":{"background-color":"","background-image":"","background-repeat":"repeat","background-position":"center center","background-size":"auto","background-attachment":"scroll","background-type":"","background-media":"","overlay-type":"","overlay-color":"","overlay-opacity":"","overlay-gradient":""},"mobile":{"background-color":"","background-image":"","background-repeat":"repeat","background-position":"center center","background-size":"auto","background-attachment":"scroll","background-type":"","background-media":"","overlay-type":"","overlay-color":"","overlay-opacity":"","overlay-gradient":""}},"ast-content-background-meta":{"desktop":{"background-color":"var(--ast-global-color-5)","background-image":"","background-repeat":"repeat","background-position":"center center","background-size":"auto","background-attachment":"scroll","background-type":"","background-media":"","overlay-type":"","overlay-color":"","overlay-opacity":"","overlay-gradient":""},"tablet":{"background-color":"var(--ast-global-color-5)","background-image":"","background-repeat":"repeat","background-position":"center center","background-size":"auto","background-attachment":"scroll","background-type":"","background-media":"","overlay-type":"","overlay-color":"","overlay-opacity":"","overlay-gradient":""},"mobile":{"background-color":"var(--ast-global-color-5)","background-image":"","background-repeat":"repeat","background-position":"center center","background-size":"auto","background-attachment":"scroll","background-type":"","background-media":"","overlay-type":"","overlay-color":"","overlay-opacity":"","overlay-gradient":""}}},"product_brand":[53],"product_cat":[54,106,15],"product_tag":[],"class_list":{"0":"post-5863","1":"product","2":"type-product","3":"status-publish","4":"has-post-thumbnail","6":"product_brand-bang-cree-une-cigarette-electronique-plus-confortable","7":"product_cat-bang-leader-80k-dispose-de-trois-reservoirs-de-liquide-independants-integres","8":"product_cat-puff-80k","9":"product_cat-magasin-cigarette-electronique","10":"desktop-align-center","11":"tablet-align-center","12":"mobile-align-center","13":"ast-product-gallery-layout-horizontal","14":"ast-product-gallery-with-no-image","15":"ast-product-single-variable","16":"ast-product-tabs-layout-horizontal","17":"ast-qv-on-image","19":"first","20":"outofstock","21":"sale","22":"shipping-taxable","23":"purchasable","24":"product-type-variable","25":"has-default-attributes"},"tiered_pricing_type":"fixed","tiered_pricing_fixed_rules":{"50":7.24,"100":6.45},"tiered_pricing_product_settings":{"layout":"default","base_unit_name":{"singular":null,"plural":null},"default_variation":null},"tiered_pricing_minimum_quantity":null,"tiered_pricing_roles_data":[],"tiered_pricing_percentage_rules":[],"_links":{"self":[{"href":"https:\/\/puffvapestore.com\/pt\/wp-json\/wp\/v2\/product\/5863","targetHints":{"allow":["GET"]}}],"collection":[{"href":"https:\/\/puffvapestore.com\/pt\/wp-json\/wp\/v2\/product"}],"about":[{"href":"https:\/\/puffvapestore.com\/pt\/wp-json\/wp\/v2\/types\/product"}],"replies":[{"embeddable":true,"href":"https:\/\/puffvapestore.com\/pt\/wp-json\/wp\/v2\/comments?post=5863"}],"version-history":[{"count":11,"href":"https:\/\/puffvapestore.com\/pt\/wp-json\/wp\/v2\/product\/5863\/revisions"}],"predecessor-version":[{"id":6221,"href":"https:\/\/puffvapestore.com\/pt\/wp-json\/wp\/v2\/product\/5863\/revisions\/6221"}],"wp:featuredmedia":[{"embeddable":true,"href":"https:\/\/puffvapestore.com\/pt\/wp-json\/wp\/v2\/media\/5725"}],"wp:attachment":[{"href":"https:\/\/puffvapestore.com\/pt\/wp-json\/wp\/v2\/media?parent=5863"}],"wp:term":[{"taxonomy":"product_brand","embeddable":true,"href":"https:\/\/puffvapestore.com\/pt\/wp-json\/wp\/v2\/product_brand?post=5863"},{"taxonomy":"product_cat","embeddable":true,"href":"https:\/\/puffvapestore.com\/pt\/wp-json\/wp\/v2\/product_cat?post=5863"},{"taxonomy":"product_tag","embeddable":true,"href":"https:\/\/puffvapestore.com\/pt\/wp-json\/wp\/v2\/product_tag?post=5863"}],"curies":[{"name":"wp","href":"https:\/\/api.w.org\/{rel}","templated":true}]}}