{"id":5841,"date":"2025-07-26T07:51:01","date_gmt":"2025-07-26T07:51:01","guid":{"rendered":"https:\/\/puffvapestore.com\/?post_type=product&#038;p=5841"},"modified":"2026-02-05T03:54:29","modified_gmt":"2026-02-05T03:54:29","slug":"bang-leader-80k-cola-ice-blueberry-raspberry-peach-mango-watermelon-une-detente-instantanee","status":"publish","type":"product","link":"https:\/\/puffvapestore.com\/pt\/product\/bang-leader-80k-cola-ice-mirtilo-framboesa-pessego-manga-melancia-relaxamento-instantaneo\/","title":{"rendered":"Bang Leader 80000 3 em 1 - Cola Ice &amp; Mirtilo Framboesa &amp; P\u00eassego Manga Melancia"},"content":{"rendered":"<div data-elementor-type=\"wp-post\" data-elementor-id=\"5841\" class=\"elementor elementor-5841\">\n\t\t\t\t<div class=\"elementor-element elementor-element-08c26f9 e-flex e-con-boxed e-con e-parent\" data-id=\"08c26f9\" data-element_type=\"container\" data-e-type=\"container\">\n\t\t\t\t\t<div class=\"e-con-inner\">\n\t\t\t\t<div class=\"elementor-element elementor-element-a005a97 elementor-widget elementor-widget-text-editor\" data-id=\"a005a97\" data-element_type=\"widget\" data-e-type=\"widget\" data-widget_type=\"text-editor.default\">\n\t\t\t\t<div class=\"elementor-widget-container\">\n\t\t\t\t\t\t\t\t\t<p>O design \"tr\u00eas em um\" do cigarro eletr\u00f3nico Bang Leader 80000 \u00e9 um dos seus principais trunfos, nomeadamente num mercado como o franc\u00eas, onde o sabor \u00e9 primordial, oferecendo mais escolhas e possibilidades. O sabor de Cola Ice, transportado pelo fumo, d\u00e1 uma sensa\u00e7\u00e3o de frescura e de frescura, como se fosse transportado para um caf\u00e9 \u00e0 beira-mar em pleno ver\u00e3o. A brisa mistura-se com o aroma familiar da espuma de soda, para um relaxamento instant\u00e2neo. O sabor Mirtilo, Framboesa oferece uma do\u00e7ura mais madura e elegante. A mistura azeda e doce de bagas evoca uma tarte de fruta nas ruas de Paris, doce sem ser gordurosa, despertando os sentidos. E se desejar um conforto tropical, o sabor sumarento e fresco do p\u00eassego, da manga e da melancia transport\u00e1-lo-\u00e1 para o sol mediterr\u00e2nico, para o cora\u00e7\u00e3o dos pomares, descontra\u00eddo e cheio de energia.<\/p><h2>Especifica\u00e7\u00f5es do Bang Leader 80000 Cola Ice &amp; Blueberry Raspberry &amp; Peach Mango Watermelon 3 em 1 :<\/h2><p>N\u00famero de baforadas: Cada Bang Leader 80000 Cola Ice &amp; Blueberry Raspberry &amp; Peach Mango Watermelon oferece at\u00e9 80000 baforadas, para uma utiliza\u00e7\u00e3o duradoura.<\/p><p>Capacidade: 78 ml de l\u00edquido em tr\u00eas reservat\u00f3rios independentes de 26 ml.<\/p><p>Bateria: Bateria recarreg\u00e1vel de 850 mAh, compat\u00edvel com o carregamento r\u00e1pido Tipo C, para um tempo de carregamento de cerca de 60 minutos.<\/p><p>Concentra\u00e7\u00f5es de nicotina: 0 %, 2 %, 3 % e 5 % est\u00e3o dispon\u00edveis para satisfazer as necessidades de cada utilizador.<\/p><p>Resist\u00eancia de malha: resist\u00eancia de malha de 1,0 \u03a9 para um aquecimento uniforme e vapor suave.<\/p><h2>Carater\u00edsticas do Bang Leader 80000 Cola Ice &amp; Blueberry Raspberry &amp; Peach Mango Watermelon 3 em 1 :<\/h2><p>Sistema de triplo sabor: Equipado com tr\u00eas reservat\u00f3rios independentes, o seletor de sabor facilita a mudan\u00e7a de sabor, evitando a monotonia de um \u00fanico sabor.<\/p><p>Resist\u00eancia de malha de alto desempenho: a resist\u00eancia de malha de 1,0 \u03a9 proporciona um vapor suave e um sabor rico, garantindo um vapor consistente a cada tragada.<\/p><p>Design recarreg\u00e1vel: bateria de 850 mAh com carregamento r\u00e1pido do Tipo C, reduzindo o tempo de inatividade e prolongando a vida \u00fatil da bateria.<\/p><p>Design ergon\u00f3mico: port\u00e1til, leve e confort\u00e1vel de segurar, adequado para transporte di\u00e1rio e utiliza\u00e7\u00e3o frequente.<\/p><p>V\u00e1rias op\u00e7\u00f5es de nicotina: desde a sem nicotina (0 %) at\u00e9 \u00e0 nicotina de alta concentra\u00e7\u00e3o (5 %), adequadas tanto para principiantes como para vapers experientes.<\/p><p>Carater\u00edsticas de seguran\u00e7a: prote\u00e7\u00e3o integrada contra sobrecarga, curto-circuito e baixa tens\u00e3o para um funcionamento seguro.<\/p>\t\t\t\t\t\t\t\t<\/div>\n\t\t\t\t<\/div>\n\t\t\t\t\t<\/div>\n\t\t\t\t<\/div>\n\t\t\t\t<\/div>","protected":false},"excerpt":{"rendered":"<p>La conception trois en un de la cigarette \u00e9lectronique Bang Leader 80000 est l&rsquo;un de ses atouts majeurs, notamment sur un march\u00e9 comme la France, o\u00f9 le go\u00fbt est primordial, offrant un choix et des possibilit\u00e9s plus vastes. L&rsquo;ar\u00f4me Cola Ice, port\u00e9 par la fum\u00e9e, procure une sensation de fra\u00eecheur et de fra\u00eecheur, comme si [&hellip;]<\/p>\n","protected":false},"featured_media":5722,"comment_status":"open","ping_status":"closed","template":"","meta":{"site-sidebar-layout":"no-sidebar","site-content-layout":"page-builder","ast-site-content-layout":"normal-width-container","site-content-style":"default","site-sidebar-style":"default","ast-global-header-display":"","ast-banner-title-visibility":"","ast-main-header-display":"","ast-hfb-above-header-display":"","ast-hfb-below-header-display":"","ast-hfb-mobile-header-display":"","site-post-title":"disabled","ast-breadcrumbs-content":"","ast-featured-img":"disabled","footer-sml-layout":"","ast-disable-related-posts":"","theme-transparent-header-meta":"default","adv-header-id-meta":"","stick-header-meta":"default","header-above-stick-meta":"","header-main-stick-meta":"","header-below-stick-meta":"","astra-migrate-meta-layouts":"set","ast-page-background-enabled":"default","ast-page-background-meta":{"desktop":{"background-color":"","background-image":"","background-repeat":"repeat","background-position":"center center","background-size":"auto","background-attachment":"scroll","background-type":"","background-media":"","overlay-type":"","overlay-color":"","overlay-opacity":"","overlay-gradient":""},"tablet":{"background-color":"","background-image":"","background-repeat":"repeat","background-position":"center center","background-size":"auto","background-attachment":"scroll","background-type":"","background-media":"","overlay-type":"","overlay-color":"","overlay-opacity":"","overlay-gradient":""},"mobile":{"background-color":"","background-image":"","background-repeat":"repeat","background-position":"center center","background-size":"auto","background-attachment":"scroll","background-type":"","background-media":"","overlay-type":"","overlay-color":"","overlay-opacity":"","overlay-gradient":""}},"ast-content-background-meta":{"desktop":{"background-color":"var(--ast-global-color-5)","background-image":"","background-repeat":"repeat","background-position":"center center","background-size":"auto","background-attachment":"scroll","background-type":"","background-media":"","overlay-type":"","overlay-color":"","overlay-opacity":"","overlay-gradient":""},"tablet":{"background-color":"var(--ast-global-color-5)","background-image":"","background-repeat":"repeat","background-position":"center center","background-size":"auto","background-attachment":"scroll","background-type":"","background-media":"","overlay-type":"","overlay-color":"","overlay-opacity":"","overlay-gradient":""},"mobile":{"background-color":"var(--ast-global-color-5)","background-image":"","background-repeat":"repeat","background-position":"center center","background-size":"auto","background-attachment":"scroll","background-type":"","background-media":"","overlay-type":"","overlay-color":"","overlay-opacity":"","overlay-gradient":""}}},"product_brand":[53],"product_cat":[54,106,15],"product_tag":[],"class_list":{"0":"post-5841","1":"product","2":"type-product","3":"status-publish","4":"has-post-thumbnail","6":"product_brand-bang-cree-une-cigarette-electronique-plus-confortable","7":"product_cat-bang-leader-80k-dispose-de-trois-reservoirs-de-liquide-independants-integres","8":"product_cat-puff-80k","9":"product_cat-magasin-cigarette-electronique","10":"desktop-align-center","11":"tablet-align-center","12":"mobile-align-center","13":"ast-product-gallery-layout-horizontal","14":"ast-product-gallery-with-no-image","15":"ast-product-single-variable","16":"ast-product-tabs-layout-horizontal","17":"ast-qv-on-image","19":"first","20":"outofstock","21":"sale","22":"shipping-taxable","23":"purchasable","24":"product-type-variable","25":"has-default-attributes"},"tiered_pricing_type":"fixed","tiered_pricing_fixed_rules":{"50":7.24,"100":6.45},"tiered_pricing_product_settings":{"layout":"default","base_unit_name":{"singular":null,"plural":null},"default_variation":null},"tiered_pricing_minimum_quantity":null,"tiered_pricing_roles_data":[],"tiered_pricing_percentage_rules":[],"_links":{"self":[{"href":"https:\/\/puffvapestore.com\/pt\/wp-json\/wp\/v2\/product\/5841","targetHints":{"allow":["GET"]}}],"collection":[{"href":"https:\/\/puffvapestore.com\/pt\/wp-json\/wp\/v2\/product"}],"about":[{"href":"https:\/\/puffvapestore.com\/pt\/wp-json\/wp\/v2\/types\/product"}],"replies":[{"embeddable":true,"href":"https:\/\/puffvapestore.com\/pt\/wp-json\/wp\/v2\/comments?post=5841"}],"version-history":[{"count":7,"href":"https:\/\/puffvapestore.com\/pt\/wp-json\/wp\/v2\/product\/5841\/revisions"}],"predecessor-version":[{"id":6219,"href":"https:\/\/puffvapestore.com\/pt\/wp-json\/wp\/v2\/product\/5841\/revisions\/6219"}],"wp:featuredmedia":[{"embeddable":true,"href":"https:\/\/puffvapestore.com\/pt\/wp-json\/wp\/v2\/media\/5722"}],"wp:attachment":[{"href":"https:\/\/puffvapestore.com\/pt\/wp-json\/wp\/v2\/media?parent=5841"}],"wp:term":[{"taxonomy":"product_brand","embeddable":true,"href":"https:\/\/puffvapestore.com\/pt\/wp-json\/wp\/v2\/product_brand?post=5841"},{"taxonomy":"product_cat","embeddable":true,"href":"https:\/\/puffvapestore.com\/pt\/wp-json\/wp\/v2\/product_cat?post=5841"},{"taxonomy":"product_tag","embeddable":true,"href":"https:\/\/puffvapestore.com\/pt\/wp-json\/wp\/v2\/product_tag?post=5841"}],"curies":[{"name":"wp","href":"https:\/\/api.w.org\/{rel}","templated":true}]}}