{"id":5830,"date":"2025-07-26T03:40:14","date_gmt":"2025-07-26T03:40:14","guid":{"rendered":"https:\/\/puffvapestore.com\/?post_type=product&#038;p=5830"},"modified":"2026-02-05T03:54:29","modified_gmt":"2026-02-05T03:54:29","slug":"puff-bang-leader-80k-blueberry-ice-black-dragon-ice-mango-peach","status":"publish","type":"product","link":"https:\/\/puffvapestore.com\/pt\/product\/puff-bang-leader-80k-blueberry-ice-black-dragon-ice-manga-pessego\/","title":{"rendered":"Bang Leader 80000 3 em 1 - Blueberry Ice &amp; Black Dragon Ice &amp; Mango Peach"},"content":{"rendered":"<div data-elementor-type=\"wp-post\" data-elementor-id=\"5830\" class=\"elementor elementor-5830\">\n\t\t\t\t<div class=\"elementor-element elementor-element-08c26f9 e-flex e-con-boxed e-con e-parent\" data-id=\"08c26f9\" data-element_type=\"container\" data-e-type=\"container\">\n\t\t\t\t\t<div class=\"e-con-inner\">\n\t\t\t\t<div class=\"elementor-element elementor-element-a005a97 elementor-widget elementor-widget-text-editor\" data-id=\"a005a97\" data-element_type=\"widget\" data-e-type=\"widget\" data-widget_type=\"text-editor.default\">\n\t\t\t\t<div class=\"elementor-widget-container\">\n\t\t\t\t\t\t\t\t\t<p>\u00c0 noite, depois do trabalho, est\u00e1 sentado numa pequena mesa redonda de uma varanda parisiense, com um copo de vinho tinto na m\u00e3o e a brisa a acariciar-lhe as faces. D\u00e1 uma passa no seu cigarro eletr\u00f3nico Bang Leader 80000, muda para manga p\u00eassego, e o cheiro doce permanece na sua boca, como se se tivesse afastado da az\u00e1fama e entrado num mundo de paz que s\u00f3 a si pertence. Os cigarros electr\u00f3nicos j\u00e1 n\u00e3o s\u00e3o apenas acess\u00f3rios para fumar, mas uma parte integrante do relaxamento urbano: elegantes, confort\u00e1veis e perfeitos.<\/p><p>O sabor Frozen Blueberry \u00e9 refrescante e fresco, como se mordesse uma fruta carnuda num jardim de mirtilos na Proven\u00e7a, com um toque de frescura que desperta instantaneamente os sentidos.<\/p><p>Dragon Noir Glac\u00e9e oferece um aroma frutado misterioso, profundo e fresco, evocando o romance inexplic\u00e1vel e a profundidade do Sena em Paris \u00e0 noite.<\/p><p>O sabor Mango Peach \u00e9 uma mistura doce e apaixonante, como um pomar sob o sol da tarde mediterr\u00e2nica, uma dentada \u00e9 um momento de ver\u00e3o.<\/p><p>Estes tr\u00eas sabores de e-l\u00edquido s\u00e3o colocados em tr\u00eas dep\u00f3sitos independentes de 26 ml, e os utilizadores podem mudar livremente de sabor de acordo com a sua disposi\u00e7\u00e3o e ambiente. Tal como mudar o ritmo de vida, desde o metro movimentado de manh\u00e3 cedo at\u00e9 \u00e0 tranquilidade de uma esplanada \u00e0 noite, um cigarro oferece m\u00faltiplas experi\u00eancias de sabor.<\/p><h2>Especifica\u00e7\u00f5es do Bang Leader 80000 Blueberry Ice &amp; Black Dragon Ice &amp; Mango Peach 3 em 1 :<\/h2><p>N\u00famero de baforadas: Cada Bang Leader 80000 Blueberry Ice &amp; Black Dragon Ice &amp; Mango Peach oferece at\u00e9 80000 baforadas, para uma utiliza\u00e7\u00e3o duradoura.<\/p><p>Capacidade: 78 ml de l\u00edquido em tr\u00eas reservat\u00f3rios independentes de 26 ml.<\/p><p>Bateria: Bateria recarreg\u00e1vel de 850 mAh, compat\u00edvel com o carregamento r\u00e1pido Tipo C, para um tempo de carregamento de cerca de 60 minutos.<\/p><p>Concentra\u00e7\u00f5es de nicotina: 0 %, 2 %, 3 % e 5 % est\u00e3o dispon\u00edveis para satisfazer as necessidades de cada utilizador.<\/p><p>Resist\u00eancia de malha: resist\u00eancia de malha de 1,0 \u03a9 para um aquecimento uniforme e vapor suave.<\/p><h2>Carater\u00edsticas do Bang Leader 80000 Blueberry Ice &amp; Black Dragon Ice &amp; Mango Peach 3 em 1 :<\/h2><p>Sistema de triplo sabor: Equipado com tr\u00eas reservat\u00f3rios independentes, o seletor de sabor facilita a mudan\u00e7a de sabor, evitando a monotonia de um \u00fanico sabor.<\/p><p>Resist\u00eancia de malha de alto desempenho: a resist\u00eancia de malha de 1,0 \u03a9 proporciona um vapor suave e um sabor rico, garantindo um vapor consistente a cada tragada.<\/p><p>Design recarreg\u00e1vel: bateria de 850 mAh com carregamento r\u00e1pido do Tipo C, reduzindo o tempo de inatividade e prolongando a vida \u00fatil da bateria.<\/p><p>Design ergon\u00f3mico: port\u00e1til, leve e confort\u00e1vel de segurar, adequado para transporte di\u00e1rio e utiliza\u00e7\u00e3o frequente.<\/p><p>V\u00e1rias op\u00e7\u00f5es de nicotina: desde a sem nicotina (0 %) at\u00e9 \u00e0 nicotina de alta concentra\u00e7\u00e3o (5 %), adequadas tanto para principiantes como para vapers experientes.<\/p><p>Carater\u00edsticas de seguran\u00e7a: prote\u00e7\u00e3o integrada contra sobrecarga, curto-circuito e baixa tens\u00e3o para um funcionamento seguro.<\/p>\t\t\t\t\t\t\t\t<\/div>\n\t\t\t\t<\/div>\n\t\t\t\t\t<\/div>\n\t\t\t\t<\/div>\n\t\t\t\t<\/div>","protected":false},"excerpt":{"rendered":"<p>Le soir, apr\u00e8s le travail, vous \u00eates assis \u00e0 une petite table ronde sur un balcon parisien, un verre de vin rouge \u00e0 la main, la brise caressant vos joues. Vous tirez une bouff\u00e9e de votre cigarette \u00e9lectronique Bang Leader 80000, passez \u00e0 la mangue p\u00eache, et la douce odeur persiste en bouche, comme si [&hellip;]<\/p>\n","protected":false},"featured_media":5719,"comment_status":"open","ping_status":"closed","template":"","meta":{"site-sidebar-layout":"no-sidebar","site-content-layout":"page-builder","ast-site-content-layout":"normal-width-container","site-content-style":"default","site-sidebar-style":"default","ast-global-header-display":"","ast-banner-title-visibility":"","ast-main-header-display":"","ast-hfb-above-header-display":"","ast-hfb-below-header-display":"","ast-hfb-mobile-header-display":"","site-post-title":"disabled","ast-breadcrumbs-content":"","ast-featured-img":"disabled","footer-sml-layout":"","ast-disable-related-posts":"","theme-transparent-header-meta":"default","adv-header-id-meta":"","stick-header-meta":"default","header-above-stick-meta":"","header-main-stick-meta":"","header-below-stick-meta":"","astra-migrate-meta-layouts":"set","ast-page-background-enabled":"default","ast-page-background-meta":{"desktop":{"background-color":"","background-image":"","background-repeat":"repeat","background-position":"center center","background-size":"auto","background-attachment":"scroll","background-type":"","background-media":"","overlay-type":"","overlay-color":"","overlay-opacity":"","overlay-gradient":""},"tablet":{"background-color":"","background-image":"","background-repeat":"repeat","background-position":"center center","background-size":"auto","background-attachment":"scroll","background-type":"","background-media":"","overlay-type":"","overlay-color":"","overlay-opacity":"","overlay-gradient":""},"mobile":{"background-color":"","background-image":"","background-repeat":"repeat","background-position":"center center","background-size":"auto","background-attachment":"scroll","background-type":"","background-media":"","overlay-type":"","overlay-color":"","overlay-opacity":"","overlay-gradient":""}},"ast-content-background-meta":{"desktop":{"background-color":"var(--ast-global-color-5)","background-image":"","background-repeat":"repeat","background-position":"center center","background-size":"auto","background-attachment":"scroll","background-type":"","background-media":"","overlay-type":"","overlay-color":"","overlay-opacity":"","overlay-gradient":""},"tablet":{"background-color":"var(--ast-global-color-5)","background-image":"","background-repeat":"repeat","background-position":"center center","background-size":"auto","background-attachment":"scroll","background-type":"","background-media":"","overlay-type":"","overlay-color":"","overlay-opacity":"","overlay-gradient":""},"mobile":{"background-color":"var(--ast-global-color-5)","background-image":"","background-repeat":"repeat","background-position":"center center","background-size":"auto","background-attachment":"scroll","background-type":"","background-media":"","overlay-type":"","overlay-color":"","overlay-opacity":"","overlay-gradient":""}}},"product_brand":[53],"product_cat":[54,106,15],"product_tag":[],"class_list":{"0":"post-5830","1":"product","2":"type-product","3":"status-publish","4":"has-post-thumbnail","6":"product_brand-bang-cree-une-cigarette-electronique-plus-confortable","7":"product_cat-bang-leader-80k-dispose-de-trois-reservoirs-de-liquide-independants-integres","8":"product_cat-puff-80k","9":"product_cat-magasin-cigarette-electronique","10":"desktop-align-center","11":"tablet-align-center","12":"mobile-align-center","13":"ast-product-gallery-layout-horizontal","14":"ast-product-gallery-with-no-image","15":"ast-product-single-variable","16":"ast-product-tabs-layout-horizontal","17":"ast-qv-on-image","19":"first","20":"outofstock","21":"sale","22":"shipping-taxable","23":"purchasable","24":"product-type-variable","25":"has-default-attributes"},"tiered_pricing_type":"fixed","tiered_pricing_fixed_rules":{"50":7.24,"100":6.45},"tiered_pricing_product_settings":{"layout":"default","base_unit_name":{"singular":null,"plural":null},"default_variation":null},"tiered_pricing_minimum_quantity":null,"tiered_pricing_roles_data":[],"tiered_pricing_percentage_rules":[],"_links":{"self":[{"href":"https:\/\/puffvapestore.com\/pt\/wp-json\/wp\/v2\/product\/5830","targetHints":{"allow":["GET"]}}],"collection":[{"href":"https:\/\/puffvapestore.com\/pt\/wp-json\/wp\/v2\/product"}],"about":[{"href":"https:\/\/puffvapestore.com\/pt\/wp-json\/wp\/v2\/types\/product"}],"replies":[{"embeddable":true,"href":"https:\/\/puffvapestore.com\/pt\/wp-json\/wp\/v2\/comments?post=5830"}],"version-history":[{"count":7,"href":"https:\/\/puffvapestore.com\/pt\/wp-json\/wp\/v2\/product\/5830\/revisions"}],"predecessor-version":[{"id":6218,"href":"https:\/\/puffvapestore.com\/pt\/wp-json\/wp\/v2\/product\/5830\/revisions\/6218"}],"wp:featuredmedia":[{"embeddable":true,"href":"https:\/\/puffvapestore.com\/pt\/wp-json\/wp\/v2\/media\/5719"}],"wp:attachment":[{"href":"https:\/\/puffvapestore.com\/pt\/wp-json\/wp\/v2\/media?parent=5830"}],"wp:term":[{"taxonomy":"product_brand","embeddable":true,"href":"https:\/\/puffvapestore.com\/pt\/wp-json\/wp\/v2\/product_brand?post=5830"},{"taxonomy":"product_cat","embeddable":true,"href":"https:\/\/puffvapestore.com\/pt\/wp-json\/wp\/v2\/product_cat?post=5830"},{"taxonomy":"product_tag","embeddable":true,"href":"https:\/\/puffvapestore.com\/pt\/wp-json\/wp\/v2\/product_tag?post=5830"}],"curies":[{"name":"wp","href":"https:\/\/api.w.org\/{rel}","templated":true}]}}