{"id":5815,"date":"2025-07-26T02:28:09","date_gmt":"2025-07-26T02:28:09","guid":{"rendered":"https:\/\/puffvapestore.com\/?post_type=product&#038;p=5815"},"modified":"2026-02-05T03:54:29","modified_gmt":"2026-02-05T03:54:29","slug":"bang-leader-80000-strawberry-watermelon-grape-ice-rainbow-candy","status":"publish","type":"product","link":"https:\/\/puffvapestore.com\/pt\/product\/bang-leader-80000-rebucados-de-morango-melancia-uva-gelo-arco-iris\/","title":{"rendered":"Bang Leader 80000 3 em 1 - Morango, melancia, uva, gelo e rebu\u00e7ados arco-\u00edris"},"content":{"rendered":"<div data-elementor-type=\"wp-post\" data-elementor-id=\"5815\" class=\"elementor elementor-5815\">\n\t\t\t\t<div class=\"elementor-element elementor-element-08c26f9 e-flex e-con-boxed e-con e-parent\" data-id=\"08c26f9\" data-element_type=\"container\" data-e-type=\"container\">\n\t\t\t\t\t<div class=\"e-con-inner\">\n\t\t\t\t<div class=\"elementor-element elementor-element-a005a97 elementor-widget elementor-widget-text-editor\" data-id=\"a005a97\" data-element_type=\"widget\" data-e-type=\"widget\" data-widget_type=\"text-editor.default\">\n\t\t\t\t<div class=\"elementor-widget-container\">\n\t\t\t\t\t\t\t\t\t<p>Tr\u00eas sabores totalmente diferentes e harmoniosos: \u00abStrawberry Watermelon\u00bb, \u00abIced Raspberry\u00bb e \u00abRainbow Candy\u00bb s\u00e3o habilmente combinados num \u00fanico cigarro eletr\u00f3nico. Pode alternar livremente de acordo com os seus estados de esp\u00edrito e cenas, como se estivesse a controlar uma viagem colorida com a ponta dos dedos:<\/p><p>\u00c0 tarde, o sol brilha nas margens do Sena, em Paris. Cheire o cigarro eletr\u00f3nico Bonbon Arc-en-ciel, doce e picante, como se regressasse aos dias despreocupados da sua inf\u00e2ncia.<\/p><p>\u00c0 noite, converse com alguns amigos na esplanada do caf\u00e9, ajuste o seu paladar, fume um cigarro eletr\u00f3nico com sabor a morango e melancia, d\u00ea uma leve passa, o aroma frutado espalha-se pela ponta da l\u00edngua e esque\u00e7a a agita\u00e7\u00e3o da cidade; ;<\/p><p>Relaxe sozinho na sua varanda \u00e0 noite, admirando as luzes da cidade e deixando que a frescura da fragr\u00e2ncia de Raisin Glac\u00e9 encha a sua garganta, proporcionando-lhe um momento de paz interior.<\/p><h2>Especifica\u00e7\u00f5es do Bang Leader 80000 3 em 1 :<\/h2><p>N\u00famero de baforadas: Cada Bang Leader 80000 Strawberry Watermelon &amp; Grape Ice &amp; Rainbow Candy oferece at\u00e9 80000 baforadas, para uma utiliza\u00e7\u00e3o duradoura.<\/p><p>Capacidade: 78 ml de l\u00edquido em tr\u00eas reservat\u00f3rios independentes de 26 ml.<\/p><p>Bateria: Bateria recarreg\u00e1vel de 850 mAh, compat\u00edvel com o carregamento r\u00e1pido Tipo C, para um tempo de carregamento de cerca de 60 minutos.<\/p><p>Concentra\u00e7\u00f5es de nicotina: 0 %, 2 %, 3 % e 5 % est\u00e3o dispon\u00edveis para satisfazer as necessidades de cada utilizador.<\/p><p>Resist\u00eancia de malha: resist\u00eancia de malha de 1,0 \u03a9 para um aquecimento uniforme e vapor suave.<\/p><h2>Carater\u00edsticas do Bang Leader 80000 Morango, Melancia, Uva, Gelo e Rebu\u00e7ados Arco-\u00edris 3 em 1 :<\/h2><p>Sistema de triplo sabor: Equipado com tr\u00eas reservat\u00f3rios independentes, o seletor de sabor facilita a mudan\u00e7a de sabor, evitando a monotonia de um \u00fanico sabor.<\/p><p>Resist\u00eancia de malha de alto desempenho: a resist\u00eancia de malha de 1,0 \u03a9 proporciona um vapor suave e um sabor rico, garantindo um vapor consistente a cada tragada.<\/p><p>Design recarreg\u00e1vel: bateria de 850 mAh com carregamento r\u00e1pido do Tipo C, reduzindo o tempo de inatividade e prolongando a vida \u00fatil da bateria.<\/p><p>Design ergon\u00f3mico: port\u00e1til, leve e confort\u00e1vel de segurar, adequado para transporte di\u00e1rio e utiliza\u00e7\u00e3o frequente.<\/p><p>V\u00e1rias op\u00e7\u00f5es de nicotina: desde a sem nicotina (0 %) at\u00e9 \u00e0 nicotina de alta concentra\u00e7\u00e3o (5 %), adequadas tanto para principiantes como para vapers experientes.<\/p><p>Carater\u00edsticas de seguran\u00e7a: prote\u00e7\u00e3o integrada contra sobrecarga, curto-circuito e baixa tens\u00e3o para um funcionamento seguro.<\/p>\t\t\t\t\t\t\t\t<\/div>\n\t\t\t\t<\/div>\n\t\t\t\t\t<\/div>\n\t\t\t\t<\/div>\n\t\t\t\t<\/div>","protected":false},"excerpt":{"rendered":"<p>Trois saveurs totalement diff\u00e9rentes et harmonieuses\u00a0: \u00ab\u00a0Fraise Past\u00e8que\u00a0\u00bb, \u00ab\u00a0Raspberry Glac\u00e9\u00a0\u00bb et \u00ab\u00a0Bonbon Arc-en-ciel\u00a0\u00bb sont savamment combin\u00e9es dans une seule cigarette \u00e9lectronique. Vous pouvez alterner librement selon vos humeurs et vos sc\u00e8nes, comme si vous contr\u00f4liez un voyage color\u00e9 du bout des doigts\u00a0: L&rsquo;apr\u00e8s-midi, le soleil brille sur les quais de la Seine \u00e0 Paris. Prenez [&hellip;]<\/p>\n","protected":false},"featured_media":5728,"comment_status":"open","ping_status":"closed","template":"","meta":{"site-sidebar-layout":"no-sidebar","site-content-layout":"page-builder","ast-site-content-layout":"normal-width-container","site-content-style":"default","site-sidebar-style":"default","ast-global-header-display":"","ast-banner-title-visibility":"","ast-main-header-display":"","ast-hfb-above-header-display":"","ast-hfb-below-header-display":"","ast-hfb-mobile-header-display":"","site-post-title":"disabled","ast-breadcrumbs-content":"","ast-featured-img":"disabled","footer-sml-layout":"","ast-disable-related-posts":"","theme-transparent-header-meta":"default","adv-header-id-meta":"","stick-header-meta":"default","header-above-stick-meta":"","header-main-stick-meta":"","header-below-stick-meta":"","astra-migrate-meta-layouts":"set","ast-page-background-enabled":"default","ast-page-background-meta":{"desktop":{"background-color":"","background-image":"","background-repeat":"repeat","background-position":"center center","background-size":"auto","background-attachment":"scroll","background-type":"","background-media":"","overlay-type":"","overlay-color":"","overlay-opacity":"","overlay-gradient":""},"tablet":{"background-color":"","background-image":"","background-repeat":"repeat","background-position":"center center","background-size":"auto","background-attachment":"scroll","background-type":"","background-media":"","overlay-type":"","overlay-color":"","overlay-opacity":"","overlay-gradient":""},"mobile":{"background-color":"","background-image":"","background-repeat":"repeat","background-position":"center center","background-size":"auto","background-attachment":"scroll","background-type":"","background-media":"","overlay-type":"","overlay-color":"","overlay-opacity":"","overlay-gradient":""}},"ast-content-background-meta":{"desktop":{"background-color":"var(--ast-global-color-5)","background-image":"","background-repeat":"repeat","background-position":"center center","background-size":"auto","background-attachment":"scroll","background-type":"","background-media":"","overlay-type":"","overlay-color":"","overlay-opacity":"","overlay-gradient":""},"tablet":{"background-color":"var(--ast-global-color-5)","background-image":"","background-repeat":"repeat","background-position":"center center","background-size":"auto","background-attachment":"scroll","background-type":"","background-media":"","overlay-type":"","overlay-color":"","overlay-opacity":"","overlay-gradient":""},"mobile":{"background-color":"var(--ast-global-color-5)","background-image":"","background-repeat":"repeat","background-position":"center center","background-size":"auto","background-attachment":"scroll","background-type":"","background-media":"","overlay-type":"","overlay-color":"","overlay-opacity":"","overlay-gradient":""}}},"product_brand":[53],"product_cat":[54,106,15],"product_tag":[],"class_list":{"0":"post-5815","1":"product","2":"type-product","3":"status-publish","4":"has-post-thumbnail","6":"product_brand-bang-cree-une-cigarette-electronique-plus-confortable","7":"product_cat-bang-leader-80k-dispose-de-trois-reservoirs-de-liquide-independants-integres","8":"product_cat-puff-80k","9":"product_cat-magasin-cigarette-electronique","10":"desktop-align-center","11":"tablet-align-center","12":"mobile-align-center","13":"ast-product-gallery-layout-horizontal","14":"ast-product-gallery-with-no-image","15":"ast-product-single-variable","16":"ast-product-tabs-layout-horizontal","17":"ast-qv-on-image","19":"first","20":"outofstock","21":"sale","22":"shipping-taxable","23":"purchasable","24":"product-type-variable","25":"has-default-attributes"},"tiered_pricing_type":"fixed","tiered_pricing_fixed_rules":{"50":7.24,"100":6.45},"tiered_pricing_product_settings":{"layout":"default","base_unit_name":{"singular":null,"plural":null},"default_variation":null},"tiered_pricing_minimum_quantity":null,"tiered_pricing_roles_data":[],"tiered_pricing_percentage_rules":[],"_links":{"self":[{"href":"https:\/\/puffvapestore.com\/pt\/wp-json\/wp\/v2\/product\/5815","targetHints":{"allow":["GET"]}}],"collection":[{"href":"https:\/\/puffvapestore.com\/pt\/wp-json\/wp\/v2\/product"}],"about":[{"href":"https:\/\/puffvapestore.com\/pt\/wp-json\/wp\/v2\/types\/product"}],"replies":[{"embeddable":true,"href":"https:\/\/puffvapestore.com\/pt\/wp-json\/wp\/v2\/comments?post=5815"}],"version-history":[{"count":11,"href":"https:\/\/puffvapestore.com\/pt\/wp-json\/wp\/v2\/product\/5815\/revisions"}],"predecessor-version":[{"id":6217,"href":"https:\/\/puffvapestore.com\/pt\/wp-json\/wp\/v2\/product\/5815\/revisions\/6217"}],"wp:featuredmedia":[{"embeddable":true,"href":"https:\/\/puffvapestore.com\/pt\/wp-json\/wp\/v2\/media\/5728"}],"wp:attachment":[{"href":"https:\/\/puffvapestore.com\/pt\/wp-json\/wp\/v2\/media?parent=5815"}],"wp:term":[{"taxonomy":"product_brand","embeddable":true,"href":"https:\/\/puffvapestore.com\/pt\/wp-json\/wp\/v2\/product_brand?post=5815"},{"taxonomy":"product_cat","embeddable":true,"href":"https:\/\/puffvapestore.com\/pt\/wp-json\/wp\/v2\/product_cat?post=5815"},{"taxonomy":"product_tag","embeddable":true,"href":"https:\/\/puffvapestore.com\/pt\/wp-json\/wp\/v2\/product_tag?post=5815"}],"curies":[{"name":"wp","href":"https:\/\/api.w.org\/{rel}","templated":true}]}}