{"id":5751,"date":"2025-07-24T11:00:28","date_gmt":"2025-07-24T11:00:28","guid":{"rendered":"https:\/\/puffvapestore.com\/?post_type=product&#038;p=5751"},"modified":"2026-02-05T03:54:29","modified_gmt":"2026-02-05T03:54:29","slug":"bang-leader-80000-avec-78ml-de-liquide","status":"publish","type":"product","link":"https:\/\/puffvapestore.com\/pt\/product\/bang-leader-80000-com-78ml-de-liquido\/","title":{"rendered":"Bang Leader 80K 3 em 1: 80000 baforadas de fumo, 78 ml de e-l\u00edquido, bateria recarreg\u00e1vel de 850 mAh e resist\u00eancia de malha"},"content":{"rendered":"<div data-elementor-type=\"wp-post\" data-elementor-id=\"5751\" class=\"elementor elementor-5751\">\n\t\t\t\t<div class=\"elementor-element elementor-element-08c26f9 e-flex e-con-boxed e-con e-parent\" data-id=\"08c26f9\" data-element_type=\"container\" data-e-type=\"container\">\n\t\t\t\t\t<div class=\"e-con-inner\">\n\t\t\t\t<div class=\"elementor-element elementor-element-a005a97 elementor-widget elementor-widget-text-editor\" data-id=\"a005a97\" data-element_type=\"widget\" data-e-type=\"widget\" data-widget_type=\"text-editor.default\">\n\t\t\t\t<div class=\"elementor-widget-container\">\n\t\t\t\t\t\t\t\t\t<h2>Especifica\u00e7\u00f5es do Bang Leader 80000 3 em 1 :<\/h2><p>N\u00famero de baforadas: Cada Bang Leader 80000 oferece at\u00e9 80000 baforadas, para uma utiliza\u00e7\u00e3o duradoura.<\/p><p>Capacidade: 78 ml de l\u00edquido em tr\u00eas reservat\u00f3rios independentes de 26 ml.<\/p><p>Bateria: Bateria recarreg\u00e1vel de 850 mAh, compat\u00edvel com o carregamento r\u00e1pido Tipo C, para um tempo de carregamento de cerca de 60 minutos.<\/p><p>Concentra\u00e7\u00f5es de nicotina: 0 %, 2 %, 3 % e 5 % est\u00e3o dispon\u00edveis para satisfazer as necessidades de cada utilizador.<\/p><p>Resist\u00eancia de malha: resist\u00eancia de malha de 1,0 \u03a9 para um aquecimento uniforme e vapor suave.<\/p><h2>Carater\u00edsticas do Bang Leader 80000 3 em 1 :<\/h2><p>Sistema de triplo sabor: Equipado com tr\u00eas reservat\u00f3rios independentes, o seletor de sabor facilita a mudan\u00e7a de sabor, evitando a monotonia de um \u00fanico sabor.<\/p><p>Resist\u00eancia de malha de alto desempenho: a resist\u00eancia de malha de 1,0 \u03a9 proporciona um vapor suave e um sabor rico, garantindo um vapor consistente a cada tragada.<\/p><p>Design recarreg\u00e1vel: bateria de 850 mAh com carregamento r\u00e1pido do Tipo C, reduzindo o tempo de inatividade e prolongando a vida \u00fatil da bateria.<\/p><p>Design ergon\u00f3mico: port\u00e1til, leve e confort\u00e1vel de segurar, adequado para transporte di\u00e1rio e utiliza\u00e7\u00e3o frequente.<\/p><p>V\u00e1rias op\u00e7\u00f5es de nicotina: desde a sem nicotina (0 %) at\u00e9 \u00e0 nicotina de alta concentra\u00e7\u00e3o (5 %), adequadas tanto para principiantes como para vapers experientes.<\/p><p>Carater\u00edsticas de seguran\u00e7a: prote\u00e7\u00e3o integrada contra sobrecarga, curto-circuito e baixa tens\u00e3o para um funcionamento seguro.<\/p><h2>O Bang Leader 80K 3 em 1 oferece 12 combina\u00e7\u00f5es de sabores \u00fanicas<\/h2><p>O cigarro eletr\u00f3nico 3 em 1 1 Bang Leader 80K oferece 12 combina\u00e7\u00f5es de sabores \u00fanicas, combinadas com v\u00e1rios ingredientes, como fruta, gelado, sobremesas e bebidas, para satisfazer as necessidades de cada utilizador.<\/p><p>\u00abAvocado Ice &amp; Lemon Lime &amp; Watermelon Raspberry: Esta combina\u00e7\u00e3o de sabores combina o sabor cremoso do gelado de abacate, a acidez refrescante do lim\u00e3o e da lima e o aroma doce e frutado da melancia e da framboesa, para uma experi\u00eancia equilibrada de frescura e frutado.<\/p><p>\u00abBlueberry Ice &amp; Black Dragon Ice &amp; Mango Peach: O refrescante gelado de mirtilo encontra-se com o misterioso gelado de pitaya, combinado com o sabor tropical da manga e do p\u00eassego, para uma combina\u00e7\u00e3o \u00fanica de frescura e frescura frutada.<\/p><p>\u00abBlueberry Ice &amp; Strawberry Banana &amp; Mixed Berries: A frescura do gelado de mirtilo combina-se com o sabor doce-leitoso do morango e da banana e com o sabor frutado e rico da mistura de bagas, rica em nuances e repleta de aromas frutados.<\/p><p>\u00abMirtilo, melancia e morango, manga e groselha preta: A do\u00e7ura do mirtilo e da melancia complementa o sabor tropical do morango e da manga, enquanto a acidez da groselha preta acrescenta profundidade.<\/p><p>\u2018Cola Ice &amp; Blueberry Raspberry &amp; Peach Mango Watermelon\u2019: Esta cola gelada oferece o sabor cl\u00e1ssico do refrigerante, onde a acidez da framboesa blueberry contrasta com a do\u00e7ura tropical da melancia de manga p\u00eassego.<\/p><p>\u2018Kiwi Passion Fruit Guava &amp; Lychee Ice &amp; Mango Peach Pineapple\u2019: A combina\u00e7\u00e3o tropical de kiwi, maracuj\u00e1 e goiaba, com a frescura do gelado de lichia e a do\u00e7ura da manga p\u00eassego anan\u00e1s, oferece um estilo ex\u00f3tico.<\/p><p>\u2018Raspberry Mojito Peach Ice &amp; Strawberry Watermelon &amp; Kiwi Passion Fruit Guava\u2019: A frescura do mojito de framboesa e do gelo de p\u00eassego, combinada com a melancia de morango e a goiaba de maracuj\u00e1 kiwi, cria uma sensa\u00e7\u00e3o frutada e refrescante a v\u00e1rios n\u00edveis.<\/p><p>\u2018Red Bull &amp; Blueberry Watermelon &amp; Apple Pear\u2019: O sabor da bebida energ\u00e9tica Red Bull \u00e9 combinado com a do\u00e7ura da blueberry watermelon e o aroma vivo e frutado da apple pear, para uma sensa\u00e7\u00e3o cheia de vitalidade.<\/p><p>\u00abRed Bull &amp; Watermelon Bubble Candy &amp; Strawberry Ice Cream\u00bb: A euforia do Red Bull \u00e9 combinada com a do\u00e7ura da pastilha el\u00e1stica de melancia e o sabor l\u00e1cteo do gelado de morango, para um resultado que \u00e9 simultaneamente doce e delicioso.<\/p><p>\u00abStrawberry Kiwi &amp; Peach Ice &amp; Cherry Cola: A do\u00e7ura do kiwi de morango, a frescura do gelado de p\u00eassego e o sabor cl\u00e1ssico da cherry cola criam uma combina\u00e7\u00e3o \u00fanica de aromas frutados e refrigerante.<\/p><p>\u00abMelancia de morango e gelado de uva e rebu\u00e7ados arco-\u00edris: A do\u00e7ura da melancia de morango, a frescura do gelado de uva e a do\u00e7ura colorida dos rebu\u00e7ados arco-\u00edris formam uma combina\u00e7\u00e3o frutada e refrescante.<\/p><p>\u00abWatermelon Ice &amp; Strawberry Mango &amp; Banana: A frescura do gelo de melancia, a do\u00e7ura tropical da manga de morango e o aroma l\u00e1cteo da banana, para um sabor cremoso e um rico aroma frutado.<\/p>\t\t\t\t\t\t\t\t<\/div>\n\t\t\t\t<\/div>\n\t\t\t\t\t<\/div>\n\t\t\t\t<\/div>\n\t\t\t\t<\/div>","protected":false},"excerpt":{"rendered":"<p>Sp\u00e9cifications du Bang Leader 80000 3 en 1\u00a0: Nombre de bouff\u00e9es\u00a0: Chaque Bang Leader 80000 offre jusqu\u2019\u00e0 80000 bouff\u00e9es, pour une utilisation longue dur\u00e9e. Capacit\u00e9\u00a0: 78\u00a0ml de liquide, r\u00e9partis dans trois r\u00e9servoirs ind\u00e9pendants de 26\u00a0ml. Batterie\u00a0: Batterie rechargeable de 850\u00a0mAh, compatible avec la charge rapide Type-C, pour une dur\u00e9e de charge d\u2019environ 60\u00a0minutes. Concentration en [&hellip;]<\/p>\n","protected":false},"featured_media":5730,"comment_status":"open","ping_status":"closed","template":"","meta":{"site-sidebar-layout":"no-sidebar","site-content-layout":"page-builder","ast-site-content-layout":"normal-width-container","site-content-style":"default","site-sidebar-style":"default","ast-global-header-display":"","ast-banner-title-visibility":"","ast-main-header-display":"","ast-hfb-above-header-display":"","ast-hfb-below-header-display":"","ast-hfb-mobile-header-display":"","site-post-title":"disabled","ast-breadcrumbs-content":"","ast-featured-img":"disabled","footer-sml-layout":"","ast-disable-related-posts":"","theme-transparent-header-meta":"default","adv-header-id-meta":"","stick-header-meta":"default","header-above-stick-meta":"","header-main-stick-meta":"","header-below-stick-meta":"","astra-migrate-meta-layouts":"set","ast-page-background-enabled":"default","ast-page-background-meta":{"desktop":{"background-color":"","background-image":"","background-repeat":"repeat","background-position":"center center","background-size":"auto","background-attachment":"scroll","background-type":"","background-media":"","overlay-type":"","overlay-color":"","overlay-opacity":"","overlay-gradient":""},"tablet":{"background-color":"","background-image":"","background-repeat":"repeat","background-position":"center center","background-size":"auto","background-attachment":"scroll","background-type":"","background-media":"","overlay-type":"","overlay-color":"","overlay-opacity":"","overlay-gradient":""},"mobile":{"background-color":"","background-image":"","background-repeat":"repeat","background-position":"center center","background-size":"auto","background-attachment":"scroll","background-type":"","background-media":"","overlay-type":"","overlay-color":"","overlay-opacity":"","overlay-gradient":""}},"ast-content-background-meta":{"desktop":{"background-color":"var(--ast-global-color-5)","background-image":"","background-repeat":"repeat","background-position":"center center","background-size":"auto","background-attachment":"scroll","background-type":"","background-media":"","overlay-type":"","overlay-color":"","overlay-opacity":"","overlay-gradient":""},"tablet":{"background-color":"var(--ast-global-color-5)","background-image":"","background-repeat":"repeat","background-position":"center center","background-size":"auto","background-attachment":"scroll","background-type":"","background-media":"","overlay-type":"","overlay-color":"","overlay-opacity":"","overlay-gradient":""},"mobile":{"background-color":"var(--ast-global-color-5)","background-image":"","background-repeat":"repeat","background-position":"center center","background-size":"auto","background-attachment":"scroll","background-type":"","background-media":"","overlay-type":"","overlay-color":"","overlay-opacity":"","overlay-gradient":""}}},"product_brand":[53],"product_cat":[54,106,15],"product_tag":[],"class_list":{"0":"post-5751","1":"product","2":"type-product","3":"status-publish","4":"has-post-thumbnail","6":"product_brand-bang-cree-une-cigarette-electronique-plus-confortable","7":"product_cat-bang-leader-80k-dispose-de-trois-reservoirs-de-liquide-independants-integres","8":"product_cat-puff-80k","9":"product_cat-magasin-cigarette-electronique","10":"desktop-align-center","11":"tablet-align-center","12":"mobile-align-center","13":"ast-product-gallery-layout-horizontal","14":"ast-product-single-variable","15":"ast-product-tabs-layout-horizontal","16":"ast-qv-on-image","18":"first","19":"outofstock","20":"sale","21":"shipping-taxable","22":"purchasable","23":"product-type-variable","24":"has-default-attributes"},"tiered_pricing_type":"fixed","tiered_pricing_fixed_rules":{"50":7.24,"100":6.45},"tiered_pricing_product_settings":{"layout":"default","base_unit_name":{"singular":null,"plural":null},"default_variation":null},"tiered_pricing_minimum_quantity":null,"tiered_pricing_roles_data":[],"tiered_pricing_percentage_rules":[],"_links":{"self":[{"href":"https:\/\/puffvapestore.com\/pt\/wp-json\/wp\/v2\/product\/5751","targetHints":{"allow":["GET"]}}],"collection":[{"href":"https:\/\/puffvapestore.com\/pt\/wp-json\/wp\/v2\/product"}],"about":[{"href":"https:\/\/puffvapestore.com\/pt\/wp-json\/wp\/v2\/types\/product"}],"replies":[{"embeddable":true,"href":"https:\/\/puffvapestore.com\/pt\/wp-json\/wp\/v2\/comments?post=5751"}],"version-history":[{"count":7,"href":"https:\/\/puffvapestore.com\/pt\/wp-json\/wp\/v2\/product\/5751\/revisions"}],"predecessor-version":[{"id":5814,"href":"https:\/\/puffvapestore.com\/pt\/wp-json\/wp\/v2\/product\/5751\/revisions\/5814"}],"wp:featuredmedia":[{"embeddable":true,"href":"https:\/\/puffvapestore.com\/pt\/wp-json\/wp\/v2\/media\/5730"}],"wp:attachment":[{"href":"https:\/\/puffvapestore.com\/pt\/wp-json\/wp\/v2\/media?parent=5751"}],"wp:term":[{"taxonomy":"product_brand","embeddable":true,"href":"https:\/\/puffvapestore.com\/pt\/wp-json\/wp\/v2\/product_brand?post=5751"},{"taxonomy":"product_cat","embeddable":true,"href":"https:\/\/puffvapestore.com\/pt\/wp-json\/wp\/v2\/product_cat?post=5751"},{"taxonomy":"product_tag","embeddable":true,"href":"https:\/\/puffvapestore.com\/pt\/wp-json\/wp\/v2\/product_tag?post=5751"}],"curies":[{"name":"wp","href":"https:\/\/api.w.org\/{rel}","templated":true}]}}