{"id":5707,"date":"2025-07-26T01:00:44","date_gmt":"2025-07-26T01:00:44","guid":{"rendered":"https:\/\/puffvapestore.com\/?post_type=product&#038;p=5707"},"modified":"2026-01-19T10:54:35","modified_gmt":"2026-01-19T10:54:35","slug":"peach-mango-blue-razz-cherry-cool-mint-bang-king-85k-le-petit-bonheur-dont-vous-avez-besoin","status":"publish","type":"product","link":"https:\/\/puffvapestore.com\/pt\/product\/pessego-manga-azul-razz-cereja-menta-fresca-bang-king-85k-a-pequena-felicidade-de-que-precisa\/","title":{"rendered":"Manga P\u00eassego &amp; Cereja Azul Razz &amp; Hortel\u00e3 Fria - Bang King Triplo 85000 3 em 1"},"content":{"rendered":"<div data-elementor-type=\"wp-post\" data-elementor-id=\"5707\" class=\"elementor elementor-5707\">\n\t\t\t\t<div class=\"elementor-element elementor-element-08c26f9 e-flex e-con-boxed e-con e-parent\" data-id=\"08c26f9\" data-element_type=\"container\" data-e-type=\"container\">\n\t\t\t\t\t<div class=\"e-con-inner\">\n\t\t\t\t<div class=\"elementor-element elementor-element-a005a97 elementor-widget elementor-widget-text-editor\" data-id=\"a005a97\" data-element_type=\"widget\" data-e-type=\"widget\" data-widget_type=\"text-editor.default\">\n\t\t\t\t<div class=\"elementor-widget-container\">\n\t\t\t\t\t\t\t\t\t<p>Tr\u00eas sabores, tr\u00eas experi\u00eancias emocionais, para encontrar o sabor que melhor se adapta ao seu estado de esp\u00edrito:<\/p><p>Peach Mango: Um aroma frutado, como se estivesse num pomar ensolarado no sul de Fran\u00e7a, a mastigar uma manga madura, seguido da do\u00e7ura do p\u00eassego. Numa tarde de fim de semana na sua varanda, abra um livro, inspire profundamente o fumo perfumado Peach Mango e o seu corpo ser\u00e1 envolvido por um doce aroma frutado.<\/p><p>Blue Razz Cerise: Uma combina\u00e7\u00e3o frutada mais ousada, com notas doce-tartes e nuances distintas. Como se estivesse numa pequena exposi\u00e7\u00e3o de arte nas ruas de Paris, cada toque de Blue Razz Cerise inspira uma nova inspira\u00e7\u00e3o. Ideal para um momento tranquilo de descontra\u00e7\u00e3o, sozinho no caf\u00e9.<\/p><p>Menta fresca: Fresca e pura, como a brisa matinal sobre o Vale do Loire. A frescura da menta desperta instantaneamente os sentidos, trazendo calma e serenidade. Especialmente quando passeia ao fim da tarde ou quando trabalha, sinta o aroma de Hortel\u00e3 fresca: a sua frescura leve \u00e9 exatamente o que precisa.<\/p><p>\u00abPeach Mango\u00bb, \u00abBlue Razz Cherry\u00bb, \u00abFresh Mint\u00bb: tr\u00eas sabores, tr\u00eas estados de esp\u00edrito, tudo num \u00fanico cigarro eletr\u00f3nico.<\/p><p>O Bang King 85000 Peach Mango &amp; Blue Razz Cherry &amp; Cool Mint 3 em 1 Triple Flavour est\u00e1 equipado com uma bateria de l\u00edtio recarreg\u00e1vel de 600 mAh de alto desempenho e suporta carregamento r\u00e1pido via USB-C, proporcionando-lhe uma experi\u00eancia de vapor est\u00e1vel e duradoura. Mesmo os utilizadores intensivos podem gerir facilmente a utiliza\u00e7\u00e3o di\u00e1ria sem a necessidade de recargas frequentes.<\/p><p>Equipado com um ecr\u00e3 OLED inteligente e de alta defini\u00e7\u00e3o, mostra o n\u00edvel da bateria e a quantidade de e-l\u00edquido restante em tempo real. Os utilizadores podem ver intuitivamente o estado do dispositivo, o que lhes permite carregar antecipadamente e mudar de sabor \u00e0 vontade.<\/p><h2>Tr\u00eas sabores numa s\u00f3 m\u00e1quina<\/h2><p>O Bang King 85000 Peach Mango &amp; Blue Razz Cherry &amp; Cool Mint possui um dep\u00f3sito original com tr\u00eas e-l\u00edquidos, cada um dos quais pode ser injetado independentemente com diferentes sabores de e-l\u00edquido, para uma capacidade total de at\u00e9 63 ml (21 ml por dep\u00f3sito). O seletor de sabores permite-lhe mudar livremente de sabor em qualquer altura, sem mudar de dispositivo ou de cartucho, para satisfazer todas as suas necessidades.<\/p><p>Cada cigarro eletr\u00f3nico Bang King Triple 85000 Peach Mango &amp; Blue Razz Cherry &amp; Cool Mint oferece at\u00e9 85.000 baforadas de fumo, e cada sabor cerca de 28.300 baforadas de forma independente. Vers\u00e1til e duradouro, \u00e9 o cigarro eletr\u00f3nico de alta capacidade l\u00edder no mercado.<\/p><h2>Tr\u00eas conjuntos de resist\u00eancias de malha independentes de 1,0 \u03a9<\/h2><p>O Bang King 85000 Peach Mango &amp; Blue Razz Cherry &amp; Cool Mint 3 em 1 Triple Flavor est\u00e1 equipado com tr\u00eas conjuntos de resist\u00eancias de malha independentes integradas de 1,0 \u03a9, que alimentam os respectivos dep\u00f3sitos com e-l\u00edquido, preservando a pureza de cada sabor e melhorando a uniformidade da atomiza\u00e7\u00e3o e a riqueza do sabor. Sem mistura de sabores, \u00e9 a escolha ideal para a derradeira experi\u00eancia de sabor.<\/p><h2>V\u00e1rias op\u00e7\u00f5es de concentra\u00e7\u00e3o de nicotina<\/h2><p>Para satisfazer as necessidades de cada utilizador, o Bang King Triple 85000 Peach Mango &amp; Blue Razz Cherry &amp; Cool Mint oferece quatro op\u00e7\u00f5es de concentra\u00e7\u00e3o de nicotina:<\/p><p>0 % (vers\u00e3o sem nicotina, ideal para os adeptos dos cigarros electr\u00f3nicos que desejam a melhor experi\u00eancia de sabor poss\u00edvel)<\/p><p>2 %, 3 %, 5 % (v\u00e1rias concentra\u00e7\u00f5es de nicotina dispon\u00edveis)<\/p><p>Escolha a intensidade que mais lhe conv\u00e9m, desde uma redu\u00e7\u00e3o f\u00e1cil at\u00e9 um sabor refrescante e satisfat\u00f3rio.<\/p><p>Quer esteja em viagem, numa festa ou em casa, a grande capacidade e a sele\u00e7\u00e3o de sabores da Bang King Triple 85000 podem ser adaptadas a todas as necessidades, independentemente do ambiente. Combinado com um design industrial refinado e uma engenharia ergon\u00f3mica, combina funcionalidade com apelo est\u00e9tico.<\/p><h2>Especifica\u00e7\u00f5es do Bang King 85000 3 em 1 Triplo Sabor<\/h2><p>Volume m\u00e1ximo de baforadas: 85.000 baforadas (aproximadamente 28.300 baforadas por sabor)<\/p><p>Capacidade total de e-l\u00edquido: 63 ml (3 x 21 ml)<\/p><p>Capacidade da bateria: 600 mAh, recarreg\u00e1vel<\/p><p>Carregamento r\u00e1pido: interface USB-C<\/p><p>Configura\u00e7\u00e3o da resist\u00eancia: tr\u00eas conjuntos de resist\u00eancias de malha independentes de 1,0 \u03a9<\/p><p>Op\u00e7\u00f5es de concentra\u00e7\u00e3o de nicotina: 0 %, 2 %, 3 %, 5 %<\/p><p>Fun\u00e7\u00e3o de visualiza\u00e7\u00e3o: ecr\u00e3 OLED (apresenta a carga da bateria e a quantidade de e-l\u00edquido restante)<\/p><p>Carater\u00edsticas principais: altern\u00e2ncia f\u00e1cil entre tr\u00eas sabores, sem sobreposi\u00e7\u00e3o de sabores<\/p>\t\t\t\t\t\t\t\t<\/div>\n\t\t\t\t<\/div>\n\t\t\t\t\t<\/div>\n\t\t\t\t<\/div>\n\t\t\t\t<\/div>","protected":false},"excerpt":{"rendered":"<p>Trois saveurs, trois exp\u00e9riences \u00e9motionnelles, pour trouver la saveur qui vous convient le mieux selon votre humeur\u00a0: P\u00eache Mangue\u00a0: Ar\u00f4me fruit\u00e9, comme si vous \u00e9tiez dans un verger ensoleill\u00e9 du sud de la France, croquant une mangue m\u00fbre, suivi de la douceur de la p\u00eache. Un apr\u00e8s-midi de week-end sur votre balcon, ouvrez un livre, [&hellip;]<\/p>\n","protected":false},"featured_media":5397,"comment_status":"open","ping_status":"closed","template":"","meta":{"site-sidebar-layout":"no-sidebar","site-content-layout":"page-builder","ast-site-content-layout":"normal-width-container","site-content-style":"default","site-sidebar-style":"default","ast-global-header-display":"","ast-banner-title-visibility":"","ast-main-header-display":"","ast-hfb-above-header-display":"","ast-hfb-below-header-display":"","ast-hfb-mobile-header-display":"","site-post-title":"disabled","ast-breadcrumbs-content":"","ast-featured-img":"disabled","footer-sml-layout":"","ast-disable-related-posts":"","theme-transparent-header-meta":"default","adv-header-id-meta":"","stick-header-meta":"default","header-above-stick-meta":"","header-main-stick-meta":"","header-below-stick-meta":"","astra-migrate-meta-layouts":"set","ast-page-background-enabled":"default","ast-page-background-meta":{"desktop":{"background-color":"","background-image":"","background-repeat":"repeat","background-position":"center center","background-size":"auto","background-attachment":"scroll","background-type":"","background-media":"","overlay-type":"","overlay-color":"","overlay-opacity":"","overlay-gradient":""},"tablet":{"background-color":"","background-image":"","background-repeat":"repeat","background-position":"center center","background-size":"auto","background-attachment":"scroll","background-type":"","background-media":"","overlay-type":"","overlay-color":"","overlay-opacity":"","overlay-gradient":""},"mobile":{"background-color":"","background-image":"","background-repeat":"repeat","background-position":"center center","background-size":"auto","background-attachment":"scroll","background-type":"","background-media":"","overlay-type":"","overlay-color":"","overlay-opacity":"","overlay-gradient":""}},"ast-content-background-meta":{"desktop":{"background-color":"var(--ast-global-color-5)","background-image":"","background-repeat":"repeat","background-position":"center center","background-size":"auto","background-attachment":"scroll","background-type":"","background-media":"","overlay-type":"","overlay-color":"","overlay-opacity":"","overlay-gradient":""},"tablet":{"background-color":"var(--ast-global-color-5)","background-image":"","background-repeat":"repeat","background-position":"center center","background-size":"auto","background-attachment":"scroll","background-type":"","background-media":"","overlay-type":"","overlay-color":"","overlay-opacity":"","overlay-gradient":""},"mobile":{"background-color":"var(--ast-global-color-5)","background-image":"","background-repeat":"repeat","background-position":"center center","background-size":"auto","background-attachment":"scroll","background-type":"","background-media":"","overlay-type":"","overlay-color":"","overlay-opacity":"","overlay-gradient":""}}},"product_brand":[52],"product_cat":[51,107,15],"product_tag":[],"class_list":{"0":"post-5707","1":"product","2":"type-product","3":"status-publish","4":"has-post-thumbnail","6":"product_brand-bang-king","7":"product_cat-bang-king-triple-85000-trois-saveurs-en-une","8":"product_cat-puff-85k","9":"product_cat-magasin-cigarette-electronique","10":"desktop-align-center","11":"tablet-align-center","12":"mobile-align-center","13":"ast-product-gallery-layout-horizontal","14":"ast-product-gallery-with-no-image","15":"ast-product-single-variable","16":"ast-product-tabs-layout-horizontal","17":"ast-qv-on-image","19":"first","20":"instock","21":"sale","22":"shipping-taxable","23":"purchasable","24":"product-type-variable","25":"has-default-attributes"},"tiered_pricing_type":"fixed","tiered_pricing_fixed_rules":[],"tiered_pricing_product_settings":{"layout":"default","base_unit_name":{"singular":null,"plural":null},"default_variation":null},"tiered_pricing_minimum_quantity":null,"tiered_pricing_roles_data":[],"tiered_pricing_percentage_rules":[],"_links":{"self":[{"href":"https:\/\/puffvapestore.com\/pt\/wp-json\/wp\/v2\/product\/5707","targetHints":{"allow":["GET"]}}],"collection":[{"href":"https:\/\/puffvapestore.com\/pt\/wp-json\/wp\/v2\/product"}],"about":[{"href":"https:\/\/puffvapestore.com\/pt\/wp-json\/wp\/v2\/types\/product"}],"replies":[{"embeddable":true,"href":"https:\/\/puffvapestore.com\/pt\/wp-json\/wp\/v2\/comments?post=5707"}],"version-history":[{"count":8,"href":"https:\/\/puffvapestore.com\/pt\/wp-json\/wp\/v2\/product\/5707\/revisions"}],"predecessor-version":[{"id":10710,"href":"https:\/\/puffvapestore.com\/pt\/wp-json\/wp\/v2\/product\/5707\/revisions\/10710"}],"wp:featuredmedia":[{"embeddable":true,"href":"https:\/\/puffvapestore.com\/pt\/wp-json\/wp\/v2\/media\/5397"}],"wp:attachment":[{"href":"https:\/\/puffvapestore.com\/pt\/wp-json\/wp\/v2\/media?parent=5707"}],"wp:term":[{"taxonomy":"product_brand","embeddable":true,"href":"https:\/\/puffvapestore.com\/pt\/wp-json\/wp\/v2\/product_brand?post=5707"},{"taxonomy":"product_cat","embeddable":true,"href":"https:\/\/puffvapestore.com\/pt\/wp-json\/wp\/v2\/product_cat?post=5707"},{"taxonomy":"product_tag","embeddable":true,"href":"https:\/\/puffvapestore.com\/pt\/wp-json\/wp\/v2\/product_tag?post=5707"}],"curies":[{"name":"wp","href":"https:\/\/api.w.org\/{rel}","templated":true}]}}